{"id":5640,"date":"2019-10-08T12:18:55","date_gmt":"2019-10-08T10:18:55","guid":{"rendered":"https:\/\/us.edu.pl\/student\/?page_id=5640"},"modified":"2020-03-11T13:26:35","modified_gmt":"2020-03-11T12:26:35","slug":"mateusz-hrynkiewicz","status":"publish","type":"page","link":"https:\/\/us.edu.pl\/student\/dzialalnosc-studencka\/wyroznienia-jm-rektora-us\/laureaci-poprzednich-edycji\/laureaci-2019\/studenci\/mateusz-hrynkiewicz\/","title":{"rendered":"Mateusz Hrynkiewicz"},"content":{"rendered":"<p>[vc_row el_class=&#8221;container&#8221;][vc_column el_class=&#8221;container&#8221;]\r\n                <div class=\"text-modules reverse\">\r\n                    <div class=\"container\">\r\n                        <h3 class=\"section-title section-title_border-bottom\">Mateusz Hrynkiewicz<\/h3> \r\n                        <div class=\"row m-0\">\r\n                            <div class=\"text-modules__content\">\r\n                                <\/p>\n<p class=\"rtejustify\">Student II roku edukacji artystycznej w zakresie sztuki muzycznej na Wydziale Artystycznym U\u015a. Autor kilkuset produkcji muzycznych (podk\u0142ady, aran\u017cacje, p\u0142yty cd). Skomponowa\u0142 wiele utwor\u00f3w i piosenek, w tym piosenek dla dzieci. Wyda\u0142 p\u0142yty CD z autorsk\u0105 muzyk\u0105: \u201eTo To\u201d, \u201eSerce z cia\u0142a\u201d (wsp\u00f3\u0142tw\u00f3rca muzyki), \u201eStrachy, zmory i upiory\u201d. Wsp\u00f3\u0142prowadzi\u0142 warsztaty muzyczne JUST COVER IT wraz z gwiazdami polskiej sceny muzycznej. W latach 2016\u20132019 bra\u0142 udzia\u0142 jako pianista, wokalista i aran\u017cer w kilkudziesi\u0119ciu koncertach zatytu\u0142owanych: \u201e\u015awiat muzycznych bajek\u201d. Wyst\u0119powa\u0142 podczas wydarze\u0144 i konkurs\u00f3w z Ch\u00f3rem Uniwersytetu \u015al\u0105skiego Harmonia.<\/p>\n<p class=\"rtejustify\"><span style=\"font-size: 10pt\">Powy\u017csze informacje nie obejmuj\u0105 ca\u0142ej dzia\u0142alno\u015bci danej osoby i zosta\u0142y opublikowane w ramach konkursu JM Rektora Uniwersytetu \u015al\u0105skiego. Dane pochodz\u0105 z czerwca 2019 r.<\/span><\/p>\n<div class=\"mt-3\"><\/div>\r\n                            <\/div>\r\n                            \r\n                            <div class=\"text-modules__img\"><img src=\"https:\/\/us.edu.pl\/student\/wp-content\/uploads\/sites\/3\/Nieprzypisane\/hrynkiewicz_mateusz_1_0-e1642506089599.jpg\" alt=\"img\"><\/div>\r\n                        <\/div>\r\n                    <\/div>\r\n                <\/div>[myprefix_functional_icons print_icon=&#8221;yes&#8221;][\/vc_column][\/vc_row]<\/p>","protected":false},"excerpt":{"rendered":"<p>[vc_row el_class=&#8221;container&#8221;][vc_column el_class=&#8221;container&#8221;][myprefix_functional_icons print_icon=&#8221;yes&#8221;][\/vc_column][\/vc_row] [&#8230;]<\/p>\n<p><a class=\"btn btn-secondary understrap-read-more-link\" href=\"https:\/\/us.edu.pl\/student\/dzialalnosc-studencka\/wyroznienia-jm-rektora-us\/laureaci-poprzednich-edycji\/laureaci-2019\/studenci\/mateusz-hrynkiewicz\/\">Read More&#8230;<\/a><\/p>\n","protected":false},"author":1,"featured_media":5641,"parent":19680,"menu_order":0,"comment_status":"closed","ping_status":"closed","template":"","meta":{"_expiration-date-status":"saved","_expiration-date":0,"_expiration-date-type":"","_expiration-date-categories":[],"_expiration-date-options":[]},"acf":[],"_links":{"self":[{"href":"https:\/\/us.edu.pl\/student\/wp-json\/wp\/v2\/pages\/5640"}],"collection":[{"href":"https:\/\/us.edu.pl\/student\/wp-json\/wp\/v2\/pages"}],"about":[{"href":"https:\/\/us.edu.pl\/student\/wp-json\/wp\/v2\/types\/page"}],"author":[{"embeddable":true,"href":"https:\/\/us.edu.pl\/student\/wp-json\/wp\/v2\/users\/1"}],"replies":[{"embeddable":true,"href":"https:\/\/us.edu.pl\/student\/wp-json\/wp\/v2\/comments?post=5640"}],"version-history":[{"count":0,"href":"https:\/\/us.edu.pl\/student\/wp-json\/wp\/v2\/pages\/5640\/revisions"}],"up":[{"embeddable":true,"href":"https:\/\/us.edu.pl\/student\/wp-json\/wp\/v2\/pages\/19680"}],"wp:featuredmedia":[{"embeddable":true,"href":"https:\/\/us.edu.pl\/student\/wp-json\/wp\/v2\/media\/5641"}],"wp:attachment":[{"href":"https:\/\/us.edu.pl\/student\/wp-json\/wp\/v2\/media?parent=5640"}],"curies":[{"name":"wp","href":"https:\/\/api.w.org\/{rel}","templated":true}]}}