{"id":5646,"date":"2019-10-08T12:21:43","date_gmt":"2019-10-08T10:21:43","guid":{"rendered":"https:\/\/us.edu.pl\/student\/?page_id=5646"},"modified":"2020-03-11T13:24:18","modified_gmt":"2020-03-11T12:24:18","slug":"robert_jakubczak","status":"publish","type":"page","link":"https:\/\/us.edu.pl\/student\/dzialalnosc-studencka\/wyroznienia-jm-rektora-us\/laureaci-poprzednich-edycji\/laureaci-2019\/studenci\/robert_jakubczak\/","title":{"rendered":"Robert Jakubczak"},"content":{"rendered":"<p>[vc_row][vc_column]\r\n                <div class=\"text-modules reverse\">\r\n                    <div class=\"container\">\r\n                        <h3 class=\"section-title section-title_border-bottom\">Robert Jakubczak<\/h3> \r\n                        <div class=\"row m-0\">\r\n                            <div class=\"text-modules__content\">\r\n                                <\/p>\n<p class=\"rtejustify\">Student II roku doradztwa filozoficznego i coachingu na Wydziale Nauk Spo\u0142ecznych. Od 2017 roku jest cz\u0142onkiem Magazynu Student\u00f3w Uniwersytetu \u015al\u0105skiego \u201eSuplement\u201d oraz Studenckiego Ko\u0142a Naukowego Doradztwa Filozoficznego i Coachingu, a od czerwca 2019 jego przewodnicz\u0105cym. Wyda\u0142 ksi\u0105\u017ck\u0119 \u201eStrach przed Odwag\u0105\u201d, kt\u00f3ra zawiera wiersze wraz z ich om\u00f3wieniem. Jest inicjatorem oraz g\u0142\u00f3wnym organizatorem projektu \u201eSztuka wyra\u017cania siebie\u201d, kt\u00f3ry jest organizowany w szko\u0142ach \u015brednich na terenie wojew\u00f3dztwa \u015bl\u0105skiego. \u201eSztuka wyra\u017cania siebie\u201d to projekt spo\u0142eczny, kt\u00f3rego g\u0142\u00f3wnym celem jest nauka umiej\u0119tno\u015bci mi\u0119kkich oraz konkretnych narz\u0119dzi i metod do pracy nad swoj\u0105 komunikacj\u0105. W 2017 roku wyre\u017cyserowa\u0142 spektakl teatralny swojego autorstwa pod tytu\u0142em &#8222;Opowie\u015bci z Nardni. Filozof, ja i inne rupiecie&#8221;. Prowadzi\u0142 warsztaty podczas 3. \u015al\u0105skiego Festiwalu Nauki KATOWICE oraz warsztaty dla Studenckiego Ko\u0142a Naukowego Doradztwa Filozoficznego i Coachingu. W 2019 roku zdoby\u0142. Koron\u0119 Polskich Maraton\u00f3w (w ich sk\u0142ad wchodzi pi\u0119\u0107 maraton\u00f3w w Krakowie, Warszawie, Poznaniu, Wroc\u0142awiu i D\u0119bnie).<\/p>\n<p>&nbsp;<\/p>\n<p class=\"rtejustify\">Zainteresowania i pasje: naukowe: psychologia spo\u0142eczna, marketing, wsp\u00f3\u0142czesna filozofia spo\u0142eczna; pozanaukowe: teatr \u2013 w biernej i czynnej formie, gry planszowe, film, poezja, siatk\u00f3wka, bieganie d\u0142ugodystansowe, podr\u00f3\u017cowanie, pisarstwo.<\/p>\n<p class=\"rtejustify\"><span style=\"font-size: 10pt\"><strong><sup>Powy\u017csze informacje nie obejmuj\u0105 ca\u0142ej dzia\u0142alno\u015bci danej osoby i zosta\u0142y opublikowane w ramach konkursu JM Rektora Uniwersytetu \u015al\u0105skiego. Dane pochodz\u0105 z czerwca 2019 r.<\/sup><\/strong><\/span><\/p>\n<div class=\"mt-3\"><\/div>\r\n                            <\/div>\r\n                            \r\n                            <div class=\"text-modules__img\"><img src=\"https:\/\/us.edu.pl\/student\/wp-content\/uploads\/sites\/3\/Nieprzypisane\/jakubczak_robert_1-e1642506079698.jpg\" alt=\"img\"><\/div>\r\n                        <\/div>\r\n                    <\/div>\r\n                <\/div>[myprefix_functional_icons print_icon=&#8221;yes&#8221;][\/vc_column][\/vc_row]<\/p>","protected":false},"excerpt":{"rendered":"<p>[vc_row][vc_column][myprefix_functional_icons print_icon=&#8221;yes&#8221;][\/vc_column][\/vc_row] [&#8230;]<\/p>\n<p><a class=\"btn btn-secondary understrap-read-more-link\" href=\"https:\/\/us.edu.pl\/student\/dzialalnosc-studencka\/wyroznienia-jm-rektora-us\/laureaci-poprzednich-edycji\/laureaci-2019\/studenci\/robert_jakubczak\/\">Read More&#8230;<\/a><\/p>\n","protected":false},"author":1,"featured_media":5647,"parent":19680,"menu_order":0,"comment_status":"closed","ping_status":"closed","template":"","meta":{"_expiration-date-status":"saved","_expiration-date":0,"_expiration-date-type":"","_expiration-date-categories":[],"_expiration-date-options":[]},"acf":[],"_links":{"self":[{"href":"https:\/\/us.edu.pl\/student\/wp-json\/wp\/v2\/pages\/5646"}],"collection":[{"href":"https:\/\/us.edu.pl\/student\/wp-json\/wp\/v2\/pages"}],"about":[{"href":"https:\/\/us.edu.pl\/student\/wp-json\/wp\/v2\/types\/page"}],"author":[{"embeddable":true,"href":"https:\/\/us.edu.pl\/student\/wp-json\/wp\/v2\/users\/1"}],"replies":[{"embeddable":true,"href":"https:\/\/us.edu.pl\/student\/wp-json\/wp\/v2\/comments?post=5646"}],"version-history":[{"count":0,"href":"https:\/\/us.edu.pl\/student\/wp-json\/wp\/v2\/pages\/5646\/revisions"}],"up":[{"embeddable":true,"href":"https:\/\/us.edu.pl\/student\/wp-json\/wp\/v2\/pages\/19680"}],"wp:featuredmedia":[{"embeddable":true,"href":"https:\/\/us.edu.pl\/student\/wp-json\/wp\/v2\/media\/5647"}],"wp:attachment":[{"href":"https:\/\/us.edu.pl\/student\/wp-json\/wp\/v2\/media?parent=5646"}],"curies":[{"name":"wp","href":"https:\/\/api.w.org\/{rel}","templated":true}]}}