{"id":5652,"date":"2019-10-08T12:24:45","date_gmt":"2019-10-08T10:24:45","guid":{"rendered":"https:\/\/us.edu.pl\/student\/?page_id=5652"},"modified":"2020-03-11T13:23:03","modified_gmt":"2020-03-11T12:23:03","slug":"alexander-martin-juranek","status":"publish","type":"page","link":"https:\/\/us.edu.pl\/student\/dzialalnosc-studencka\/wyroznienia-jm-rektora-us\/laureaci-poprzednich-edycji\/laureaci-2019\/studenci\/alexander-martin-juranek\/","title":{"rendered":"Alexander Martin Juranek"},"content":{"rendered":"<p>[vc_row el_class=&#8221;container&#8221;][vc_column el_class=&#8221;container&#8221;]\r\n                <div class=\"text-modules reverse\">\r\n                    <div class=\"container\">\r\n                        <h3 class=\"section-title section-title_border-bottom\">Alexander Martin Juranek<\/h3> \r\n                        <div class=\"row m-0\">\r\n                            <div class=\"text-modules__content\">\r\n                                <\/p>\n<p class=\"rtejustify\">Student V roku prawa na Wydziale Prawa i Administracji U\u015a.\u00a0Od 2015 roku cz\u0142onek zespo\u0142u orzekaj\u0105cego ds. cywilnych \u015bl\u0105skiej kliniki prawa \u2013 Studenckiej Poradni Prawnej Wydzia\u0142u Prawa i Administracji U\u015a. Od 2018 roku Przewodnicz\u0105cy Studenckiej Poradni Prawnej oraz Prezes KN Prawa Cywilnego. W ramach swojej dzia\u0142alno\u015bci prowadzi\u0142 lub wsp\u00f3\u0142prowadzi\u0142 kilkadziesi\u0105t spraw mieszka\u0144c\u00f3w wojew\u00f3dztwa (i nie tylko), sporz\u0105dzaj\u0105c porady prawne w zakresie szeroko rozumianego prawa cywilnego. Wsp\u00f3\u0142organizator (w ramach Katedry Prawa Cywilnego i Prawa Prywatnego Mi\u0119dzynarodowego WPiA U\u015a) lub aktywny uczestnik ponad 25. og\u00f3lnopolskich i mi\u0119dzynarodowych konferencji naukowych, organizowanych m.in. przez Polsk\u0105 Akademi\u0119 Nauk &#8211; Instytut Nauk Prawnych, Uniwersytet Cambridge, Papiesk\u0105 Akademi\u0119 Nauk, Ambasad\u0119 Republiki Francuskiej w Polsce, Rzecznika Praw Obywatelskich, Fundacj\u0119 Uniwersyteckich Poradni Prawnych w Warszawie, Uniwersytety: Warszawski, Jagiello\u0144ski lub Wroc\u0142awski. Autor artyku\u0142\u00f3w naukowych w punktowanych czasopismach prawniczych oraz organizator ca\u0142orocznych edycji warsztat\u00f3w z prawa cywilnego z udzia\u0142em m.in. s\u0119dzi\u00f3w S\u0105du Najwy\u017cszego, Trybuna\u0142u Konstytucyjnego i innych przedstawicieli praktyki. Bra\u0142 udzia\u0142 w projektach naukowych, m.in. \u201eComparative seminary: The Bilateral German-Polish Harmonisation of Private Law in the Integration of European Union. Complement or Contrast?\u201d, Akademii Polskiego Forum Arbitra\u017cu oraz Akademickim Projekcie Kodeksu Cywilnego. By\u0142 tak\u017ce przewodnicz\u0105cym zespo\u0142u badawczego w zakresie klinicznych problem\u00f3w prawa prywatnego mi\u0119dzynarodowego. W 2017 r. w ramach wyr\u00f3\u017cnienia konkursowego &#8211; rezydent w Wydziale Europejskiego Prawa Cywilnego w Departamencie Legislacyjnym Ministerstwa Sprawiedliwo\u015bci. Od marca 2016 r. pe\u0142nomocnik w Radzie G\u0142\u00f3wnej Fundacji Uniwersyteckich Poradni Prawnych w Warszawie. By\u0142y cz\u0142onek Komisji Prawnej, Komisji ds. Etyki. Od 2018 r. of counsel Komisji Legislacyjnej ds. reformy szkolnictwa wy\u017cszego. Wieloletni beneficjent Stypendium Rektora dla Najlepszego Studenta.<\/p>\n<p class=\"rtejustify\">Zainteresowania i pasje: nauki medyczne, fizyka (szczeg\u00f3lnie cz\u0105stek elementarnych), historia, eklezjologia, biologia. W wolnych chwilach czytuje literatur\u0119 prawnicz\u0105. Poza obszarami \u201e\u015bcis\u0142ej nauki\u201d interesuje si\u0119 mod\u0105, odkrywaniem \u015bwiata i jego smak\u00f3w. Marzy tak\u017ce o nauczeniu si\u0119 j\u0119zyka francuskiego i w\u0142oskiego.<\/p>\n<p class=\"rtejustify\"><span style=\"font-size: 10pt\">Powy\u017csze informacje nie obejmuj\u0105 ca\u0142ej dzia\u0142alno\u015bci danej osoby i zosta\u0142y opublikowane w ramach konkursu JM Rektora Uniwersytetu \u015al\u0105skiego. Dane pochodz\u0105 z czerwca 2019 r.<\/span><\/p>\n<div class=\"mt-3\"><\/div>\r\n                            <\/div>\r\n                            \r\n                            <div class=\"text-modules__img\"><img src=\"https:\/\/us.edu.pl\/student\/wp-content\/uploads\/sites\/3\/Nieprzypisane\/juranek_alexander_m._1-e1642506067591.jpg\" alt=\"img\"><\/div>\r\n                        <\/div>\r\n                    <\/div>\r\n                <\/div>[\/vc_column][\/vc_row]<\/p>","protected":false},"excerpt":{"rendered":"<p>[vc_row el_class=&#8221;container&#8221;][vc_column el_class=&#8221;container&#8221;][\/vc_column][\/vc_row] [&#8230;]<\/p>\n<p><a class=\"btn btn-secondary understrap-read-more-link\" href=\"https:\/\/us.edu.pl\/student\/dzialalnosc-studencka\/wyroznienia-jm-rektora-us\/laureaci-poprzednich-edycji\/laureaci-2019\/studenci\/alexander-martin-juranek\/\">Read More&#8230;<\/a><\/p>\n","protected":false},"author":1,"featured_media":5653,"parent":19680,"menu_order":0,"comment_status":"closed","ping_status":"closed","template":"","meta":{"_expiration-date-status":"saved","_expiration-date":0,"_expiration-date-type":"","_expiration-date-categories":[],"_expiration-date-options":[]},"acf":[],"_links":{"self":[{"href":"https:\/\/us.edu.pl\/student\/wp-json\/wp\/v2\/pages\/5652"}],"collection":[{"href":"https:\/\/us.edu.pl\/student\/wp-json\/wp\/v2\/pages"}],"about":[{"href":"https:\/\/us.edu.pl\/student\/wp-json\/wp\/v2\/types\/page"}],"author":[{"embeddable":true,"href":"https:\/\/us.edu.pl\/student\/wp-json\/wp\/v2\/users\/1"}],"replies":[{"embeddable":true,"href":"https:\/\/us.edu.pl\/student\/wp-json\/wp\/v2\/comments?post=5652"}],"version-history":[{"count":0,"href":"https:\/\/us.edu.pl\/student\/wp-json\/wp\/v2\/pages\/5652\/revisions"}],"up":[{"embeddable":true,"href":"https:\/\/us.edu.pl\/student\/wp-json\/wp\/v2\/pages\/19680"}],"wp:featuredmedia":[{"embeddable":true,"href":"https:\/\/us.edu.pl\/student\/wp-json\/wp\/v2\/media\/5653"}],"wp:attachment":[{"href":"https:\/\/us.edu.pl\/student\/wp-json\/wp\/v2\/media?parent=5652"}],"curies":[{"name":"wp","href":"https:\/\/api.w.org\/{rel}","templated":true}]}}