{"id":5657,"date":"2019-10-08T12:33:53","date_gmt":"2019-10-08T10:33:53","guid":{"rendered":"https:\/\/us.edu.pl\/student\/?page_id=5657"},"modified":"2020-03-11T13:23:10","modified_gmt":"2020-03-11T12:23:10","slug":"krzysztof-kasperek","status":"publish","type":"page","link":"https:\/\/us.edu.pl\/student\/dzialalnosc-studencka\/wyroznienia-jm-rektora-us\/laureaci-poprzednich-edycji\/laureaci-2019\/studenci\/krzysztof-kasperek\/","title":{"rendered":"Krzysztof Kasperek"},"content":{"rendered":"<p>[vc_row el_class=&#8221;container&#8221;][vc_column el_class=&#8221;container&#8221;]\r\n                <div class=\"text-modules reverse\">\r\n                    <div class=\"container\">\r\n                        <h3 class=\"section-title section-title_border-bottom\">Krzysztof Kasperek<\/h3> \r\n                        <div class=\"row m-0\">\r\n                            <div class=\"text-modules__content\">\r\n                                <\/p>\n<p class=\"rtejustify\">Student II roku pedagogiki\u00a0opieku\u0144czo-wychowawczej na Wydziale Pedagogiki i Psychologii U\u015a. Od pi\u0119ciu lat jest liderem grupy dzieci i m\u0142odzie\u017cy w Zwi\u0105zku Harcerstwa Polskiego. Rok temu zrealizowa\u0142 projekt edukacyjny obozu na Islandi\u0119 \u201eWyprawa do Krainy Lodu i Ognia\u201d, dotycz\u0105cy edukacji globalnej i ochrony \u015brodowiska. Bra\u0142 udzia\u0142 w projekcie szkoleniowo-edukacyjnym \u201eDreamcraft\u201d, organizuj\u0105c z lud\u017ami z ca\u0142ej Polski wypraw\u0119 na Kub\u0119. Zorganizowa\u0142 w miejscowo\u015bci Minas de Matahambre akcj\u0119 wolontariack\u0105 dla dzieci ulicy. Zajmuje si\u0119 wspieraniem, koordynacj\u0105 pracy, rozwojem i motywacj\u0105 kadry wychowawczej ZHP. Przez rok organizowa\u0142 w ramach sta\u0142ego wolontariatu razem z m\u0142odzie\u017c\u0105 z Katowic zaj\u0119cia animacyjne dla dzieci z Domu Dziecka \u201eZak\u0105tek\u201d oraz wspiera\u0142 dzia\u0142ania hospicyjne.\u00a0 Posiada kwalifikacje do prowadzenia plac\u00f3wek letniego i zimowego wypoczynku dzieci.\u00a0 Jest wsp\u00f3\u0142autorem dzia\u0142a\u0144 w zakresie edukacji regionalnej, prowadzi Harcerskie Muzeum Etnograficzne w Katowicach.\u00a0 Praktycznie do\u015bwiadczenie pedagogiczne zdoby\u0142 w \u201eBukowym Domu\u201d, czyli w naturalnym przedszkolu i szkole wspieraj\u0105c indywidualnie rozw\u00f3j ka\u017cdego ucznia oraz organizuj\u0105c warsztaty wychowawcze dla rodzic\u00f3w. Posiada certyfikat uko\u0144czenia kursu cz\u0142onk\u00f3w trenerskich zespo\u0142\u00f3w NGO. Bra\u0142 udzia\u0142 w szkoleniu z \u201ePorozumienia bez Przemocy\u201d oraz \u201eWychowania bez pora\u017cek\u201d Thomasa Gordona. Uzyska\u0142 nagrod\u0119 \u201eNiezwyczajny 2018\u201d w plebiscycie instruktorskimi ZHP. Uko\u0144czy\u0142 studia licencjackie na kierunku wsp\u00f3\u0142czesne stosunki mi\u0119dzynarodowe, a w mi\u0119dzyczasie uzyska\u0142 tytu\u0142 technika realizacji d\u017awi\u0119ku.<\/p>\n<p class=\"rtejustify\">Zainteresowania i pasje: pedagogika Marii Montessori, psychologia dzieci\u0119ca, le\u015bne przedszkola, stosunki mi\u0119dzynarodowe, podr\u00f3\u017ce, blogowanie.<\/p>\n<h6 class=\"rtejustify\"><span style=\"font-size: 10pt\">Powy\u017csze informacje nie obejmuj\u0105 ca\u0142ej dzia\u0142alno\u015bci danej osoby i zosta\u0142y opublikowane w ramach konkursu JM Rektora Uniwersytetu \u015al\u0105skiego. Dane pochodz\u0105 z czerwca 2019 r.<\/span><\/h6>\n<div class=\"mt-3\"><\/div>\r\n                            <\/div>\r\n                            \r\n                            <div class=\"text-modules__img\"><img src=\"https:\/\/us.edu.pl\/student\/wp-content\/uploads\/sites\/3\/Nieprzypisane\/kasperek_krzysztof_1-1-e1642506056315.jpg\" alt=\"img\"><\/div>\r\n                        <\/div>\r\n                    <\/div>\r\n                <\/div>[myprefix_functional_icons print_icon=&#8221;yes&#8221;][\/vc_column][\/vc_row]<\/p>","protected":false},"excerpt":{"rendered":"<p>[vc_row el_class=&#8221;container&#8221;][vc_column el_class=&#8221;container&#8221;][myprefix_functional_icons print_icon=&#8221;yes&#8221;][\/vc_column][\/vc_row] [&#8230;]<\/p>\n<p><a class=\"btn btn-secondary understrap-read-more-link\" href=\"https:\/\/us.edu.pl\/student\/dzialalnosc-studencka\/wyroznienia-jm-rektora-us\/laureaci-poprzednich-edycji\/laureaci-2019\/studenci\/krzysztof-kasperek\/\">Read More&#8230;<\/a><\/p>\n","protected":false},"author":1,"featured_media":5658,"parent":19680,"menu_order":0,"comment_status":"closed","ping_status":"closed","template":"","meta":{"_expiration-date-status":"saved","_expiration-date":0,"_expiration-date-type":"","_expiration-date-categories":[],"_expiration-date-options":[]},"acf":[],"_links":{"self":[{"href":"https:\/\/us.edu.pl\/student\/wp-json\/wp\/v2\/pages\/5657"}],"collection":[{"href":"https:\/\/us.edu.pl\/student\/wp-json\/wp\/v2\/pages"}],"about":[{"href":"https:\/\/us.edu.pl\/student\/wp-json\/wp\/v2\/types\/page"}],"author":[{"embeddable":true,"href":"https:\/\/us.edu.pl\/student\/wp-json\/wp\/v2\/users\/1"}],"replies":[{"embeddable":true,"href":"https:\/\/us.edu.pl\/student\/wp-json\/wp\/v2\/comments?post=5657"}],"version-history":[{"count":0,"href":"https:\/\/us.edu.pl\/student\/wp-json\/wp\/v2\/pages\/5657\/revisions"}],"up":[{"embeddable":true,"href":"https:\/\/us.edu.pl\/student\/wp-json\/wp\/v2\/pages\/19680"}],"wp:featuredmedia":[{"embeddable":true,"href":"https:\/\/us.edu.pl\/student\/wp-json\/wp\/v2\/media\/5658"}],"wp:attachment":[{"href":"https:\/\/us.edu.pl\/student\/wp-json\/wp\/v2\/media?parent=5657"}],"curies":[{"name":"wp","href":"https:\/\/api.w.org\/{rel}","templated":true}]}}