{"id":5667,"date":"2019-10-08T12:39:07","date_gmt":"2019-10-08T10:39:07","guid":{"rendered":"https:\/\/us.edu.pl\/student\/?page_id=5667"},"modified":"2020-03-11T13:23:39","modified_gmt":"2020-03-11T12:23:39","slug":"wiktoria-lopuszanska","status":"publish","type":"page","link":"https:\/\/us.edu.pl\/student\/dzialalnosc-studencka\/wyroznienia-jm-rektora-us\/laureaci-poprzednich-edycji\/laureaci-2019\/studenci\/wiktoria-lopuszanska\/","title":{"rendered":"Wiktoria \u0141opusza\u0144ska"},"content":{"rendered":"<p>[vc_row el_class=&#8221;container&#8221;][vc_column el_class=&#8221;container&#8221;]\r\n                <div class=\"text-modules reverse\">\r\n                    <div class=\"container\">\r\n                        <h3 class=\"section-title section-title_border-bottom\">Wiktoria \u0141opusza\u0144ska<\/h3> \r\n                        <div class=\"row m-0\">\r\n                            <div class=\"text-modules__content\">\r\n                                <\/p>\n<p class=\"rtejustify\">Studentka I roku prawa na Wydziale Prawa i Administracji U\u015a. Wyczynowo trenuje gimnastyk\u0119 sportow\u0105 w O\u015brodku Przygotowa\u0144 Olimpijskich. Obecnie zwi\u0105zana z Polsk\u0105 Kadr\u0105 Narodow\u0105 w Gimnastyce Sportowej Kobiet, Akademickim Zwi\u0105zkiem Sportowym U\u015a oraz Klubem Sportowy KS \u201eIskra\u201d Zabrze. Na swoim koncie posiada liczne sukcesy w gimnastyce sportowej. Podczas ostatnich Mistrzostw \u015awiata Seniorek w Gimnastyce Sportowej Kobiet, kt\u00f3re odby\u0142y si\u0119 w dniach 25.10-2.11.2018 w Doha zaj\u0119\u0142a 22 miejsca w klasyfikacji dru\u017cynowej i dzi\u0119ki temu wywalczy\u0142a dla Polski jedn\u0105 kwalifikacj\u0119 na Igrzyska Olimpijskie Tokio 2020. Zajmowa\u0142a czo\u0142owe lokaty podczas Indywidualnych Mistrzostw Polski Seniorek w Gimnastyce Sportowej Kobiet (2018) oraz 2. miejsce w klasyfikacji dru\u017cynowej w Dru\u017cynowych Mistrzostwach Polski Seniorek w Gimnastyce Sportowej Kobiet (2018).<\/p>\n<p class=\"rtejustify\">Zainteresowania i pasje: sport: gimnastyka, bieganie, p\u0142ywanie, dobra ksi\u0105\u017cka.<\/p>\n<p class=\"rtejustify\"><span style=\"font-size: 10pt\">Powy\u017csze informacje nie obejmuj\u0105 ca\u0142ej dzia\u0142alno\u015bci danej osoby i zosta\u0142y opublikowane w ramach konkursu JM Rektora Uniwersytetu \u015al\u0105skiego. Dane pochodz\u0105 z czerwca 2019 r.<\/span><\/p>\n<div class=\"mt-3\"><\/div>\r\n                            <\/div>\r\n                            \r\n                            <div class=\"text-modules__img\"><img src=\"https:\/\/us.edu.pl\/student\/wp-content\/uploads\/sites\/3\/Nieprzypisane\/lopuszanska_wiktoria_1_0.png\" alt=\"img\"><\/div>\r\n                        <\/div>\r\n                    <\/div>\r\n                <\/div>[myprefix_functional_icons print_icon=&#8221;yes&#8221;][\/vc_column][\/vc_row]<\/p>","protected":false},"excerpt":{"rendered":"<p>[vc_row el_class=&#8221;container&#8221;][vc_column el_class=&#8221;container&#8221;][myprefix_functional_icons print_icon=&#8221;yes&#8221;][\/vc_column][\/vc_row] [&#8230;]<\/p>\n<p><a class=\"btn btn-secondary understrap-read-more-link\" href=\"https:\/\/us.edu.pl\/student\/dzialalnosc-studencka\/wyroznienia-jm-rektora-us\/laureaci-poprzednich-edycji\/laureaci-2019\/studenci\/wiktoria-lopuszanska\/\">Read More&#8230;<\/a><\/p>\n","protected":false},"author":1,"featured_media":5668,"parent":19680,"menu_order":0,"comment_status":"closed","ping_status":"closed","template":"","meta":{"_expiration-date-status":"saved","_expiration-date":0,"_expiration-date-type":"","_expiration-date-categories":[],"_expiration-date-options":[]},"acf":[],"_links":{"self":[{"href":"https:\/\/us.edu.pl\/student\/wp-json\/wp\/v2\/pages\/5667"}],"collection":[{"href":"https:\/\/us.edu.pl\/student\/wp-json\/wp\/v2\/pages"}],"about":[{"href":"https:\/\/us.edu.pl\/student\/wp-json\/wp\/v2\/types\/page"}],"author":[{"embeddable":true,"href":"https:\/\/us.edu.pl\/student\/wp-json\/wp\/v2\/users\/1"}],"replies":[{"embeddable":true,"href":"https:\/\/us.edu.pl\/student\/wp-json\/wp\/v2\/comments?post=5667"}],"version-history":[{"count":0,"href":"https:\/\/us.edu.pl\/student\/wp-json\/wp\/v2\/pages\/5667\/revisions"}],"up":[{"embeddable":true,"href":"https:\/\/us.edu.pl\/student\/wp-json\/wp\/v2\/pages\/19680"}],"wp:featuredmedia":[{"embeddable":true,"href":"https:\/\/us.edu.pl\/student\/wp-json\/wp\/v2\/media\/5668"}],"wp:attachment":[{"href":"https:\/\/us.edu.pl\/student\/wp-json\/wp\/v2\/media?parent=5667"}],"curies":[{"name":"wp","href":"https:\/\/api.w.org\/{rel}","templated":true}]}}