{"id":5672,"date":"2019-10-08T12:40:58","date_gmt":"2019-10-08T10:40:58","guid":{"rendered":"https:\/\/us.edu.pl\/student\/?page_id=5672"},"modified":"2020-03-11T13:30:10","modified_gmt":"2020-03-11T12:30:10","slug":"justyna-sitko","status":"publish","type":"page","link":"https:\/\/us.edu.pl\/student\/dzialalnosc-studencka\/wyroznienia-jm-rektora-us\/laureaci-poprzednich-edycji\/laureaci-2019\/studenci\/justyna-sitko\/","title":{"rendered":"Justyna Sitko"},"content":{"rendered":"<p>[vc_row el_class=&#8221;container&#8221;][vc_column el_class=&#8221;container&#8221;]\r\n                <div class=\"text-modules reverse\">\r\n                    <div class=\"container\">\r\n                        <h3 class=\"section-title section-title_border-bottom\">Justyna Sitko<\/h3> \r\n                        <div class=\"row m-0\">\r\n                            <div class=\"text-modules__content\">\r\n                                <\/p>\n<p class=\"rtejustify\">Cz\u0142onkini Akademickiego Zwi\u0105zku Sportowego U\u015a oraz Polskiego Zwi\u0105zku Ju-Jitsu.\u00a0 W\u015br\u00f3d licznych sukces\u00f3w sportowych wymieni\u0107 mo\u017ce m.in. I miejsce (w formule Fighting i Ne Waza) na Mistrzostwach Europy Senior\u00f3w w Ju-Jitsu (2018), II miejsce w konkurencji dru\u017cynowej na Mistrzostwa \u015awiata Senior\u00f3w w Ju-Jitsu (2018), I (w formule Fighting) i II miejsce (Ne Waza) na Mistrzostwach Europy Senior\u00f3w w Ju-Jitsu (2017), II (Ne Waza) i III miejsce (Figting) na Mistrzostwach \u015awiata Senior\u00f3w w Ju-Jitsu (2017) oraz III miejsce (2017), II miejsce (2018) na Mistrzostwach Polski M\u0142odzie\u017cy w JUDO. Poza osi\u0105gni\u0119ciami sportowymi, warte odnotowania jest, \u017ce uzyska\u0142a tytu\u0142 in\u017cyniera z wynikiem celuj\u0105cym oraz bra\u0142a udzia\u0142 w realizacji grantu Narodowego Centrum Bada\u0144 i Rozwoju pt. \u201eNowe narz\u0119dzie do wykrywania aktywnych stok\u00f3w osuwiskowych podstaw\u0105 do racjonalnego planowania przestrzennego w obszarach g\u00f3rskich\u201d. Bra\u0142a czynny udzia\u0142 r\u00f3wnie\u017c w organizacji V Mi\u0119dzynarodowego Dnia Geografa pod has\u0142em \u201eZrozumie\u0107 Ziemi\u0119\u201d.<\/p>\n<p class=\"rtejustify\"><span style=\"font-size: 10pt\">Powy\u017csze informacje nie obejmuj\u0105 ca\u0142ej dzia\u0142alno\u015bci danej osoby i zosta\u0142y opublikowane w ramach konkursu JM Rektora Uniwersytetu \u015al\u0105skiego. Dane pochodz\u0105 z czerwca 2019 r.<\/span><\/p>\n<div class=\"mt-3\"><\/div>\r\n                            <\/div>\r\n                            \r\n                            <div class=\"text-modules__img\"><img src=\"https:\/\/us.edu.pl\/student\/wp-content\/uploads\/sites\/3\/Nieprzypisane\/sitko_justyna_1.jpg\" alt=\"img\"><\/div>\r\n                        <\/div>\r\n                    <\/div>\r\n                <\/div>[myprefix_functional_icons print_icon=&#8221;yes&#8221;][\/vc_column][\/vc_row]<\/p>","protected":false},"excerpt":{"rendered":"<p>[vc_row el_class=&#8221;container&#8221;][vc_column el_class=&#8221;container&#8221;][myprefix_functional_icons print_icon=&#8221;yes&#8221;][\/vc_column][\/vc_row] [&#8230;]<\/p>\n<p><a class=\"btn btn-secondary understrap-read-more-link\" href=\"https:\/\/us.edu.pl\/student\/dzialalnosc-studencka\/wyroznienia-jm-rektora-us\/laureaci-poprzednich-edycji\/laureaci-2019\/studenci\/justyna-sitko\/\">Read More&#8230;<\/a><\/p>\n","protected":false},"author":1,"featured_media":5673,"parent":19680,"menu_order":0,"comment_status":"closed","ping_status":"closed","template":"","meta":{"_expiration-date-status":"saved","_expiration-date":0,"_expiration-date-type":"","_expiration-date-categories":[],"_expiration-date-options":[]},"acf":[],"_links":{"self":[{"href":"https:\/\/us.edu.pl\/student\/wp-json\/wp\/v2\/pages\/5672"}],"collection":[{"href":"https:\/\/us.edu.pl\/student\/wp-json\/wp\/v2\/pages"}],"about":[{"href":"https:\/\/us.edu.pl\/student\/wp-json\/wp\/v2\/types\/page"}],"author":[{"embeddable":true,"href":"https:\/\/us.edu.pl\/student\/wp-json\/wp\/v2\/users\/1"}],"replies":[{"embeddable":true,"href":"https:\/\/us.edu.pl\/student\/wp-json\/wp\/v2\/comments?post=5672"}],"version-history":[{"count":0,"href":"https:\/\/us.edu.pl\/student\/wp-json\/wp\/v2\/pages\/5672\/revisions"}],"up":[{"embeddable":true,"href":"https:\/\/us.edu.pl\/student\/wp-json\/wp\/v2\/pages\/19680"}],"wp:featuredmedia":[{"embeddable":true,"href":"https:\/\/us.edu.pl\/student\/wp-json\/wp\/v2\/media\/5673"}],"wp:attachment":[{"href":"https:\/\/us.edu.pl\/student\/wp-json\/wp\/v2\/media?parent=5672"}],"curies":[{"name":"wp","href":"https:\/\/api.w.org\/{rel}","templated":true}]}}