{"id":5683,"date":"2019-10-08T12:46:09","date_gmt":"2019-10-08T10:46:09","guid":{"rendered":"https:\/\/us.edu.pl\/student\/?page_id=5683"},"modified":"2020-03-11T13:24:21","modified_gmt":"2020-03-11T12:24:21","slug":"joanna_sodzawiczny","status":"publish","type":"page","link":"https:\/\/us.edu.pl\/student\/dzialalnosc-studencka\/wyroznienia-jm-rektora-us\/laureaci-poprzednich-edycji\/laureaci-2019\/studenci\/joanna_sodzawiczny\/","title":{"rendered":"Joanna Sodzawiczny"},"content":{"rendered":"<p>[vc_row el_class=&#8221;container&#8221;][vc_column el_class=&#8221;container&#8221;]\r\n                <div class=\"text-modules reverse\">\r\n                    <div class=\"container\">\r\n                        <h3 class=\"section-title section-title_border-bottom\">Joanna Sodzawiczny<\/h3> \r\n                        <div class=\"row m-0\">\r\n                            <div class=\"text-modules__content\">\r\n                                <\/p>\n<div class=\"content\">\n<p class=\"rtejustify\">Studentka I roku edukacji kulturalnej na\u00a0Wydzia\u0142 Etnologii I Nauk O Edukacji U\u015a oraz studi\u00f3w podyplomowych wiedzy o regionie na Wydziale Filologicznym U\u015a.\u00a0Aktorka i autorka scenariuszy w Teatrze Naumionym oraz\u00a0 autorka\u00a0 innych nagradzanych\u00a0 tekst\u00f3w\u00a0 w gwarze \u015bl\u0105skiej.\u00a0 Wraz z Teatrem Naumiony zdoby\u0142a wiele nagr\u00f3d i wyr\u00f3\u017cnie\u0144, s\u0105 to\u00a0 m.in. Z\u0142ota Odznaka Honorowa za zas\u0142ugi dla wojew\u00f3dztwa \u015al\u0105skiego (2016), I miejsce za spektakl pt. \u201eOdwo\u0142any\u201d, projekt w ramach\u00a0 Katowickiej Rundy Teatralnej (2017), Nagroda Ministra Kultury i Dziedzictwa Narodowego na XXXV Og\u00f3lnopolskim Sejmiku Teatr\u00f3w Wsi Polskiej w Tarnogrodzie (2018)\u00a0 ostatnio zdobywcy\u00a0 \u00a0 Z\u0142otej Maski wojew\u00f3dztwa \u015bl\u0105skiego\u00a0 w kategorii nagroda\u00a0 specjalna dla Iwony Wo\u017aniak wraz z Teatrem\u00a0 Naumiony\u00a0 za propagowanie kultury regionalnej w spektaklach i warsztatach\u00a0 teatralnych (2019). Inicjatorka i organizatorka \u201eTraschchallenge Ornontowice\u201d, akcji\u00a0 spo\u0142ecznej\u00a0 w Ornontowicach\u00a0 kt\u00f3rej g\u0142\u00f3wnym za\u0142o\u017ceniem by\u0142o wysprz\u0105tanie kawa\u0142ka \u015bwiata.<\/p>\n<p class=\"rtejustify\">Zainteresowania i pasje: ksi\u0105\u017cki,\u00a0 historia i kultura \u015al\u0105ska, historia og\u00f3lna,\u00a0 biografie,\u00a0 Polska, puzzle i grzybobranie, gry towarzyskie, lokalne opowie\u015bci.<\/p>\n<p><span style=\"font-size: 10pt\">Powy\u017csze informacje nie obejmuj\u0105 ca\u0142ej dzia\u0142alno\u015bci danej osoby i zosta\u0142y opublikowane w ramach konkursu JM Rektora Uniwersytetu \u015al\u0105skiego. Dane pochodz\u0105 z czerwca 2019 r.<\/span><\/p>\n<\/div>\n<div class=\"mt-3\"><\/div>\r\n                            <\/div>\r\n                            \r\n                            <div class=\"text-modules__img\"><img src=\"https:\/\/us.edu.pl\/student\/wp-content\/uploads\/sites\/3\/Nieprzypisane\/sodzawiczny_joanna_1.jpg\" alt=\"img\"><\/div>\r\n                        <\/div>\r\n                    <\/div>\r\n                <\/div>[myprefix_functional_icons print_icon=&#8221;yes&#8221;][\/vc_column][\/vc_row]<\/p>","protected":false},"excerpt":{"rendered":"<p>[vc_row el_class=&#8221;container&#8221;][vc_column el_class=&#8221;container&#8221;][myprefix_functional_icons print_icon=&#8221;yes&#8221;][\/vc_column][\/vc_row] [&#8230;]<\/p>\n<p><a class=\"btn btn-secondary understrap-read-more-link\" href=\"https:\/\/us.edu.pl\/student\/dzialalnosc-studencka\/wyroznienia-jm-rektora-us\/laureaci-poprzednich-edycji\/laureaci-2019\/studenci\/joanna_sodzawiczny\/\">Read More&#8230;<\/a><\/p>\n","protected":false},"author":1,"featured_media":5684,"parent":19680,"menu_order":0,"comment_status":"closed","ping_status":"closed","template":"","meta":{"_expiration-date-status":"saved","_expiration-date":0,"_expiration-date-type":"","_expiration-date-categories":[],"_expiration-date-options":[]},"acf":[],"_links":{"self":[{"href":"https:\/\/us.edu.pl\/student\/wp-json\/wp\/v2\/pages\/5683"}],"collection":[{"href":"https:\/\/us.edu.pl\/student\/wp-json\/wp\/v2\/pages"}],"about":[{"href":"https:\/\/us.edu.pl\/student\/wp-json\/wp\/v2\/types\/page"}],"author":[{"embeddable":true,"href":"https:\/\/us.edu.pl\/student\/wp-json\/wp\/v2\/users\/1"}],"replies":[{"embeddable":true,"href":"https:\/\/us.edu.pl\/student\/wp-json\/wp\/v2\/comments?post=5683"}],"version-history":[{"count":0,"href":"https:\/\/us.edu.pl\/student\/wp-json\/wp\/v2\/pages\/5683\/revisions"}],"up":[{"embeddable":true,"href":"https:\/\/us.edu.pl\/student\/wp-json\/wp\/v2\/pages\/19680"}],"wp:featuredmedia":[{"embeddable":true,"href":"https:\/\/us.edu.pl\/student\/wp-json\/wp\/v2\/media\/5684"}],"wp:attachment":[{"href":"https:\/\/us.edu.pl\/student\/wp-json\/wp\/v2\/media?parent=5683"}],"curies":[{"name":"wp","href":"https:\/\/api.w.org\/{rel}","templated":true}]}}