{"id":5689,"date":"2019-10-08T12:50:14","date_gmt":"2019-10-08T10:50:14","guid":{"rendered":"https:\/\/us.edu.pl\/student\/?page_id=5689"},"modified":"2020-03-11T13:32:19","modified_gmt":"2020-03-11T12:32:19","slug":"emilie-szwajnoch","status":"publish","type":"page","link":"https:\/\/us.edu.pl\/student\/dzialalnosc-studencka\/wyroznienia-jm-rektora-us\/laureaci-poprzednich-edycji\/laureaci-2019\/studenci\/emilie-szwajnoch\/","title":{"rendered":"Emilie Szwajnoch"},"content":{"rendered":"<p>[vc_row el_class=&#8221;container&#8221;][vc_column el_class=&#8221;container&#8221;]\r\n                <div class=\"text-modules reverse\">\r\n                    <div class=\"container\">\r\n                        <h3 class=\"section-title section-title_border-bottom\">Emilie Szwajnoch<\/h3> \r\n                        <div class=\"row m-0\">\r\n                            <div class=\"text-modules__content\">\r\n                                <\/p>\n<p class=\"rtejustify\">Studentka II roku filologii angielskiej na Wydziale Filologicznym U\u015a. Od 2018 roku cz\u0142onek zarz\u0105du w Mi\u0119dzywydzia\u0142owym Kole Kultury i Prawa Chi\u0144skiego, a od roku 2019\u00a0\u2013\u00a0stowarzyszenia Chinese Law Association. Ucz\u0119szcza na zaj\u0119cia Akademii Dyplomacji dzia\u0142aj\u0105cej w ramach Uniwersytetu \u015al\u0105skiego. Jest wolnym s\u0142uchaczem na Wydziale Nauk Spo\u0142ecznych w ramach kierunk\u00f3w Bezpiecze\u0144stwo Narodowe i Mi\u0119dzynarodowe oraz Politologia. Uko\u0144czy\u0142a kurs j\u0119zyka chi\u0144skiego w ramach Centrum J\u0119zyka i Kultury Chi\u0144skiej U\u015a. Jest autork\u0105 artyku\u0142\u00f3w publikowanych na stronie internetowej na temat Chin:\u00a0<u><a href=\"http:\/\/www.intochinalaw.org\/\">www.intochinalaw.org<\/a><\/u>. Jest zaanga\u017cowana w organizacj\u0119 wielu warsztat\u00f3w i konferencji zwi\u0105zanych z Pa\u0144stwem \u015arodka. Podczas konferencji \u201eOMIS \u2013 the Oriental Meetings in Sosnowiec\u201d (Instytut J\u0119zyka Angielskiego, Wydzia\u0142 Filologiczny, Uniwersytet \u015al\u0105ski) wyg\u0142osi\u0142a wyk\u0142ad: \u201ePrawa Cz\u0142owieka a bezpiecze\u0144stwo wewn\u0119trzne i stabilno\u015b\u0107 kraju na przyk\u0142adzie polityki Chi\u0144skiej Republiki Ludowej wobec Ujgur\u00f3w\u201d.<\/p>\n<p class=\"rtejustify\">Zainteresowania i pasje:\u00a0 nauka j\u0119zyk\u00f3w obcych, podr\u00f3\u017ce, literatura, dyplomacja i stosunki<br \/>\nmi\u0119dzynarodowe, polityka wewn\u0119trzna Chi\u0144skiej Republiki Ludowej, muzyka (w szczeg\u00f3lno\u015bci stare rockowe klasyki i jazz).<\/p>\n<p class=\"rtejustify\"><span style=\"font-size: 10pt\">Powy\u017csze informacje nie obejmuj\u0105 ca\u0142ej dzia\u0142alno\u015bci danej osoby i zosta\u0142y opublikowane w ramach konkursu JM Rektora Uniwersytetu \u015al\u0105skiego. Dane pochodz\u0105 z czerwca 2019 r.<\/span><\/p>\n<div class=\"mt-3\"><\/div>\r\n                            <\/div>\r\n                            \r\n                            <div class=\"text-modules__img\"><img src=\"https:\/\/us.edu.pl\/student\/wp-content\/uploads\/sites\/3\/Nieprzypisane\/szwanoch_zdjecie_1-e1642506021950.jpg\" alt=\"img\"><\/div>\r\n                        <\/div>\r\n                    <\/div>\r\n                <\/div>[myprefix_functional_icons print_icon=&#8221;yes&#8221;][\/vc_column][\/vc_row]<\/p>","protected":false},"excerpt":{"rendered":"<p>[vc_row el_class=&#8221;container&#8221;][vc_column el_class=&#8221;container&#8221;][myprefix_functional_icons print_icon=&#8221;yes&#8221;][\/vc_column][\/vc_row] [&#8230;]<\/p>\n<p><a class=\"btn btn-secondary understrap-read-more-link\" href=\"https:\/\/us.edu.pl\/student\/dzialalnosc-studencka\/wyroznienia-jm-rektora-us\/laureaci-poprzednich-edycji\/laureaci-2019\/studenci\/emilie-szwajnoch\/\">Read More&#8230;<\/a><\/p>\n","protected":false},"author":1,"featured_media":5690,"parent":19680,"menu_order":0,"comment_status":"closed","ping_status":"closed","template":"","meta":{"_expiration-date-status":"saved","_expiration-date":0,"_expiration-date-type":"","_expiration-date-categories":[],"_expiration-date-options":[]},"acf":[],"_links":{"self":[{"href":"https:\/\/us.edu.pl\/student\/wp-json\/wp\/v2\/pages\/5689"}],"collection":[{"href":"https:\/\/us.edu.pl\/student\/wp-json\/wp\/v2\/pages"}],"about":[{"href":"https:\/\/us.edu.pl\/student\/wp-json\/wp\/v2\/types\/page"}],"author":[{"embeddable":true,"href":"https:\/\/us.edu.pl\/student\/wp-json\/wp\/v2\/users\/1"}],"replies":[{"embeddable":true,"href":"https:\/\/us.edu.pl\/student\/wp-json\/wp\/v2\/comments?post=5689"}],"version-history":[{"count":0,"href":"https:\/\/us.edu.pl\/student\/wp-json\/wp\/v2\/pages\/5689\/revisions"}],"up":[{"embeddable":true,"href":"https:\/\/us.edu.pl\/student\/wp-json\/wp\/v2\/pages\/19680"}],"wp:featuredmedia":[{"embeddable":true,"href":"https:\/\/us.edu.pl\/student\/wp-json\/wp\/v2\/media\/5690"}],"wp:attachment":[{"href":"https:\/\/us.edu.pl\/student\/wp-json\/wp\/v2\/media?parent=5689"}],"curies":[{"name":"wp","href":"https:\/\/api.w.org\/{rel}","templated":true}]}}