{"id":5706,"date":"2019-10-08T12:58:55","date_gmt":"2019-10-08T10:58:55","guid":{"rendered":"https:\/\/us.edu.pl\/student\/?page_id=5706"},"modified":"2020-03-11T13:31:39","modified_gmt":"2020-03-11T12:31:39","slug":"olga-marcinkowska","status":"publish","type":"page","link":"https:\/\/us.edu.pl\/student\/dzialalnosc-studencka\/wyroznienia-jm-rektora-us\/laureaci-poprzednich-edycji\/laureaci-2019\/studenci\/olga-marcinkowska\/","title":{"rendered":"Olga Marcinkowska"},"content":{"rendered":"<p>[vc_row el_class=&#8221;container&#8221;][vc_column el_class=&#8221;container&#8221;]\r\n                <div class=\"text-modules reverse\">\r\n                    <div class=\"container\">\r\n                        <h3 class=\"section-title section-title_border-bottom\">Olga Marcinkowska<\/h3> \r\n                        <div class=\"row m-0\">\r\n                            <div class=\"text-modules__content\">\r\n                                <\/p>\n<p class=\"rtejustify\">Studentka V roku prawa na Wydziale Prawa i Administracji U\u015a. Od 2016 roku za\u0142o\u017cyciel i przewodnicz\u0105ca Ko\u0142a Naukowego Dru\u017cyna Vis Moot Silesia. Od 2017 roku cz\u0142onek Ko\u0142a Naukowego Arabist\u00f3w U\u015a Al-Asabiya. Uzyska\u0142a grant w ramach programu Ministerstwa Nauki i Szkolnictwa Wy\u017cszego \u201eNajlepsi z najlepszych 3.0\u201d na realizacj\u0119 programu \u201eTeam Silesia East \u2013 podnoszenie wiedzy oraz kompetencji z zakresu mi\u0119dzynarodowego arbitra\u017cu handlowego przez zesp\u00f3\u0142 student\u00f3w WPiA U\u015a poprzez udzia\u0142 w mi\u0119dzynarodowych konkursach i turniejach\u201d.\u00a0 Jej zesp\u00f3\u0142 awansowa\u0142a do rund fina\u0142owych w mi\u0119dzynarodowym konkursie arbitra\u017cowym \u201eThe 16th Willem C. Vis East International Commercial Arbitration Moot Court\u201d, w kt\u00f3rym bra\u0142o udzia\u0142 137 dru\u017cyn z ca\u0142ego \u015bwiata. Tym samym, zesp\u00f3\u0142 znalaz\u0142 si\u0119 w gronie 32 najlepszych uniwersytet\u00f3w, co oznacza, \u017ce pokona\u0142 105 dru\u017cyn z ca\u0142ego \u015bwiata, m.in. takie uczelnie jak Harvard i UCL.<\/p>\n<p class=\"rtejustify\">Zainteresowania i pasje: astronautyka.<\/p>\n<p class=\"rtejustify\"><span style=\"font-size: 10pt\">Powy\u017csze informacje nie obejmuj\u0105 ca\u0142ej dzia\u0142alno\u015bci danej osoby i zosta\u0142y opublikowane w ramach konkursu JM Rektora Uniwersytetu \u015al\u0105skiego. Dane pochodz\u0105 z czerwca 2019 r.<\/span><\/p>\n<div class=\"mt-3\"><\/div>\r\n                            <\/div>\r\n                            \r\n                            <div class=\"text-modules__img\"><img src=\"https:\/\/us.edu.pl\/student\/wp-content\/uploads\/sites\/3\/Nieprzypisane\/marcinkowska_olga_2-1-e1642505972706.jpg\" alt=\"img\"><\/div>\r\n                        <\/div>\r\n                    <\/div>\r\n                <\/div>[myprefix_functional_icons print_icon=&#8221;yes&#8221;][\/vc_column][\/vc_row]<\/p>","protected":false},"excerpt":{"rendered":"<p>[vc_row el_class=&#8221;container&#8221;][vc_column el_class=&#8221;container&#8221;][myprefix_functional_icons print_icon=&#8221;yes&#8221;][\/vc_column][\/vc_row] [&#8230;]<\/p>\n<p><a class=\"btn btn-secondary understrap-read-more-link\" href=\"https:\/\/us.edu.pl\/student\/dzialalnosc-studencka\/wyroznienia-jm-rektora-us\/laureaci-poprzednich-edycji\/laureaci-2019\/studenci\/olga-marcinkowska\/\">Read More&#8230;<\/a><\/p>\n","protected":false},"author":1,"featured_media":5707,"parent":19680,"menu_order":0,"comment_status":"closed","ping_status":"closed","template":"","meta":{"_expiration-date-status":"saved","_expiration-date":0,"_expiration-date-type":"","_expiration-date-categories":[],"_expiration-date-options":[]},"acf":[],"_links":{"self":[{"href":"https:\/\/us.edu.pl\/student\/wp-json\/wp\/v2\/pages\/5706"}],"collection":[{"href":"https:\/\/us.edu.pl\/student\/wp-json\/wp\/v2\/pages"}],"about":[{"href":"https:\/\/us.edu.pl\/student\/wp-json\/wp\/v2\/types\/page"}],"author":[{"embeddable":true,"href":"https:\/\/us.edu.pl\/student\/wp-json\/wp\/v2\/users\/1"}],"replies":[{"embeddable":true,"href":"https:\/\/us.edu.pl\/student\/wp-json\/wp\/v2\/comments?post=5706"}],"version-history":[{"count":0,"href":"https:\/\/us.edu.pl\/student\/wp-json\/wp\/v2\/pages\/5706\/revisions"}],"up":[{"embeddable":true,"href":"https:\/\/us.edu.pl\/student\/wp-json\/wp\/v2\/pages\/19680"}],"wp:featuredmedia":[{"embeddable":true,"href":"https:\/\/us.edu.pl\/student\/wp-json\/wp\/v2\/media\/5707"}],"wp:attachment":[{"href":"https:\/\/us.edu.pl\/student\/wp-json\/wp\/v2\/media?parent=5706"}],"curies":[{"name":"wp","href":"https:\/\/api.w.org\/{rel}","templated":true}]}}