{"id":5711,"date":"2019-10-08T13:01:06","date_gmt":"2019-10-08T11:01:06","guid":{"rendered":"https:\/\/us.edu.pl\/student\/?page_id=5711"},"modified":"2020-03-11T13:31:50","modified_gmt":"2020-03-11T12:31:50","slug":"klaudia-pierzchala","status":"publish","type":"page","link":"https:\/\/us.edu.pl\/student\/dzialalnosc-studencka\/wyroznienia-jm-rektora-us\/laureaci-poprzednich-edycji\/laureaci-2019\/studenci\/klaudia-pierzchala\/","title":{"rendered":"Klaudia Pierzcha\u0142a"},"content":{"rendered":"<p>[vc_row el_class=&#8221;container&#8221;][vc_column el_class=&#8221;container&#8221;]\r\n                <div class=\"text-modules reverse\">\r\n                    <div class=\"container\">\r\n                        <h3 class=\"section-title section-title_border-bottom\">Klaudia Pierzcha\u0142a<\/h3> \r\n                        <div class=\"row m-0\">\r\n                            <div class=\"text-modules__content\">\r\n                                <\/p>\n<p class=\"rtejustify\">Studentka IV roku kierunku grafiki na Wydziale Artystycznym Uniwersytetu \u015al\u0105skiego.\u00a0Cz\u0142onek w Kole Artystyczno-Naukowym Linorytnik\u00f3w i Drzeworytnik\u00f3w DEHA. Od 2012 roku\u00a0 uczestniczy w zaj\u0119ciach artystycznych w M\u0142odzie\u017cowym Domu Kultury Nr 1\u00a0 w Tychach. Bra\u0142a udzia\u0142 w wystawach, jak na przyk\u0142ad: XVI Mi\u0119dzynarodowe Biennale\u00a0 Ma\u0142ej Formy Graficznej i Ekslibrisu, Ostr\u00f3w Wielkopolski 2016; I\u00a0 Mi\u0119dzynarodowe Triennale Grafiki,\u00a0 Cieszyn 2017; Og\u00f3lnopolskie\u00a0 Biennale rysunku, grafiki warsztatowej i grafiki komputerowej, Wroc\u0142aw\u00a0 2017 (nagroda); Mi\u0119dzynarodowe Biennale \u201eMi\u0119dzy czerni\u0105 a biel\u0105\u201d,\u00a0 Rybnik 2017, 2019 (wyr\u00f3\u017cnienie, nagroda); Mi\u0119dzynarodowy Konkurs Cyfrowej Fotokreacji\u00a0 \u201eCyberfoto\u201d, Cz\u0119stochowa 2016; Mi\u0119dzynarodowy Konkurs Plastyczny\u00a0 \u201eLudzie ludziom zgotowali ten los\u201d, Tychy 2014-2018 (6 nagr\u00f3d, 2 wyr\u00f3\u017cnienia). Uzyska\u0142a\u00a0 nominacje w kategorii Luxury &amp; Nature oraz Przewodnicz\u0105cej Jury w\u00a0 konkursie Art of Packaging. Zdoby\u0142a Nagrod\u0119 Specjaln\u0105 Dyrektora MDK 1\u00a0 w Tychach Teresy Wodzickiej oraz Nagrod\u0119 Prezydenta Andrzeja Dudy\u00a0 ufundowan\u0105 w ramach Mi\u0119dzynarodowego Konkursu Plastycznego \u201eLudzie\u00a0 ludziom zgotowali ten los\u201d. Jej prace by\u0142y wielokrotnie publikowanew katalogach, zaproszeniach na wernisa\u017ce konkursowe, rocznikach.\u00a0 Trzykrotnie uzyska\u0142a stypendium Rektora Uniwersytetu \u015al\u0105skiego,\u00a0 dwukrotnie Samorz\u0105du Miasta Tychy \u201eQuod discis tibi discis\u201d. Prowadzi informator konkursowy \u201eZasi\u0119g\u201d. Uczestniczy w r\u00f3\u017cnych konferencjach, wydarzeniach, warsztatach i szkoleniach, jak na przyk\u0142ad World Usability Day Silesia czy GrafConf.<\/p>\n<p class=\"rtejustify\">Zainteresowania i pasje: szeroko rozumiana grafika, psychologia i historia ludzkiego widzenia.<\/p>\n<p class=\"rtejustify\"><span style=\"font-size: 10pt\">Powy\u017csze informacje nie obejmuj\u0105 ca\u0142ej dzia\u0142alno\u015bci danej osoby i zosta\u0142y opublikowane w ramach konkursu JM Rektora Uniwersytetu \u015al\u0105skiego. Dane pochodz\u0105 z czerwca 2019 r.<\/span><\/p>\n<div class=\"mt-3\"><\/div>\r\n                            <\/div>\r\n                            \r\n                            <div class=\"text-modules__img\"><img src=\"https:\/\/us.edu.pl\/student\/wp-content\/uploads\/sites\/3\/Nieprzypisane\/pierzchala_1_0-e1642505961315.jpg\" alt=\"img\"><\/div>\r\n                        <\/div>\r\n                    <\/div>\r\n                <\/div>[myprefix_functional_icons print_icon=&#8221;yes&#8221;][\/vc_column][\/vc_row]<\/p>","protected":false},"excerpt":{"rendered":"<p>[vc_row el_class=&#8221;container&#8221;][vc_column el_class=&#8221;container&#8221;][myprefix_functional_icons print_icon=&#8221;yes&#8221;][\/vc_column][\/vc_row] [&#8230;]<\/p>\n<p><a class=\"btn btn-secondary understrap-read-more-link\" href=\"https:\/\/us.edu.pl\/student\/dzialalnosc-studencka\/wyroznienia-jm-rektora-us\/laureaci-poprzednich-edycji\/laureaci-2019\/studenci\/klaudia-pierzchala\/\">Read More&#8230;<\/a><\/p>\n","protected":false},"author":1,"featured_media":5712,"parent":19680,"menu_order":0,"comment_status":"closed","ping_status":"closed","template":"","meta":{"_expiration-date-status":"saved","_expiration-date":0,"_expiration-date-type":"","_expiration-date-categories":[],"_expiration-date-options":[]},"acf":[],"_links":{"self":[{"href":"https:\/\/us.edu.pl\/student\/wp-json\/wp\/v2\/pages\/5711"}],"collection":[{"href":"https:\/\/us.edu.pl\/student\/wp-json\/wp\/v2\/pages"}],"about":[{"href":"https:\/\/us.edu.pl\/student\/wp-json\/wp\/v2\/types\/page"}],"author":[{"embeddable":true,"href":"https:\/\/us.edu.pl\/student\/wp-json\/wp\/v2\/users\/1"}],"replies":[{"embeddable":true,"href":"https:\/\/us.edu.pl\/student\/wp-json\/wp\/v2\/comments?post=5711"}],"version-history":[{"count":0,"href":"https:\/\/us.edu.pl\/student\/wp-json\/wp\/v2\/pages\/5711\/revisions"}],"up":[{"embeddable":true,"href":"https:\/\/us.edu.pl\/student\/wp-json\/wp\/v2\/pages\/19680"}],"wp:featuredmedia":[{"embeddable":true,"href":"https:\/\/us.edu.pl\/student\/wp-json\/wp\/v2\/media\/5712"}],"wp:attachment":[{"href":"https:\/\/us.edu.pl\/student\/wp-json\/wp\/v2\/media?parent=5711"}],"curies":[{"name":"wp","href":"https:\/\/api.w.org\/{rel}","templated":true}]}}