{"id":5723,"date":"2019-10-08T13:10:48","date_gmt":"2019-10-08T11:10:48","guid":{"rendered":"https:\/\/us.edu.pl\/student\/?page_id=5723"},"modified":"2021-09-03T11:22:58","modified_gmt":"2021-09-03T09:22:58","slug":"o-konkursie","status":"publish","type":"page","link":"https:\/\/us.edu.pl\/student\/dzialalnosc-studencka\/wyroznienia-jm-rektora-us\/o-konkursie\/","title":{"rendered":"O konkursie"},"content":{"rendered":"<p>[vc_row el_class=&#8221;container&#8221;][vc_column el_class=&#8221;container&#8221;]\r\n                <div class=\"text-modules\">\r\n                    <div class=\"container\">\r\n                        <h3 class=\"page-title text__title\">O konkursie<\/h3>\r\n                        <div class=\"text-modules__content\"><p>Konkurs pn. Wyr\u00f3\u017cnienia Jego Magnificencji Rektora Uniwersytetu \u015al\u0105skiego organizowany jest od 2009 roku. Idea przewodnia to promowanie aktywnych i tw\u00f3rczych postaw na rzecz \u015brodowiska akademickiego i spo\u0142ecznego. Konkurs stanowi wyj\u0105tkow\u0105 okazj\u0119 do wyr\u00f3\u017cnienia student\u00f3w i doktorant\u00f3w maj\u0105cych osi\u0105gni\u0119cia w innych dziedzinach ni\u017c te, kt\u00f3re kwalifikuj\u0105 si\u0119 do r\u00f3\u017cnego rodzaju stypendi\u00f3w (naukowych, sportowych). Jednocze\u015bnie dla wielu student\u00f3w i doktorant\u00f3w Wyr\u00f3\u017cnienie JM Rektora stanowi swego rodzaju ukoronowanie ca\u0142ej dotychczasowej dzia\u0142alno\u015bci w \u015brodowisku akademickim i pozauczelnianym, znacz\u0105cych osi\u0105gni\u0119\u0107 naukowych, sportowych, spo\u0142ecznych czy artystycznych.<\/p>\n<p>W czasie uroczysto\u015bci, stanowi\u0105cej podsumowanie konkursu, prezentowane s\u0105 osi\u0105gni\u0119cia nie tylko student\u00f3w i doktorant\u00f3w, ale tak\u017ce s\u0142uchaczy Uniwersytetu \u015al\u0105skiego Dzieci, Uniwersytetu \u015al\u0105skiego M\u0142odzie\u017cy, Uniwersytetu \u015al\u0105skiego Maturzyst\u00f3w oraz Uniwersytetu Trzeciego Wieku U\u015a. Dzi\u0119ki temu uroczysto\u015b\u0107 podkre\u015bla ide\u0119 uczenia si\u0119 przez ca\u0142e \u017cycie. Wyr\u00f3\u017cniane s\u0105 osoby charakteryzuj\u0105ce si\u0119 ponadprzeci\u0119tnym zaanga\u017cowaniem, pomys\u0142owo\u015bci\u0105 i wytrwa\u0142o\u015bci\u0105 w dzia\u0142aniu. Laureaci posiadaj\u0105 osi\u0105gni\u0119cia w r\u00f3\u017cnorodnych dziedzinach, pocz\u0105wszy od artystycznej i sportowej, poprzez dzia\u0142alno\u015b\u0107 spo\u0142eczn\u0105, kulturaln\u0105, naukow\u0105 i popularnonaukow\u0105, a tak\u017ce w zakresie inicjowania i wspierania \u017cycia studenckiego.<\/p>\n<\/div>\r\n                    <\/div>\r\n                <\/div>[\/vc_column][\/vc_row]<\/p>","protected":false},"excerpt":{"rendered":"<p>[vc_row el_class=&#8221;container&#8221;][vc_column el_class=&#8221;container&#8221;][\/vc_column][\/vc_row] [&#8230;]<\/p>\n<p><a class=\"btn btn-secondary understrap-read-more-link\" href=\"https:\/\/us.edu.pl\/student\/dzialalnosc-studencka\/wyroznienia-jm-rektora-us\/o-konkursie\/\">Read More&#8230;<\/a><\/p>\n","protected":false},"author":1,"featured_media":0,"parent":5514,"menu_order":0,"comment_status":"closed","ping_status":"closed","template":"","meta":{"_expiration-date-status":"saved","_expiration-date":0,"_expiration-date-type":"","_expiration-date-categories":[],"_expiration-date-options":[]},"acf":[],"_links":{"self":[{"href":"https:\/\/us.edu.pl\/student\/wp-json\/wp\/v2\/pages\/5723"}],"collection":[{"href":"https:\/\/us.edu.pl\/student\/wp-json\/wp\/v2\/pages"}],"about":[{"href":"https:\/\/us.edu.pl\/student\/wp-json\/wp\/v2\/types\/page"}],"author":[{"embeddable":true,"href":"https:\/\/us.edu.pl\/student\/wp-json\/wp\/v2\/users\/1"}],"replies":[{"embeddable":true,"href":"https:\/\/us.edu.pl\/student\/wp-json\/wp\/v2\/comments?post=5723"}],"version-history":[{"count":0,"href":"https:\/\/us.edu.pl\/student\/wp-json\/wp\/v2\/pages\/5723\/revisions"}],"up":[{"embeddable":true,"href":"https:\/\/us.edu.pl\/student\/wp-json\/wp\/v2\/pages\/5514"}],"wp:attachment":[{"href":"https:\/\/us.edu.pl\/student\/wp-json\/wp\/v2\/media?parent=5723"}],"curies":[{"name":"wp","href":"https:\/\/api.w.org\/{rel}","templated":true}]}}