{"id":5725,"date":"2019-10-08T13:12:56","date_gmt":"2019-10-08T11:12:56","guid":{"rendered":"https:\/\/us.edu.pl\/student\/?page_id=5725"},"modified":"2025-05-06T11:22:39","modified_gmt":"2025-05-06T09:22:39","slug":"kapitula-konkursowa","status":"publish","type":"page","link":"https:\/\/us.edu.pl\/student\/dzialalnosc-studencka\/wyroznienia-jm-rektora-us\/kapitula-konkursowa\/","title":{"rendered":"Kapitu\u0142a Konkursowa"},"content":{"rendered":"<p>[vc_row el_class=&#8221;container&#8221;][vc_column el_class=&#8221;container&#8221;]\r\n                <div class=\"text-modules\">\r\n                    <div class=\"container\">\r\n                        \r\n                        <div class=\"text-modules__content\"><p><strong>Sk\u0142ad Kapitu\u0142y XVII edycji Konkursu Wyr\u00f3\u017cnie\u0144 JM Rektora U\u015a:<\/strong><\/p>\n<ul>\n<li><strong>dr Katarzyna Trynda, prof. U\u015a<\/strong><br \/>\nProrektor ds. studenckich i kszta\u0142cenia,<strong>\u00a0Przewodnicz\u0105ca Kapitu\u0142y<\/strong><\/li>\n<li><strong>prof. dr hab. Zofia Piotrowska-Seget<\/strong><br \/>\nWyk\u0142adowca na Wydziale Nauk Przyrodniczych<\/li>\n<li><strong>dr hab. Agnieszka Nowak-Brzezi\u0144ska, prof. U\u015a<\/strong><br \/>\nWyk\u0142adowca na Wydziale Nauk \u015acis\u0142ych i Technicznych<\/li>\n<li><strong>dr hab. Grzegorz Olsza\u0144ski, prof. U\u015a<\/strong><br \/>\nWyk\u0142adowca na Wydziale Humanistycznym<\/li>\n<li><strong>dr Aneta G\u0142owacka, prof. U\u015a<\/strong><br \/>\nWyk\u0142adowca na Wydziale Humanistycznym<\/li>\n<li><strong>dr Adrian Robak, prof. U\u015a<\/strong><br \/>\nWyk\u0142adowca na Wydziale Sztuki i Nauk o Edukacji<\/li>\n<li><strong>mgr Izabela Staszewska-Ferens<\/strong><br \/>\nDyrektor Uniwersytetu Otwartego Uniwersytetu \u015al\u0105skiego<\/li>\n<li><strong>Gabriela Wilczy\u0144ska<\/strong><br \/>\nKierownik Centrum Obs\u0142ugi Student\u00f3w<\/li>\n<li><strong>mgr Aleksander Fangor<\/strong><br \/>\nWyk\u0142adowca w Centrum Wychowania Fizycznego i Sportu<\/li>\n<\/ul>\n<p><strong><br \/>\nCz\u0142onkowie Kapitu\u0142y \u2013 Przedstawiciele student\u00f3w i doktorant\u00f3w<\/strong><\/p>\n<ul>\n<li><strong>mgr Klaudia \u017bubryk<\/strong>, Szko\u0142a Doktorska Uniwersytetu \u015al\u0105skiego<\/li>\n<li><strong>Erwina Kowalska<\/strong>, Uczelniana Rada Samorz\u0105du Studenckiego<\/li>\n<li><strong>Michael Koloch<\/strong>, Uczelniana Rada Samorz\u0105du Studenckiego<\/li>\n<\/ul>\n<p><strong><br \/>\nCz\u0142onkowie Kapitu\u0142y \u2013 Wyr\u00f3\u017cnieni w poprzednich edycjach<\/strong><\/p>\n<ul>\n<li><strong>dr hab. Marek Marzec, prof. U\u015a<\/strong><br \/>\nWyr\u00f3\u017cniony w IV edycji<br \/>\nWyk\u0142adowca na Wydziale Nauk Przyrodniczych<\/li>\n<li><strong>dr Micha\u0142 Brol, prof. U\u015a<\/strong><br \/>\nWyr\u00f3\u017cniony w I edycji,\u00a0<strong>sekretarz Kapitu\u0142y Konkursowej oraz koordynator Konkursu<\/strong><\/li>\n<li><strong>dr Tomasz Okraska, prof. U\u015a<\/strong><br \/>\nWyr\u00f3\u017cniony w II edycji<br \/>\nWyk\u0142adowca na Wydziale Nauk Spo\u0142ecznych<\/li>\n<li><strong>dr Wojciech Osuchowski, prof. U\u015a<\/strong><br \/>\nWyr\u00f3\u017cniony w VIII edycji<br \/>\nWyk\u0142adowca na Wydziale Sztuki i Nauk o Edukacji<\/li>\n<li><strong>dr Marlena Drapalska-Grochowicz<\/strong><br \/>\nWyr\u00f3\u017cniona w XV edycji<br \/>\nPe\u0142nomocnik Rzecznika Praw Studenta i Doktoranta, wyk\u0142adowca na Wydziale Prawa i Administracji<\/li>\n<li><strong>mgr Rados\u0142aw Aksamit<\/strong><br \/>\nWyr\u00f3\u017cniony w I edycji<br \/>\nDyrektor ds. komunikacji U\u015a<\/li>\n<li><strong>mgr Ma\u0142gorzata Poszwa<\/strong><br \/>\nWyr\u00f3\u017cniona w XV edycji<br \/>\nKierownik wykonawcza projektu EU TalentOn i Rzecznik prasowy Miasta Nauki<\/li>\n<\/ul>\n<p>\n<\/div>\r\n                    <\/div>\r\n                <\/div>[\/vc_column][\/vc_row]<\/p>","protected":false},"excerpt":{"rendered":"<p>[vc_row el_class=&#8221;container&#8221;][vc_column el_class=&#8221;container&#8221;][\/vc_column][\/vc_row] [&#8230;]<\/p>\n<p><a class=\"btn btn-secondary understrap-read-more-link\" href=\"https:\/\/us.edu.pl\/student\/dzialalnosc-studencka\/wyroznienia-jm-rektora-us\/kapitula-konkursowa\/\">Read More&#8230;<\/a><\/p>\n","protected":false},"author":1,"featured_media":0,"parent":5514,"menu_order":0,"comment_status":"closed","ping_status":"closed","template":"","meta":{"_expiration-date-status":"","_expiration-date":0,"_expiration-date-type":"","_expiration-date-categories":[],"_expiration-date-options":[]},"acf":[],"_links":{"self":[{"href":"https:\/\/us.edu.pl\/student\/wp-json\/wp\/v2\/pages\/5725"}],"collection":[{"href":"https:\/\/us.edu.pl\/student\/wp-json\/wp\/v2\/pages"}],"about":[{"href":"https:\/\/us.edu.pl\/student\/wp-json\/wp\/v2\/types\/page"}],"author":[{"embeddable":true,"href":"https:\/\/us.edu.pl\/student\/wp-json\/wp\/v2\/users\/1"}],"replies":[{"embeddable":true,"href":"https:\/\/us.edu.pl\/student\/wp-json\/wp\/v2\/comments?post=5725"}],"version-history":[{"count":7,"href":"https:\/\/us.edu.pl\/student\/wp-json\/wp\/v2\/pages\/5725\/revisions"}],"predecessor-version":[{"id":52949,"href":"https:\/\/us.edu.pl\/student\/wp-json\/wp\/v2\/pages\/5725\/revisions\/52949"}],"up":[{"embeddable":true,"href":"https:\/\/us.edu.pl\/student\/wp-json\/wp\/v2\/pages\/5514"}],"wp:attachment":[{"href":"https:\/\/us.edu.pl\/student\/wp-json\/wp\/v2\/media?parent=5725"}],"curies":[{"name":"wp","href":"https:\/\/api.w.org\/{rel}","templated":true}]}}