{"id":5733,"date":"2019-10-08T13:17:31","date_gmt":"2019-10-08T11:17:31","guid":{"rendered":"https:\/\/us.edu.pl\/student\/?page_id=5733"},"modified":"2025-03-13T15:01:43","modified_gmt":"2025-03-13T14:01:43","slug":"fotoreportaze-z-poprzednich-edycji","status":"publish","type":"page","link":"https:\/\/us.edu.pl\/student\/dzialalnosc-studencka\/wyroznienia-jm-rektora-us\/fotoreportaze-z-poprzednich-edycji\/","title":{"rendered":"Fotoreporta\u017ce z poprzednich edycji"},"content":{"rendered":"<p>[vc_row el_class=&#8221;container&#8221;][vc_column el_class=&#8221;container&#8221;]\r\n                <div class=\"tiles-section\" style=\"background: \">\r\n                    <div class=\"container\">\r\n                        <h3 class=\"page-title\">Fotoreporta\u017ce z poprzednich edycji Gali Wyr\u00f3\u017cnie\u0144 Rektora<\/h3>\r\n                        <div class=\"tiles tiles-5\">\r\n                            <a href=\"https:\/\/us.edu.pl\/multimedia\/gala-xvi-edycji-wyroznien-jm-rektora-uniwersytetu-slaskiego\/\" class=\"tile tile_ justify-content-center\" style=\"background-color: #002E5A; font-weight: ; color: #ffffff;  \">\r\n                                \r\n                                   \r\n                               \r\n                                <div class=\"tile__name\">Edycja XVI (2024)<\/div>\r\n                            <\/a>\r\n                            <a href=\"https:\/\/us.edu.pl\/multimedia\/gala-iv-edycji-konkursu-wyroznien-jm-rektora-uniwersytetu-slaskiego\/\" class=\"tile tile_ justify-content-center\" style=\"background-color: #002E5A; font-weight: ; color: #ffffff;  \">\r\n                                \r\n                                   \r\n                               \r\n                                <div class=\"tile__name\">Edycja XV (2023)<\/div>\r\n                            <\/a>\r\n                            <a href=\"https:\/\/us.edu.pl\/multimedia\/xiv-edycja-wyroznien-jm-rektora-us\/\" class=\"tile tile_ justify-content-center\" style=\"background-color: #002E5A; font-weight: ; color: #ffffff;  \">\r\n                                \r\n                                   \r\n                               \r\n                                <div class=\"tile__name\">Edycja XIV (2022)<\/div>\r\n                            <\/a>\r\n                            <a href=\"https:\/\/us.edu.pl\/multimedia\/wyroznienia-jm-rektora-uniwersytetu-slaskiego-2\/\" class=\"tile tile_ justify-content-center\" style=\"background-color: #002E5A; font-weight: ; color: #ffffff;  \">\r\n                                \r\n                                   \r\n                               \r\n                                <div class=\"tile__name\">Edycja XIII (2021)<\/div>\r\n                            <\/a>\r\n                            <a href=\"https:\/\/us.edu.pl\/multimedia\/laureaci-xii-edycji-wyroznien-rektora-uniwersytetu-slaskiego\/\" class=\"tile tile_ justify-content-center\" style=\"background-color: #002E5A; font-weight: ; color: #ffffff;  \">\r\n                                \r\n                                   \r\n                               \r\n                                <div class=\"tile__name\">Edycja XII (2020)<\/div>\r\n                            <\/a>\r\n                            <a href=\" https:\/\/us.edu.pl\/multimedia\/wyroznienia-jm-rektora-uniwersytetu-slaskiego-2019-2\/\" class=\"tile tile_ justify-content-center\" style=\"background-color: #002E5A; font-weight: ; color: #ffffff;  \">\r\n                                \r\n                                   \r\n                               \r\n                                <div class=\"tile__name\">Edycja XI (2019)<\/div>\r\n                            <\/a>\r\n                            <a href=\" https:\/\/us.edu.pl\/multimedia\/gala-wreczenia-wyroznien-jm-rektora-uniwersytetu-slaskiego-2\/\" class=\"tile tile_ justify-content-center\" style=\"background-color: #002E5A; font-weight: ; color: #ffffff;  \">\r\n                                \r\n                                   \r\n                               \r\n                                <div class=\"tile__name\">Edycja X (2018)<\/div>\r\n                            <\/a>\r\n                            <a href=\"https:\/\/us.edu.pl\/multimedia\/wyroznienia-jm-rektora-uniwersytetu-slaskiego\/\" class=\"tile tile_ justify-content-center\" style=\"background-color: #002E5A; font-weight: ; color: #ffffff;  \">\r\n                                \r\n                                   \r\n                               \r\n                                <div class=\"tile__name\">Edycja IX (2017)<\/div>\r\n                            <\/a>\r\n                            <a href=\"\/multimedia\/viii-gala-wreczenia-wyroznien-jm-rektora-uniwersytetu-slaskiego-2016\/\" class=\"tile tile_ justify-content-center\" style=\"background-color: #002E5A; font-weight: ; color: #ffffff;  \">\r\n                                \r\n                                   \r\n                               \r\n                                <div class=\"tile__name\">Edycja VIII (2016)<\/div>\r\n                            <\/a>\r\n                            <a href=\"\/multimedia\/vii-gala-wreczenia-wyroznien-jm-rektora-uniwersytetu-slaskiego-2015\/\" class=\"tile tile_ justify-content-center\" style=\"background-color: #002E5A; font-weight: ; color: #ffffff;  \">\r\n                                \r\n                                   \r\n                               \r\n                                <div class=\"tile__name\">Edycja VII (2015)<\/div>\r\n                            <\/a>\r\n                            <a href=\"http:\/\/50.us.edu.pl\/wyroznieni-studenci-i-doktoranci\" class=\"tile tile_ justify-content-center\" style=\"background-color: #002E5A; font-weight: ; color: #ffffff;  \">\r\n                                \r\n                                   \r\n                               \r\n                                <div class=\"tile__name\">Edycja VI (2014)<\/div>\r\n                            <\/a>\r\n                            <a href=\"http:\/\/50.us.edu.pl\/wyroznieni-studenci-i-doktoranci\" class=\"tile tile_ justify-content-center\" style=\"background-color: #002E5A; font-weight: ; color: #ffffff;  \">\r\n                                \r\n                                   \r\n                               \r\n                                <div class=\"tile__name\">Edycja V (2013)<\/div>\r\n                            <\/a>\r\n                            <a href=\"http:\/\/50.us.edu.pl\/wyroznieni-studenci-i-doktoranci\" class=\"tile tile_ justify-content-center\" style=\"background-color: #002E5A; font-weight: ; color: #ffffff;  \">\r\n                                \r\n                                   \r\n                               \r\n                                <div class=\"tile__name\">Edycja IV (2012)<\/div>\r\n                            <\/a>\r\n                            <a href=\"http:\/\/50.us.edu.pl\/wyroznieni-studenci-i-doktoranci\" class=\"tile tile_ justify-content-center\" style=\"background-color: #002E5A; font-weight: ; color: #ffffff;  \">\r\n                                \r\n                                   \r\n                               \r\n                                <div class=\"tile__name\">Edycja III (2011)<\/div>\r\n                            <\/a>\r\n                            <a href=\"http:\/\/50.us.edu.pl\/wyroznieni-studenci-i-doktoranci\" class=\"tile tile_ justify-content-center\" style=\"background-color: #002E5A; font-weight: ; color: #ffffff;  \">\r\n                                \r\n                                   \r\n                               \r\n                                <div class=\"tile__name\">Edycja II (2010)<\/div>\r\n                            <\/a>\r\n                            <a href=\"http:\/\/50.us.edu.pl\/wyroznieni-studenci-i-doktoranci\" class=\"tile tile_ justify-content-center\" style=\"background-color: #002E5A; font-weight: ; color: #ffffff;  \">\r\n                                \r\n                                   \r\n                               \r\n                                <div class=\"tile__name\">Edycja I (2009)<\/div>\r\n                            <\/a><\/div>\r\n                    <\/div>\r\n                <\/div>[\/vc_column][\/vc_row]<\/p>","protected":false},"excerpt":{"rendered":"<p>[vc_row el_class=&#8221;container&#8221;][vc_column el_class=&#8221;container&#8221;][\/vc_column][\/vc_row] [&#8230;]<\/p>\n<p><a class=\"btn btn-secondary understrap-read-more-link\" href=\"https:\/\/us.edu.pl\/student\/dzialalnosc-studencka\/wyroznienia-jm-rektora-us\/fotoreportaze-z-poprzednich-edycji\/\">Read More&#8230;<\/a><\/p>\n","protected":false},"author":1,"featured_media":0,"parent":5514,"menu_order":0,"comment_status":"closed","ping_status":"closed","template":"","meta":{"_expiration-date-status":"","_expiration-date":0,"_expiration-date-type":"","_expiration-date-categories":[],"_expiration-date-options":[]},"acf":[],"_links":{"self":[{"href":"https:\/\/us.edu.pl\/student\/wp-json\/wp\/v2\/pages\/5733"}],"collection":[{"href":"https:\/\/us.edu.pl\/student\/wp-json\/wp\/v2\/pages"}],"about":[{"href":"https:\/\/us.edu.pl\/student\/wp-json\/wp\/v2\/types\/page"}],"author":[{"embeddable":true,"href":"https:\/\/us.edu.pl\/student\/wp-json\/wp\/v2\/users\/1"}],"replies":[{"embeddable":true,"href":"https:\/\/us.edu.pl\/student\/wp-json\/wp\/v2\/comments?post=5733"}],"version-history":[{"count":3,"href":"https:\/\/us.edu.pl\/student\/wp-json\/wp\/v2\/pages\/5733\/revisions"}],"predecessor-version":[{"id":51317,"href":"https:\/\/us.edu.pl\/student\/wp-json\/wp\/v2\/pages\/5733\/revisions\/51317"}],"up":[{"embeddable":true,"href":"https:\/\/us.edu.pl\/student\/wp-json\/wp\/v2\/pages\/5514"}],"wp:attachment":[{"href":"https:\/\/us.edu.pl\/student\/wp-json\/wp\/v2\/media?parent=5733"}],"curies":[{"name":"wp","href":"https:\/\/api.w.org\/{rel}","templated":true}]}}