{"id":57509,"date":"2025-08-07T13:11:39","date_gmt":"2025-08-07T11:11:39","guid":{"rendered":"https:\/\/us.edu.pl\/student\/?page_id=57509"},"modified":"2026-03-05T11:48:39","modified_gmt":"2026-03-05T10:48:39","slug":"bufety-przekaski","status":"publish","type":"page","link":"https:\/\/us.edu.pl\/student\/nowy-student\/nowy-student-pierwsze-kroki\/bufety-przekaski\/","title":{"rendered":"Bufety, przek\u0105ski"},"content":{"rendered":"<p>[vc_row][vc_column]\r\n                <div class=\"text-modules\">\r\n                    <div class=\"container\">\r\n                        <h3 class=\"page-title text__title\">Gdzie co\u015b zje\u015b\u0107?<\/h3>\r\n                        <div class=\"text-modules__content\"><p><span style=\"font-weight: 400;\">Studencki g\u0142\u00f3d wiedzy to jedno \u2013 ale jak wiadomo, najlepiej si\u0119 uczy z pe\u0142nym \u017co\u0142\u0105dkiem! Na naszej uczelni znajdziesz wiele miejsc, w kt\u00f3rych mo\u017cesz co\u015b przek\u0105si\u0107, napi\u0107 si\u0119 kawy lub po prostu chwil\u0119 odpocz\u0105\u0107. Poni\u017cej znajdziesz zestawienie bufet\u00f3w, bistro i maszyn vendingowych dost\u0119pnych w naszych budynkach, a tak\u017ce informacje o pomieszczeniach socjalnych, w kt\u00f3rych znajdziesz czajnik, mikrofal\u00f3wk\u0119 i miejsce do zjedzenia w\u0142asnego posi\u0142ku.<\/span><\/p>\n<p><span style=\"font-weight: 400;\">Na ka\u017cdym wydziale znajduj\u0105 si\u0119 r\u00f3wnie\u017c dystrybutory z wod\u0105 \u2013 zawsze warto mie\u0107 pod r\u0119k\u0105 bidon!<\/span><\/p>\n<\/div>\r\n                    <\/div>\r\n                <\/div>[\/vc_column][\/vc_row][vc_row el_class=&#8221;container&#8221;][vc_column width=&#8221;1\/3&#8243;]\r\n                <div class=\"text-modules\">\r\n                    <div class=\"container\">\r\n                        \r\n                        <div class=\"text-modules__content\"><\/p>\n<h4><strong>Bufety i bistro<\/strong><\/h4>\n<p><strong>Wydzia\u0142 Prawa i Administracji<br \/>\n<\/strong>Ul. Bankowa 12b \u2013 Bistro Ferwa <a href=\"https:\/\/www.facebook.com\/share\/17KFgkLdBV\/?mibextid=wwXIfr\">Facebook<\/a> i <a href=\"https:\/\/www.instagram.com\/bistroferwa?igsh=MTM2anI2enB6ZXlkNw==\">Instagram<\/a><\/p>\n<p><strong>Wydzia\u0142 Sztuki i Nauk o Edukacji, Cieszyn<\/strong><br \/>\nul. Bielska 66 \u2013 <a href=\"https:\/\/www.facebook.com\/stolowkanausiu\/mentions\/\">Sto\u0142\u00f3wka na Usiu<\/a><\/p>\n<p><strong>Wydzia\u0142 Humanistyczny<\/strong><br \/>\nul. Uniwersytecka 4, Katowice \u2013 <a href=\"https:\/\/www.facebook.com\/FamilaCatering\/?locale=pl_PL\">Bistro \u201eFamila\u201d<\/a><br \/>\nul. Grota Roweckiego 5, Sosnowiec \u2013 <a href=\"https:\/\/www.facebook.com\/p\/Coffilo-Bistro-100088372894798\/\">Bistro \u201eCoffilo\u201d<\/a><\/p>\n<p><strong>Wydzia\u0142 Nauk \u015acis\u0142ych i Technicznych<\/strong><br \/>\nul. Bankowa 14, Katowice \u2013 <a href=\"https:\/\/www.facebook.com\/FamilaCatering\/?locale=pl_PL\">Bistro \u201eFamila\u201d<\/a><br \/>\nul. 75 Pu\u0142ku Piechoty 1A, Chorz\u00f3w \u2013 Bistro \u201eZe smakiem\u201d<\/p>\n<p><strong>Wydzia\u0142 Nauk Spo\u0142ecznych, Katowice<\/strong><br \/>\nul. Bankowa 11 \u2013 <a href=\"https:\/\/www.facebook.com\/FamilaCatering\/?locale=pl_PL\">Bistro \u201eFamila\u201d<\/a><br \/>\nul. Gra\u017cy\u0144skiego 53 \u2013 <a href=\"https:\/\/www.facebook.com\/LimonkaBistro\/?locale=pl_PL\">Bistro \u201eLimonka\u201d<\/a><\/p>\n<p><strong>Centrum Informacji Naukowej i Biblioteka Akademicka (CINiBA), Katowice<\/strong><br \/>\nul. Bankowa 11a \u2013 <a href=\"https:\/\/www.instagram.com\/coffeebook.katowice?igshid=YmMyMTA2M2Y%3D\">Coffee Book Bufet<\/a><\/p>\n<p><strong>Wydzia\u0142 Nauk Przyrodniczych, Sosnowiec<\/strong><br \/>\nul. B\u0119dzi\u0144ska 60 \u2013 <a href=\"https:\/\/www.facebook.com\/p\/Bistro-Kulturka-61567925066549\/?locale=pl_PL\">Bistro \u201eKulturka\u201d<\/a><\/p>\n<p><strong>Osiedle Akademickie \u2013 Katowice, Ligota<\/strong><br \/>\nul. \u015al\u0105ska 69 \u2013 <a href=\"https:\/\/panorama-klub.pl\/\">Restauracja Panorama<\/a><br \/>\nul. Studencka 16 \u2013 <a href=\"https:\/\/www.facebook.com\/strachol\/?locale=pl_PL\">Klub Studencki Strachol<\/a><\/p>\n<\/div>\r\n                    <\/div>\r\n                <\/div>[\/vc_column][vc_column width=&#8221;1\/3&#8243;]\r\n                <div class=\"text-modules\">\r\n                    <div class=\"container\">\r\n                        \r\n                        <div class=\"text-modules__content\"><\/p>\n<h4><b>Maszyny vendingowe<\/b><\/h4>\n<p><strong>Wydzia\u0142 Sztuki i Nauk o Edukacji, Cieszyn<\/strong><br \/>\nul. Bielska 62<br \/>\nul. Paderewskiego 9<br \/>\nul. Niemcewicza 2<br \/>\nul. Niemcewicza 6<br \/>\nul. Niemcewicza 8<\/p>\n<p><strong>Rektorat, Katowice<\/strong><br \/>\nul. Bankowa 12<\/p>\n<p><strong>Wydzia\u0142 Humanistyczny<\/strong><br \/>\nul. Uniwersytecka 4, Katowice<br \/>\nul. Grota Roweckiego 5, Sosnowiec<\/p>\n<p><strong>Wydzia\u0142 Nauk \u015acis\u0142ych i Technicznych<\/strong><br \/>\nul. Bankowa 14, Katowice<br \/>\nul. B\u0119dzi\u0144ska 39, Sosnowiec<br \/>\nul. 75 Pu\u0142ku Piechoty 1A, Chorz\u00f3w<\/p>\n<p><strong>Wydzia\u0142 Nauk Przyrodniczych<\/strong><br \/>\nul. Bankowa 9, Katowice<br \/>\nul. Jagiello\u0144ska 26\u201328, Katowice<br \/>\nul. B\u0119dzi\u0144ska 60, Sosnowiec<\/p>\n<\/div>\r\n                    <\/div>\r\n                <\/div>[\/vc_column][vc_column width=&#8221;1\/3&#8243;]\r\n                <div class=\"text-modules\">\r\n                    <div class=\"container\">\r\n                        \r\n                        <div class=\"text-modules__content\"><p><strong>Wydzia\u0142 Nauk Spo\u0142ecznych, Katowice<\/strong><br \/>\nul. Bankowa 11<br \/>\nul. Gra\u017cy\u0144skiego 53<\/p>\n<p><strong>Wydzia\u0142 Prawa i Administracji, Katowice<\/strong><br \/>\nul. Bankowa 11B<\/p>\n<p><strong>Szko\u0142a Filmowa im. Krzysztofa Kie\u015blowskiego, Katowice<\/strong><br \/>\nul. Paw\u0142a 3<\/p>\n<p><strong>Osiedle Akademickie \u2013 Katowice, Ligota<\/strong><br \/>\nul. Studencka 15<br \/>\nul. Studencka 16<br \/>\nul. Studencka 17<\/p>\n<\/div>\r\n                    <\/div>\r\n                <\/div>[\/vc_column][\/vc_row][vc_row][vc_column]\r\n                <div class=\"text-modules\">\r\n                    <div class=\"container\">\r\n                        \r\n                        <div class=\"text-modules__content\"><\/p>\n<h3><b>Strefy Aktywno\u015bci Studenckiej<\/b><\/h3>\n<p>Na wi\u0119kszo\u015bci wydzia\u0142\u00f3w znajduj\u0105 si\u0119 Strefy Aktywno\u015bci Studenckiej \u2013 znajdziesz w nich czajnik, mikrofal\u00f3wk\u0119 i stolik, przy kt\u00f3rym mo\u017cesz spokojnie zje\u015b\u0107. To idealne miejsce, by przygotowa\u0107 herbat\u0119, podgrza\u0107 obiad albo po prostu na chwil\u0119 si\u0119 zresetowa\u0107.<\/p>\n<h3><b>Pobliskie lokale gastronomiczne<\/b><\/h3>\n<p><span style=\"font-weight: 400;\">W wielu kampusach uczelni znajdziesz r\u00f3wnie\u017c pobliskie piekarnie, bary, restauracje i sklepy spo\u017cywcze. Warto podpyta\u0107 starszych student\u00f3w o sprawdzone miejsc\u00f3wki \u2013 oni znaj\u0105 najlepsze pierogi, kebaby i kanapki w okolicy.\u00a0<\/span><\/p>\n<p><span style=\"font-weight: 400;\">Je\u015bli znasz fajne miejsce, kt\u00f3re warto doda\u0107 do tej listy \u2013 napisz do nas na dlastudenta@us.edu.pl. Wsp\u00f3lnie mo\u017cemy stworzy\u0107 najsmaczniejsz\u0105 map\u0119 U\u015a!<\/span><\/p>\n<\/div>\r\n                    <\/div>\r\n                <\/div>[\/vc_column][\/vc_row]<\/p>","protected":false},"excerpt":{"rendered":"<p>[vc_row][vc_column][\/vc_column][\/vc_row][vc_row el_class=&#8221;container&#8221;][vc_column width=&#8221;1\/3&#8243;][\/vc_column][vc_column width=&#8221;1\/3&#8243;][\/vc_column][vc_column width=&#8221;1\/3&#8243;][\/vc_column][\/vc_row][vc_row][vc_column][\/vc_column][\/vc_row] [&#8230;]<\/p>\n<p><a class=\"btn btn-secondary understrap-read-more-link\" href=\"https:\/\/us.edu.pl\/student\/nowy-student\/nowy-student-pierwsze-kroki\/bufety-przekaski\/\">Read More&#8230;<\/a><\/p>\n","protected":false},"author":28,"featured_media":0,"parent":4377,"menu_order":0,"comment_status":"closed","ping_status":"closed","template":"","meta":{"_expiration-date-status":"","_expiration-date":0,"_expiration-date-type":"","_expiration-date-categories":[],"_expiration-date-options":[]},"acf":[],"_links":{"self":[{"href":"https:\/\/us.edu.pl\/student\/wp-json\/wp\/v2\/pages\/57509"}],"collection":[{"href":"https:\/\/us.edu.pl\/student\/wp-json\/wp\/v2\/pages"}],"about":[{"href":"https:\/\/us.edu.pl\/student\/wp-json\/wp\/v2\/types\/page"}],"author":[{"embeddable":true,"href":"https:\/\/us.edu.pl\/student\/wp-json\/wp\/v2\/users\/28"}],"replies":[{"embeddable":true,"href":"https:\/\/us.edu.pl\/student\/wp-json\/wp\/v2\/comments?post=57509"}],"version-history":[{"count":10,"href":"https:\/\/us.edu.pl\/student\/wp-json\/wp\/v2\/pages\/57509\/revisions"}],"predecessor-version":[{"id":60868,"href":"https:\/\/us.edu.pl\/student\/wp-json\/wp\/v2\/pages\/57509\/revisions\/60868"}],"up":[{"embeddable":true,"href":"https:\/\/us.edu.pl\/student\/wp-json\/wp\/v2\/pages\/4377"}],"wp:attachment":[{"href":"https:\/\/us.edu.pl\/student\/wp-json\/wp\/v2\/media?parent=57509"}],"curies":[{"name":"wp","href":"https:\/\/api.w.org\/{rel}","templated":true}]}}