{"id":57653,"date":"2025-08-07T14:18:41","date_gmt":"2025-08-07T12:18:41","guid":{"rendered":"https:\/\/us.edu.pl\/student\/?page_id=57653"},"modified":"2025-08-08T14:34:10","modified_gmt":"2025-08-08T12:34:10","slug":"korzystaj-z-uczelnianych-grafik-i-prezentacji","status":"publish","type":"page","link":"https:\/\/us.edu.pl\/student\/nowy-student\/nowy-student-pierwsze-kroki\/korzystaj-z-uczelnianych-grafik-i-prezentacji\/","title":{"rendered":"Korzystaj z uczelnianych grafik i prezentacji"},"content":{"rendered":"<p>[vc_row el_class=&#8221;container&#8221;][vc_column width=&#8221;2\/3&#8243;]\r\n                <div class=\"text-modules\">\r\n                    <div class=\"container\">\r\n                        <h3 class=\"page-title text__title\">Korzystaj z uczelnianych grafik i prezentacji<\/h3>\r\n                        <div class=\"text-modules__content\"><p><span style=\"font-weight: 400;\">Jako student U\u015a mo\u017cesz korzysta\u0107 z systemu identyfikacji wizualnej (SIW) w wielu sytuacjach \u2013 np.:<\/span><\/p>\n<ul>\n<li style=\"font-weight: 400;\" aria-level=\"1\"><b>gdy organizujesz wydarzenia<\/b><span style=\"font-weight: 400;\"> \u2013 takie jak konferencje czy warsztaty, kiedy chcesz podkre\u015bli\u0107 oficjalny charakter spotkania;<\/span><\/li>\n<li style=\"font-weight: 400;\" aria-level=\"1\"><b>kiedy tworzysz materia\u0142y promocyjne<\/b><span style=\"font-weight: 400;\"> \u2013 np. plakaty, ulotki, postery czy inne materia\u0142y zwi\u0105zane z uczelni\u0105 lub wydzia\u0142em;<\/span><\/li>\n<li style=\"font-weight: 400;\" aria-level=\"1\"><b>przy pracach dyplomowych<\/b><span style=\"font-weight: 400;\"> \u2013 gdy umieszczasz na stronie tytu\u0142owej logo i inne elementy zgodne z wytycznymi U\u015a;<\/span><\/li>\n<li style=\"font-weight: 400;\" aria-level=\"1\"><b>w oficjalnej komunikacji<\/b><span style=\"font-weight: 400;\"> \u2013 przy oficjalnych pismach, kt\u00f3re wymagaj\u0105 profesjonalnego i sp\u00f3jnego wygl\u0105du.<\/span><\/li>\n<\/ul>\n<p><span style=\"font-weight: 400;\">Pliki do pobrania znajduj\u0105 si\u0119 na stronie dot. <a href=\"https:\/\/us.edu.pl\/uczelnia\/system-identyfikacji-wizualnej\/\">systemu identyfikacji wizualnej<\/a>.<\/span><\/p>\n<p><span style=\"font-weight: 400;\">Cz\u0119\u015b\u0107 materia\u0142\u00f3w dost\u0119pnych jest wy\u0142\u0105cznie dla wsp\u00f3lnoty Uniwersytetu \u015al\u0105skiego po zalogowaniu w systemie <a href=\"https:\/\/usosweb.us.edu.pl\/\">USOSweb<\/a>.<\/span><\/p>\n<p><span style=\"font-weight: 400;\">Pami\u0119taj! Je\u015bli masz w\u0105tpliwo\u015bci, mo\u017cesz poprosi\u0107 o pomoc Centrum Promocji U\u015a, kontaktuj\u0105c si\u0119 poprzez adres: promocja@us.edu.pl.<\/span><\/p>\n<\/div>\r\n                    <\/div>\r\n                <\/div>[\/vc_column][vc_column width=&#8221;1\/3&#8243;][vc_empty_space][vc_empty_space]\r\n                <div class=\"text-modules\">\r\n                    <div class=\"container\">\r\n                        \r\n                        <div class=\"text-modules__content\"><p><img class=\"alignnone wp-image-57657\" src=\"https:\/\/us.edu.pl\/student\/wp-content\/uploads\/sites\/3\/2025\/08\/uniwersytet-slaski_logo_na_osi_rgb-300x209.png\" alt=\"logotyp Uniwersytetu \u015al\u0105skiego w Katowicach\" width=\"297\" height=\"207\" srcset=\"https:\/\/us.edu.pl\/student\/wp-content\/uploads\/sites\/3\/2025\/08\/uniwersytet-slaski_logo_na_osi_rgb-300x209.png 300w, https:\/\/us.edu.pl\/student\/wp-content\/uploads\/sites\/3\/2025\/08\/uniwersytet-slaski_logo_na_osi_rgb-1024x715.png 1024w, https:\/\/us.edu.pl\/student\/wp-content\/uploads\/sites\/3\/2025\/08\/uniwersytet-slaski_logo_na_osi_rgb-768x536.png 768w, https:\/\/us.edu.pl\/student\/wp-content\/uploads\/sites\/3\/2025\/08\/uniwersytet-slaski_logo_na_osi_rgb-575x402.png 575w, https:\/\/us.edu.pl\/student\/wp-content\/uploads\/sites\/3\/2025\/08\/uniwersytet-slaski_logo_na_osi_rgb.png 1180w\" sizes=\"(max-width: 297px) 100vw, 297px\" \/><\/p>\n<\/div>\r\n                    <\/div>\r\n                <\/div>[\/vc_column][\/vc_row]<\/p>","protected":false},"excerpt":{"rendered":"<p>[vc_row el_class=&#8221;container&#8221;][vc_column width=&#8221;2\/3&#8243;][\/vc_column][vc_column width=&#8221;1\/3&#8243;][vc_empty_space][vc_empty_space][\/vc_column][\/vc_row] [&#8230;]<\/p>\n<p><a class=\"btn btn-secondary understrap-read-more-link\" href=\"https:\/\/us.edu.pl\/student\/nowy-student\/nowy-student-pierwsze-kroki\/korzystaj-z-uczelnianych-grafik-i-prezentacji\/\">Read More&#8230;<\/a><\/p>\n","protected":false},"author":28,"featured_media":0,"parent":4377,"menu_order":0,"comment_status":"closed","ping_status":"closed","template":"","meta":{"_expiration-date-status":"","_expiration-date":0,"_expiration-date-type":"","_expiration-date-categories":[],"_expiration-date-options":[]},"acf":[],"_links":{"self":[{"href":"https:\/\/us.edu.pl\/student\/wp-json\/wp\/v2\/pages\/57653"}],"collection":[{"href":"https:\/\/us.edu.pl\/student\/wp-json\/wp\/v2\/pages"}],"about":[{"href":"https:\/\/us.edu.pl\/student\/wp-json\/wp\/v2\/types\/page"}],"author":[{"embeddable":true,"href":"https:\/\/us.edu.pl\/student\/wp-json\/wp\/v2\/users\/28"}],"replies":[{"embeddable":true,"href":"https:\/\/us.edu.pl\/student\/wp-json\/wp\/v2\/comments?post=57653"}],"version-history":[{"count":7,"href":"https:\/\/us.edu.pl\/student\/wp-json\/wp\/v2\/pages\/57653\/revisions"}],"predecessor-version":[{"id":58199,"href":"https:\/\/us.edu.pl\/student\/wp-json\/wp\/v2\/pages\/57653\/revisions\/58199"}],"up":[{"embeddable":true,"href":"https:\/\/us.edu.pl\/student\/wp-json\/wp\/v2\/pages\/4377"}],"wp:attachment":[{"href":"https:\/\/us.edu.pl\/student\/wp-json\/wp\/v2\/media?parent=57653"}],"curies":[{"name":"wp","href":"https:\/\/api.w.org\/{rel}","templated":true}]}}