{"id":57717,"date":"2025-08-07T15:09:07","date_gmt":"2025-08-07T13:09:07","guid":{"rendered":"https:\/\/us.edu.pl\/student\/?page_id=57717"},"modified":"2025-08-08T15:46:40","modified_gmt":"2025-08-08T13:46:40","slug":"poznaj-swoj-wydzial","status":"publish","type":"page","link":"https:\/\/us.edu.pl\/student\/nowy-student\/nowy-student-pierwsze-kroki\/poznaj-swoj-wydzial\/","title":{"rendered":"Poznaj sw\u00f3j Wydzia\u0142"},"content":{"rendered":"<p>[vc_row el_class=&#8221;container&#8221;][vc_column width=&#8221;1\/2&#8243;]\r\n                <div class=\"text-modules\">\r\n                    <div class=\"container\">\r\n                        <h3 class=\"page-title text__title\">Poznaj sw\u00f3j wydzia\u0142<\/h3>\r\n                        <div class=\"text-modules__content\"><\/p>\n<h4><span style=\"font-weight: 400;\">Wycieczka po wydzia\u0142ach Uniwersytetu \u015al\u0105skiego<\/span><\/h4>\n<p><span style=\"font-weight: 400;\">Nie znasz jeszcze swojego kampusu? A mo\u017ce chcesz lepiej zorientowa\u0107 si\u0119 w przestrzeni wydzia\u0142owej? Skorzystaj z interaktywnej wycieczki i sprawd\u017a, jak wygl\u0105da Tw\u00f3j wydzia\u0142 od kuchni!<\/span><\/p>\n<\/div>\r\n                    <\/div>\r\n                <\/div>[vc_btn title=&#8221;Poznaj sw\u00f3j wydzia\u0142&#8221; style=&#8221;custom&#8221; custom_background=&#8221;#002e5a&#8221; custom_text=&#8221;#ffffff&#8221; size=&#8221;lg&#8221; align=&#8221;center&#8221; button_block=&#8221;true&#8221; link=&#8221;url:https%3A%2F%2Fus.edu.pl%2Fstudent%2Fnowy-student%2Fnowy-student-pierwsze-kroki%2Fpoznaj-swoj-wydzial%2Fpoznaj-swoj-wydzial%2F&#8221;][\/vc_column][vc_column width=&#8221;1\/2&#8243;]\r\n                <div class=\"text-modules\">\r\n                    <div class=\"container\">\r\n                        \r\n                        <div class=\"text-modules__content\"><p><img class=\"alignnone wp-image-57117 size-large\" src=\"https:\/\/us.edu.pl\/student\/wp-content\/uploads\/sites\/3\/Bez-kategorii\/fot.-Tomasz-Kielkowski-89-1024x683.jpg\" alt=\"Budynek U\u015a\" width=\"640\" height=\"427\" srcset=\"https:\/\/us.edu.pl\/student\/wp-content\/uploads\/sites\/3\/Bez-kategorii\/fot.-Tomasz-Kielkowski-89-1024x683.jpg 1024w, https:\/\/us.edu.pl\/student\/wp-content\/uploads\/sites\/3\/Bez-kategorii\/fot.-Tomasz-Kielkowski-89-300x200.jpg 300w, https:\/\/us.edu.pl\/student\/wp-content\/uploads\/sites\/3\/Bez-kategorii\/fot.-Tomasz-Kielkowski-89-768x512.jpg 768w, https:\/\/us.edu.pl\/student\/wp-content\/uploads\/sites\/3\/Bez-kategorii\/fot.-Tomasz-Kielkowski-89-1536x1024.jpg 1536w, https:\/\/us.edu.pl\/student\/wp-content\/uploads\/sites\/3\/Bez-kategorii\/fot.-Tomasz-Kielkowski-89-2048x1365.jpg 2048w, https:\/\/us.edu.pl\/student\/wp-content\/uploads\/sites\/3\/Bez-kategorii\/fot.-Tomasz-Kielkowski-89-575x383.jpg 575w\" sizes=\"(max-width: 640px) 100vw, 640px\" \/><\/p>\n<\/div>\r\n                    <\/div>\r\n                <\/div>[\/vc_column][\/vc_row][vc_row el_class=&#8221;container&#8221;][vc_column width=&#8221;1\/2&#8243;]\r\n                <div class=\"text-modules\">\r\n                    <div class=\"container\">\r\n                        \r\n                        <div class=\"text-modules__content\"><p><img class=\"alignnone wp-image-57861 size-full\" src=\"https:\/\/us.edu.pl\/student\/wp-content\/uploads\/sites\/3\/Bez-kategorii\/fot.-Szymon-Nawrat-Katowice-249.jpg\" alt=\"studenci stoj\u0105cy na korytarzu\" width=\"100%\" height=\"auto\" srcset=\"https:\/\/us.edu.pl\/student\/wp-content\/uploads\/sites\/3\/Bez-kategorii\/fot.-Szymon-Nawrat-Katowice-249.jpg 800w, https:\/\/us.edu.pl\/student\/wp-content\/uploads\/sites\/3\/Bez-kategorii\/fot.-Szymon-Nawrat-Katowice-249-300x200.jpg 300w, https:\/\/us.edu.pl\/student\/wp-content\/uploads\/sites\/3\/Bez-kategorii\/fot.-Szymon-Nawrat-Katowice-249-768x512.jpg 768w, https:\/\/us.edu.pl\/student\/wp-content\/uploads\/sites\/3\/Bez-kategorii\/fot.-Szymon-Nawrat-Katowice-249-575x383.jpg 575w\" sizes=\"(max-width: 800px) 100vw, 800px\" \/><\/p>\n<\/div>\r\n                    <\/div>\r\n                <\/div>[\/vc_column][vc_column width=&#8221;1\/2&#8243;]\r\n                <div class=\"text-modules\">\r\n                    <div class=\"container\">\r\n                        \r\n                        <div class=\"text-modules__content\"><\/p>\n<h4><span style=\"font-weight: 400;\">Wirtualny Uniwersytet \u2013 wyszukiwarka os\u00f3b i pomieszcze\u0144<\/span><\/h4>\n<p><span style=\"font-weight: 400;\">Strona umo\u017cliwia sprawne dotarcie do informacji o lokalizacji pracownik\u00f3w i pomieszcze\u0144 \u2013 jest to przydatne zw\u0142aszcza w pierwszych dniach na uczelni lub przy pierwszych odwiedzinach dziekanatu.\u00a0<\/span><\/p>\n<p><span style=\"font-weight: 400;\">Szukasz konkretnej osoby lub sali? Wirtualny system wy\u015bwietli odpowiednie lokalizacje w ramach Twojego wydzia\u0142u.<\/span><\/p>\n<\/div>\r\n                    <\/div>\r\n                <\/div>[vc_btn title=&#8221;Wirtualny Uniwersytet&#8221; style=&#8221;custom&#8221; custom_background=&#8221;#002e5a&#8221; custom_text=&#8221;#ffffff&#8221; size=&#8221;lg&#8221; align=&#8221;center&#8221; button_block=&#8221;true&#8221; link=&#8221;url:https%3A%2F%2Fwirtualny-uniwersytet.us.edu.pl%2F&#8221;][\/vc_column][\/vc_row]<\/p>","protected":false},"excerpt":{"rendered":"<p>[vc_row el_class=&#8221;container&#8221;][vc_column width=&#8221;1\/2&#8243;][vc_btn title=&#8221;Poznaj sw\u00f3j wydzia\u0142&#8221; style=&#8221;custom&#8221; custom_background=&#8221;#002e5a&#8221; custom_text=&#8221;#ffffff&#8221; size=&#8221;lg&#8221; align=&#8221;center&#8221; button_block=&#8221;true&#8221; link=&#8221;url:https%3A%2F%2Fus.edu.pl%2Fstudent%2Fnowy-student%2Fnowy-student-pierwsze-kroki%2Fpoznaj-swoj-wydzial%2Fpoznaj-swoj-wydzial%2F&#8221;][\/vc_column][vc_column width=&#8221;1\/2&#8243;][\/vc_column][\/vc_row][vc_row el_class=&#8221;container&#8221;][vc_column width=&#8221;1\/2&#8243;][\/vc_column][vc_column width=&#8221;1\/2&#8243;][vc_btn title=&#8221;Wirtualny Uniwersytet&#8221; style=&#8221;custom&#8221; custom_background=&#8221;#002e5a&#8221; custom_text=&#8221;#ffffff&#8221; size=&#8221;lg&#8221; align=&#8221;center&#8221; button_block=&#8221;true&#8221; link=&#8221;url:https%3A%2F%2Fwirtualny-uniwersytet.us.edu.pl%2F&#8221;][\/vc_column][\/vc_row] [&#8230;]<\/p>\n<p><a class=\"btn btn-secondary understrap-read-more-link\" href=\"https:\/\/us.edu.pl\/student\/nowy-student\/nowy-student-pierwsze-kroki\/poznaj-swoj-wydzial\/\">Read More&#8230;<\/a><\/p>\n","protected":false},"author":28,"featured_media":0,"parent":4377,"menu_order":0,"comment_status":"closed","ping_status":"closed","template":"","meta":{"_expiration-date-status":"","_expiration-date":0,"_expiration-date-type":"","_expiration-date-categories":[],"_expiration-date-options":[]},"acf":[],"_links":{"self":[{"href":"https:\/\/us.edu.pl\/student\/wp-json\/wp\/v2\/pages\/57717"}],"collection":[{"href":"https:\/\/us.edu.pl\/student\/wp-json\/wp\/v2\/pages"}],"about":[{"href":"https:\/\/us.edu.pl\/student\/wp-json\/wp\/v2\/types\/page"}],"author":[{"embeddable":true,"href":"https:\/\/us.edu.pl\/student\/wp-json\/wp\/v2\/users\/28"}],"replies":[{"embeddable":true,"href":"https:\/\/us.edu.pl\/student\/wp-json\/wp\/v2\/comments?post=57717"}],"version-history":[{"count":5,"href":"https:\/\/us.edu.pl\/student\/wp-json\/wp\/v2\/pages\/57717\/revisions"}],"predecessor-version":[{"id":58208,"href":"https:\/\/us.edu.pl\/student\/wp-json\/wp\/v2\/pages\/57717\/revisions\/58208"}],"up":[{"embeddable":true,"href":"https:\/\/us.edu.pl\/student\/wp-json\/wp\/v2\/pages\/4377"}],"wp:attachment":[{"href":"https:\/\/us.edu.pl\/student\/wp-json\/wp\/v2\/media?parent=57717"}],"curies":[{"name":"wp","href":"https:\/\/api.w.org\/{rel}","templated":true}]}}