{"id":5790,"date":"2019-10-08T15:57:25","date_gmt":"2019-10-08T13:57:25","guid":{"rendered":"https:\/\/us.edu.pl\/student\/?page_id=5790"},"modified":"2020-03-11T13:35:46","modified_gmt":"2020-03-11T12:35:46","slug":"barbara-barzycka","status":"publish","type":"page","link":"https:\/\/us.edu.pl\/student\/dzialalnosc-studencka\/wyroznienia-jm-rektora-us\/laureaci-poprzednich-edycji\/laureaci-2019\/doktoranci\/barbara-barzycka\/","title":{"rendered":"Barbara Barzycka"},"content":{"rendered":"<p>[vc_row el_class=&#8221;container&#8221;][vc_column el_class=&#8221;container&#8221;]\r\n                <div class=\"text-modules reverse\">\r\n                    <div class=\"container\">\r\n                        <h3 class=\"section-title section-title_border-bottom\">Barbara Barzycka<\/h3> \r\n                        <div class=\"row m-0\">\r\n                            <div class=\"text-modules__content\">\r\n                                <\/p>\n<p class=\"rtejustify\">Doktorantka IV roku geografii na Wydziale Nauk o Ziemi U\u015a. Cz\u0142onkini w International Arctic Science Committee \u2013 Fellow 2019 oraz Zespo\u0142u ds. wsp\u00f3\u0142pracy z IASC przy Komitecie Bada\u0144 Polarnych Polskiej Akademii Nauk. Autorka publikacji naukowych w wysoko punktowanych czasopismach z cz\u0119\u015bci A wykazu czasopism naukowych MNiSW oraz wsp\u00f3\u0142autorka rozdzia\u0142u ksi\u0105\u017cki \u201eGIS i dane przestrzenne w ocenach oddzia\u0142ywania na \u015brodowisko \u2013 podr\u0119cznik dobrych praktyk\u201d. Uczestniczy\u0142a w trzech ekspedycjach naukowych na Svalbard i jednej na Islandi\u0119. Prezentowa\u0142a referaty na mi\u0119dzynarodowych konferencjach naukowych. Uko\u0144czy\u0142a presti\u017cowe kursy 4th ESA Advanced Course on Radar Polarimetry (Europejska Agencja Kosmiczna) oraz kurs glacjologiczny (the University Centre in Svalbard) a tak\u017ce uzyska\u0142a \u015bwiadectwo kwalifikacji UAVO VLOS. Wsp\u00f3\u0142pracowa\u0142a z naukowcami z zagranicznych o\u015brodk\u00f3w, w tym: The University of Oslo, The University of Iceland, The University of Maine oraz The University Centre in Svalbard. Odby\u0142a sta\u017c we Wsp\u00f3lnym Centrum Badawczym Komisji Europejskiej (marzec \u2013 lipiec 2013; Ispra, W\u0142ochy). Promuje dzia\u0142alno\u015b\u0107 Centrum Studi\u00f3w Polarnych poprzez tworzenie lub pomoc przy tworzeniu klip\u00f3w promocyjnych ukazuj\u0105cych dzia\u0142alno\u015b\u0107 naukow\u0105 zespo\u0142u Uniwersytetu \u015al\u0105skiego na Svalbardzie.<\/p>\n<p class=\"rtejustify\">Zainteresowania i pasje: podr\u00f3\u017ce, trekking g\u00f3rski, literatura, kulinaria.<\/p>\n<p class=\"rtejustify\"><span style=\"font-size: 10pt\">Powy\u017csze informacje nie obejmuj\u0105 ca\u0142ej dzia\u0142alno\u015bci danej osoby i zosta\u0142y opublikowane w ramach konkursu JM Rektora Uniwersytetu \u015al\u0105skiego. Dane pochodz\u0105 z czerwca 2019 r.<\/span><\/p>\n<div class=\"mt-3\"><\/div>\r\n                            <\/div>\r\n                            \r\n                            <div class=\"text-modules__img\"><img src=\"https:\/\/us.edu.pl\/student\/wp-content\/uploads\/sites\/3\/Nieprzypisane\/barzycka_barbara_1_0-1-e1642505948126.jpg\" alt=\"img\"><\/div>\r\n                        <\/div>\r\n                    <\/div>\r\n                <\/div>[myprefix_functional_icons print_icon=&#8221;yes&#8221;][\/vc_column][\/vc_row]<\/p>","protected":false},"excerpt":{"rendered":"<p>[vc_row el_class=&#8221;container&#8221;][vc_column el_class=&#8221;container&#8221;][myprefix_functional_icons print_icon=&#8221;yes&#8221;][\/vc_column][\/vc_row] [&#8230;]<\/p>\n<p><a class=\"btn btn-secondary understrap-read-more-link\" href=\"https:\/\/us.edu.pl\/student\/dzialalnosc-studencka\/wyroznienia-jm-rektora-us\/laureaci-poprzednich-edycji\/laureaci-2019\/doktoranci\/barbara-barzycka\/\">Read More&#8230;<\/a><\/p>\n","protected":false},"author":1,"featured_media":5791,"parent":19685,"menu_order":0,"comment_status":"closed","ping_status":"closed","template":"","meta":{"_expiration-date-status":"saved","_expiration-date":0,"_expiration-date-type":"","_expiration-date-categories":[],"_expiration-date-options":[]},"acf":[],"_links":{"self":[{"href":"https:\/\/us.edu.pl\/student\/wp-json\/wp\/v2\/pages\/5790"}],"collection":[{"href":"https:\/\/us.edu.pl\/student\/wp-json\/wp\/v2\/pages"}],"about":[{"href":"https:\/\/us.edu.pl\/student\/wp-json\/wp\/v2\/types\/page"}],"author":[{"embeddable":true,"href":"https:\/\/us.edu.pl\/student\/wp-json\/wp\/v2\/users\/1"}],"replies":[{"embeddable":true,"href":"https:\/\/us.edu.pl\/student\/wp-json\/wp\/v2\/comments?post=5790"}],"version-history":[{"count":0,"href":"https:\/\/us.edu.pl\/student\/wp-json\/wp\/v2\/pages\/5790\/revisions"}],"up":[{"embeddable":true,"href":"https:\/\/us.edu.pl\/student\/wp-json\/wp\/v2\/pages\/19685"}],"wp:featuredmedia":[{"embeddable":true,"href":"https:\/\/us.edu.pl\/student\/wp-json\/wp\/v2\/media\/5791"}],"wp:attachment":[{"href":"https:\/\/us.edu.pl\/student\/wp-json\/wp\/v2\/media?parent=5790"}],"curies":[{"name":"wp","href":"https:\/\/api.w.org\/{rel}","templated":true}]}}