{"id":5794,"date":"2019-10-08T15:59:41","date_gmt":"2019-10-08T13:59:41","guid":{"rendered":"https:\/\/us.edu.pl\/student\/?page_id=5794"},"modified":"2020-03-11T13:35:50","modified_gmt":"2020-03-11T12:35:50","slug":"karolina-bujak","status":"publish","type":"page","link":"https:\/\/us.edu.pl\/student\/dzialalnosc-studencka\/wyroznienia-jm-rektora-us\/laureaci-poprzednich-edycji\/laureaci-2019\/doktoranci\/karolina-bujak\/","title":{"rendered":"Karolina Bujak"},"content":{"rendered":"<p>[vc_row el_class=&#8221;container&#8221;][vc_column el_class=&#8221;container&#8221;]\r\n                <div class=\"text-modules reverse\">\r\n                    <div class=\"container\">\r\n                        <h3 class=\"section-title section-title_border-bottom\">Karolina Bujak<\/h3> \r\n                        <div class=\"row m-0\">\r\n                            <div class=\"text-modules__content\">\r\n                                <\/p>\n<p class=\"rtejustify\">Doktorantka II roku chemii na Wydziale Matematyki, Fizyki i Chemii U\u015a. W swoim dorobku naukowym posiada 6 artyku\u0142\u00f3w naukowych publikowanych w uznanych mi\u0119dzynarodowych czasopismach naukowych. Wyniki swoich bada\u0144 prezentowa\u0142a na konferencjach naukowych og\u00f3lnopolskich oraz mi\u0119dzynarodowych. Wsp\u00f3\u0142organizator, pomys\u0142odawca i wykonawca pokaz\u00f3w chemicznych podczas XII i XIII edycji \u015awi\u0119ta Liczby Pi. Bra\u0142a czynny udzia\u0142 w dw\u00f3ch edycjach Og\u00f3lnopolskiego Konkursu Chemicznego. Za swoje najwi\u0119ksze osi\u0105gni\u0119cie uwa\u017ca otrzymanie nowego funkcjonalizowanego w \u0142a\u0144cuchu g\u0142\u00f3wnym azopoliimidu (w postaci wolnej folii) o w\u0142a\u015bciwo\u015bciach aplikacyjnych: jako inteligentna membrana do kontrolowanego \u015bwiat\u0142em przepuszczania gaz\u00f3w.<\/p>\n<p class=\"rtejustify\">Wolny czas po\u015bwi\u0119ca na aktywny wypoczynek: w\u0119dr\u00f3wka g\u00f3rska, squash oraz spinning. Jej celem jest zdobycie wi\u0119kszo\u015bci szczyt\u00f3w Tatr Polskich i S\u0142owackich, a pasj\u0105 cukiernictwo.<\/p>\n<p class=\"rtejustify\"><span style=\"font-size: 10pt\">Powy\u017csze informacje nie obejmuj\u0105 ca\u0142ej dzia\u0142alno\u015bci danej osoby i zosta\u0142y opublikowane w ramach konkursu JM Rektora Uniwersytetu \u015al\u0105skiego. Dane pochodz\u0105 z czerwca 2019 r.<\/span><\/p>\n<div class=\"mt-3\"><\/div>\r\n                            <\/div>\r\n                            \r\n                            <div class=\"text-modules__img\"><img src=\"https:\/\/us.edu.pl\/student\/wp-content\/uploads\/sites\/3\/Nieprzypisane\/bujak_karolina_1.jpg\" alt=\"img\"><\/div>\r\n                        <\/div>\r\n                    <\/div>\r\n                <\/div>[myprefix_functional_icons print_icon=&#8221;yes&#8221;][\/vc_column][\/vc_row]<\/p>","protected":false},"excerpt":{"rendered":"<p>[vc_row el_class=&#8221;container&#8221;][vc_column el_class=&#8221;container&#8221;][myprefix_functional_icons print_icon=&#8221;yes&#8221;][\/vc_column][\/vc_row] [&#8230;]<\/p>\n<p><a class=\"btn btn-secondary understrap-read-more-link\" href=\"https:\/\/us.edu.pl\/student\/dzialalnosc-studencka\/wyroznienia-jm-rektora-us\/laureaci-poprzednich-edycji\/laureaci-2019\/doktoranci\/karolina-bujak\/\">Read More&#8230;<\/a><\/p>\n","protected":false},"author":1,"featured_media":5795,"parent":19685,"menu_order":0,"comment_status":"closed","ping_status":"closed","template":"","meta":{"_expiration-date-status":"saved","_expiration-date":0,"_expiration-date-type":"","_expiration-date-categories":[],"_expiration-date-options":[]},"acf":[],"_links":{"self":[{"href":"https:\/\/us.edu.pl\/student\/wp-json\/wp\/v2\/pages\/5794"}],"collection":[{"href":"https:\/\/us.edu.pl\/student\/wp-json\/wp\/v2\/pages"}],"about":[{"href":"https:\/\/us.edu.pl\/student\/wp-json\/wp\/v2\/types\/page"}],"author":[{"embeddable":true,"href":"https:\/\/us.edu.pl\/student\/wp-json\/wp\/v2\/users\/1"}],"replies":[{"embeddable":true,"href":"https:\/\/us.edu.pl\/student\/wp-json\/wp\/v2\/comments?post=5794"}],"version-history":[{"count":0,"href":"https:\/\/us.edu.pl\/student\/wp-json\/wp\/v2\/pages\/5794\/revisions"}],"up":[{"embeddable":true,"href":"https:\/\/us.edu.pl\/student\/wp-json\/wp\/v2\/pages\/19685"}],"wp:featuredmedia":[{"embeddable":true,"href":"https:\/\/us.edu.pl\/student\/wp-json\/wp\/v2\/media\/5795"}],"wp:attachment":[{"href":"https:\/\/us.edu.pl\/student\/wp-json\/wp\/v2\/media?parent=5794"}],"curies":[{"name":"wp","href":"https:\/\/api.w.org\/{rel}","templated":true}]}}