{"id":5804,"date":"2019-10-08T16:07:21","date_gmt":"2019-10-08T14:07:21","guid":{"rendered":"https:\/\/us.edu.pl\/student\/?page_id=5804"},"modified":"2020-03-11T13:36:53","modified_gmt":"2020-03-11T12:36:53","slug":"konrad-graczyk","status":"publish","type":"page","link":"https:\/\/us.edu.pl\/student\/dzialalnosc-studencka\/wyroznienia-jm-rektora-us\/laureaci-poprzednich-edycji\/laureaci-2019\/doktoranci\/konrad-graczyk\/","title":{"rendered":"Konrad Graczyk"},"content":{"rendered":"<p>[vc_row el_class=&#8221;container&#8221;][vc_column el_class=&#8221;container&#8221;]\r\n                <div class=\"text-modules reverse\">\r\n                    <div class=\"container\">\r\n                        <h3 class=\"section-title section-title_border-bottom\">Konrad Graczyk<\/h3> \r\n                        <div class=\"row m-0\">\r\n                            <div class=\"text-modules__content\">\r\n                                <\/p>\n<p class=\"rtejustify\">Doktorant IV roku prawa na Wydziale Prawa i Administracji U\u015a. Pe\u0142ni funkcje Przewodnicz\u0105cego Zespo\u0142u Prawnego i jednocze\u015bnie funkcje Zast\u0119pcy Rzecznika Praw Doktoranta Krajowej Reprezentacji Doktorant\u00f3w. Przeprowadzi\u0142 szkolenia dla doktorant\u00f3w i student\u00f3w \u201eUstawa 2.0? Szko\u0142a doktorska i przepisy przej\u015bciowe bez tajemnic\u201d. Autor ksi\u0105\u017cki Operacja \u201eReichswehrministerium\u201d. Kieruje projektem naukowym pt. \u201eSondergericht Kattowitz \u2013 S\u0105d Specjalny w Katowicach 1939-1945\u201d.\u00a0 Cz\u0142onek Senackiej Komisji ds. Bada\u0144 Naukowych, Tw\u00f3rczo\u015bci Artystycznej i Wsp\u00f3\u0142pracy z Gospodark\u0105. Przedstawiciel doktorant\u00f3w w Radzie Wydzia\u0142u Prawa i Administracji 2017-2019. Cz\u0142onek Uczelnianej Rady Samorz\u0105du Doktorant\u00f3w U\u015a. Kierownik sekcji szachowej AZS U\u015a w latach 2011\u20132015.<\/p>\n<p class=\"rtejustify\">Zainteresowania i pasje: polityka, historia XX wieku, historia Polski, Niemcy, wojew\u00f3dztwo \u015bl\u0105skie.<\/p>\n<p class=\"rtejustify\"><span style=\"font-size: 10pt\">Powy\u017csze informacje nie obejmuj\u0105 ca\u0142ej dzia\u0142alno\u015bci danej osoby i zosta\u0142y opublikowane w ramach konkursu JM Rektora Uniwersytetu \u015al\u0105skiego. Dane pochodz\u0105 z czerwca 2019 r.<\/span><\/p>\n<div class=\"mt-3\"><\/div>\r\n                            <\/div>\r\n                            \r\n                            <div class=\"text-modules__img\"><img src=\"https:\/\/us.edu.pl\/student\/wp-content\/uploads\/sites\/3\/Nieprzypisane\/graczyk_konrad_1-e1642505926398.jpg\" alt=\"img\"><\/div>\r\n                        <\/div>\r\n                    <\/div>\r\n                <\/div>[myprefix_functional_icons print_icon=&#8221;yes&#8221;][\/vc_column][\/vc_row]<\/p>","protected":false},"excerpt":{"rendered":"<p>[vc_row el_class=&#8221;container&#8221;][vc_column el_class=&#8221;container&#8221;][myprefix_functional_icons print_icon=&#8221;yes&#8221;][\/vc_column][\/vc_row] [&#8230;]<\/p>\n<p><a class=\"btn btn-secondary understrap-read-more-link\" href=\"https:\/\/us.edu.pl\/student\/dzialalnosc-studencka\/wyroznienia-jm-rektora-us\/laureaci-poprzednich-edycji\/laureaci-2019\/doktoranci\/konrad-graczyk\/\">Read More&#8230;<\/a><\/p>\n","protected":false},"author":1,"featured_media":5805,"parent":19685,"menu_order":0,"comment_status":"closed","ping_status":"closed","template":"","meta":{"_expiration-date-status":"saved","_expiration-date":0,"_expiration-date-type":"","_expiration-date-categories":[],"_expiration-date-options":[]},"acf":[],"_links":{"self":[{"href":"https:\/\/us.edu.pl\/student\/wp-json\/wp\/v2\/pages\/5804"}],"collection":[{"href":"https:\/\/us.edu.pl\/student\/wp-json\/wp\/v2\/pages"}],"about":[{"href":"https:\/\/us.edu.pl\/student\/wp-json\/wp\/v2\/types\/page"}],"author":[{"embeddable":true,"href":"https:\/\/us.edu.pl\/student\/wp-json\/wp\/v2\/users\/1"}],"replies":[{"embeddable":true,"href":"https:\/\/us.edu.pl\/student\/wp-json\/wp\/v2\/comments?post=5804"}],"version-history":[{"count":0,"href":"https:\/\/us.edu.pl\/student\/wp-json\/wp\/v2\/pages\/5804\/revisions"}],"up":[{"embeddable":true,"href":"https:\/\/us.edu.pl\/student\/wp-json\/wp\/v2\/pages\/19685"}],"wp:featuredmedia":[{"embeddable":true,"href":"https:\/\/us.edu.pl\/student\/wp-json\/wp\/v2\/media\/5805"}],"wp:attachment":[{"href":"https:\/\/us.edu.pl\/student\/wp-json\/wp\/v2\/media?parent=5804"}],"curies":[{"name":"wp","href":"https:\/\/api.w.org\/{rel}","templated":true}]}}