{"id":5807,"date":"2019-10-08T16:09:21","date_gmt":"2019-10-08T14:09:21","guid":{"rendered":"https:\/\/us.edu.pl\/student\/?page_id=5807"},"modified":"2020-03-11T13:36:18","modified_gmt":"2020-03-11T12:36:18","slug":"dariusz-halabowski","status":"publish","type":"page","link":"https:\/\/us.edu.pl\/student\/dzialalnosc-studencka\/wyroznienia-jm-rektora-us\/laureaci-poprzednich-edycji\/laureaci-2019\/doktoranci\/dariusz-halabowski\/","title":{"rendered":"Dariusz Halabowski"},"content":{"rendered":"<p>[vc_row el_class=&#8221;container&#8221;][vc_column el_class=&#8221;container&#8221;]\r\n                <div class=\"text-modules reverse\">\r\n                    <div class=\"container\">\r\n                        <h3 class=\"section-title section-title_border-bottom\">Dariusz Halabowski<\/h3> \r\n                        <div class=\"row m-0\">\r\n                            <div class=\"text-modules__content\">\r\n                                <\/p>\n<p class=\"rtejustify\">Doktorant III roku advanced methods in biotechnology and biodiversity na Wydziale Biologii i Ochrony \u015arodowiska U\u015a. Wsp\u00f3\u0142pracuje z wieloma pracownikami naukowymi z kilku o\u015brodk\u00f3w naukowych w Polsce. Bierze udzia\u0142 w projekcie pt. \u201eKatamaran \u2013 Autonomiczny system do analizy w\u0142a\u015bciwo\u015bci fizyko-chemicznych wody w zbiornikach wodnych\u201d oraz w mi\u0119dzynarodowym grancie COST pt. \u201eConservation of freshwater mussels \u2013 a pan-European approach\u201d. Kieruje autorskim projektem naukowym WBiO\u015a M\u0142odzi Naukowcy 2018 pt. \u201eWp\u0142yw czynnik\u00f3w \u015brodowiskowych na zgrupowania makrobezkr\u0119gowc\u00f3w w rzekach o r\u00f3\u017cnym stopniu przekszta\u0142cenia antropogenicznego (G\u00f3rny \u015al\u0105sk i tereny przyleg\u0142e)\u201d. Jest odkrywc\u0105 nowego dla nauki gatunku okrzemki z rodzaju\u00a0<em>Planothidium<\/em>, a jego badania przyczyni\u0142y si\u0119 do znalezienia kilku nowych dla Polski gatunk\u00f3w organizm\u00f3w wodnych. Jest edukatorem w \u015al\u0105skim Ogrodzie Botanicznym w Miko\u0142owie (realizuj\u0105c r\u00f3\u017cnego rodzaju warsztaty, projekty i wydarzenia dla r\u00f3\u017cnego rodzaju odbiorc\u00f3w). Udziela\u0142 si\u0119 spo\u0142ecznie edukuj\u0105c m.in. dzieci i m\u0142odzie\u017c, a tak\u017ce wsp\u00f3\u0142organizuj\u0105c konferencj\u0119 naukow\u0105. Bra\u0142 udzia\u0142 w licznych konferencjach naukowych, zar\u00f3wno krajowych (15 konferencji) jak i mi\u0119dzynarodowych (5) prezentuj\u0105c 28 wyst\u0105pie\u0144 w postaci prezentacji i poster\u00f3w. Opublikowa\u0142 14 artyku\u0142\u00f3w naukowych (7 z listy JCR) oraz 7 artyku\u0142\u00f3w popularnonaukowych. Zosta\u0142 uznany laureatem w kategorii Animator konkursu pn. \u201ePopularyzator Nauki 2018\u201d organizowanego przez MNiSW i portal Nauka w Polsce Fundacji PAP. Bra\u0142 udzia\u0142 w VI, VII i VIII edycji Og\u00f3lnopolskiej Nocy Biolog\u00f3w oraz trzech edycjach \u015al\u0105skiego Festiwalu Nauki.<\/p>\n<h6 class=\"rtejustify\"><sub>Powy\u017csze informacje nie obejmuj\u0105 ca\u0142ej dzia\u0142alno\u015bci danej osoby i zosta\u0142y opublikowane w ramach konkursu JM Rektora Uniwersytetu \u015al\u0105skiego. Dane pochodz\u0105 z czerwca 2019 r.<\/sub><\/h6>\n<div class=\"mt-3\"><\/div>\r\n                            <\/div>\r\n                            \r\n                            <div class=\"text-modules__img\"><img src=\"https:\/\/us.edu.pl\/student\/wp-content\/uploads\/sites\/3\/Nieprzypisane\/halabowski_dariusz_1.jpg\" alt=\"img\"><\/div>\r\n                        <\/div>\r\n                    <\/div>\r\n                <\/div>[myprefix_functional_icons print_icon=&#8221;yes&#8221;][\/vc_column][\/vc_row]<\/p>","protected":false},"excerpt":{"rendered":"<p>[vc_row el_class=&#8221;container&#8221;][vc_column el_class=&#8221;container&#8221;][myprefix_functional_icons print_icon=&#8221;yes&#8221;][\/vc_column][\/vc_row] [&#8230;]<\/p>\n<p><a class=\"btn btn-secondary understrap-read-more-link\" href=\"https:\/\/us.edu.pl\/student\/dzialalnosc-studencka\/wyroznienia-jm-rektora-us\/laureaci-poprzednich-edycji\/laureaci-2019\/doktoranci\/dariusz-halabowski\/\">Read More&#8230;<\/a><\/p>\n","protected":false},"author":1,"featured_media":5808,"parent":19685,"menu_order":0,"comment_status":"closed","ping_status":"closed","template":"","meta":{"_expiration-date-status":"saved","_expiration-date":0,"_expiration-date-type":"","_expiration-date-categories":[],"_expiration-date-options":[]},"acf":[],"_links":{"self":[{"href":"https:\/\/us.edu.pl\/student\/wp-json\/wp\/v2\/pages\/5807"}],"collection":[{"href":"https:\/\/us.edu.pl\/student\/wp-json\/wp\/v2\/pages"}],"about":[{"href":"https:\/\/us.edu.pl\/student\/wp-json\/wp\/v2\/types\/page"}],"author":[{"embeddable":true,"href":"https:\/\/us.edu.pl\/student\/wp-json\/wp\/v2\/users\/1"}],"replies":[{"embeddable":true,"href":"https:\/\/us.edu.pl\/student\/wp-json\/wp\/v2\/comments?post=5807"}],"version-history":[{"count":0,"href":"https:\/\/us.edu.pl\/student\/wp-json\/wp\/v2\/pages\/5807\/revisions"}],"up":[{"embeddable":true,"href":"https:\/\/us.edu.pl\/student\/wp-json\/wp\/v2\/pages\/19685"}],"wp:featuredmedia":[{"embeddable":true,"href":"https:\/\/us.edu.pl\/student\/wp-json\/wp\/v2\/media\/5808"}],"wp:attachment":[{"href":"https:\/\/us.edu.pl\/student\/wp-json\/wp\/v2\/media?parent=5807"}],"curies":[{"name":"wp","href":"https:\/\/api.w.org\/{rel}","templated":true}]}}