{"id":58093,"date":"2025-08-08T13:20:29","date_gmt":"2025-08-08T11:20:29","guid":{"rendered":"https:\/\/us.edu.pl\/student\/?page_id=58093"},"modified":"2025-09-30T10:17:39","modified_gmt":"2025-09-30T08:17:39","slug":"miedzyuczelniana-inauguracja-roku-akademickiego-i-inauguracje-wydzialowe-spotkania-adptacyjne","status":"publish","type":"page","link":"https:\/\/us.edu.pl\/student\/nowy-student\/nowy-student-pierwsze-kroki\/miedzyuczelniana-inauguracja-roku-akademickiego-i-inauguracje-wydzialowe-spotkania-adptacyjne\/","title":{"rendered":"mi\u0119dzyuczelniana inauguracja roku akademickiego i inauguracje wydzia\u0142owe, spotkania adptacyjne"},"content":{"rendered":"<p>[vc_row][vc_column]\r\n                <div class=\"text-modules\">\r\n                    <div class=\"container\">\r\n                        <h3 class=\"page-title text__title\">Inauguracje wydzia\u0142owe<\/h3>\r\n                        <div class=\"text-modules__content\"><p><span style=\"font-weight: 400;\">Drogi Studencie,<\/span><\/p>\n<p><span style=\"font-weight: 400;\">rok akademicki rozpoczynamy uroczyst\u0105 <\/span><b>Mi\u0119dzyuczelnian\u0105 Inauguracj\u0105 Roku Akademickiego<\/b><span style=\"font-weight: 400;\">, kt\u00f3ra odb\u0119dzie si\u0119 <\/span><b>30 wrze\u015bnia 2025 o godz. 16:00<\/b><span style=\"font-weight: 400;\"> w siedzibie Narodowej Orkiestry Symfonicznej Polskiego Radia. MIRA jest wydarzeniem organizowanym przez Uczelnie Konsorcjum Akademickiego \u2013 Katowice Miasto Nauki i jest wydarzeniem adresowanym do wszystkich tworz\u0105cych spo\u0142eczno\u015b\u0107 akademick\u0105. Zarejestruj si\u0119 na wydarzenie ju\u017c teraz:<\/span><\/p>\n<\/div>\r\n                    <\/div>\r\n                <\/div>[\/vc_column][\/vc_row][vc_row el_class=&#8221;container&#8221;][vc_column width=&#8221;1\/3&#8243;][\/vc_column][vc_column width=&#8221;1\/3&#8243;][vc_btn title=&#8221;Mi\u0119dzyuczelniana Inauguracja Roku Akademickiego&#8221; style=&#8221;custom&#8221; custom_background=&#8221;#002e5a&#8221; custom_text=&#8221;#ffffff&#8221; size=&#8221;lg&#8221; align=&#8221;center&#8221; button_block=&#8221;true&#8221; custom_onclick=&#8221;true&#8221; link=&#8221;url:https%3A%2F%2Fus.edu.pl%2Fevent%2Fmiedzyuczelniana-inauguracja-roku-akademickiego-2025-2026%2F%20&#8243;][\/vc_column][vc_column width=&#8221;1\/3&#8243;][\/vc_column][\/vc_row][vc_row el_class=&#8221;container&#8221;][vc_column width=&#8221;1\/2&#8243;]\r\n                <div class=\"text-modules\">\r\n                    <div class=\"container\">\r\n                        \r\n                        <div class=\"text-modules__content\"><p><span style=\"font-weight: 400;\">W kolejnych dniach zapraszamy Ci\u0119 na inauguracje wydzia\u0142owe:<\/span><\/p>\n<ul>\n<li style=\"font-weight: 400;\" aria-level=\"1\"><b>Wydzia\u0142 Prawa i Administracji<\/b><span style=\"font-weight: 400;\"> | Inauguracja roku akademickiego ma miejsce <\/span><b>1 pa\u017adziernika 2025<\/b> <b>roku<\/b> <b>o godz. 11.00<\/b><span style=\"font-weight: 400;\"><span style=\"font-weight: 400;\"> w Katowicach, przy ul. Bankowej 11B w Auli nr 8<\/span><\/span><\/li>\n<li style=\"font-weight: 400;\" aria-level=\"1\"><b>Wydzia\u0142 Nauk Przyrodniczych | <\/b><span style=\"font-weight: 400;\">Inauguracja roku akademickiego ma miejsce <\/span><b>2 pa\u017adziernika 2025 roku o godz. 11.00<\/b><span style=\"font-weight: 400;\"><span style=\"font-weight: 400;\"> w Katowicach, przy ul. Bankowej 9 w Auli nr 126<\/span><\/span><\/li>\n<li style=\"font-weight: 400;\" aria-level=\"1\"><b>Szko\u0142a Doktorska<\/b><span style=\"font-weight: 400;\"> | Inauguracja roku akademickiego ma miejsce <\/span><b>3 pa\u017adziernika 2025 roku o godz. 9.00 <\/b><span style=\"font-weight: 400;\"><span style=\"font-weight: 400;\">w spinPLACE, przy ul. Bankowej 5<\/span><\/span><\/li>\n<li style=\"font-weight: 400;\" aria-level=\"1\"><b>Wydzia\u0142 Nauk Humanistycznych <\/b><span style=\"font-weight: 400;\">| Inauguracja roku akademickiego ma miejsce <\/span><b>3\u00a0 pa\u017adziernika 2025 roku o godz. 12.00<\/b><span style=\"font-weight: 400;\"><span style=\"font-weight: 400;\"> w Katowicach, przy ul. Uniwersyteckiej 4 w Auli im. A. Pawlikowskiego<\/span><\/span><\/li>\n<li style=\"font-weight: 400;\" aria-level=\"1\"><b>Wydzia\u0142 Nauk \u015acis\u0142ych i Technicznych<\/b><span style=\"font-weight: 400;\"> | Inauguracja roku akademickiego ma miejsce <\/span><b>6 pa\u017adziernika 2025 roku o godz. 11.00<\/b><span style=\"font-weight: 400;\"> w Chorzowie, przy ul. 75. Pu\u0142ku Piechoty 1A w Auli P\/0\/05<\/span><\/li>\n<\/ul>\n<p>\n<\/div>\r\n                    <\/div>\r\n                <\/div>[\/vc_column][vc_column width=&#8221;1\/2&#8243;]\r\n                <div class=\"text-modules\">\r\n                    <div class=\"container\">\r\n                        \r\n                        <div class=\"text-modules__content\"><\/p>\n<ul>\n<li style=\"font-weight: 400;\" aria-level=\"1\"><b>Wydzia\u0142 Nauk Spo\u0142ecznych <\/b><span style=\"font-weight: 400;\">| Inauguracja roku akademickiego ma miejsce <\/span><b>7 pa\u017adziernika 2025 roku o godz. 10.00 <\/b><span style=\"font-weight: 400;\"><span style=\"font-weight: 400;\">w Katowicach, przy ul. Bankowej 11 w Auli im. Kazimierza Popio\u0142ka<\/span><\/span><\/li>\n<li style=\"font-weight: 400;\" aria-level=\"1\"><b>Szko\u0142a Filmowa im. Krzysztofa Kie\u015blowskiego U\u015a <\/b><span style=\"font-weight: 400;\">| Inauguracja roku akademickiego ma miejsce <\/span><b>8 pa\u017adziernika 2025 roku o godz. 11.00<\/b><span style=\"font-weight: 400;\"><span style=\"font-weight: 400;\"> w Katowicach, przy ul. \u015bw. Paw\u0142a 3 w sali kinowej<\/span><\/span><\/li>\n<li style=\"font-weight: 400;\" aria-level=\"1\"><b>Wydzia\u0142 Teologiczny <\/b><span style=\"font-weight: 400;\">| Inauguracja roku akademickiego jest po\u0142\u0105czona z 25-t\u0105 rocznic\u0105 powo\u0142ania Wydzia\u0142u Teologicznego U\u015a i ma miejsce<\/span><b> 7 listopada 2025 roku o godzinie 11:00 <\/b><span style=\"font-weight: 400;\"><span style=\"font-weight: 400;\">w Katowicach, przy ul. Jordana 18 w Auli Wydzia\u0142u Teologicznego<\/span><\/span><\/li>\n<li style=\"font-weight: 400;\" aria-level=\"1\"><b>Wydzia\u0142 Sztuki i Nauk o Edukacji<\/b><span style=\"font-weight: 400;\"> | Inauguracja roku akademickiego ma miejsce <\/span><b>16 pa\u017adziernika 2025 roku o godz. 11.00<\/b><span style=\"font-weight: 400;\"> w Cieszynie, przy ul. Rynek 12 w Cieszy\u0144skim O\u015brodku Kultury.<\/span><\/li>\n<\/ul>\n<p>\n<\/div>\r\n                    <\/div>\r\n                <\/div>[\/vc_column][\/vc_row]<\/p>","protected":false},"excerpt":{"rendered":"<p>[vc_row][vc_column][\/vc_column][\/vc_row][vc_row el_class=&#8221;container&#8221;][vc_column width=&#8221;1\/3&#8243;][\/vc_column][vc_column width=&#8221;1\/3&#8243;][vc_btn title=&#8221;Mi\u0119dzyuczelniana Inauguracja Roku Akademickiego&#8221; style=&#8221;custom&#8221; custom_background=&#8221;#002e5a&#8221; custom_text=&#8221;#ffffff&#8221; size=&#8221;lg&#8221; align=&#8221;center&#8221; button_block=&#8221;true&#8221; custom_onclick=&#8221;true&#8221; link=&#8221;url:https%3A%2F%2Fus.edu.pl%2Fevent%2Fmiedzyuczelniana-inauguracja-roku-akademickiego-2025-2026%2F%20&#8243;][\/vc_column][vc_column width=&#8221;1\/3&#8243;][\/vc_column][\/vc_row][vc_row el_class=&#8221;container&#8221;][vc_column width=&#8221;1\/2&#8243;][\/vc_column][vc_column width=&#8221;1\/2&#8243;][\/vc_column][\/vc_row] [&#8230;]<\/p>\n<p><a class=\"btn btn-secondary understrap-read-more-link\" href=\"https:\/\/us.edu.pl\/student\/nowy-student\/nowy-student-pierwsze-kroki\/miedzyuczelniana-inauguracja-roku-akademickiego-i-inauguracje-wydzialowe-spotkania-adptacyjne\/\">Read More&#8230;<\/a><\/p>\n","protected":false},"author":28,"featured_media":0,"parent":4377,"menu_order":0,"comment_status":"closed","ping_status":"closed","template":"","meta":{"_expiration-date-status":"","_expiration-date":0,"_expiration-date-type":"","_expiration-date-categories":[],"_expiration-date-options":[]},"acf":[],"_links":{"self":[{"href":"https:\/\/us.edu.pl\/student\/wp-json\/wp\/v2\/pages\/58093"}],"collection":[{"href":"https:\/\/us.edu.pl\/student\/wp-json\/wp\/v2\/pages"}],"about":[{"href":"https:\/\/us.edu.pl\/student\/wp-json\/wp\/v2\/types\/page"}],"author":[{"embeddable":true,"href":"https:\/\/us.edu.pl\/student\/wp-json\/wp\/v2\/users\/28"}],"replies":[{"embeddable":true,"href":"https:\/\/us.edu.pl\/student\/wp-json\/wp\/v2\/comments?post=58093"}],"version-history":[{"count":10,"href":"https:\/\/us.edu.pl\/student\/wp-json\/wp\/v2\/pages\/58093\/revisions"}],"predecessor-version":[{"id":59392,"href":"https:\/\/us.edu.pl\/student\/wp-json\/wp\/v2\/pages\/58093\/revisions\/59392"}],"up":[{"embeddable":true,"href":"https:\/\/us.edu.pl\/student\/wp-json\/wp\/v2\/pages\/4377"}],"wp:attachment":[{"href":"https:\/\/us.edu.pl\/student\/wp-json\/wp\/v2\/media?parent=58093"}],"curies":[{"name":"wp","href":"https:\/\/api.w.org\/{rel}","templated":true}]}}