{"id":5812,"date":"2019-10-08T16:13:29","date_gmt":"2019-10-08T14:13:29","guid":{"rendered":"https:\/\/us.edu.pl\/student\/?page_id=5812"},"modified":"2020-03-11T13:36:34","modified_gmt":"2020-03-11T12:36:34","slug":"kamil-kozakowski","status":"publish","type":"page","link":"https:\/\/us.edu.pl\/student\/dzialalnosc-studencka\/wyroznienia-jm-rektora-us\/laureaci-poprzednich-edycji\/laureaci-2019\/doktoranci\/kamil-kozakowski\/","title":{"rendered":"Kamil Kozakowski"},"content":{"rendered":"<p>[vc_row el_class=&#8221;container&#8221;][vc_column el_class=&#8221;container&#8221;]\r\n                <div class=\"text-modules reverse\">\r\n                    <div class=\"container\">\r\n                        <h3 class=\"section-title section-title_border-bottom\">Kamil Kozakowski<\/h3> \r\n                        <div class=\"row m-0\">\r\n                            <div class=\"text-modules__content\">\r\n                                <\/p>\n<p class=\"rtejustify\">Doktorant IV roku kulturoznawstwa w Zak\u0142adzie Teorii i Historii Kultury na Wydziale Filologicznym U\u015a. Wsp\u00f3\u0142pracuje ze Szko\u0142\u0105 J\u0119zyka i Kultury Polskiej U\u015a. Prowadzi\u0142 wyk\u0142ady podczas Letniej szko\u0142y j\u0119zyka i kultury polskiej (\u201eOd Herdera do Wied\u017amina: s\u0142owia\u0144szczyzna w polskiej kulturze\u201d). Wsp\u00f3lnie z Regionalnym Centrum Wolontariatu w Katowicach realizowa\u0142 projekt \u201eWolontariat na rzecz dziedzictwa kulturowego\u201d. Jest wsp\u00f3\u0142organizatorem i koordynatorem podr\u0119cznika po\u015bwi\u0119conego wolontariatowi na rzecz dziedzictwa kulturowego. Autor powie\u015bci \u201ePami\u0119tniki Gaudiego\u201d. Zajmuje si\u0119 r\u00f3wnie\u017c animacj\u0105 kultury. Przeprowadza\u0142 warsztaty kulturowe dla student\u00f3w i licealist\u00f3w (np. \u201eKontakt z kultur\u0105: Kulturoznawcy i \u015bwiadome podr\u00f3\u017cowanie\u201d, \u201eFantastyczna historia kultury\u201d). Przygotowa\u0142 scenariusze spektakli teatralnych \u2013 \u201eDzie\u0144 targowy\u201d (2015), \u201eOchabska Wilijo\u201d (2014).\u00a0 Wsp\u00f3\u0142pracuje z portalami internetowymi i czasopismami jako autor recenzji teatralnych oraz pisze teksty dotycz\u0105ce historii i kultury. W 2015 roku bra\u0142 udzia\u0142 w projekcie spo\u0142ecznym \u201eS\u0105siedzi\u201d, kt\u00f3ry mia\u0142 na celu przeprowadzenie wywiad\u00f3w z mieszka\u0144cami Katowic\u00a0 na temat szeroko rozumianej lokalno\u015bci, oraz zebranie materia\u0142\u00f3w na temat katowickiego\u00a0 \u015br\u00f3dmie\u015bcia w celu rekonstrukcji lokalnych historii. Autor licznych artyku\u0142\u00f3w naukowych i popularnonaukowych (np. \u201eWhisky i smoking jako narz\u0119dzia etnografa i antropologa. Jan Czekanowski w s\u0142u\u017cbie jego ksi\u0105\u017c\u0119cej mo\u015bci\u201d, \u201eGruzja w polskiej kulturze romantycznej\u201d). Wsp\u00f3\u0142redaktor monografii naukowej \u201eEtno-grafie, kulturo-grafie\u201d (2018). Bra\u0142 udzia\u0142 w mi\u0119dzynarodowych, zagranicznych konferencjach (np. \u201eKulturowa historia podr\u00f3\u017cowania\u201d, \u201eConference of Young Slavist in Prague\u201d, \u201eOrient in Literature \u2013 Literature of the Orient. Sources &amp; Inspirations\u201d), a tak\u017ce zajmowa\u0142 si\u0119 ich organizacj\u0105 (np. \u201eEtno-grafie, kulturo-grafie\u201d, \u201eJoga w kontekstach kulturowych\u201d). Cz\u0142onek Ko\u0142a Naukowego Doktorant\u00f3w Kulturoznawstwa.<\/p>\n<p class=\"rtejustify\">Zainteresowania i pasje: poza zainteresowaniami naukowymi, jest wielkim mi\u0142o\u015bnikiem pi\u0142ki no\u017cnej, ksi\u0105\u017cek, podr\u00f3\u017cy i gier wideo. Lubi r\u00f3wnie\u017c biega\u0107. Wierny kibic klubu FC Barcelona.<\/p>\n<p class=\"rtejustify\"><span style=\"font-size: 10pt\">Powy\u017csze informacje nie obejmuj\u0105 ca\u0142ej dzia\u0142alno\u015bci danej osoby i zosta\u0142y opublikowane w ramach konkursu JM Rektora Uniwersytetu \u015al\u0105skiego. Dane pochodz\u0105 z czerwca 2019 r.<\/span><\/p>\n<p>\u00a0 \r\n                                <div class=\"mt-3\"><\/div>\r\n                            <\/div>\r\n                            \r\n                            <div class=\"text-modules__img\"><img src=\"https:\/\/us.edu.pl\/student\/wp-content\/uploads\/sites\/3\/Nieprzypisane\/kozakowski_kamil_1-e1642505877811.jpg\" alt=\"img\"><\/div>\r\n                        <\/div>\r\n                    <\/div>\r\n                <\/div>[myprefix_functional_icons print_icon=&#8221;yes&#8221;][\/vc_column][\/vc_row]<\/p>","protected":false},"excerpt":{"rendered":"<p>[vc_row el_class=&#8221;container&#8221;][vc_column el_class=&#8221;container&#8221;][myprefix_functional_icons print_icon=&#8221;yes&#8221;][\/vc_column][\/vc_row] [&#8230;]<\/p>\n<p><a class=\"btn btn-secondary understrap-read-more-link\" href=\"https:\/\/us.edu.pl\/student\/dzialalnosc-studencka\/wyroznienia-jm-rektora-us\/laureaci-poprzednich-edycji\/laureaci-2019\/doktoranci\/kamil-kozakowski\/\">Read More&#8230;<\/a><\/p>\n","protected":false},"author":1,"featured_media":5813,"parent":19685,"menu_order":0,"comment_status":"closed","ping_status":"closed","template":"","meta":{"_expiration-date-status":"saved","_expiration-date":0,"_expiration-date-type":"","_expiration-date-categories":[],"_expiration-date-options":[]},"acf":[],"_links":{"self":[{"href":"https:\/\/us.edu.pl\/student\/wp-json\/wp\/v2\/pages\/5812"}],"collection":[{"href":"https:\/\/us.edu.pl\/student\/wp-json\/wp\/v2\/pages"}],"about":[{"href":"https:\/\/us.edu.pl\/student\/wp-json\/wp\/v2\/types\/page"}],"author":[{"embeddable":true,"href":"https:\/\/us.edu.pl\/student\/wp-json\/wp\/v2\/users\/1"}],"replies":[{"embeddable":true,"href":"https:\/\/us.edu.pl\/student\/wp-json\/wp\/v2\/comments?post=5812"}],"version-history":[{"count":0,"href":"https:\/\/us.edu.pl\/student\/wp-json\/wp\/v2\/pages\/5812\/revisions"}],"up":[{"embeddable":true,"href":"https:\/\/us.edu.pl\/student\/wp-json\/wp\/v2\/pages\/19685"}],"wp:featuredmedia":[{"embeddable":true,"href":"https:\/\/us.edu.pl\/student\/wp-json\/wp\/v2\/media\/5813"}],"wp:attachment":[{"href":"https:\/\/us.edu.pl\/student\/wp-json\/wp\/v2\/media?parent=5812"}],"curies":[{"name":"wp","href":"https:\/\/api.w.org\/{rel}","templated":true}]}}