{"id":58141,"date":"2025-08-08T14:02:45","date_gmt":"2025-08-08T12:02:45","guid":{"rendered":"https:\/\/us.edu.pl\/student\/?page_id=58141"},"modified":"2025-08-08T14:03:55","modified_gmt":"2025-08-08T12:03:55","slug":"jak-dotrzec-na-swoj-wydzial","status":"publish","type":"page","link":"https:\/\/us.edu.pl\/student\/nowy-student\/nowy-student-pierwsze-kroki\/jak-dotrzec-na-swoj-wydzial\/","title":{"rendered":"Jak dotrze\u0107 na sw\u00f3j Wydzia\u0142?"},"content":{"rendered":"<p>[vc_row][vc_column]\r\n                <div class=\"text-modules\">\r\n                    <div class=\"container\">\r\n                        <h3 class=\"page-title text__title\">Jak dotrze\u0107 na sw\u00f3j Wydzia\u0142<\/h3>\r\n                        <div class=\"text-modules__content\"><\/p>\n<h3>Katowice<\/h3>\n<p>\n<\/div>\r\n                    <\/div>\r\n                <\/div>[\/vc_column][\/vc_row][vc_row el_class=&#8221;container&#8221;][vc_column width=&#8221;1\/2&#8243;]\r\n                <div class=\"text-modules\">\r\n                    <div class=\"container\">\r\n                        \r\n                        <div class=\"text-modules__content\"><p><b>spinPLACE<\/b><\/p>\n<p><b>Adres:<\/b><span style=\"font-weight: 400;\"> ul. Bankowa 5, 40-007 Katowice<\/span><\/p>\n<p><b>Dojazd samochodem:<\/b><span style=\"font-weight: 400;\"> Miejska strefa p\u0142atna wzd\u0142u\u017c ulicy.<\/span><\/p>\n<p><b>Rower:<\/b><span style=\"font-weight: 400;\"> Stojaki rowerowe na patio budynku. Najbli\u017csza stacja Metrorower w promieniu 100\u202fm.<\/span><\/p>\n<p><b>Przystanki tramwajowe (\u2264\u202f1\u202fkm):<\/b><span style=\"font-weight: 400;\"> Katowice Szko\u0142a Filmowa U\u015a, Katowice Rynek<\/span><\/p>\n<p><b>Przystanki autobusowe (\u2264\u202f1\u202fkm):<\/b><span style=\"font-weight: 400;\"> Katowice Uniwersytet\u202f\u015al\u0105ski, Katowice Szkolna, Katowice Uniwersytet \u015al\u0105ski, Katowice Strefa Kultury NOSPR, Katowice Aleja Korfantego\u00a0<\/span><\/p>\n<p><b>Dworzec kolejowy:<\/b><span style=\"font-weight: 400;\"> Katowice\u00a0 \u2013 13\u202fmin pieszo<\/span><\/p>\n<hr \/>\n<h4><b>Wydzia\u0142 Nauk Przyrodniczych<\/b><\/h4>\n<p><b>Adres:<\/b><span style=\"font-weight: 400;\"> Bankowa 9, 40-007 Katowice<\/span><\/p>\n<p><b>Dojazd samochodem:<\/b><span style=\"font-weight: 400;\"> Dost\u0119pny parking uczelniany dost\u0119pny dla posiadaczy kart parkingowych lub miejska strefa p\u0142atna wzd\u0142u\u017c ulicy.<\/span><\/p>\n<p><b>Rower:<\/b><span style=\"font-weight: 400;\"> Stojaki rowerowe przy wej\u015bciu. Najbli\u017csza stacja Metrorower w promieniu 60\u202fm.<\/span><\/p>\n<p><b>Przystanki tramwajowe (\u2264\u202f1\u202fkm):<\/b><span style=\"font-weight: 400;\"> Katowice Szko\u0142a Filmowa U\u015a, Katowice Rynek<\/span><\/p>\n<p><b>Przystanki autobusowe (\u2264\u202f1\u202fkm):<\/b><span style=\"font-weight: 400;\"> Katowice Uniwersytet\u202f\u015al\u0105ski, Katowice Szkolna, Katowice Uniwersytet \u015al\u0105ski, Katowice Strefa Kultury NOSPR, Katowice Aleja Korfantego <\/span><b>Dworzec kolejowy:<\/b><span style=\"font-weight: 400;\"> Katowice \u2013 14 min pieszo<\/span><\/p>\n<hr \/>\n<h4><b>Wydzia\u0142 Nauk Spo\u0142ecznych oraz Wydzia\u0142 Humanistyczny\u00a0<\/b><\/h4>\n<p><b>Adres:<\/b><span style=\"font-weight: 400;\"> Bankowa 11, 40-007 Katowice<\/span><\/p>\n<p><b>Dojazd samochodem:<\/b><span style=\"font-weight: 400;\"> Dost\u0119pny parking uczelniany dost\u0119pny dla posiadaczy kart parkingowych lub miejska strefa p\u0142atna wzd\u0142u\u017c ulicy.<\/span><\/p>\n<p><b>Rower:<\/b><span style=\"font-weight: 400;\"> Stojaki rowerowe przy wej\u015bciu, niezadaszone. Najbli\u017csza stacja Metrorower w promieniu 60\u202fm.<\/span><\/p>\n<p><b>Przystanki tramwajowe (\u2264\u202f1\u202fkm):<\/b><span style=\"font-weight: 400;\"> Katowice Szko\u0142a Filmowa U\u015a, Katowice Rynek<\/span><\/p>\n<p><b>Przystanki autobusowe (\u2264\u202f1\u202fkm):<\/b><span style=\"font-weight: 400;\"> Katowice Uniwersytet\u202f\u015al\u0105ski, Katowice Szkolna, Katowice Uniwersytet \u015al\u0105ski, Katowice Strefa Kultury NOSPR, Katowice Aleja Korfantego\u00a0<\/span><\/p>\n<p><b>Dworzec kolejowy:<\/b><span style=\"font-weight: 400;\"> Katowice \u2013 15\u202fmin pieszo<\/span><\/p>\n<hr \/>\n<p><b>Centrum Informacji Naukowej i Biblioteka Akademicka\u00a0<\/b><\/p>\n<p><b>Adres:<\/b><span style=\"font-weight: 400;\"> Bankowa 11a, 40-007 Katowice<\/span><\/p>\n<p><b>Dojazd samochodem:<\/b><span style=\"font-weight: 400;\"> Dost\u0119pny parking uczelniany dost\u0119pny dla posiadaczy kart parkingowych lub miejska strefa p\u0142atna wzd\u0142u\u017c ulicy.<\/span><\/p>\n<p><b>Rower:<\/b><span style=\"font-weight: 400;\"> Stojaki rowerowe przy wej\u015bciu, niezadaszone. Najbli\u017csza stacja Metrorower w promieniu 200\u202fm.<\/span><\/p>\n<p><b>Przystanki tramwajowe (\u2264\u202f1\u202fkm):<\/b><span style=\"font-weight: 400;\"> Katowice Szko\u0142a Filmowa U\u015a, Katowice Rynek<\/span><\/p>\n<p><b>Przystanki autobusowe (\u2264\u202f1\u202fkm):<\/b><span style=\"font-weight: 400;\"> Katowice Uniwersytet\u202f\u015al\u0105ski, Katowice Szkolna, Katowice Uniwersytet \u015al\u0105ski, Katowice Strefa Kultury NOSPR, Katowice Aleja Korfantego\u00a0<\/span><\/p>\n<p><b>Dworzec kolejowy:<\/b><span style=\"font-weight: 400;\"> Katowice\u00a0 &#8211; 18\u202fmin pieszo<\/span><\/p>\n<hr \/>\n<h4><b>Wydzia\u0142 Nauk \u015acis\u0142ych i Technicznych<\/b><\/h4>\n<p><b>Adres:<\/b><span style=\"font-weight: 400;\"> Bankowa 14, 40-007 Katowice<\/span><\/p>\n<p><b>Dojazd samochodem:<\/b><span style=\"font-weight: 400;\"> Dost\u0119pny parking uczelniany dost\u0119pny dla posiadaczy kart parkingowych lub miejska strefa p\u0142atna wzd\u0142u\u017c ulicy.<\/span><\/p>\n<p><b>Rower:<\/b><span style=\"font-weight: 400;\"> Stojaki rowerowe przy obu wej\u015bciach, niezadaszone. Najbli\u017csza stacja Metrorower w promieniu 250\u202fm.<\/span><\/p>\n<p><b>Przystanki tramwajowe (\u2264\u202f1\u202fkm):<\/b><span style=\"font-weight: 400;\"> Katowice Szko\u0142a Filmowa U\u015a, Katowice Rynek<\/span><\/p>\n<p><b>Przystanki autobusowe (\u2264\u202f1\u202fkm):<\/b><span style=\"font-weight: 400;\"> Katowice Uniwersytet\u202f\u015al\u0105ski, Katowice Szkolna, Katowice Uniwersytet \u015al\u0105ski, Katowice Strefa Kultury NOSPR, Katowice Aleja Korfantego\u00a0<\/span><\/p>\n<p><b>Dworzec kolejowy:<\/b><span style=\"font-weight: 400;\"> Katowice &#8211; 15\u202fmin pieszo<\/span><\/p>\n<hr \/>\n<h4><b>Wydzia\u0142 Prawa i Administracji<\/b><\/h4>\n<p><b>Adres:<\/b><span style=\"font-weight: 400;\"> Bankowa 11b, 40-007 Katowice<\/span><\/p>\n<p><b>Dojazd samochodem:<\/b><span style=\"font-weight: 400;\"> Dost\u0119pny parking uczelniany dost\u0119pny dla posiadaczy kart parkingowych lub miejska strefa p\u0142atna wzd\u0142u\u017c ulicy.<\/span><\/p>\n<p><b>Rower:<\/b><span style=\"font-weight: 400;\"> Stojaki rowerowe przy wej\u015bciu, zadaszone. Najbli\u017csza stacja Metrorower w promieniu 300\u202fm.<\/span><\/p>\n<p><b>Przystanki tramwajowe (\u2264\u202f1\u202fkm):<\/b><span style=\"font-weight: 400;\"> Katowice Szko\u0142a Filmowa U\u015a, Katowice Rynek<\/span><\/p>\n<p><b>Przystanki autobusowe (\u2264\u202f1\u202fkm):<\/b><span style=\"font-weight: 400;\"> Katowice Uniwersytet\u202f\u015al\u0105ski, Katowice Szkolna, Katowice Uniwersytet \u015al\u0105ski, Katowice Strefa Kultury NOSPR, Katowice Aleja Korfantego\u00a0<\/span><\/p>\n<p><b>Dworzec kolejowy:<\/b><span style=\"font-weight: 400;\"> Katowice &#8211; 20\u202fmin pieszo<\/span><\/p>\n<\/div>\r\n                    <\/div>\r\n                <\/div>\r\n                <div class=\"text-modules\">\r\n                    <div class=\"container\">\r\n                        \r\n                        <div class=\"text-modules__content\"><p><img class=\"alignnone wp-image-58169 size-large\" src=\"https:\/\/us.edu.pl\/student\/wp-content\/uploads\/sites\/3\/2025\/08\/fot.-Szymon-Nawrat-Katowice-239-1-wpia-683x1024.jpg\" alt=\"grupa student\u00f3w na schodach wpia\" width=\"640\" height=\"960\" srcset=\"https:\/\/us.edu.pl\/student\/wp-content\/uploads\/sites\/3\/2025\/08\/fot.-Szymon-Nawrat-Katowice-239-1-wpia-683x1024.jpg 683w, https:\/\/us.edu.pl\/student\/wp-content\/uploads\/sites\/3\/2025\/08\/fot.-Szymon-Nawrat-Katowice-239-1-wpia-200x300.jpg 200w, https:\/\/us.edu.pl\/student\/wp-content\/uploads\/sites\/3\/2025\/08\/fot.-Szymon-Nawrat-Katowice-239-1-wpia-768x1152.jpg 768w, https:\/\/us.edu.pl\/student\/wp-content\/uploads\/sites\/3\/2025\/08\/fot.-Szymon-Nawrat-Katowice-239-1-wpia-383x575.jpg 383w, https:\/\/us.edu.pl\/student\/wp-content\/uploads\/sites\/3\/2025\/08\/fot.-Szymon-Nawrat-Katowice-239-1-wpia.jpg 800w\" sizes=\"(max-width: 640px) 100vw, 640px\" \/><\/p>\n<\/div>\r\n                    <\/div>\r\n                <\/div>[\/vc_column][vc_column width=&#8221;1\/2&#8243;][vc_empty_space]\r\n                <div class=\"text-modules\">\r\n                    <div class=\"container\">\r\n                        \r\n                        <div class=\"text-modules__content\"><p><img class=\"alignnone wp-image-58161 size-full\" src=\"https:\/\/us.edu.pl\/student\/wp-content\/uploads\/sites\/3\/2025\/08\/fot.-Szymon-Nawrat-Katowice-267-jak-dojade.jpg\" alt=\"Grupa student\u00f3w pod Rektoratem U\u015a\" width=\"800\" height=\"533\" srcset=\"https:\/\/us.edu.pl\/student\/wp-content\/uploads\/sites\/3\/2025\/08\/fot.-Szymon-Nawrat-Katowice-267-jak-dojade.jpg 800w, https:\/\/us.edu.pl\/student\/wp-content\/uploads\/sites\/3\/2025\/08\/fot.-Szymon-Nawrat-Katowice-267-jak-dojade-300x200.jpg 300w, https:\/\/us.edu.pl\/student\/wp-content\/uploads\/sites\/3\/2025\/08\/fot.-Szymon-Nawrat-Katowice-267-jak-dojade-768x512.jpg 768w, https:\/\/us.edu.pl\/student\/wp-content\/uploads\/sites\/3\/2025\/08\/fot.-Szymon-Nawrat-Katowice-267-jak-dojade-575x383.jpg 575w\" sizes=\"(max-width: 800px) 100vw, 800px\" \/><\/p>\n<\/div>\r\n                    <\/div>\r\n                <\/div>\r\n                <div class=\"text-modules\">\r\n                    <div class=\"container\">\r\n                        \r\n                        <div class=\"text-modules__content\"><\/p>\n<hr \/>\n<h4><b>Rektorat<\/b><\/h4>\n<p><b>Adres:<\/b><span style=\"font-weight: 400;\"> Bankowa 12, 40-007 Katowice<\/span><\/p>\n<p><b>Dojazd samochodem:<\/b><span style=\"font-weight: 400;\"> Dost\u0119pny parking uczelniany dost\u0119pny dla posiadaczy kart parkingowych lub miejska strefa p\u0142atna wzd\u0142u\u017c ulicy.<\/span><\/p>\n<p><b>Rower:<\/b><span style=\"font-weight: 400;\"> Stojaki rowerowe przy wej\u015bciu, niezadaszone. Najbli\u017csza stacja Metrorower w promieniu 60\u202fm.<\/span><\/p>\n<p><b>Przystanki tramwajowe (\u2264\u202f1\u202fkm):<\/b><span style=\"font-weight: 400;\"> Katowice Szko\u0142a Filmowa U\u015a, Katowice Rynek<\/span><\/p>\n<p><b>Przystanki autobusowe (\u2264\u202f1\u202fkm):<\/b><span style=\"font-weight: 400;\"> Katowice Uniwersytet\u202f\u015al\u0105ski, Katowice Szkolna, Katowice Uniwersytet \u015al\u0105ski, Katowice Strefa Kultury NOSPR, Katowice Aleja Korfantego\u00a0<\/span><\/p>\n<p><b>Dworzec kolejowy:<\/b><span style=\"font-weight: 400;\"> Katowice &#8211; 15\u202fmin pieszo<\/span><\/p>\n<hr \/>\n<h4><b>Wydzia\u0142 Humanistyczny<\/b><\/h4>\n<p><b>Adres:<\/b><span style=\"font-weight: 400;\"> Uniwersytecka 4, 40-007 Katowice<\/span><\/p>\n<p><b>Dojazd samochodem:<\/b><span style=\"font-weight: 400;\"> Dost\u0119pny parking uczelniany dost\u0119pny dla posiadaczy kart parkingowych lub miejska strefa p\u0142atna wzd\u0142u\u017c ulicy.<\/span><\/p>\n<p><b>Rower:<\/b><span style=\"font-weight: 400;\"> Stojaki rowerowe przy wej\u015bciu. Najbli\u017csza stacja Metrorower w promieniu 250\u202fm.<\/span><\/p>\n<p><b>Przystanki tramwajowe (\u2264\u202f1\u202fkm):<\/b><span style=\"font-weight: 400;\"> Katowice Szko\u0142a Filmowa U\u015a, Katowice Rynek<\/span><\/p>\n<p><b>Przystanki autobusowe (\u2264\u202f1\u202fkm):<\/b><span style=\"font-weight: 400;\"> Katowice Uniwersytet\u202f\u015al\u0105ski, Katowice Szkolna, Katowice Uniwersytet \u015al\u0105ski, Katowice Strefa Kultury NOSPR, Katowice Aleja Korfantego\u00a0<\/span><\/p>\n<p><b>Dworzec kolejowy:<\/b><span style=\"font-weight: 400;\"> Katowice\u2013 12 min pieszo<\/span><\/p>\n<hr \/>\n<h4><b>Szko\u0142a Filmowa im. Krzysztofa Kie\u015blowskiego (Katowice, ul. Paw\u0142a 3)<\/b><\/h4>\n<p><b>Adres:<\/b><span style=\"font-weight: 400;\"> \u015bw. Paw\u0142a 3, 40-008 Katowice<\/span><\/p>\n<p><b>Dojazd samochodem<\/b><span style=\"font-weight: 400;\"> Dost\u0119pny parking uczelniany dost\u0119pny dla posiadaczy kart parkingowych lub miejska strefa p\u0142atna wzd\u0142u\u017c ulicy.<\/span><\/p>\n<p><b>Rower:<\/b><span style=\"font-weight: 400;\"> Brak stojak\u00f3w rowerowych. Najbli\u017csza stacja Metrorower w promieniu 300\u202fm.<\/span><\/p>\n<p><b>Przystanki tramwajowe (\u2264\u202f1\u202fkm):<\/b><span style=\"font-weight: 400;\"> Katowice Szko\u0142a Filmowa U\u015a, Katowice Rynek<\/span><\/p>\n<p><b>Przystanki autobusowe (\u2264\u202f1\u202fkm):<\/b><span style=\"font-weight: 400;\"> Katowice Uniwersytet\u202f\u015al\u0105ski, Katowice Szkolna, Katowice Uniwersytet \u015al\u0105ski, Katowice Strefa Kultury NOSPR, Katowice Aleja Korfantego\u00a0<\/span><\/p>\n<p><b>Dworzec kolejowy:<\/b><span style=\"font-weight: 400;\"> Katowice \u2013 15\u202fmin pieszo<\/span><\/p>\n<hr \/>\n<p><b>Wydzia\u0142 Nauk \u015acis\u0142ych i Technicznych &#8211; Bud. G\u0142. Inst. Chemii (Katowice, ul. Szkolna 9)<\/b><\/p>\n<p><b>Adres:<\/b><span style=\"font-weight: 400;\"> Szkolna 9, 40-006 Katowice<\/span><\/p>\n<p><b>Dojazd samochodem:<\/b><span style=\"font-weight: 400;\"> Dost\u0119pny parking uczelniany lub miejska strefa p\u0142atna wzd\u0142u\u017c ulicy.<\/span><\/p>\n<p><b>Rower:<\/b><span style=\"font-weight: 400;\"> Stojaki rowerowe przy wej\u015bciu. Najbli\u017csza stacja Metrorower w promieniu 300\u202fm.<\/span><\/p>\n<p><b>Przystanki tramwajowe (\u2264\u202f1\u202fkm):<\/b><span style=\"font-weight: 400;\"> Katowice Szko\u0142a Filmowa U\u015a, Katowice Rynek, Katowice Rynek Teatr \u015al\u0105ski<\/span><\/p>\n<p><b>Przystanki autobusowe (\u2264\u202f1\u202fkm):<\/b><span style=\"font-weight: 400;\"> Katowice Uniwersytet\u202f\u015al\u0105ski, Katowice Szkolna, Katowice Uniwersytet \u015al\u0105ski, Katowice Strefa Kultury NOSPR, Katowice Aleja Korfantego\u00a0<\/span><\/p>\n<p><b>Dworzec kolejowy:<\/b><span style=\"font-weight: 400;\"> Katowice \u201310\u202fmin pieszo<\/span><\/p>\n<hr \/>\n<h4><b>Wydzia\u0142 Nauk Przyrodniczych (Katowice, ul. Jagiello\u0144ska 28)<\/b><\/h4>\n<p><b>Adres:<\/b><span style=\"font-weight: 400;\"> Jagiello\u0144ska 26-28, 40-032 Katowice<\/span><\/p>\n<p><b>Dojazd samochodem:<\/b><span style=\"font-weight: 400;\"> Dost\u0119pny parking uczelniany lub miejska strefa p\u0142atna wzd\u0142u\u017c ulicy.<\/span><\/p>\n<p><b>Rower:<\/b><span style=\"font-weight: 400;\"> Stojaki rowerowe przy wej\u015bciu, od strony parking wewn\u0119trznego. Najbli\u017csza stacja Metrorower w promieniu 20\u202fm \u2013 naprzeciwko budynku przy pl. Sejmu \u015al\u0105skiego.<\/span><\/p>\n<p><b>Przystanki tramwajowe (\u2264\u202f1\u202fkm):<\/b><span style=\"font-weight: 400;\"> Katowice Jordana<\/span><\/p>\n<p><b>Przystanki autobusowe (\u2264\u202f1\u202fkm):<\/b><span style=\"font-weight: 400;\"> Katowice Jagiello\u0144ska,\u00a0<\/span><\/p>\n<p><b>Dworzec kolejowy:<\/b><span style=\"font-weight: 400;\"> Katowice\u00a0 &#8211; 10\u202fmin pieszo<\/span><\/p>\n<hr \/>\n<h4><b>Wydzia\u0142 Teologiczny (Katowice, ul. Jordana 18)<\/b><\/h4>\n<p><b>Adres:<\/b><span style=\"font-weight: 400;\"> Jordana 18, 40-043 Katowice<\/span><\/p>\n<p><b>Dojazd samochodem:<\/b><span style=\"font-weight: 400;\"> Dost\u0119pny parking uczelniany lub miejska strefa p\u0142atna wzd\u0142u\u017c ulicy.<\/span><\/p>\n<p><b>Rower:<\/b><span style=\"font-weight: 400;\"> Brak stojak\u00f3w rowerowych Najbli\u017csza stacja Metrorower w promieniu 500\u202fm..<\/span><\/p>\n<p><b>Przystanki tramwajowe (\u2264\u202f1\u202fkm):<\/b><span style=\"font-weight: 400;\"> Katowice Jordana<\/span><\/p>\n<p><b>Przystanki autobusowe (\u2264\u202f1\u202fkm):<\/b><span style=\"font-weight: 400;\"> Katowice Powsta\u0144c\u00f3w Przychodnie, Katowice Francuska, Katowice Francuska S\u0105d<\/span><\/p>\n<p><b>Dworzec kolejowy:<\/b><span style=\"font-weight: 400;\"> Katowice\u00a0 &#8211; 11\u202fmin pieszo<\/span><\/p>\n<hr \/>\n<h4><b>Wydzia\u0142 Nauk Spo\u0142ecznych (Katowice, ul. Gra\u017cy\u0144skiego 53)<\/b><\/h4>\n<p><b>Adres:<\/b><span style=\"font-weight: 400;\"> Gra\u017cy\u0144skiego 53, 40-126 Katowice<\/span><\/p>\n<p><b>Dojazd samochodem:<\/b><span style=\"font-weight: 400;\"> Dost\u0119pny parking uczelniany lub miejska strefa p\u0142atna wzd\u0142u\u017c ulicy.<\/span><\/p>\n<p><b>Rower:<\/b><span style=\"font-weight: 400;\"> Stojaki rowerowe przy wej\u015bciu. Najbli\u017csza stacja Metrorower w promieniu 500\u202fm.<\/span><\/p>\n<p><b>Przystanki tramwajowe (\u2264\u202f1\u202fkm):<\/b><span style=\"font-weight: 400;\"> Katowice Sokolska, Katowice St\u0119\u015blickiego<\/span><\/p>\n<p><b>Przystanki autobusowe (\u2264\u202f1\u202fkm):<\/b><span style=\"font-weight: 400;\"> Katowice St\u0119\u015blickiego, Katowice Chorzowska, Katowice Sokolska<\/span><\/p>\n<p><b>Dworzec kolejowy:<\/b><span style=\"font-weight: 400;\"> Katowice\u00a0 &#8211; 25 min pieszo<\/span><\/p>\n<\/div>\r\n                    <\/div>\r\n                <\/div>[\/vc_column][\/vc_row]<\/p>","protected":false},"excerpt":{"rendered":"<p>[vc_row][vc_column][\/vc_column][\/vc_row][vc_row el_class=&#8221;container&#8221;][vc_column width=&#8221;1\/2&#8243;][\/vc_column][vc_column width=&#8221;1\/2&#8243;][vc_empty_space][\/vc_column][\/vc_row] [&#8230;]<\/p>\n<p><a class=\"btn btn-secondary understrap-read-more-link\" href=\"https:\/\/us.edu.pl\/student\/nowy-student\/nowy-student-pierwsze-kroki\/jak-dotrzec-na-swoj-wydzial\/\">Read More&#8230;<\/a><\/p>\n","protected":false},"author":28,"featured_media":0,"parent":4377,"menu_order":0,"comment_status":"closed","ping_status":"closed","template":"","meta":{"_expiration-date-status":"","_expiration-date":0,"_expiration-date-type":"","_expiration-date-categories":[],"_expiration-date-options":[]},"acf":[],"_links":{"self":[{"href":"https:\/\/us.edu.pl\/student\/wp-json\/wp\/v2\/pages\/58141"}],"collection":[{"href":"https:\/\/us.edu.pl\/student\/wp-json\/wp\/v2\/pages"}],"about":[{"href":"https:\/\/us.edu.pl\/student\/wp-json\/wp\/v2\/types\/page"}],"author":[{"embeddable":true,"href":"https:\/\/us.edu.pl\/student\/wp-json\/wp\/v2\/users\/28"}],"replies":[{"embeddable":true,"href":"https:\/\/us.edu.pl\/student\/wp-json\/wp\/v2\/comments?post=58141"}],"version-history":[{"count":6,"href":"https:\/\/us.edu.pl\/student\/wp-json\/wp\/v2\/pages\/58141\/revisions"}],"predecessor-version":[{"id":58185,"href":"https:\/\/us.edu.pl\/student\/wp-json\/wp\/v2\/pages\/58141\/revisions\/58185"}],"up":[{"embeddable":true,"href":"https:\/\/us.edu.pl\/student\/wp-json\/wp\/v2\/pages\/4377"}],"wp:attachment":[{"href":"https:\/\/us.edu.pl\/student\/wp-json\/wp\/v2\/media?parent=58141"}],"curies":[{"name":"wp","href":"https:\/\/api.w.org\/{rel}","templated":true}]}}