{"id":5817,"date":"2019-10-08T16:16:08","date_gmt":"2019-10-08T14:16:08","guid":{"rendered":"https:\/\/us.edu.pl\/student\/?page_id=5817"},"modified":"2020-03-11T13:36:18","modified_gmt":"2020-03-11T12:36:18","slug":"izabela-matula","status":"publish","type":"page","link":"https:\/\/us.edu.pl\/student\/dzialalnosc-studencka\/wyroznienia-jm-rektora-us\/laureaci-poprzednich-edycji\/laureaci-2019\/doktoranci\/izabela-matula\/","title":{"rendered":"Izabela Matu\u0142a"},"content":{"rendered":"<p>[vc_row el_class=&#8221;container&#8221;][vc_column el_class=&#8221;container&#8221;]\r\n                <div class=\"text-modules reverse\">\r\n                    <div class=\"container\">\r\n                        <h3 class=\"section-title section-title_border-bottom\">Izabela Matu\u0142a<\/h3> \r\n                        <div class=\"row m-0\">\r\n                            <div class=\"text-modules__content\">\r\n                                <\/p>\n<p class=\"rtejustify\">Doktorantka IV roku in\u017cynierii materia\u0142owej na Wydziale Informatyki i Nauki o Materia\u0142ach. Cz\u0142onek ko\u0142a naukowego dzia\u0142aj\u0105cego w Instytucie Nauki o Materia\u0142ach oraz Zespo\u0142u Akredytowanych Laboratori\u00f3w Badawczych \u2013 Laboratorium Dyfrakcji Rentgenowskich. Bra\u0142a udzia\u0142 w wielu wydarzeniach organizowanych we wsp\u00f3\u0142pracy z Instytutem Nauki o Materia\u0142ach, m.in. wsp\u00f3\u0142organizowa\u0142a warsztaty podczas \u015al\u0105skiego Festiwalu Nauki, przygotowa\u0142a wyk\u0142ad podczas \u015awi\u0119ta Liczby Pi, by\u0142a wykonawc\u0105 Chorzowskiego Festiwalu Nauki. Autorka artyku\u0142\u00f3w naukowych. Bra\u0142a czynny udzia\u0142 w licznych konferencjach, np. XXIV Conference on Applied Crystallography, NanoOstrava 2017, 58 Konwersatorium Krystalograficzne. Do najwi\u0119kszych osi\u0105gni\u0119\u0107 zalicza: wytworzenie porowatych biokompozyt\u00f3w metal-ceramika na bazie tytanu przy zastosowaniu metody metalurgii proszk\u00f3w oraz udzia\u0142 w otrzymywaniu porowatych stop\u00f3w na bazie tytanu z pierwiastkami witalnymi (np. Nb, Ta, Zr) do potencjalnych zastosowa\u0144 w medycynie.\u00a0 Uczestniczy\u0142a w Hercules-Solaris Regional School na temat promieniowania synchrotronowego realizowanego przez Polskie Towarzystwo Promieniowania Synchrotronowego.<\/p>\n<p class=\"rtejustify\">Zainteresowania i pasje: ksi\u0105\u017cki (w szczeg\u00f3lno\u015bci reporta\u017ce oraz ksi\u0105\u017cki o tematyce wojennej), opieka nad kr\u00f3likami.<\/p>\n<p class=\"rtejustify\"><span style=\"font-size: 10pt\">Powy\u017csze informacje nie obejmuj\u0105 ca\u0142ej dzia\u0142alno\u015bci danej osoby i zosta\u0142y opublikowane w ramach konkursu JM Rektora Uniwersytetu \u015al\u0105skiego. Dane pochodz\u0105 z czerwca 2019 r.<\/span><\/p>\n<p>\u00a0 \r\n                                <div class=\"mt-3\"><\/div>\r\n                            <\/div>\r\n                            \r\n                            <div class=\"text-modules__img\"><img src=\"https:\/\/us.edu.pl\/student\/wp-content\/uploads\/sites\/3\/Nieprzypisane\/matula_iza_1-e1642505853369.jpg\" alt=\"img\"><\/div>\r\n                        <\/div>\r\n                    <\/div>\r\n                <\/div>[myprefix_functional_icons print_icon=&#8221;yes&#8221;][\/vc_column][\/vc_row]<\/p>","protected":false},"excerpt":{"rendered":"<p>[vc_row el_class=&#8221;container&#8221;][vc_column el_class=&#8221;container&#8221;][myprefix_functional_icons print_icon=&#8221;yes&#8221;][\/vc_column][\/vc_row] [&#8230;]<\/p>\n<p><a class=\"btn btn-secondary understrap-read-more-link\" href=\"https:\/\/us.edu.pl\/student\/dzialalnosc-studencka\/wyroznienia-jm-rektora-us\/laureaci-poprzednich-edycji\/laureaci-2019\/doktoranci\/izabela-matula\/\">Read More&#8230;<\/a><\/p>\n","protected":false},"author":1,"featured_media":5818,"parent":19685,"menu_order":0,"comment_status":"closed","ping_status":"closed","template":"","meta":{"_expiration-date-status":"saved","_expiration-date":0,"_expiration-date-type":"","_expiration-date-categories":[],"_expiration-date-options":[]},"acf":[],"_links":{"self":[{"href":"https:\/\/us.edu.pl\/student\/wp-json\/wp\/v2\/pages\/5817"}],"collection":[{"href":"https:\/\/us.edu.pl\/student\/wp-json\/wp\/v2\/pages"}],"about":[{"href":"https:\/\/us.edu.pl\/student\/wp-json\/wp\/v2\/types\/page"}],"author":[{"embeddable":true,"href":"https:\/\/us.edu.pl\/student\/wp-json\/wp\/v2\/users\/1"}],"replies":[{"embeddable":true,"href":"https:\/\/us.edu.pl\/student\/wp-json\/wp\/v2\/comments?post=5817"}],"version-history":[{"count":0,"href":"https:\/\/us.edu.pl\/student\/wp-json\/wp\/v2\/pages\/5817\/revisions"}],"up":[{"embeddable":true,"href":"https:\/\/us.edu.pl\/student\/wp-json\/wp\/v2\/pages\/19685"}],"wp:featuredmedia":[{"embeddable":true,"href":"https:\/\/us.edu.pl\/student\/wp-json\/wp\/v2\/media\/5818"}],"wp:attachment":[{"href":"https:\/\/us.edu.pl\/student\/wp-json\/wp\/v2\/media?parent=5817"}],"curies":[{"name":"wp","href":"https:\/\/api.w.org\/{rel}","templated":true}]}}