{"id":5832,"date":"2019-10-08T16:25:22","date_gmt":"2019-10-08T14:25:22","guid":{"rendered":"https:\/\/us.edu.pl\/student\/?page_id=5832"},"modified":"2020-03-11T13:37:20","modified_gmt":"2020-03-11T12:37:20","slug":"katarzyna-ziolo","status":"publish","type":"page","link":"https:\/\/us.edu.pl\/student\/dzialalnosc-studencka\/wyroznienia-jm-rektora-us\/laureaci-poprzednich-edycji\/laureaci-2019\/doktoranci\/katarzyna-ziolo\/","title":{"rendered":"Katarzyna Zio\u0142o"},"content":{"rendered":"<p>[vc_row el_class=&#8221;container&#8221;][vc_column el_class=&#8221;container&#8221;]\r\n                <div class=\"text-modules reverse\">\r\n                    <div class=\"container\">\r\n                        <h3 class=\"section-title section-title_border-bottom\">Katarzyna Zio\u0142o<\/h3> \r\n                        <div class=\"row m-0\">\r\n                            <div class=\"text-modules__content\">\r\n                                <\/p>\n<p class=\"rtejustify\">Doktorantka III roku kulturoznawstwa na\u00a0Wydziale Filologicznym. Za\u0142o\u017cycielka doktoranckiego Ko\u0142a Naukowego Prototyp, opiekun Studenckiego Ko\u0142a Naukowego M\u0142odych Teatrolog\u00f3w. Zdoby\u0142a nagrod\u0119 dla M\u0142odego Tw\u00f3rcy Kultury Urz\u0119du Miasta Katowice (2016). Za\u0142o\u017cycielka fundacji Wielki Cz\u0142owiek. Jest uczestniczk\u0105 oko\u0142o 20 wystaw, ponad 10 spektakli, wielu pokaz\u00f3w pracy tw\u00f3rczej. Uczy\u0142a si\u0119 u \u015bwiatowej s\u0142awy pedagog\u00f3w, choreograf\u00f3w i tancerzy w Polsce i za granic\u0105. Pracuje jako pedagog ta\u0144ca, choreograf, tancerka, performerka.\u00a0 Pasj\u0119 do ta\u0144ca, performance i teatru \u0142\u0105czy w praktyczny i teoretyczny spos\u00f3b. Tworzy sztuk\u0119, pisze o niej (pisz\u0105c recenzje dla czasopism teatralnych i artystycznych) i uczy o niej podczas organizowanych spotka\u0144, warsztat\u00f3w i podczas zaj\u0119\u0107 na uczelni. W swojej pracy naukowej (w kt\u00f3rej zajmuje si\u0119 szczeg\u00f3lnie performance art opartym na technikach choreograficznych) stara si\u0119 \u0142\u0105czy\u0107\u00a0 do\u015bwiadczenie artystyczne z zapleczem badawczym zdobytym przez okres studi\u00f3w. Wyst\u0105pi\u0142a m.in. w pierwszym na \u015al\u0105sku filmie ta\u0144ca \u201eSLAVIC BODY\u201d. Jest autork\u0105 wielu publikacji naukowych, np. \u201ePerformance, happening, flash mob \u2013 teatralne interwencje strategi\u0105 na partycypowanie przestrzeni miejskiej w sztuce wsp\u00f3\u0142czesnej\u201d.<\/p>\n<p class=\"rtejustify\">Zainteresowania i pasje: performance art, teatr ta\u0144ca, literatura, sztuka wsp\u00f3\u0142czesna, film, podr\u00f3\u017ce, joga, narciarstwo, spacery, sport (wszelki), dzia\u0142ania na rzecz kultury i sztuki, w tym tak\u017ce dzia\u0142ania edukacyjne.<\/p>\n<p class=\"rtejustify\"><span style=\"font-size: 10pt\">Powy\u017csze informacje nie obejmuj\u0105 ca\u0142ej dzia\u0142alno\u015bci danej osoby i zosta\u0142y opublikowane w ramach konkursu JM Rektora Uniwersytetu \u015al\u0105skiego. Dane pochodz\u0105 z czerwca 2019 r.<\/span><\/p>\n<div class=\"mt-3\"><\/div>\r\n                            <\/div>\r\n                            \r\n                            <div class=\"text-modules__img\"><img src=\"https:\/\/us.edu.pl\/student\/wp-content\/uploads\/sites\/3\/Nieprzypisane\/ziolo_katarzyna_1-e1642505776315.jpg\" alt=\"img\"><\/div>\r\n                        <\/div>\r\n                    <\/div>\r\n                <\/div>[myprefix_functional_icons print_icon=&#8221;yes&#8221;][\/vc_column][\/vc_row]<\/p>","protected":false},"excerpt":{"rendered":"<p>[vc_row el_class=&#8221;container&#8221;][vc_column el_class=&#8221;container&#8221;][myprefix_functional_icons print_icon=&#8221;yes&#8221;][\/vc_column][\/vc_row] [&#8230;]<\/p>\n<p><a class=\"btn btn-secondary understrap-read-more-link\" href=\"https:\/\/us.edu.pl\/student\/dzialalnosc-studencka\/wyroznienia-jm-rektora-us\/laureaci-poprzednich-edycji\/laureaci-2019\/doktoranci\/katarzyna-ziolo\/\">Read More&#8230;<\/a><\/p>\n","protected":false},"author":1,"featured_media":5833,"parent":19685,"menu_order":0,"comment_status":"closed","ping_status":"closed","template":"","meta":{"_expiration-date-status":"saved","_expiration-date":0,"_expiration-date-type":"","_expiration-date-categories":[],"_expiration-date-options":[]},"acf":[],"_links":{"self":[{"href":"https:\/\/us.edu.pl\/student\/wp-json\/wp\/v2\/pages\/5832"}],"collection":[{"href":"https:\/\/us.edu.pl\/student\/wp-json\/wp\/v2\/pages"}],"about":[{"href":"https:\/\/us.edu.pl\/student\/wp-json\/wp\/v2\/types\/page"}],"author":[{"embeddable":true,"href":"https:\/\/us.edu.pl\/student\/wp-json\/wp\/v2\/users\/1"}],"replies":[{"embeddable":true,"href":"https:\/\/us.edu.pl\/student\/wp-json\/wp\/v2\/comments?post=5832"}],"version-history":[{"count":0,"href":"https:\/\/us.edu.pl\/student\/wp-json\/wp\/v2\/pages\/5832\/revisions"}],"up":[{"embeddable":true,"href":"https:\/\/us.edu.pl\/student\/wp-json\/wp\/v2\/pages\/19685"}],"wp:featuredmedia":[{"embeddable":true,"href":"https:\/\/us.edu.pl\/student\/wp-json\/wp\/v2\/media\/5833"}],"wp:attachment":[{"href":"https:\/\/us.edu.pl\/student\/wp-json\/wp\/v2\/media?parent=5832"}],"curies":[{"name":"wp","href":"https:\/\/api.w.org\/{rel}","templated":true}]}}