{"id":5845,"date":"2019-10-08T16:37:31","date_gmt":"2019-10-08T14:37:31","guid":{"rendered":"https:\/\/us.edu.pl\/student\/?page_id=5845"},"modified":"2020-03-11T13:43:42","modified_gmt":"2020-03-11T12:43:42","slug":"marta-kocyba","status":"publish","type":"page","link":"https:\/\/us.edu.pl\/student\/dzialalnosc-studencka\/wyroznienia-jm-rektora-us\/laureaci-poprzednich-edycji\/laureaci-2019\/uniwersytet-slaski-dzieci\/marta-kocyba\/","title":{"rendered":"Marta Kocyba"},"content":{"rendered":"<p>[vc_row el_class=&#8221;container&#8221;][vc_column el_class=&#8221;container&#8221;]\r\n                <div class=\"text-modules reverse\">\r\n                    <div class=\"container\">\r\n                        <h3 class=\"section-title section-title_border-bottom\">Marta Kocyba<\/h3> <h3 class=\"subtitle text-modules__subtitle\">(Eksperci)<\/h3>\r\n                        <div class=\"row m-0\">\r\n                            <div class=\"text-modules__content\">\r\n                                <\/p>\n<p class=\"rtejustify\">Podczas 11 lat nieprzerwanych trening\u00f3w Aikido Shudokan osi\u0105gn\u0119\u0142a stopie\u0144 Shodan (1 dan) w grupie juniorskiej, obecnie 4 kyu w grupie doros\u0142ych. Bra\u0142a udzia\u0142 w trzech mi\u0119dzynarodowych seminariach pod przewodnictwem Joe Thambu Sensei (7 dan) oraz zawodach Jiu Waza Competition dwukrotnie zdobywaj\u0105c srebrny medal. Uzyska\u0142a stypendium Marsza\u0142ka wojew\u00f3dztwa \u015bl\u0105skiego w ramach projektu \u015al\u0105skie &#8211;\u00a0 Inwestujemy w talenty \u2013 II edycja. Skonstruowa\u0142a robota poruszaj\u0105cego si\u0119 po czarnej linii wyznaczonej na pod\u0142o\u017cu opartego o platform\u0119 Arduino. Efekt jej wysi\u0142k\u00f3w zosta\u0142 udokumentowany w Gwarku 39\/2017 z 03.10.2017 oraz kilkana\u015bcie dni p\u00f3\u017aniej w telewizji (Teleexpress Extra oraz Aktualno\u015bci TVP Info). Jak sama m\u00f3wi, Uniwersytet \u015al\u0105ski jest szans\u0105 na rozw\u00f3j, na poznanie nowych ludzi (r\u00f3wie\u015bnik\u00f3w, ale te\u017c wyk\u0142adowc\u00f3w), na nauczenie si\u0119 czego\u015b nowego, na odkrycie nowego talentu, a mo\u017ce nawet powo\u0142ania. Jej mottem jest cytat z\u00a0 Edwarda Johna Phelpsa \u201eCz\u0142owiek, kt\u00f3ry nie robi b\u0142\u0119d\u00f3w, zwykle nie robi niczego\u201d.<\/p>\n<p>\u00a0 \r\n                                <div class=\"mt-3\"><\/div>\r\n                            <\/div>\r\n                            \r\n                            <div class=\"text-modules__img\"><img src=\"https:\/\/us.edu.pl\/student\/wp-content\/uploads\/sites\/3\/2019\/10\/kocyba_marta_1-e1642505749286.jpg\" alt=\"img\"><\/div>\r\n                        <\/div>\r\n                    <\/div>\r\n                <\/div>[myprefix_functional_icons print_icon=&#8221;yes&#8221;][\/vc_column][\/vc_row]<\/p>","protected":false},"excerpt":{"rendered":"<p>[vc_row el_class=&#8221;container&#8221;][vc_column el_class=&#8221;container&#8221;][myprefix_functional_icons print_icon=&#8221;yes&#8221;][\/vc_column][\/vc_row] [&#8230;]<\/p>\n<p><a class=\"btn btn-secondary understrap-read-more-link\" href=\"https:\/\/us.edu.pl\/student\/dzialalnosc-studencka\/wyroznienia-jm-rektora-us\/laureaci-poprzednich-edycji\/laureaci-2019\/uniwersytet-slaski-dzieci\/marta-kocyba\/\">Read More&#8230;<\/a><\/p>\n","protected":false},"author":1,"featured_media":5846,"parent":19689,"menu_order":0,"comment_status":"closed","ping_status":"closed","template":"","meta":{"_expiration-date-status":"saved","_expiration-date":0,"_expiration-date-type":"","_expiration-date-categories":[],"_expiration-date-options":[]},"acf":[],"_links":{"self":[{"href":"https:\/\/us.edu.pl\/student\/wp-json\/wp\/v2\/pages\/5845"}],"collection":[{"href":"https:\/\/us.edu.pl\/student\/wp-json\/wp\/v2\/pages"}],"about":[{"href":"https:\/\/us.edu.pl\/student\/wp-json\/wp\/v2\/types\/page"}],"author":[{"embeddable":true,"href":"https:\/\/us.edu.pl\/student\/wp-json\/wp\/v2\/users\/1"}],"replies":[{"embeddable":true,"href":"https:\/\/us.edu.pl\/student\/wp-json\/wp\/v2\/comments?post=5845"}],"version-history":[{"count":0,"href":"https:\/\/us.edu.pl\/student\/wp-json\/wp\/v2\/pages\/5845\/revisions"}],"up":[{"embeddable":true,"href":"https:\/\/us.edu.pl\/student\/wp-json\/wp\/v2\/pages\/19689"}],"wp:featuredmedia":[{"embeddable":true,"href":"https:\/\/us.edu.pl\/student\/wp-json\/wp\/v2\/media\/5846"}],"wp:attachment":[{"href":"https:\/\/us.edu.pl\/student\/wp-json\/wp\/v2\/media?parent=5845"}],"curies":[{"name":"wp","href":"https:\/\/api.w.org\/{rel}","templated":true}]}}