{"id":5849,"date":"2019-10-08T16:41:00","date_gmt":"2019-10-08T14:41:00","guid":{"rendered":"https:\/\/us.edu.pl\/student\/?page_id=5849"},"modified":"2020-03-11T13:44:22","modified_gmt":"2020-03-11T12:44:22","slug":"marta-kolon","status":"publish","type":"page","link":"https:\/\/us.edu.pl\/student\/dzialalnosc-studencka\/wyroznienia-jm-rektora-us\/laureaci-poprzednich-edycji\/laureaci-2019\/uniwersytet-slaski-dzieci\/marta-kolon\/","title":{"rendered":"Marta Kolon"},"content":{"rendered":"<p>[vc_row el_class=&#8221;container&#8221;][vc_column el_class=&#8221;container&#8221;]\r\n                <div class=\"text-modules reverse\">\r\n                    <div class=\"container\">\r\n                        <h3 class=\"section-title section-title_border-bottom\">Marta Kolon<\/h3> <h3 class=\"subtitle text-modules__subtitle\">(Poszukiwacze)<\/h3>\r\n                        <div class=\"row m-0\">\r\n                            <div class=\"text-modules__content\">\r\n                                <\/p>\n<p class=\"rtejustify\">Nale\u017cy do najm\u0142odszej grupy Uniwersytetu \u015al\u0105skiego Dzieci\u00a0\u2013\u00a0poszukiwaczy. Sobotnie wyjazdy na Uniwersytet \u015al\u0105ski sta\u0142y si\u0119 dla niej sta\u0142ym i naturalnym punktem miesi\u0105ca. Jej zainteresowania i pasje to gady i p\u0142azy, filmy Star Wars i o Pokemonach, programy o zwierz\u0119tach oraz programy naukowe dla dzieci, kosmos, muzyka (Beata Przybytek, Gorillaz, Queen, Metallica), rysowanie i kolorowanie, dobre jedzenie, basen i rolki oraz ksi\u0105\u017cki o Albercie. W\u015br\u00f3d swoich osi\u0105gni\u0119\u0107 mo\u017ce wymieni\u0107 samodzieln\u0105 nauk\u0119 czytania, zami\u0142owanie do liczenia i opanowanie jazdy na rowerze bez pomocy doros\u0142ego.<\/p>\n<p class=\"rtejustify\"><span style=\"font-size: 10pt\">Powy\u017csze informacje nie obejmuj\u0105 ca\u0142ej dzia\u0142alno\u015bci danej osoby i zosta\u0142y opublikowane w ramach konkursu JM Rektora Uniwersytetu \u015al\u0105skiego. Dane pochodz\u0105 z czerwca 2019 r.<\/span><\/p>\n<div class=\"mt-3\"><\/div>\r\n                            <\/div>\r\n                            \r\n                            <div class=\"text-modules__img\"><img src=\"https:\/\/us.edu.pl\/student\/wp-content\/uploads\/sites\/3\/2019\/10\/kolon_marta_2-e1642505738380.jpg\" alt=\"img\"><\/div>\r\n                        <\/div>\r\n                    <\/div>\r\n                <\/div>[myprefix_functional_icons print_icon=&#8221;yes&#8221;][\/vc_column][\/vc_row]<\/p>","protected":false},"excerpt":{"rendered":"<p>[vc_row el_class=&#8221;container&#8221;][vc_column el_class=&#8221;container&#8221;][myprefix_functional_icons print_icon=&#8221;yes&#8221;][\/vc_column][\/vc_row] [&#8230;]<\/p>\n<p><a class=\"btn btn-secondary understrap-read-more-link\" href=\"https:\/\/us.edu.pl\/student\/dzialalnosc-studencka\/wyroznienia-jm-rektora-us\/laureaci-poprzednich-edycji\/laureaci-2019\/uniwersytet-slaski-dzieci\/marta-kolon\/\">Read More&#8230;<\/a><\/p>\n","protected":false},"author":1,"featured_media":5850,"parent":19689,"menu_order":0,"comment_status":"closed","ping_status":"closed","template":"","meta":{"_expiration-date-status":"saved","_expiration-date":0,"_expiration-date-type":"","_expiration-date-categories":[],"_expiration-date-options":[]},"acf":[],"_links":{"self":[{"href":"https:\/\/us.edu.pl\/student\/wp-json\/wp\/v2\/pages\/5849"}],"collection":[{"href":"https:\/\/us.edu.pl\/student\/wp-json\/wp\/v2\/pages"}],"about":[{"href":"https:\/\/us.edu.pl\/student\/wp-json\/wp\/v2\/types\/page"}],"author":[{"embeddable":true,"href":"https:\/\/us.edu.pl\/student\/wp-json\/wp\/v2\/users\/1"}],"replies":[{"embeddable":true,"href":"https:\/\/us.edu.pl\/student\/wp-json\/wp\/v2\/comments?post=5849"}],"version-history":[{"count":0,"href":"https:\/\/us.edu.pl\/student\/wp-json\/wp\/v2\/pages\/5849\/revisions"}],"up":[{"embeddable":true,"href":"https:\/\/us.edu.pl\/student\/wp-json\/wp\/v2\/pages\/19689"}],"wp:featuredmedia":[{"embeddable":true,"href":"https:\/\/us.edu.pl\/student\/wp-json\/wp\/v2\/media\/5850"}],"wp:attachment":[{"href":"https:\/\/us.edu.pl\/student\/wp-json\/wp\/v2\/media?parent=5849"}],"curies":[{"name":"wp","href":"https:\/\/api.w.org\/{rel}","templated":true}]}}