{"id":5853,"date":"2019-10-08T16:47:12","date_gmt":"2019-10-08T14:47:12","guid":{"rendered":"https:\/\/us.edu.pl\/student\/?page_id=5853"},"modified":"2020-03-11T13:46:28","modified_gmt":"2020-03-11T12:46:28","slug":"marian-seremak","status":"publish","type":"page","link":"https:\/\/us.edu.pl\/student\/dzialalnosc-studencka\/wyroznienia-jm-rektora-us\/laureaci-poprzednich-edycji\/laureaci-2019\/uniwersytet-trzeciego-wieku\/marian-seremak\/","title":{"rendered":"Marian Seremak"},"content":{"rendered":"<p>[vc_row el_class=&#8221;container&#8221;][vc_column el_class=&#8221;container&#8221;]\r\n                <div class=\"text-modules reverse\">\r\n                    <div class=\"container\">\r\n                        <h3 class=\"section-title section-title_border-bottom\">Marian Seremak<\/h3> \r\n                        <div class=\"row m-0\">\r\n                            <div class=\"text-modules__content\">\r\n                                <\/p>\n<p class=\"rtejustify\">Po przej\u015bciu na emerytur\u0119 zapisa\u0142 si\u0119 na UTW U\u015a Katowice i rozpocz\u0105\u0142 w ramach UTW wsp\u00f3\u0142prac\u0119 z Fundacj\u0105 Dla Ludzi Potrzebuj\u0105cych Pomocy \u201eGniazdo\u201d w Katowicach. Pan Marian od dw\u00f3ch lat pomaga w odrabianiu lekcji oraz korepetycjach dzieciom ze szko\u0142y podstawowej i gimnazjum, przebywaj\u0105cym w Fundacji po zaj\u0119ciach\u00a0 szkolnych. W 2018 roku przej\u0105\u0142 opiek\u0119 nad grup\u0105 wolontariuszy przy UTW U\u015a. Grupa liczy 10 os\u00f3b, z czego 7 os\u00f3b pomaga dzieciom w Fundacji, a 3 osoby w Stowarzyszeniu Pomocy Dzieciom i M\u0142odzie\u017cy\u00a0 w Domu\u00a0 Anio\u0142\u00f3w Str\u00f3\u017c\u00f3w w Katowicach. Pod koniec maja 2019 grupa wolontariuszy zorganizowa\u0142a w Fundacji Dzie\u0144 Dziecka z konkursami i pocz\u0119stunkiem. Od stycznia 2019 roku Pan Marian Seremak przygotowuje projekt warsztat\u00f3w\u00a0edukacji ekologicznej pod tytu\u0142em \u201eDruk 3D a ochrona \u015brodowiska\u201d, we wsp\u00f3\u0142pracy z UNIBOT w Uniwersytecie Otwartym U\u015a (dr Joanna Fory\u015b) oraz Zespo\u0142em Szk\u00f3\u0142 nr 2 w Murckach. Realizacja projektu planowana\u00a0 jest na listopad 2019 roku. Jego zainteresowania i pasje to sport i turystyka.<\/p>\n<p class=\"rtejustify\"><span style=\"font-size: 10pt\">Powy\u017csze informacje nie obejmuj\u0105 ca\u0142ej dzia\u0142alno\u015bci danej osoby i zosta\u0142y opublikowane w ramach konkursu JM Rektora Uniwersytetu \u015al\u0105skiego. Dane pochodz\u0105 z czerwca 2019 r.<\/span><\/p>\n<div class=\"mt-3\"><\/div>\r\n                            <\/div>\r\n                            \r\n                            <div class=\"text-modules__img\"><img src=\"https:\/\/us.edu.pl\/student\/wp-content\/uploads\/sites\/3\/Nieprzypisane\/seremak1-e1642505728842.jpg\" alt=\"img\"><\/div>\r\n                        <\/div>\r\n                    <\/div>\r\n                <\/div>[myprefix_functional_icons print_icon=&#8221;yes&#8221;][\/vc_column][\/vc_row]<\/p>","protected":false},"excerpt":{"rendered":"<p>[vc_row el_class=&#8221;container&#8221;][vc_column el_class=&#8221;container&#8221;][myprefix_functional_icons print_icon=&#8221;yes&#8221;][\/vc_column][\/vc_row] [&#8230;]<\/p>\n<p><a class=\"btn btn-secondary understrap-read-more-link\" href=\"https:\/\/us.edu.pl\/student\/dzialalnosc-studencka\/wyroznienia-jm-rektora-us\/laureaci-poprzednich-edycji\/laureaci-2019\/uniwersytet-trzeciego-wieku\/marian-seremak\/\">Read More&#8230;<\/a><\/p>\n","protected":false},"author":1,"featured_media":5855,"parent":19693,"menu_order":0,"comment_status":"closed","ping_status":"closed","template":"","meta":{"_expiration-date-status":"saved","_expiration-date":0,"_expiration-date-type":"","_expiration-date-categories":[],"_expiration-date-options":[]},"acf":[],"_links":{"self":[{"href":"https:\/\/us.edu.pl\/student\/wp-json\/wp\/v2\/pages\/5853"}],"collection":[{"href":"https:\/\/us.edu.pl\/student\/wp-json\/wp\/v2\/pages"}],"about":[{"href":"https:\/\/us.edu.pl\/student\/wp-json\/wp\/v2\/types\/page"}],"author":[{"embeddable":true,"href":"https:\/\/us.edu.pl\/student\/wp-json\/wp\/v2\/users\/1"}],"replies":[{"embeddable":true,"href":"https:\/\/us.edu.pl\/student\/wp-json\/wp\/v2\/comments?post=5853"}],"version-history":[{"count":0,"href":"https:\/\/us.edu.pl\/student\/wp-json\/wp\/v2\/pages\/5853\/revisions"}],"up":[{"embeddable":true,"href":"https:\/\/us.edu.pl\/student\/wp-json\/wp\/v2\/pages\/19693"}],"wp:featuredmedia":[{"embeddable":true,"href":"https:\/\/us.edu.pl\/student\/wp-json\/wp\/v2\/media\/5855"}],"wp:attachment":[{"href":"https:\/\/us.edu.pl\/student\/wp-json\/wp\/v2\/media?parent=5853"}],"curies":[{"name":"wp","href":"https:\/\/api.w.org\/{rel}","templated":true}]}}