{"id":58549,"date":"2025-08-25T09:27:50","date_gmt":"2025-08-25T07:27:50","guid":{"rendered":"https:\/\/us.edu.pl\/student\/?page_id=58549"},"modified":"2025-08-25T10:54:57","modified_gmt":"2025-08-25T08:54:57","slug":"katowice","status":"publish","type":"page","link":"https:\/\/us.edu.pl\/student\/nowy-student\/nowy-student-pierwsze-kroki\/katowice\/","title":{"rendered":"KATOWICE"},"content":{"rendered":"<p>[vc_row][vc_column]\r\n                <div class=\"text-modules\">\r\n                    <div class=\"container\">\r\n                        <h3 class=\"page-title text__title\">Katowice:<\/h3>\r\n                        <div class=\"text-modules__content\"><p><b>Ze wzgl\u0119du na dynamicznie rozwijaj\u0105ce si\u0119 remonty \u015bled\u017a stron\u0119 ZTM\u00a0<\/b><\/p>\n<p><span style=\"font-weight: 400;\">Lista przystank\u00f3w:<\/span><a href=\"https:\/\/rj.metropoliaztm.pl\/przystanki\/katowice\/\"><span style=\"font-weight: 400;\">https:\/\/rj.metropoliaztm.pl\/przystanki\/katowice\/<\/span><\/a><\/p>\n<p><span style=\"font-weight: 400;\">Wyszukiwarka po\u0142\u0105cze\u0144: <\/span><a href=\"https:\/\/rj.metropoliaztm.pl\/mapa\/\"><span style=\"font-weight: 400;\">https:\/\/rj.metropoliaztm.pl\/mapa\/<\/span><\/a><\/p>\n<p><span style=\"font-weight: 400;\">Mapa stacji Metroroweru:<\/span><a href=\"https:\/\/metrorower.transportgzm.pl\/jak-to-dziala\/\"><span style=\"font-weight: 400;\">https:\/\/metrorower.transportgzm.pl\/jak-to-dziala\/<\/span><\/a><\/p>\n<\/div>\r\n                    <\/div>\r\n                <\/div>\r\n                <div class=\"text-modules\">\r\n                    <div class=\"container\">\r\n                        \r\n                        <div class=\"text-modules__content\"><\/p>\n<h3><b>spinPLACE<\/b><\/h3>\n<p><b>Adres:<\/b><span style=\"font-weight: 400;\"> ul. Bankowa 5, 40-007 Katowice<\/span><\/p>\n<p><b>Dojazd samochodem:<\/b><span style=\"font-weight: 400;\"> Miejska strefa p\u0142atna wzd\u0142u\u017c ulicy.<\/span><\/p>\n<p><b>Rower:<\/b><span style=\"font-weight: 400;\"> Stojaki rowerowe na patio budynku. Najbli\u017csza stacja Metrorower w promieniu 100\u202fm.<\/span><\/p>\n<p><b>Przystanki tramwajowe (\u2264\u202f1\u202fkm):<\/b><span style=\"font-weight: 400;\"> Katowice Szko\u0142a Filmowa U\u015a, Katowice Rynek<\/span><\/p>\n<p><b>Przystanki autobusowe (\u2264\u202f1\u202fkm):<\/b><span style=\"font-weight: 400;\"> Katowice Uniwersytet\u202f\u015al\u0105ski, Katowice Szkolna, Katowice Uniwersytet \u015al\u0105ski, Katowice Strefa Kultury NOSPR, Katowice Aleja Korfantego\u00a0<\/span><\/p>\n<p><b>Dworzec kolejowy:<\/b><span style=\"font-weight: 400;\"> Katowice\u00a0 \u2013 13\u202fmin pieszo<\/span><\/p>\n<p>&nbsp;<\/p>\n<h3><b>Wydzia\u0142 Nauk Przyrodniczych<\/b><\/h3>\n<p><b>Adres:<\/b><span style=\"font-weight: 400;\"> Bankowa 9, 40-007 Katowice<\/span><\/p>\n<p><b>Dojazd samochodem:<\/b><span style=\"font-weight: 400;\"> Dost\u0119pny parking uczelniany dla posiadaczy kart parkingowych lub miejska strefa p\u0142atna wzd\u0142u\u017c ulicy.<\/span><\/p>\n<p><b>Rower:<\/b><span style=\"font-weight: 400;\"> Stojaki rowerowe przy wej\u015bciu. Najbli\u017csza stacja Metrorower w promieniu 60\u202fm.<\/span><\/p>\n<p><b>Przystanki tramwajowe (\u2264\u202f1\u202fkm):<\/b><span style=\"font-weight: 400;\"> Katowice Szko\u0142a Filmowa U\u015a, Katowice Rynek<\/span><\/p>\n<p><b>Przystanki autobusowe (\u2264\u202f1\u202fkm):<\/b><span style=\"font-weight: 400;\"> Katowice Uniwersytet\u202f\u015al\u0105ski, Katowice Szkolna, Katowice Uniwersytet \u015al\u0105ski, Katowice Strefa Kultury NOSPR, Katowice Aleja Korfantego <\/span><b>Dworzec kolejowy:<\/b><span style=\"font-weight: 400;\"> Katowice \u2013 14 min pieszo<\/span><\/p>\n<p>&nbsp;<\/p>\n<h3><b>Wydzia\u0142 Nauk Spo\u0142ecznych\u00a0<\/b><\/h3>\n<p><b>Adres:<\/b><span style=\"font-weight: 400;\"> Bankowa 11, 40-007 Katowice<\/span><\/p>\n<p><b>Dojazd samochodem:<\/b><span style=\"font-weight: 400;\"> Dost\u0119pny parking uczelniany dla posiadaczy kart parkingowych lub miejska strefa p\u0142atna wzd\u0142u\u017c ulicy.<\/span><\/p>\n<p><b>Rower:<\/b><span style=\"font-weight: 400;\"> Stojaki rowerowe przy wej\u015bciu, niezadaszone. Najbli\u017csza stacja Metrorower w promieniu 60\u202fm.<\/span><\/p>\n<p><b>Przystanki tramwajowe (\u2264\u202f1\u202fkm):<\/b><span style=\"font-weight: 400;\"> Katowice Szko\u0142a Filmowa U\u015a, Katowice Rynek<\/span><\/p>\n<p><b>Przystanki autobusowe (\u2264\u202f1\u202fkm):<\/b><span style=\"font-weight: 400;\"> Katowice Uniwersytet\u202f\u015al\u0105ski, Katowice Szkolna, Katowice Uniwersytet \u015al\u0105ski, Katowice Strefa Kultury NOSPR, Katowice Aleja Korfantego\u00a0<\/span><\/p>\n<p><b>Dworzec kolejowy:<\/b><span style=\"font-weight: 400;\"> Katowice \u2013 15\u202fmin pieszo<\/span><\/p>\n<p>&nbsp;<\/p>\n<h3><b>Centrum Informacji Naukowej i Biblioteka Akademicka\u00a0<\/b><\/h3>\n<p><b>Adres:<\/b><span style=\"font-weight: 400;\"> Bankowa 11a, 40-007 Katowice<\/span><\/p>\n<p><b>Dojazd samochodem:<\/b><span style=\"font-weight: 400;\"> Dost\u0119pny parking uczelniany dla posiadaczy kart parkingowych lub miejska strefa p\u0142atna wzd\u0142u\u017c ulicy.<\/span><\/p>\n<p><b>Rower:<\/b><span style=\"font-weight: 400;\"> Stojaki rowerowe przy wej\u015bciu, niezadaszone. Najbli\u017csza stacja Metrorower w promieniu 200\u202fm.<\/span><\/p>\n<p><b>Przystanki tramwajowe (\u2264\u202f1\u202fkm):<\/b><span style=\"font-weight: 400;\"> Katowice Szko\u0142a Filmowa U\u015a, Katowice Rynek<\/span><\/p>\n<p><b>Przystanki autobusowe (\u2264\u202f1\u202fkm):<\/b><span style=\"font-weight: 400;\"> Katowice Uniwersytet\u202f\u015al\u0105ski, Katowice Szkolna, Katowice Uniwersytet \u015al\u0105ski, Katowice Strefa Kultury NOSPR, Katowice Aleja Korfantego\u00a0<\/span><\/p>\n<p><b>Dworzec kolejowy:<\/b><span style=\"font-weight: 400;\"> Katowice\u00a0 &#8211; 18\u202fmin pieszo<\/span><\/p>\n<p>&nbsp;<\/p>\n<h3><b>Wydzia\u0142 Prawa i Administracji<\/b><\/h3>\n<p><b>Adres:<\/b><span style=\"font-weight: 400;\"> Bankowa 11b, 40-007 Katowice<\/span><\/p>\n<p><b>Dojazd samochodem:<\/b><span style=\"font-weight: 400;\"> Dost\u0119pny parking uczelniany dla posiadaczy kart parkingowych lub miejska strefa p\u0142atna wzd\u0142u\u017c ulicy.<\/span><\/p>\n<p><b>Rower:<\/b><span style=\"font-weight: 400;\"> Stojaki rowerowe przy wej\u015bciu, zadaszone. Najbli\u017csza stacja Metrorower w promieniu 300\u202fm.<\/span><\/p>\n<p><b>Przystanki tramwajowe (\u2264\u202f1\u202fkm):<\/b><span style=\"font-weight: 400;\"> Katowice Szko\u0142a Filmowa U\u015a, Katowice Rynek<\/span><\/p>\n<p><b>Przystanki autobusowe (\u2264\u202f1\u202fkm):<\/b><span style=\"font-weight: 400;\"> Katowice Uniwersytet\u202f\u015al\u0105ski, Katowice Szkolna, Katowice Uniwersytet \u015al\u0105ski, Katowice Strefa Kultury NOSPR, Katowice Aleja Korfantego\u00a0<\/span><\/p>\n<p><b>Dworzec kolejowy:<\/b><span style=\"font-weight: 400;\"> Katowice &#8211; 20\u202fmin pieszo<\/span><\/p>\n<p>&nbsp;<\/p>\n<h3><b>Rektorat<\/b><\/h3>\n<p><b>Adres:<\/b><span style=\"font-weight: 400;\"> Bankowa 12, 40-007 Katowice<\/span><\/p>\n<p><b>Dojazd samochodem:<\/b><span style=\"font-weight: 400;\"> Dost\u0119pny parking uczelniany dla posiadaczy kart parkingowych lub miejska strefa p\u0142atna wzd\u0142u\u017c ulicy.<\/span><\/p>\n<p><b>Rower:<\/b><span style=\"font-weight: 400;\"> Stojaki rowerowe przy wej\u015bciu, niezadaszone. Najbli\u017csza stacja Metrorower w promieniu 60\u202fm.<\/span><\/p>\n<p><b>Przystanki tramwajowe (\u2264\u202f1\u202fkm):<\/b><span style=\"font-weight: 400;\"> Katowice Szko\u0142a Filmowa U\u015a, Katowice Rynek<\/span><\/p>\n<p><b>Przystanki autobusowe (\u2264\u202f1\u202fkm):<\/b><span style=\"font-weight: 400;\"> Katowice Uniwersytet\u202f\u015al\u0105ski, Katowice Szkolna, Katowice Uniwersytet \u015al\u0105ski, Katowice Strefa Kultury NOSPR, Katowice Aleja Korfantego\u00a0<\/span><\/p>\n<p><b>Dworzec kolejowy:<\/b><span style=\"font-weight: 400;\"> Katowice &#8211; 15\u202fmin pieszo<\/span><\/p>\n<p>&nbsp;<\/p>\n<h3><b>Wydzia\u0142 Nauk \u015acis\u0142ych i Technicznych<\/b><\/h3>\n<p><b>Adres:<\/b><span style=\"font-weight: 400;\"> Bankowa 14, 40-007 Katowice<\/span><\/p>\n<p><b>Dojazd samochodem:<\/b><span style=\"font-weight: 400;\"> Dost\u0119pny parking uczelniany dla posiadaczy kart parkingowych lub miejska strefa p\u0142atna wzd\u0142u\u017c ulicy.<\/span><\/p>\n<p><b>Rower:<\/b><span style=\"font-weight: 400;\"> Stojaki rowerowe przy obu wej\u015bciach, niezadaszone. Najbli\u017csza stacja Metrorower w promieniu 250\u202fm.<\/span><\/p>\n<p><b>Przystanki tramwajowe (\u2264\u202f1\u202fkm):<\/b><span style=\"font-weight: 400;\"> Katowice Szko\u0142a Filmowa U\u015a, Katowice Rynek<\/span><\/p>\n<p><b>Przystanki autobusowe (\u2264\u202f1\u202fkm):<\/b><span style=\"font-weight: 400;\"> Katowice Uniwersytet\u202f\u015al\u0105ski, Katowice Szkolna, Katowice Uniwersytet \u015al\u0105ski, Katowice Strefa Kultury NOSPR, Katowice Aleja Korfantego\u00a0<\/span><\/p>\n<p><b>Dworzec kolejowy:<\/b><span style=\"font-weight: 400;\"> Katowice &#8211; 15\u202fmin pieszo<\/span><\/p>\n<p>&nbsp;<\/p>\n<h3><b>Wydzia\u0142 Humanistyczny<\/b><\/h3>\n<p><b>Adres:<\/b><span style=\"font-weight: 400;\"> Uniwersytecka 4, 40-007 Katowice<\/span><\/p>\n<p><b>Dojazd samochodem:<\/b><span style=\"font-weight: 400;\"> Dost\u0119pny parking uczelniany dla posiadaczy kart parkingowych lub miejska strefa p\u0142atna wzd\u0142u\u017c ulicy.<\/span><\/p>\n<p><b>Rower:<\/b><span style=\"font-weight: 400;\"> Stojaki rowerowe przy wej\u015bciu. Najbli\u017csza stacja Metrorower w promieniu 250\u202fm.<\/span><\/p>\n<p><b>Przystanki tramwajowe (\u2264\u202f1\u202fkm):<\/b><span style=\"font-weight: 400;\"> Katowice Szko\u0142a Filmowa U\u015a, Katowice Rynek<\/span><\/p>\n<p><b>Przystanki autobusowe (\u2264\u202f1\u202fkm):<\/b><span style=\"font-weight: 400;\"> Katowice Uniwersytet\u202f\u015al\u0105ski, Katowice Szkolna, Katowice Uniwersytet \u015al\u0105ski, Katowice Strefa Kultury NOSPR, Katowice Aleja Korfantego\u00a0<\/span><\/p>\n<p><b>Dworzec kolejowy:<\/b><span style=\"font-weight: 400;\"> Katowice\u2013 12 min pieszo<\/span><\/p>\n<p>&nbsp;<\/p>\n<h3><b>Szko\u0142a Filmowa im. Krzysztofa Kie\u015blowskiego<\/b><\/h3>\n<p><b>Adres:<\/b><span style=\"font-weight: 400;\"> \u015bw. Paw\u0142a 3, 40-008 Katowice<\/span><\/p>\n<p><b>Dojazd samochodem<\/b><span style=\"font-weight: 400;\"> Dost\u0119pny parking uczelniany dla posiadaczy kart parkingowych lub miejska strefa p\u0142atna wzd\u0142u\u017c ulicy.<\/span><\/p>\n<p><b>Rower:<\/b><span style=\"font-weight: 400;\"> Brak stojak\u00f3w rowerowych. Najbli\u017csza stacja Metrorower w promieniu 300\u202fm.<\/span><\/p>\n<p><b>Przystanki tramwajowe (\u2264\u202f1\u202fkm):<\/b><span style=\"font-weight: 400;\"> Katowice Szko\u0142a Filmowa U\u015a, Katowice Rynek<\/span><\/p>\n<p><b>Przystanki autobusowe (\u2264\u202f1\u202fkm):<\/b><span style=\"font-weight: 400;\"> Katowice Uniwersytet\u202f\u015al\u0105ski, Katowice Szkolna, Katowice Uniwersytet \u015al\u0105ski, Katowice Strefa Kultury NOSPR, Katowice Aleja Korfantego\u00a0<\/span><\/p>\n<p><b>Dworzec kolejowy:<\/b><span style=\"font-weight: 400;\"> Katowice \u2013 15\u202fmin pieszo<\/span><\/p>\n<p>&nbsp;<\/p>\n<h3><b>Wydzia\u0142 Nauk \u015acis\u0142ych i Technicznych<\/b><\/h3>\n<p><b>Adres:<\/b><span style=\"font-weight: 400;\"> Szkolna 9, 40-006 Katowice<\/span><\/p>\n<p><b>Dojazd samochodem:<\/b><span style=\"font-weight: 400;\">Miejska strefa p\u0142atna wzd\u0142u\u017c ulicy.<\/span><\/p>\n<p><b>Rower:<\/b><span style=\"font-weight: 400;\"> Stojaki rowerowe przy wej\u015bciu, niezadaszone. Najbli\u017csza stacja Metrorower w promieniu 300\u202fm.<\/span><\/p>\n<p><b>Przystanki tramwajowe (\u2264\u202f1\u202fkm):<\/b><span style=\"font-weight: 400;\"> Katowice Szko\u0142a Filmowa U\u015a, Katowice Rynek, Katowice Rynek Teatr \u015al\u0105ski<\/span><\/p>\n<p><b>Przystanki autobusowe (\u2264\u202f1\u202fkm):<\/b><span style=\"font-weight: 400;\"> Katowice Uniwersytet\u202f\u015al\u0105ski, Katowice Szkolna, Katowice Uniwersytet \u015al\u0105ski, Katowice Strefa Kultury NOSPR, Katowice Aleja Korfantego\u00a0<\/span><\/p>\n<p><b>Dworzec kolejowy:<\/b><span style=\"font-weight: 400;\"> Katowice \u201310\u202fmin pieszo<\/span><\/p>\n<p>&nbsp;<\/p>\n<h3><b>Wydzia\u0142 Nauk Przyrodniczych<\/b><\/h3>\n<p><b>Adres:<\/b><span style=\"font-weight: 400;\"> Jagiello\u0144ska 26-28, 40-032 Katowice<\/span><\/p>\n<p><b>Dojazd samochodem:<\/b><span style=\"font-weight: 400;\"> Dost\u0119pny parking uczelniany lub miejska strefa p\u0142atna wzd\u0142u\u017c ulicy.<\/span><\/p>\n<p><b>Rower:<\/b><span style=\"font-weight: 400;\"> Stojaki rowerowe przy wej\u015bciu, od strony parkingu wewn\u0119trznego. Najbli\u017csza stacja Metrorower w promieniu 20\u202fm \u2013 naprzeciwko budynku przy pl. Sejmu \u015al\u0105skiego.<\/span><\/p>\n<p><b>Przystanki tramwajowe (\u2264\u202f1\u202fkm):<\/b><span style=\"font-weight: 400;\"> Katowice Jordana<\/span><\/p>\n<p><b>Przystanki autobusowe (\u2264\u202f1\u202fkm):<\/b><span style=\"font-weight: 400;\"> Katowice Jagiello\u0144ska,\u00a0<\/span><\/p>\n<p><b>Dworzec kolejowy:<\/b><span style=\"font-weight: 400;\"> Katowice\u00a0 &#8211; 10\u202fmin pieszo<\/span><\/p>\n<p>&nbsp;<\/p>\n<h3><b>Wydzia\u0142 Teologiczny\u00a0<\/b><\/h3>\n<p><b>Adres:<\/b><span style=\"font-weight: 400;\"> Jordana 18, 40-043 Katowice<\/span><\/p>\n<p><b>Dojazd samochodem:<\/b><span style=\"font-weight: 400;\"> Dost\u0119pny parking uczelniany lub miejska strefa p\u0142atna wzd\u0142u\u017c ulicy.<\/span><\/p>\n<p><b>Rower:<\/b><span style=\"font-weight: 400;\"> Brak stojak\u00f3w rowerowych Najbli\u017csza stacja Metrorower w promieniu 500\u202fm..<\/span><\/p>\n<p><b>Przystanki tramwajowe (\u2264\u202f1\u202fkm):<\/b><span style=\"font-weight: 400;\"> Katowice Jordana<\/span><\/p>\n<p><b>Przystanki autobusowe (\u2264\u202f1\u202fkm):<\/b><span style=\"font-weight: 400;\"> Katowice Powsta\u0144c\u00f3w Przychodnie, Katowice Francuska, Katowice Francuska S\u0105d<\/span><\/p>\n<p><b>Dworzec kolejowy:<\/b><span style=\"font-weight: 400;\"> Katowice\u00a0 &#8211; 11\u202fmin pieszo<\/span><\/p>\n<p>&nbsp;<\/p>\n<h3><b>Wydzia\u0142 Nauk Spo\u0142ecznych<\/b><\/h3>\n<p><b>Adres:<\/b><span style=\"font-weight: 400;\"> Gra\u017cy\u0144skiego 53, 40-126 Katowice<\/span><\/p>\n<p><b>Dojazd samochodem:<\/b><span style=\"font-weight: 400;\"> Dost\u0119pny parking uczelniany lub miejska strefa p\u0142atna wzd\u0142u\u017c ulicy.<\/span><\/p>\n<p><b>Rower:<\/b><span style=\"font-weight: 400;\"> Stojaki rowerowe przy wej\u015bciu. Najbli\u017csza stacja Metrorower w promieniu 500\u202fm.<\/span><\/p>\n<p><b>Przystanki tramwajowe (\u2264\u202f1\u202fkm):<\/b><span style=\"font-weight: 400;\"> Katowice Sokolska, Katowice St\u0119\u015blickiego<\/span><\/p>\n<p><b>Przystanki autobusowe (\u2264\u202f1\u202fkm):<\/b><span style=\"font-weight: 400;\"> Katowice St\u0119\u015blickiego, Katowice Chorzowska, Katowice Sokolska<\/span><\/p>\n<p><b>Dworzec kolejowy:<\/b><span style=\"font-weight: 400;\"> Katowice\u00a0 &#8211; 25 min pieszo<\/span><\/p>\n<\/div>\r\n                    <\/div>\r\n                <\/div>[\/vc_column][vc_column width=&#8221;1\/3&#8243;][\/vc_column][\/vc_row]<\/p>","protected":false},"excerpt":{"rendered":"<p>[vc_row][vc_column][\/vc_column][vc_column width=&#8221;1\/3&#8243;][\/vc_column][\/vc_row] [&#8230;]<\/p>\n<p><a class=\"btn btn-secondary understrap-read-more-link\" href=\"https:\/\/us.edu.pl\/student\/nowy-student\/nowy-student-pierwsze-kroki\/katowice\/\">Read More&#8230;<\/a><\/p>\n","protected":false},"author":7205,"featured_media":0,"parent":4377,"menu_order":0,"comment_status":"closed","ping_status":"closed","template":"","meta":{"_expiration-date-status":"","_expiration-date":0,"_expiration-date-type":"","_expiration-date-categories":[],"_expiration-date-options":[]},"acf":[],"_links":{"self":[{"href":"https:\/\/us.edu.pl\/student\/wp-json\/wp\/v2\/pages\/58549"}],"collection":[{"href":"https:\/\/us.edu.pl\/student\/wp-json\/wp\/v2\/pages"}],"about":[{"href":"https:\/\/us.edu.pl\/student\/wp-json\/wp\/v2\/types\/page"}],"author":[{"embeddable":true,"href":"https:\/\/us.edu.pl\/student\/wp-json\/wp\/v2\/users\/7205"}],"replies":[{"embeddable":true,"href":"https:\/\/us.edu.pl\/student\/wp-json\/wp\/v2\/comments?post=58549"}],"version-history":[{"count":5,"href":"https:\/\/us.edu.pl\/student\/wp-json\/wp\/v2\/pages\/58549\/revisions"}],"predecessor-version":[{"id":58689,"href":"https:\/\/us.edu.pl\/student\/wp-json\/wp\/v2\/pages\/58549\/revisions\/58689"}],"up":[{"embeddable":true,"href":"https:\/\/us.edu.pl\/student\/wp-json\/wp\/v2\/pages\/4377"}],"wp:attachment":[{"href":"https:\/\/us.edu.pl\/student\/wp-json\/wp\/v2\/media?parent=58549"}],"curies":[{"name":"wp","href":"https:\/\/api.w.org\/{rel}","templated":true}]}}