{"id":58565,"date":"2025-08-25T09:37:07","date_gmt":"2025-08-25T07:37:07","guid":{"rendered":"https:\/\/us.edu.pl\/student\/?page_id=58565"},"modified":"2025-08-25T10:52:48","modified_gmt":"2025-08-25T08:52:48","slug":"sosnowiec","status":"publish","type":"page","link":"https:\/\/us.edu.pl\/student\/nowy-student\/nowy-student-pierwsze-kroki\/sosnowiec\/","title":{"rendered":"SOSNOWIEC"},"content":{"rendered":"<p>[vc_row][vc_column]\r\n                <div class=\"text-modules\">\r\n                    <div class=\"container\">\r\n                        <h3 class=\"page-title text__title\">Sosnowiec:<\/h3>\r\n                        <div class=\"text-modules__content\"><p><span style=\"font-weight: 400;\">Lista przystank\u00f3w:<\/span><a href=\"https:\/\/rj.metropoliaztm.pl\/przystanki\/sosnowiec\/\"><span style=\"font-weight: 400;\">https:\/\/rj.metropoliaztm.pl\/przystanki\/sosnowiec\/<\/span><\/a><\/p>\n<p><span style=\"font-weight: 400;\">Wyszukiwarka po\u0142\u0105cze\u0144: <\/span><a href=\"https:\/\/rj.metropoliaztm.pl\/mapa\/\"><span style=\"font-weight: 400;\">https:\/\/rj.metropoliaztm.pl\/mapa\/<\/span><\/a><\/p>\n<p><span style=\"font-weight: 400;\">Mapa stacji Metroroweru:<\/span><a href=\"https:\/\/metrorower.transportgzm.pl\/jak-to-dziala\/\"><span style=\"font-weight: 400;\">https:\/\/metrorower.transportgzm.pl\/jak-to-dziala\/<\/span><\/a><\/p>\n<p>&nbsp;<\/p>\n<h3><b>Wydzia\u0142 Nauk \u015acis\u0142ych i Technicznych<\/b><\/h3>\n<p><b>Adres:<\/b><span style=\"font-weight: 400;\"> B\u0119dzi\u0144ska 39, 41-200 Sosnowiec<\/span><\/p>\n<p><b>Dojazd samochodem:<\/b><span style=\"font-weight: 400;\"> Dost\u0119pny parking uczelniany lub miejska strefa bezp\u0142atna wzd\u0142u\u017c ulicy.<\/span><\/p>\n<p><b>Rower:<\/b><span style=\"font-weight: 400;\"> Brak stojak\u00f3w rowerowych. Najbli\u017csza stacja Metrorower w promieniu 150\u202fm.<\/span><\/p>\n<p><b>Przystanki tramwajowe (\u2264\u202f1\u202fkm):<\/b><span style=\"font-weight: 400;\"> Pogo\u0144 Akademiki<\/span><\/p>\n<p><b>Przystanki autobusowe (\u2264\u202f1\u202fkm):<\/b><span style=\"font-weight: 400;\"> Pogo\u0144 Akademiki<\/span><\/p>\n<p><b>Dworzec kolejowy:<\/b><span style=\"font-weight: 400;\"> Sosnowiec G\u0142\u00f3wny \u2013 2,5\u202fkm (tramwajem, autobusem ok.10 min)<\/span><\/p>\n<p>&nbsp;<\/p>\n<h3><b>Wydzia\u0142 Nauk Przyrodniczych<\/b><\/h3>\n<p><b>Adres:<\/b><span style=\"font-weight: 400;\"> B\u0119dzi\u0144ska 60, 41-200 Sosnowiec<\/span><\/p>\n<p><b>Dojazd samochodem:<\/b><span style=\"font-weight: 400;\"> Dost\u0119pny parking uczelniany lub miejska strefa p\u0142atna wzd\u0142u\u017c ulicy.<\/span><\/p>\n<p><b>Rower:<\/b><span style=\"font-weight: 400;\"> Stojaki rowerowe przy wej\u015bciu, mo\u017cliwo\u015b\u0107 wprowadzenia roweru do \u015brodka budynku. Najbli\u017csza stacja Metrorower w promieniu 150\u202fm.<\/span><\/p>\n<p><b>Przystanki tramwajowe (\u2264\u202f1\u202fkm):<\/b><span style=\"font-weight: 400;\"> Pogo\u0144 Akademiki<\/span><\/p>\n<p><b>Przystanki autobusowe (\u2264\u202f1\u202fkm):<\/b><span style=\"font-weight: 400;\"> Pogo\u0144 Akademiki<\/span><\/p>\n<p><b>Dworzec kolejowy:<\/b><span style=\"font-weight: 400;\"> Sosnowiec G\u0142\u00f3wny \u2013 2,5\u202fkm (tramwajem, autobusem ok.10 min)<\/span><\/p>\n<p>&nbsp;<\/p>\n<h3><b>Osiedle Akademickie Sosnowiec<\/b><\/h3>\n<p><b>Adres:<\/b><span style=\"font-weight: 400;\"> ul. Sucha, Sosnowiec<\/span><\/p>\n<p><b>Dojazd samochodem:<\/b><span style=\"font-weight: 400;\"> Dost\u0119pny parking uczelniany lub miejska strefa p\u0142atna wzd\u0142u\u017c ulicy.<\/span><\/p>\n<p><b>Rower:<\/b><span style=\"font-weight: 400;\"> Brak stojak\u00f3w rowerowych. Najbli\u017csza stacja Metrorower w promieniu 200\u202fm.<\/span><\/p>\n<p><b>Przystanki tramwajowe (\u2264\u202f1\u202fkm):<\/b><span style=\"font-weight: 400;\"> Pogo\u0144 Akademiki<\/span><\/p>\n<p><b>Przystanki autobusowe (\u2264\u202f1\u202fkm):<\/b><span style=\"font-weight: 400;\"> Pogo\u0144 Akademiki<\/span><\/p>\n<p><b>Dworzec kolejowy:<\/b><span style=\"font-weight: 400;\"> Sosnowiec G\u0142\u00f3wny \u2013 2,5\u202fkm (tramwajem, autobusem ok.10 min)<\/span><\/p>\n<p>&nbsp;<\/p>\n<h3><b>Wydzia\u0142 Humanistyczny\u00a0<\/b><\/h3>\n<p><b>Adres:<\/b><span style=\"font-weight: 400;\"> \u017bytnia 10, 41-200 Sosnowiec<\/span><\/p>\n<p><b>Dojazd samochodem:<\/b><span style=\"font-weight: 400;\"> Dost\u0119pny parking uczelniany lub miejska bezp\u0142atna strefa wzd\u0142u\u017c ulicy.<\/span><\/p>\n<p><b>Rower:<\/b><span style=\"font-weight: 400;\"> Stojaki rowerowe przy wej\u015bciu. Najbli\u017csza stacja Metrorower w promieniu 20\u202fm.<\/span><\/p>\n<p><b>Przystanki tramwajowe (\u2264\u202f1\u202fkm):<\/b><span style=\"font-weight: 400;\"> brak<\/span><\/p>\n<p><b>Przystanki autobusowe (\u2264\u202f1\u202fkm):<\/b><span style=\"font-weight: 400;\"> Pogo\u0144 Orla,<\/span><\/p>\n<p><b>Dworzec kolejowy:<\/b><span style=\"font-weight: 400;\"> Sosnowiec G\u0142\u00f3wny \u2013 2,5\u202fkm (autobusem ok. 10 min+ doj\u015bcie do przystanku)<\/span><\/p>\n<p>&nbsp;<\/p>\n<h3><b>Wydzia\u0142 Nauk \u015acis\u0142ych i Technicznych<\/b><\/h3>\n<p><b>Adres:<\/b><span style=\"font-weight: 400;\"> \u017bytnia 12, 41-200 Sosnowiec<\/span><\/p>\n<p><b>Dojazd samochodem: <\/b><span style=\"font-weight: 400;\">Dost\u0119pny parking uczelniany lub miejska bezp\u0142atna strefa wzd\u0142u\u017c ulicy.<\/span><\/p>\n<p><b>Rower:<\/b><span style=\"font-weight: 400;\"> Brak stojak\u00f3w rowerowych. Najbli\u017csza stacja Metrorower w promieniu 100\u202fm.<\/span><\/p>\n<p><b>Przystanki tramwajowe (\u2264\u202f1\u202fkm):<\/b><span style=\"font-weight: 400;\"> brak<\/span><\/p>\n<p><b>Przystanki autobusowe (\u2264\u202f1\u202fkm):<\/b><span style=\"font-weight: 400;\"> Pogo\u0144 Orla,<\/span><\/p>\n<p><b>Dworzec kolejowy:<\/b><span style=\"font-weight: 400;\"> Sosnowiec G\u0142\u00f3wny \u2013 2,5\u202fkm (autobusem ok. 10 min+ doj\u015bcie do przystanku)<\/span><\/p>\n<p>&nbsp;<\/p>\n<h3><b>Wydzia\u0142 Humanistyczny<\/b><\/h3>\n<p><b>Adres:<\/b><span style=\"font-weight: 400;\"> Grota Roweckiego 5, 41-200 Sosnowiec<\/span><\/p>\n<p><b>Dojazd samochodem:<\/b><span style=\"font-weight: 400;\"> Dost\u0119pny parking uczelniany lub miejska bezp\u0142atna strefa wzd\u0142u\u017c ulicy.<\/span><\/p>\n<p><b>Rower:<\/b><span style=\"font-weight: 400;\"> Stojaki rowerowe przy wej\u015bciu (niezadaszone)i na terenie parkingu (zadaszone). Brak stacji roweru miejskiego w promieniu 1\u202fkm.<\/span><\/p>\n<p><b>Przystanki tramwajowe (\u2264\u202f1\u202fkm):<\/b><span style=\"font-weight: 400;\"> Pogo\u0144 Orla<\/span><\/p>\n<p><b>Przystanki autobusowe (\u2264\u202f1\u202fkm):<\/b><span style=\"font-weight: 400;\"> Pogo\u0144 Orla<\/span><\/p>\n<p><b>Dworzec kolejowy:<\/b><span style=\"font-weight: 400;\"> Sosnowiec G\u0142\u00f3wny \u2013 1,5\u202fkm (autobusem ok. 10 min+ doj\u015bcie do przystanku)<\/span><\/p>\n<\/div>\r\n                    <\/div>\r\n                <\/div>[\/vc_column][vc_column width=&#8221;1\/3&#8243;][\/vc_column][\/vc_row]<\/p>","protected":false},"excerpt":{"rendered":"<p>[vc_row][vc_column][\/vc_column][vc_column width=&#8221;1\/3&#8243;][\/vc_column][\/vc_row] [&#8230;]<\/p>\n<p><a class=\"btn btn-secondary understrap-read-more-link\" href=\"https:\/\/us.edu.pl\/student\/nowy-student\/nowy-student-pierwsze-kroki\/sosnowiec\/\">Read More&#8230;<\/a><\/p>\n","protected":false},"author":7205,"featured_media":0,"parent":4377,"menu_order":0,"comment_status":"closed","ping_status":"closed","template":"","meta":{"_expiration-date-status":"","_expiration-date":0,"_expiration-date-type":"","_expiration-date-categories":[],"_expiration-date-options":[]},"acf":[],"_links":{"self":[{"href":"https:\/\/us.edu.pl\/student\/wp-json\/wp\/v2\/pages\/58565"}],"collection":[{"href":"https:\/\/us.edu.pl\/student\/wp-json\/wp\/v2\/pages"}],"about":[{"href":"https:\/\/us.edu.pl\/student\/wp-json\/wp\/v2\/types\/page"}],"author":[{"embeddable":true,"href":"https:\/\/us.edu.pl\/student\/wp-json\/wp\/v2\/users\/7205"}],"replies":[{"embeddable":true,"href":"https:\/\/us.edu.pl\/student\/wp-json\/wp\/v2\/comments?post=58565"}],"version-history":[{"count":4,"href":"https:\/\/us.edu.pl\/student\/wp-json\/wp\/v2\/pages\/58565\/revisions"}],"predecessor-version":[{"id":58681,"href":"https:\/\/us.edu.pl\/student\/wp-json\/wp\/v2\/pages\/58565\/revisions\/58681"}],"up":[{"embeddable":true,"href":"https:\/\/us.edu.pl\/student\/wp-json\/wp\/v2\/pages\/4377"}],"wp:attachment":[{"href":"https:\/\/us.edu.pl\/student\/wp-json\/wp\/v2\/media?parent=58565"}],"curies":[{"name":"wp","href":"https:\/\/api.w.org\/{rel}","templated":true}]}}