{"id":58601,"date":"2025-08-25T09:49:45","date_gmt":"2025-08-25T07:49:45","guid":{"rendered":"https:\/\/us.edu.pl\/student\/?page_id=58601"},"modified":"2025-08-25T10:51:54","modified_gmt":"2025-08-25T08:51:54","slug":"cieszyn","status":"publish","type":"page","link":"https:\/\/us.edu.pl\/student\/nowy-student\/nowy-student-pierwsze-kroki\/cieszyn\/","title":{"rendered":"CIESZYN"},"content":{"rendered":"<p>[vc_row][vc_column]\r\n                <div class=\"text-modules\">\r\n                    <div class=\"container\">\r\n                        <h3 class=\"page-title text__title\">Cieszyn:<\/h3>\r\n                        <div class=\"text-modules__content\"><\/p>\n<h3><b>Dom Studenta &#8222;U\u015aka&#8221;: akademik i sto\u0142\u00f3wka<\/b><\/h3>\n<p><b>Adres:<\/b><span style=\"font-weight: 400;\"> Bielska 66, 43-400 Cieszyn<\/span><\/p>\n<p><b>Dojazd samochodem:<\/b><span style=\"font-weight: 400;\"> Dost\u0119pny parking uczelniany.<\/span><\/p>\n<p><b>Rower:<\/b><span style=\"font-weight: 400;\"> Dost\u0119pne stojaki rowerowe. Brak stacji roweru miejskiego.<\/span><\/p>\n<p><b>Przystanki autobusowe (\u2264\u202f1\u202fkm):<\/b><span style=\"font-weight: 400;\"> Bielska U\u015a<\/span><\/p>\n<p><b>Dworzec kolejowy:<\/b><span style=\"font-weight: 400;\"> Dworzec PKP Cieszyn, Centrum Przesiadkowe &#8211; 1 km, (ok. 13 min pieszo)<\/span><\/p>\n<p>&nbsp;<\/p>\n<h3><b>Budynek B<\/b><\/h3>\n<p><b>Adres:<\/b><span style=\"font-weight: 400;\"> Bielska 62, 43-400 Cieszyn<\/span><\/p>\n<p><b>Dojazd samochodem:<\/b><span style=\"font-weight: 400;\"> Dost\u0119pny parking uczelniany.<\/span><\/p>\n<p><b>Rower:<\/b><span style=\"font-weight: 400;\"> Dost\u0119pne stojaki rowerowe. Brak stacji roweru miejskiego.<\/span><\/p>\n<p><b>Przystanki autobusowe (\u2264\u202f1\u202fkm):<\/b><span style=\"font-weight: 400;\"> Bielska U\u015a<\/span><\/p>\n<p><b>Dworzec kolejowy:<\/b><span style=\"font-weight: 400;\"> Dworzec PKP Cieszyn, Centrum Przesiadkowe &#8211; 1 km, (ok. 13 min pieszo)<\/span><\/p>\n<p>&nbsp;<\/p>\n<h3><b>Budynek C\u00a0<\/b><\/h3>\n<p><b>Dojazd samochodem:<\/b><span style=\"font-weight: 400;\"> Dost\u0119pny parking uczelniany.<\/span><\/p>\n<p><b>Rower:<\/b><span style=\"font-weight: 400;\"> Dost\u0119pne stojaki rowerowe. Brak stacji roweru miejskiego.<\/span><\/p>\n<p><b>Przystanki autobusowe (\u2264\u202f1\u202fkm):<\/b><span style=\"font-weight: 400;\"> Bielska U\u015a<\/span><\/p>\n<p><b>Dworzec kolejowy:<\/b><span style=\"font-weight: 400;\"> Dworzec PKP Cieszyn, Centrum Przesiadkowe &#8211; 1 km, (ok. 13 min pieszo)<\/span><\/p>\n<h3><\/h3>\n<h3><b>Budynek E &#8211; Obiekty Sportowe U\u015a w Cieszynie<\/b><\/h3>\n<p><b>Adres:<\/b><span style=\"font-weight: 400;\"> Paderewskiego 9, 43-400 Cieszyn<\/span><\/p>\n<p><b>Dojazd samochodem:<\/b><span style=\"font-weight: 400;\"> Dost\u0119pny parking uczelniany.<\/span><\/p>\n<p><b>Rower:<\/b><span style=\"font-weight: 400;\"> Dost\u0119pne stojaki rowerowe. Brak stacji roweru miejskiego.<\/span><\/p>\n<p><b>Przystanki autobusowe (\u2264\u202f1\u202fkm):<\/b><span style=\"font-weight: 400;\"> Bielska U\u015a<\/span><\/p>\n<p><b>Dworzec kolejowy:<\/b><span style=\"font-weight: 400;\"> Dworzec PKP Cieszyn, Centrum Przesiadkowe &#8211; 1 km, (ok. 13 min pieszo)<\/span><\/p>\n<h3><\/h3>\n<h3><b>Budynek F<\/b><\/h3>\n<p><b>Dojazd samochodem:<\/b><span style=\"font-weight: 400;\"> Dost\u0119pny parking uczelniany.<\/span><\/p>\n<p><b>Rower:<\/b><span style=\"font-weight: 400;\"> Dost\u0119pne stojaki rowerowe. Brak stacji roweru miejskiego.<\/span><\/p>\n<p><b>Przystanki autobusowe (\u2264\u202f1\u202fkm):<\/b><span style=\"font-weight: 400;\"> Bielska U\u015a<\/span><\/p>\n<p><b>Dworzec kolejowy:<\/b><span style=\"font-weight: 400;\"> Dworzec PKP Cieszyn, Centrum Przesiadkowe &#8211; 1 km, (ok. 13 min pieszo)<\/span><\/p>\n<h3><\/h3>\n<h3><b>Budynek G &#8211; Collegium Technicum<\/b><\/h3>\n<p><b>Adres:<\/b><span style=\"font-weight: 400;\"> Niemcewicza 4, 43-400 Cieszyn<\/span><\/p>\n<p><b>Dojazd samochodem:<\/b><span style=\"font-weight: 400;\"> Dost\u0119pny parking uczelniany.<\/span><\/p>\n<p><b>Rower:<\/b><span style=\"font-weight: 400;\"> Dost\u0119pne stojaki rowerowe. Brak stacji roweru miejskiego.<\/span><\/p>\n<p><b>Przystanki autobusowe (\u2264\u202f1\u202fkm):<\/b><span style=\"font-weight: 400;\"> Bielska U\u015a<\/span><\/p>\n<p><b>Dworzec kolejowy:<\/b><span style=\"font-weight: 400;\"> Dworzec PKP Cieszyn, Centrum Przesiadkowe &#8211; 1 km, (ok. 13 min pieszo)<\/span><\/p>\n<\/div>\r\n                    <\/div>\r\n                <\/div>[\/vc_column][\/vc_row]<\/p>","protected":false},"excerpt":{"rendered":"<p>[vc_row][vc_column][\/vc_column][\/vc_row] [&#8230;]<\/p>\n<p><a class=\"btn btn-secondary understrap-read-more-link\" href=\"https:\/\/us.edu.pl\/student\/nowy-student\/nowy-student-pierwsze-kroki\/cieszyn\/\">Read More&#8230;<\/a><\/p>\n","protected":false},"author":7205,"featured_media":0,"parent":4377,"menu_order":0,"comment_status":"closed","ping_status":"closed","template":"","meta":{"_expiration-date-status":"","_expiration-date":0,"_expiration-date-type":"","_expiration-date-categories":[],"_expiration-date-options":[]},"acf":[],"_links":{"self":[{"href":"https:\/\/us.edu.pl\/student\/wp-json\/wp\/v2\/pages\/58601"}],"collection":[{"href":"https:\/\/us.edu.pl\/student\/wp-json\/wp\/v2\/pages"}],"about":[{"href":"https:\/\/us.edu.pl\/student\/wp-json\/wp\/v2\/types\/page"}],"author":[{"embeddable":true,"href":"https:\/\/us.edu.pl\/student\/wp-json\/wp\/v2\/users\/7205"}],"replies":[{"embeddable":true,"href":"https:\/\/us.edu.pl\/student\/wp-json\/wp\/v2\/comments?post=58601"}],"version-history":[{"count":3,"href":"https:\/\/us.edu.pl\/student\/wp-json\/wp\/v2\/pages\/58601\/revisions"}],"predecessor-version":[{"id":58677,"href":"https:\/\/us.edu.pl\/student\/wp-json\/wp\/v2\/pages\/58601\/revisions\/58677"}],"up":[{"embeddable":true,"href":"https:\/\/us.edu.pl\/student\/wp-json\/wp\/v2\/pages\/4377"}],"wp:attachment":[{"href":"https:\/\/us.edu.pl\/student\/wp-json\/wp\/v2\/media?parent=58601"}],"curies":[{"name":"wp","href":"https:\/\/api.w.org\/{rel}","templated":true}]}}