{"id":58721,"date":"2025-08-25T11:38:16","date_gmt":"2025-08-25T09:38:16","guid":{"rendered":"https:\/\/us.edu.pl\/student\/?page_id=58721"},"modified":"2025-08-25T11:38:16","modified_gmt":"2025-08-25T09:38:16","slug":"slownik-inkluzywny","status":"publish","type":"page","link":"https:\/\/us.edu.pl\/student\/nowy-student\/nowy-student-pierwsze-kroki\/slownik-inkluzywny\/","title":{"rendered":"S\u0142ownik inkluzywny"},"content":{"rendered":"<p>[vc_row][vc_column]\r\n                <div class=\"text-modules\">\r\n                    <div class=\"container\">\r\n                        \r\n                        <div class=\"text-modules__content\"><p><span style=\"font-weight: 400;\"><a href=\"https:\/\/monograph.us.edu.pl\/index.php\/wydawnictwo\/catalog\/book\/PN.4199\">Inkluzywny narz\u0119dziownik stanowisk, funkcji i zawod\u00f3w w Uniwersytecie \u015al\u0105skim w Katowicach<\/a>, b\u0119d\u0105cy s\u0142ownikiem fleksyjno-s\u0142owotw\u00f3rczym, stanowi bezp\u0142atn\u0105 publikacj\u0119 przygotowan\u0105 jako wsparcie dla wszystkich, chc\u0105cych prawid\u0142owo stosowa\u0107 feminatywy i osobatywy, czyli zwroty wobec os\u00f3b nie wskazuj\u0105cych na p\u0142e\u0107.<\/span><\/p>\n<p><span style=\"font-weight: 400;\">Dlaczego \u201enarz\u0119dziownik\u201d? Bo ma stanowi\u0107 por\u0119czne narz\u0119dzie dla u\u017cytkownik\u00f3w polszczyzny.<\/span><\/p>\n<p><span style=\"font-weight: 400;\">Recenzentka, prof. M. G\u0119bka-Wolak z UMK napisa\u0142a: \u201epublikacja ma charakter doradczy, a nie nakazowy. To w gestii u\u017cytkownik\u00f3w j\u0119zyka [\u2026] le\u017cy wyb\u00f3r \u015brodk\u00f3w j\u0119zykowych nazywaj\u0105cych stanowiska, funkcje i zawody\u201d.<\/span><\/p>\n<p><span style=\"font-weight: 400;\">Na pytanie bowiem: \u201eCzy trzeba u\u017cywa\u0107 nazw \u017ce\u0144skich, czyli feminatyw\u00f3w?\u201d, autorki i autorzy narz\u0119dziownika odpowiadaj\u0105 NIE. Na kolejne: \u201eCzy mo\u017cna u\u017cywa\u0107 nazw \u017ce\u0144skich, czyli feminatyw\u00f3w?\u201d \u2013 ju\u017c zdecydowanie TAK. Decyzja w tej sprawie zale\u017cy od preferencji osoby pe\u0142ni\u0105cej dan\u0105 funkcj\u0119, zajmuj\u0105cej stanowisko, posiadaj\u0105cej tytu\u0142, stopie\u0144, wykonuj\u0105cej jak\u0105\u015b czynno\u015b\u0107 czy zaw\u00f3d oraz preferencji kogo\u015b, kto m\u00f3wi o takiej osobie. Tylko taka postawa pozwala na poszanowanie r\u00f3\u017cnorodno\u015bci oraz potrzeby swobodnego i wolnego od nacisku jej wyra\u017cania.<\/span><\/p>\n<\/div>\r\n                    <\/div>\r\n                <\/div>[\/vc_column][vc_column width=&#8221;1\/3&#8243;][\/vc_column][\/vc_row]<\/p>","protected":false},"excerpt":{"rendered":"<p>[vc_row][vc_column][\/vc_column][vc_column width=&#8221;1\/3&#8243;][\/vc_column][\/vc_row] [&#8230;]<\/p>\n<p><a class=\"btn btn-secondary understrap-read-more-link\" href=\"https:\/\/us.edu.pl\/student\/nowy-student\/nowy-student-pierwsze-kroki\/slownik-inkluzywny\/\">Read More&#8230;<\/a><\/p>\n","protected":false},"author":7205,"featured_media":0,"parent":4377,"menu_order":0,"comment_status":"closed","ping_status":"closed","template":"","meta":{"_expiration-date-status":"","_expiration-date":0,"_expiration-date-type":"","_expiration-date-categories":[],"_expiration-date-options":[]},"acf":[],"_links":{"self":[{"href":"https:\/\/us.edu.pl\/student\/wp-json\/wp\/v2\/pages\/58721"}],"collection":[{"href":"https:\/\/us.edu.pl\/student\/wp-json\/wp\/v2\/pages"}],"about":[{"href":"https:\/\/us.edu.pl\/student\/wp-json\/wp\/v2\/types\/page"}],"author":[{"embeddable":true,"href":"https:\/\/us.edu.pl\/student\/wp-json\/wp\/v2\/users\/7205"}],"replies":[{"embeddable":true,"href":"https:\/\/us.edu.pl\/student\/wp-json\/wp\/v2\/comments?post=58721"}],"version-history":[{"count":2,"href":"https:\/\/us.edu.pl\/student\/wp-json\/wp\/v2\/pages\/58721\/revisions"}],"predecessor-version":[{"id":58729,"href":"https:\/\/us.edu.pl\/student\/wp-json\/wp\/v2\/pages\/58721\/revisions\/58729"}],"up":[{"embeddable":true,"href":"https:\/\/us.edu.pl\/student\/wp-json\/wp\/v2\/pages\/4377"}],"wp:attachment":[{"href":"https:\/\/us.edu.pl\/student\/wp-json\/wp\/v2\/media?parent=58721"}],"curies":[{"name":"wp","href":"https:\/\/api.w.org\/{rel}","templated":true}]}}