{"id":5881,"date":"2019-10-08T17:26:22","date_gmt":"2019-10-08T15:26:22","guid":{"rendered":"https:\/\/us.edu.pl\/student\/?page_id=5881"},"modified":"2019-10-08T17:26:22","modified_gmt":"2019-10-08T15:26:22","slug":"laureaci-2009","status":"publish","type":"page","link":"https:\/\/us.edu.pl\/student\/dzialalnosc-studencka\/wyroznienia-jm-rektora-us\/laureaci-poprzednich-edycji\/laureaci-2009\/","title":{"rendered":"Laureaci 2009"},"content":{"rendered":"<p>[vc_row el_class=&#8221;container&#8221;][vc_column el_class=&#8221;container&#8221;]\r\n                <div class=\"text-modules\">\r\n                    <div class=\"container\">\r\n                        <h3 class=\"page-title text__title\">Laureaci 2009<\/h3>\r\n                        <div class=\"text-modules__content\"><p>Rados\u0142aw Aksamit, student IV roku politologii (Wydzia\u0142 Nauk Spo\u0142ecznych)<\/p>\n<p>Przemys\u0142aw Grzonka, student IV roku politologii (Wydzia\u0142 Nauk Spo\u0142ecznych)<\/p>\n<p>Wojciech Kilja\u0144czyk, student II roku filozofii uzupe\u0142niaj\u0105cych studi\u00f3w magisterskich (Wydzia\u0142 Nauk Spo\u0142ecznych) oraz III roku socjologii (Wydzia\u0142 Nauk Spo\u0142ecznych)<\/p>\n<p>Alicja Lizurej, studentka I roku socjologii uzupe\u0142niaj\u0105cych studi\u00f3w magisterskich (Wydzia\u0142 Nauk Spo\u0142ecznych)<\/p>\n<p>Maciej Stanek,student IV roku filozofii (Wydzia\u0142 Nauk Spo\u0142ecznych)<\/p>\n<p>Micha\u0142 Brol, student IV roku psychologii oraz V roku politologii (Wydzia\u0142 Nauk Spo\u0142ecznych)<\/p>\n<p>Edyta Charzy\u0144ska, studentka IV roku psychologii (Wydzia\u0142 Pedagogiki i Psychologii) oraz III roku filozofii (Wydzia\u0142 Nauk Spo\u0142ecznych)<\/p>\n<p>Mariola Paruzel, studentka IV roku psychologii (Wydzia\u0142 Pedagogiki i Psychologii)<\/p>\n<p>Justyna Szostek, studentka IV roku psychologii (Wydzia\u0142 Pedagogiki i Psychologii)<\/p>\n<p>Agnieszka Gurbin, studentka III roku studi\u00f3w doktoranckich z zakresu literaturoznawstwa (Wydzia\u0142 Filologiczny) oraz V roku filologii angielskiej (Wydzia\u0142 Filologiczny)<\/p>\n<p>Katarzyna Gzik, studentka III roku filologii polskiej (Wydzia\u0142 Filologiczny) oraz I roku filologii rosyjskiej (Wydzia\u0142 Filologiczny)<\/p>\n<p>Karolina Pawlik, studentka V roku Mi\u0119dzywydzia\u0142owych Indywidualnych Studi\u00f3w Humanistycznych, kierunek: kulturoznawstwo<\/p>\n<p>Katarzyna Warcaba, studentka III rok studi\u00f3w doktoranckich z zakresu literaturoznawstwa (Wydzia\u0142 Filologiczny)<\/p>\n<p>Andrzej Swinarew, student IV roku studi\u00f3w doktoranckich w zakresie in\u017cynierii materia\u0142owej (Wydzia\u0142 Informatyki i Nauki o Materia\u0142ach)<\/p>\n<p>Tomasz Kordys, student V roku politologii (Wydzia\u0142 Nauk Spo\u0142ecznych)<\/p>\n<p>Krystyna Kozio\u0142, studentka I roku geografii uzupe\u0142niaj\u0105cych studi\u00f3w magisterskich (Wydzia\u0142 Nauk o Ziemi)<\/p>\n<\/div>\r\n                    <\/div>\r\n                <\/div>[\/vc_column][\/vc_row]<\/p>","protected":false},"excerpt":{"rendered":"<p>[vc_row el_class=&#8221;container&#8221;][vc_column el_class=&#8221;container&#8221;][\/vc_column][\/vc_row] [&#8230;]<\/p>\n<p><a class=\"btn btn-secondary understrap-read-more-link\" href=\"https:\/\/us.edu.pl\/student\/dzialalnosc-studencka\/wyroznienia-jm-rektora-us\/laureaci-poprzednich-edycji\/laureaci-2009\/\">Read More&#8230;<\/a><\/p>\n","protected":false},"author":1,"featured_media":0,"parent":5729,"menu_order":0,"comment_status":"closed","ping_status":"closed","template":"","meta":{"_expiration-date-status":"","_expiration-date":0,"_expiration-date-type":"","_expiration-date-categories":[],"_expiration-date-options":[]},"acf":[],"_links":{"self":[{"href":"https:\/\/us.edu.pl\/student\/wp-json\/wp\/v2\/pages\/5881"}],"collection":[{"href":"https:\/\/us.edu.pl\/student\/wp-json\/wp\/v2\/pages"}],"about":[{"href":"https:\/\/us.edu.pl\/student\/wp-json\/wp\/v2\/types\/page"}],"author":[{"embeddable":true,"href":"https:\/\/us.edu.pl\/student\/wp-json\/wp\/v2\/users\/1"}],"replies":[{"embeddable":true,"href":"https:\/\/us.edu.pl\/student\/wp-json\/wp\/v2\/comments?post=5881"}],"version-history":[{"count":0,"href":"https:\/\/us.edu.pl\/student\/wp-json\/wp\/v2\/pages\/5881\/revisions"}],"up":[{"embeddable":true,"href":"https:\/\/us.edu.pl\/student\/wp-json\/wp\/v2\/pages\/5729"}],"wp:attachment":[{"href":"https:\/\/us.edu.pl\/student\/wp-json\/wp\/v2\/media?parent=5881"}],"curies":[{"name":"wp","href":"https:\/\/api.w.org\/{rel}","templated":true}]}}