{"id":59043,"date":"2025-09-17T11:30:58","date_gmt":"2025-09-17T09:30:58","guid":{"rendered":"https:\/\/us.edu.pl\/student\/?page_id=59043"},"modified":"2025-09-26T12:41:38","modified_gmt":"2025-09-26T10:41:38","slug":"kiedy-do-psychologa","status":"publish","type":"page","link":"https:\/\/us.edu.pl\/student\/wsparcie-i-fundusze\/pomoc-psychologiczna\/kiedy-do-psychologa\/","title":{"rendered":"Kiedy do psychologa?"},"content":{"rendered":"<p>[vc_row el_class=&#8221;container&#8221;][vc_column width=&#8221;2\/3&#8243;]\r\n                <div class=\"text-modules\">\r\n                    <div class=\"container\">\r\n                        <h3 class=\"page-title text__title\">Kiedy do psychologa?<\/h3>\r\n                        <div class=\"text-modules__content\"><p>Je\u017celi jeste\u015b studentk\u0105\/studentem lub doktorantk\u0105\/doktorantem Uniwersytetu \u015al\u0105skiego, mo\u017cesz skorzysta\u0107 z nieodp\u0142atnej uczelnianej pomocy psychologicznej. W Centrum ds. Os\u00f3b Studiuj\u0105cych zatrudnieni s\u0105 psychologowie i psychoterapeuci, do kt\u00f3rych mo\u017cesz zg\u0142osi\u0107 si\u0119 na konsultacj\u0119. Spotkania te realizowane s\u0105 zgodnie z zasad\u0105 poufno\u015bci \u2013 ani fakt korzystania z pomocy, ani tematy, o kt\u00f3rych rozmawiamy, nie s\u0105 przekazywane innym cz\u0142onkom spo\u0142eczno\u015bci uczelni.<\/p>\n<p>Aby um\u00f3wi\u0107 si\u0119 na konsultacj\u0119, nale\u017cy napisa\u0107 na adres mailowy: <a href=\"mailto:psycholog@us.edu.pl\">psycholog@us.edu.pl<\/a> lub, je\u015bli studiujesz w Cieszynie: <a href=\"mailto:psycholog.cieszyn@us.edu.pl\">psycholog.cieszyn@us.edu.pl<\/a>. W wiadomo\u015bci zwrotnej otrzymasz informacj\u0119 o najbli\u017cszym dost\u0119pnym terminie konsultacji. Kolejnym koniecznym krokiem jest potwierdzenie swojej obecno\u015bci na spotkaniu w zaproponowanym terminie. W\u00f3wczas zostanie on dla Ciebie zarezerwowany.<\/p>\n<p>Do psychologa mo\u017cesz zg\u0142osi\u0107 si\u0119 w\u0142a\u015bciwie w ka\u017cdej sytuacji, w kt\u00f3rej masz poczucie, \u017ce rozmowa mog\u0142aby Ci pom\u00f3c. Szczeg\u00f3lnie rozwa\u017c tak\u0105 mo\u017cliwo\u015b\u0107, gdy:<\/p>\n<ul>\n<li>prze\u017cywasz problemy natury osobistej;<\/li>\n<li>masz z\u0142e samopoczucie i podejrzewasz, \u017ce stan ten mo\u017ce si\u0119 utrzymywa\u0107, pog\u0142\u0119bia\u0107.<\/li>\n<li>jeste\u015b w stanie kryzysu emocjonalnego, prze\u017cywasz rozterki, do\u015bwiadczy\u0142a\u015b(-e\u015b) istotnej straty b\u0105d\u017a odczuwasz zniech\u0119cenie wobec siebie i innych;<\/li>\n<li>masz problem z samoocen\u0105 lub motywacj\u0105, nie jeste\u015b zadowolona(-y) ze swoich dotychczasowych osi\u0105gni\u0119\u0107, jako\u015b\u0107 Twojego \u017cycia nie jest dla Ciebie zadowalaj\u0105ca;<\/li>\n<li>czujesz, \u017ce Twoje relacje interpersonalne i spo\u0142eczne nie s\u0105 satysfakcjonuj\u0105ce;<\/li>\n<li>do\u015bwiadczasz trudno\u015bci w \u017cyciu intymnym lub problem\u00f3w z okre\u015bleniem to\u017csamo\u015bci psychoseksualnej;<\/li>\n<\/ul>\n<p>Uwaga! Ze wzgl\u0119du na charakter pracy psycholog\u00f3w i psychoterapeut\u00f3w um\u00f3wienie si\u0119 na konsultacje jest mo\u017cliwe tylko drog\u0105 mailow\u0105. Przerywanie spotka\u0144 w celu ustalenia termin\u00f3w innych wizyt by\u0142oby bardzo niekorzystne dla os\u00f3b korzystaj\u0105cych z konsultacji.<\/p>\n<\/div>\r\n                    <\/div>\r\n                <\/div>[\/vc_column][vc_column width=&#8221;1\/3&#8243;]\r\n                <div class=\"text-modules\">\r\n                    <div class=\"container\">\r\n                        \r\n                        <div class=\"text-modules__content\"><p><img class=\"size-medium wp-image-59039\" src=\"https:\/\/us.edu.pl\/student\/wp-content\/uploads\/sites\/3\/2025\/09\/koncepcja-zdrowia-psychicznego-ludzka-glowa-z-pozytywnym-usmiechem-300x183.jpg\" alt=\"Kobieta trzyma napis mental health\" width=\"300\" height=\"183\" srcset=\"https:\/\/us.edu.pl\/student\/wp-content\/uploads\/sites\/3\/2025\/09\/koncepcja-zdrowia-psychicznego-ludzka-glowa-z-pozytywnym-usmiechem-300x183.jpg 300w, https:\/\/us.edu.pl\/student\/wp-content\/uploads\/sites\/3\/2025\/09\/koncepcja-zdrowia-psychicznego-ludzka-glowa-z-pozytywnym-usmiechem-768x469.jpg 768w, https:\/\/us.edu.pl\/student\/wp-content\/uploads\/sites\/3\/2025\/09\/koncepcja-zdrowia-psychicznego-ludzka-glowa-z-pozytywnym-usmiechem-575x351.jpg 575w, https:\/\/us.edu.pl\/student\/wp-content\/uploads\/sites\/3\/2025\/09\/koncepcja-zdrowia-psychicznego-ludzka-glowa-z-pozytywnym-usmiechem.jpg 800w\" sizes=\"(max-width: 300px) 100vw, 300px\" \/><\/p>\n<\/div>\r\n                    <\/div>\r\n                <\/div>[\/vc_column][\/vc_row]<\/p>","protected":false},"excerpt":{"rendered":"<p>[vc_row el_class=&#8221;container&#8221;][vc_column width=&#8221;2\/3&#8243;][\/vc_column][vc_column width=&#8221;1\/3&#8243;][\/vc_column][\/vc_row] [&#8230;]<\/p>\n<p><a class=\"btn btn-secondary understrap-read-more-link\" href=\"https:\/\/us.edu.pl\/student\/wsparcie-i-fundusze\/pomoc-psychologiczna\/kiedy-do-psychologa\/\">Read More&#8230;<\/a><\/p>\n","protected":false},"author":28,"featured_media":0,"parent":59032,"menu_order":0,"comment_status":"closed","ping_status":"closed","template":"","meta":{"_expiration-date-status":"","_expiration-date":0,"_expiration-date-type":"","_expiration-date-categories":[],"_expiration-date-options":[]},"acf":[],"_links":{"self":[{"href":"https:\/\/us.edu.pl\/student\/wp-json\/wp\/v2\/pages\/59043"}],"collection":[{"href":"https:\/\/us.edu.pl\/student\/wp-json\/wp\/v2\/pages"}],"about":[{"href":"https:\/\/us.edu.pl\/student\/wp-json\/wp\/v2\/types\/page"}],"author":[{"embeddable":true,"href":"https:\/\/us.edu.pl\/student\/wp-json\/wp\/v2\/users\/28"}],"replies":[{"embeddable":true,"href":"https:\/\/us.edu.pl\/student\/wp-json\/wp\/v2\/comments?post=59043"}],"version-history":[{"count":5,"href":"https:\/\/us.edu.pl\/student\/wp-json\/wp\/v2\/pages\/59043\/revisions"}],"predecessor-version":[{"id":59362,"href":"https:\/\/us.edu.pl\/student\/wp-json\/wp\/v2\/pages\/59043\/revisions\/59362"}],"up":[{"embeddable":true,"href":"https:\/\/us.edu.pl\/student\/wp-json\/wp\/v2\/pages\/59032"}],"wp:attachment":[{"href":"https:\/\/us.edu.pl\/student\/wp-json\/wp\/v2\/media?parent=59043"}],"curies":[{"name":"wp","href":"https:\/\/api.w.org\/{rel}","templated":true}]}}