{"id":59055,"date":"2025-09-17T11:48:17","date_gmt":"2025-09-17T09:48:17","guid":{"rendered":"https:\/\/us.edu.pl\/student\/?page_id=59055"},"modified":"2025-09-26T12:40:12","modified_gmt":"2025-09-26T10:40:12","slug":"zasady-korzystania-z-pomocy-psychologicznej","status":"publish","type":"page","link":"https:\/\/us.edu.pl\/student\/wsparcie-i-fundusze\/pomoc-psychologiczna\/zasady-korzystania-z-pomocy-psychologicznej\/","title":{"rendered":"Zasady korzystania z pomocy psychologicznej"},"content":{"rendered":"<p>[vc_row el_class=&#8221;container&#8221;][vc_column width=&#8221;2\/3&#8243;]\r\n                <div class=\"text-modules\">\r\n                    <div class=\"container\">\r\n                        \r\n                        <div class=\"text-modules__content\"><\/p>\n<h4>Gwarancja poufno\u015bci<\/h4>\n<p>Jedn\u0105 z najwa\u017cniejszych zasad w pracy z psychologiem jest <strong>zasada poufno\u015bci<\/strong>. Psycholog <strong>nie ma prawa<\/strong> ujawnia\u0107 \u017cadnych informacji na Tw\u00f3j temat bez Twojej zgody.<\/p>\n<p>Oznacza to, \u017ce wszystko, co m\u00f3wisz, zostaje w gabinecie. Jedynym wyj\u0105tkiem od tej zasady jest sytuacja zagro\u017cenia \u017cycia (np. my\u015bli samob\u00f3jcze, niebezpieczne zachowanie) \u2013 psycholog mo\u017ce wtedy odpowiednio zareagowa\u0107, aby chroni\u0107 Twoje \u017cycie.<\/p>\n<h4>Dobrowolno\u015b\u0107<\/h4>\n<p>Pomoc psychologiczna jest <strong>dobrowolna<\/strong>. Oznacza to, \u017ce tylko Ty decydujesz, czy chcesz uczestniczy\u0107 w spotkaniu, czy nie. Nikt nie zmusi Ci\u0119 do \u017cadnych dzia\u0142a\u0144.<\/p>\n<h4>Brak op\u0142at dla student\u00f3w i doktorant\u00f3w<\/h4>\n<p>Uniwersytet umo\u017cliwia skorzystanie z <strong>darmowych<\/strong> konsultacji psychologicznych. Nie ponosisz \u017cadnych op\u0142at.<\/p>\n<h4>Brak potrzeby skierowania od lekarza<\/h4>\n<p>Konsultacje psychologiczne, kt\u00f3re oferuje Uniwersytet, nie podlegaj\u0105 pod NFZ. Oznacza to, \u017ce aby zg\u0142osi\u0107 si\u0119 na konsultacj\u0119, <strong>nie potrzebujesz skierowania <\/strong>od lekarza.<\/p>\n<h4>Liczba dost\u0119pnych spotka\u0144<\/h4>\n<p>Konsultacje psychologiczne maj\u0105 charakter kr\u00f3tkoterminowy, co oznacza, \u017ce Uniwersytet oferuje <strong>jedno lub kilka spotka\u0144 z psychologiem<\/strong>. Jest to kierowane tak\u017ce trosk\u0105 o to, aby ka\u017cda osoba studiuj\u0105ca, kt\u00f3ra tego potrzebuje, mog\u0142a skonsultowa\u0107 si\u0119 ze specjalist\u0105.<\/p>\n<h4>Warunki rezygnacji z wizyty<\/h4>\n<p>Je\u015bli nie mo\u017cesz przyj\u015b\u0107 na um\u00f3wion\u0105 konsultacj\u0119, poinformuj nas mailowo. Dzi\u0119ki temu inne osoby b\u0119d\u0105 mog\u0142y skorzysta\u0107 z Twojego terminu, co up\u0142ynni organizacj\u0119 i skr\u00f3ci czas oczekiwania.<\/p>\n<\/div>\r\n                    <\/div>\r\n                <\/div>[\/vc_column][vc_column width=&#8221;1\/3&#8243;][\/vc_column][\/vc_row]<\/p>","protected":false},"excerpt":{"rendered":"<p>[vc_row el_class=&#8221;container&#8221;][vc_column width=&#8221;2\/3&#8243;][\/vc_column][vc_column width=&#8221;1\/3&#8243;][\/vc_column][\/vc_row] [&#8230;]<\/p>\n<p><a class=\"btn btn-secondary understrap-read-more-link\" href=\"https:\/\/us.edu.pl\/student\/wsparcie-i-fundusze\/pomoc-psychologiczna\/zasady-korzystania-z-pomocy-psychologicznej\/\">Read More&#8230;<\/a><\/p>\n","protected":false},"author":28,"featured_media":0,"parent":59032,"menu_order":0,"comment_status":"closed","ping_status":"closed","template":"","meta":{"_expiration-date-status":"","_expiration-date":0,"_expiration-date-type":"","_expiration-date-categories":[],"_expiration-date-options":[]},"acf":[],"_links":{"self":[{"href":"https:\/\/us.edu.pl\/student\/wp-json\/wp\/v2\/pages\/59055"}],"collection":[{"href":"https:\/\/us.edu.pl\/student\/wp-json\/wp\/v2\/pages"}],"about":[{"href":"https:\/\/us.edu.pl\/student\/wp-json\/wp\/v2\/types\/page"}],"author":[{"embeddable":true,"href":"https:\/\/us.edu.pl\/student\/wp-json\/wp\/v2\/users\/28"}],"replies":[{"embeddable":true,"href":"https:\/\/us.edu.pl\/student\/wp-json\/wp\/v2\/comments?post=59055"}],"version-history":[{"count":5,"href":"https:\/\/us.edu.pl\/student\/wp-json\/wp\/v2\/pages\/59055\/revisions"}],"predecessor-version":[{"id":59361,"href":"https:\/\/us.edu.pl\/student\/wp-json\/wp\/v2\/pages\/59055\/revisions\/59361"}],"up":[{"embeddable":true,"href":"https:\/\/us.edu.pl\/student\/wp-json\/wp\/v2\/pages\/59032"}],"wp:attachment":[{"href":"https:\/\/us.edu.pl\/student\/wp-json\/wp\/v2\/media?parent=59055"}],"curies":[{"name":"wp","href":"https:\/\/api.w.org\/{rel}","templated":true}]}}