{"id":59069,"date":"2025-09-17T12:26:01","date_gmt":"2025-09-17T10:26:01","guid":{"rendered":"https:\/\/us.edu.pl\/student\/?page_id=59069"},"modified":"2025-09-19T11:08:00","modified_gmt":"2025-09-19T09:08:00","slug":"faq-najczesciej-zadawane-pytania","status":"publish","type":"page","link":"https:\/\/us.edu.pl\/student\/wsparcie-i-fundusze\/pomoc-psychologiczna\/faq-najczesciej-zadawane-pytania\/","title":{"rendered":"FAQ \u2013 najcz\u0119\u015bciej zadawane pytania"},"content":{"rendered":"<p>[vc_row el_class=&#8221;container&#8221;][vc_column][vc_tta_accordion shape=&#8221;square&#8221; c_icon=&#8221;triangle&#8221; active_section=&#8221;0&#8243; collapsible_all=&#8221;true&#8221; title=&#8221;FAQ \u2013 najcz\u0119\u015bciej zadawane pytania&#8221;][vc_tta_section title=&#8221;Kto mo\u017ce skorzysta\u0107 z konsultacji?&#8221; tab_id=&#8221;1758272196412-003d8d7d-eeff&#8221;]\r\n                <div class=\"text-modules\">\r\n                    <div class=\"container\">\r\n                        \r\n                        <div class=\"text-modules__content\"><p>Z konsultacji psychologicznych skorzysta\u0107 mog\u0105 studenci oraz doktoranci Uniwersytetu \u015al\u0105skiego.<\/p>\n<\/div>\r\n                    <\/div>\r\n                <\/div>[\/vc_tta_section][vc_tta_section title=&#8221;Ile trwa konsultacja psychologiczna?&#8221; tab_id=&#8221;1758272196420-8b5aa760-27cf&#8221;]\r\n                <div class=\"text-modules\">\r\n                    <div class=\"container\">\r\n                        \r\n                        <div class=\"text-modules__content\"><p>Spotkanie trwa 45\u201350 minut.<\/p>\n<\/div>\r\n                    <\/div>\r\n                <\/div>[\/vc_tta_section][vc_tta_section title=&#8221;Czy konsultacje odbywaj\u0105 si\u0119 stacjonarnie, czy online?&#8221; tab_id=&#8221;1758272372008-ebd79c9d-b4eb&#8221;]\r\n                <div class=\"text-modules\">\r\n                    <div class=\"container\">\r\n                        \r\n                        <div class=\"text-modules__content\"><p>Co do zasady konsultacje odbywaj\u0105 si\u0119 w formie stacjonarnej. W szczeg\u00f3lnych sytuacjach \u2013 takich jak specjalne potrzeby, niepe\u0142nosprawno\u015b\u0107 czy inne wa\u017cne powody \u2013 mo\u017cliwe jest odbycie konsultacji w formie online, po indywidualnym uzgodnieniu z psychologiem.<\/p>\n<p>W przypadku konsultacji online bardzo wa\u017cne jest jednak to, aby\u015b mia\u0142(a) komfortowe warunki, mog\u0142a\/m\u00f3g\u0142 swobodnie m\u00f3wi\u0107, a tak\u017ce by nikt nie przeszkadza\u0142 Ci w trakcie konsultacji.<\/p>\n<\/div>\r\n                    <\/div>\r\n                <\/div>[\/vc_tta_section][vc_tta_section title=&#8221;Czy potrzebuj\u0119 skierowania od lekarza, by skorzysta\u0107 z konsultacji?&#8221; tab_id=&#8221;1758272391560-ff2e41b9-02c3&#8243;]\r\n                <div class=\"text-modules\">\r\n                    <div class=\"container\">\r\n                        \r\n                        <div class=\"text-modules__content\"><p>Nie. Jedyne, czego potrzebujesz, to aktywny status studenta lub doktoranta.<\/p>\n<\/div>\r\n                    <\/div>\r\n                <\/div>[\/vc_tta_section][vc_tta_section title=&#8221;Czego mog\u0119 si\u0119 spodziewa\u0107, je\u015bli to moja pierwsza wizyta u psychologa?&#8221; tab_id=&#8221;1758272427163-9c3bad7f-844f&#8221;]\r\n                <div class=\"text-modules\">\r\n                    <div class=\"container\">\r\n                        \r\n                        <div class=\"text-modules__content\"><p>Psycholog zaprosi Ci\u0119 do gabinetu, gdzie b\u0119dziecie mogli komfortowo porozmawia\u0107. Nast\u0119pnie zapyta, co Ci\u0119 sprowadza. Nie musisz mie\u0107 pouk\u0142adanych wszystkich informacji ani dok\u0142adnie wiedzie\u0107, co powiedzie\u0107 \u2013 psycholog pokieruje rozmow\u0105.<\/p>\n<\/div>\r\n                    <\/div>\r\n                <\/div>[\/vc_tta_section][vc_tta_section title=&#8221;Na jak\u0105 pomoc mog\u0119 liczy\u0107?&#8221; tab_id=&#8221;1758272443645-d5c9920a-e9da&#8221;]\r\n                <div class=\"text-modules\">\r\n                    <div class=\"container\">\r\n                        \r\n                        <div class=\"text-modules__content\"><p>Psycholog rozezna si\u0119 w opisywanych przez Ciebie trudno\u015bciach i zaproponuje mo\u017cliwe rozwi\u0105zania \u2013 czasem mo\u017ce to by\u0107 dalsza, kr\u00f3tkoterminowa wsp\u00f3\u0142praca, zalecenie terapii lub w niekt\u00f3rych przypadkach konsultacja z lekarzem psychiatr\u0105.<\/p>\n<\/div>\r\n                    <\/div>\r\n                <\/div>[\/vc_tta_section][vc_tta_section title=&#8221;Jak si\u0119 zapisa\u0107?&#8221; tab_id=&#8221;1758272461217-8e2141cb-9bf7&#8243;]\r\n                <div class=\"text-modules\">\r\n                    <div class=\"container\">\r\n                        \r\n                        <div class=\"text-modules__content\"><p>Zapisy na konsultacje psychologiczne odbywaj\u0105 si\u0119 za po\u015brednictwem maila. Napisz wiadomo\u015b\u0107 na adres: <a href=\"mailto:psycholog@us.edu.pl\">psycholog@us.edu.pl<\/a> lub, je\u015bli studiujesz w Cieszynie: <a href=\"mailto:psycholog.cieszyn@us.edu.pl\">psycholog.cieszyn@us.edu.pl<\/a>. W wiadomo\u015bci zwrotnej otrzymasz informacj\u0119 o najbli\u017cszym dost\u0119pnym terminie konsultacji. Kolejnym koniecznym krokiem jest potwierdzenie swojej obecno\u015bci na spotkaniu w zaproponowanym terminie. W\u00f3wczas zostanie on dla Ciebie zarezerwowany.<br \/>\nZe wzgl\u0119du na charakter pracy psycholog\u00f3w i psychoterapeut\u00f3w um\u00f3wienie si\u0119 na konsultacje jest mo\u017cliwe tylko drog\u0105 mailow\u0105. Przerywanie spotka\u0144 w celu ustalenia termin\u00f3w innych wizyt by\u0142oby bardzo niekorzystne dla os\u00f3b korzystaj\u0105cych z konsultacji.<\/p>\n<\/div>\r\n                    <\/div>\r\n                <\/div>[\/vc_tta_section][vc_tta_section title=&#8221;Ile b\u0119d\u0119 czeka\u0107 na termin?&#8221; tab_id=&#8221;1758272486994-e2f9836e-c393&#8243;]\r\n                <div class=\"text-modules\">\r\n                    <div class=\"container\">\r\n                        \r\n                        <div class=\"text-modules__content\"><p>Czas oczekiwania na termin r\u00f3\u017cni si\u0119 w zale\u017cno\u015bci od okresu w roku \u2013 mo\u017ce si\u0119 wyd\u0142u\u017cy\u0107 szczeg\u00f3lnie w okolicach sesji zaliczeniowej. Zawsze staramy si\u0119 jednak odpisa\u0107 jak najszybciej oraz zaproponowa\u0107 w miar\u0119 mo\u017cliwo\u015bci bliski termin konsultacji.<\/p>\n<\/div>\r\n                    <\/div>\r\n                <\/div>[\/vc_tta_section][vc_tta_section title=&#8221;Czy konsultacje odbywaj\u0105 si\u0119 tak\u017ce w wakacje?&#8221; tab_id=&#8221;1758272503562-1c9187f2-6dec&#8221;]\r\n                <div class=\"text-modules\">\r\n                    <div class=\"container\">\r\n                        \r\n                        <div class=\"text-modules__content\"><p>Tak, konsultacje psychologiczne odbywaj\u0105 si\u0119 przez ca\u0142y rok.<\/p>\n<\/div>\r\n                    <\/div>\r\n                <\/div>[\/vc_tta_section][vc_tta_section title=&#8221;Czym r\u00f3\u017cni si\u0119 konsultacja psychologiczna od psychoterapii?&#8221; tab_id=&#8221;1758272519586-e954f153-c58e&#8221;]\r\n                <div class=\"text-modules\">\r\n                    <div class=\"container\">\r\n                        \r\n                        <div class=\"text-modules__content\"><p>Konsultacje psychologiczne to kilka spotka\u0144 z psychologiem. Obejmuj\u0105 one wst\u0119pne rozeznanie w problemie, udzielenie wsparcia oraz wskaz\u00f3wki, co zrobi\u0107 dalej.<\/p>\n<p>Psychoterapia jest natomiast d\u0142ugoterminowym procesem, podczas kt\u00f3rego psychoterapeuta pomaga przepracowa\u0107 emocje, zmieni\u0107 niewspieraj\u0105ce schematy my\u015blenia czy dzia\u0142ania, zrozumie\u0107 siebie oraz osi\u0105gn\u0105\u0107 trwa\u0142\u0105 popraw\u0119 w funkcjonowaniu i samopoczuciu.<\/p>\n<\/div>\r\n                    <\/div>\r\n                <\/div>[\/vc_tta_section][vc_tta_section title=&#8221;Czego nie otrzymam na konsultacjach?&#8221; tab_id=&#8221;1758272538529-ec6c2452-11d0&#8243;]\r\n                <div class=\"text-modules\">\r\n                    <div class=\"container\">\r\n                        \r\n                        <div class=\"text-modules__content\"><p>Na konsultacjach nie otrzymasz:<\/p>\n<ul>\n<li>opinii psychologicznej;<\/li>\n<li>zwolnie\u0144 lekarskich (zwolnienie mo\u017ce wystawi\u0107 tylko lekarz);<\/li>\n<li>psychoterapii d\u0142ugoterminowej.<\/li>\n<\/ul>\n<p>\n<\/div>\r\n                    <\/div>\r\n                <\/div>[\/vc_tta_section][\/vc_tta_accordion][\/vc_column][\/vc_row]<\/p>","protected":false},"excerpt":{"rendered":"<p>[vc_row el_class=&#8221;container&#8221;][vc_column][vc_tta_accordion shape=&#8221;square&#8221; c_icon=&#8221;triangle&#8221; active_section=&#8221;0&#8243; collapsible_all=&#8221;true&#8221; title=&#8221;FAQ \u2013 najcz\u0119\u015bciej zadawane pytania&#8221;][vc_tta_section title=&#8221;Kto mo\u017ce skorzysta\u0107 z konsultacji?&#8221; tab_id=&#8221;1758272196412-003d8d7d-eeff&#8221;][\/vc_tta_section][vc_tta_section title=&#8221;Ile trwa konsultacja psychologiczna?&#8221; tab_id=&#8221;1758272196420-8b5aa760-27cf&#8221;][\/vc_tta_section][vc_tta_section title=&#8221;Czy konsultacje odbywaj\u0105 si\u0119 stacjonarnie, czy online?&#8221; tab_id=&#8221;1758272372008-ebd79c9d-b4eb&#8221;][\/vc_tta_section][vc_tta_section title=&#8221;Czy potrzebuj\u0119 skierowania od lekarza, by skorzysta\u0107 z konsultacji?&#8221; tab_id=&#8221;1758272391560-ff2e41b9-02c3&#8243;][\/vc_tta_section][vc_tta_section title=&#8221;Czego mog\u0119 si\u0119 spodziewa\u0107, je\u015bli to moja pierwsza wizyta u psychologa?&#8221; tab_id=&#8221;1758272427163-9c3bad7f-844f&#8221;][\/vc_tta_section][vc_tta_section title=&#8221;Na jak\u0105 pomoc [&#8230;]<\/p>\n<p><a class=\"btn btn-secondary understrap-read-more-link\" href=\"https:\/\/us.edu.pl\/student\/wsparcie-i-fundusze\/pomoc-psychologiczna\/faq-najczesciej-zadawane-pytania\/\">Read More&#8230;<\/a><\/p>\n","protected":false},"author":28,"featured_media":0,"parent":59032,"menu_order":0,"comment_status":"closed","ping_status":"closed","template":"","meta":{"_expiration-date-status":"","_expiration-date":0,"_expiration-date-type":"","_expiration-date-categories":[],"_expiration-date-options":[]},"acf":[],"_links":{"self":[{"href":"https:\/\/us.edu.pl\/student\/wp-json\/wp\/v2\/pages\/59069"}],"collection":[{"href":"https:\/\/us.edu.pl\/student\/wp-json\/wp\/v2\/pages"}],"about":[{"href":"https:\/\/us.edu.pl\/student\/wp-json\/wp\/v2\/types\/page"}],"author":[{"embeddable":true,"href":"https:\/\/us.edu.pl\/student\/wp-json\/wp\/v2\/users\/28"}],"replies":[{"embeddable":true,"href":"https:\/\/us.edu.pl\/student\/wp-json\/wp\/v2\/comments?post=59069"}],"version-history":[{"count":6,"href":"https:\/\/us.edu.pl\/student\/wp-json\/wp\/v2\/pages\/59069\/revisions"}],"predecessor-version":[{"id":59073,"href":"https:\/\/us.edu.pl\/student\/wp-json\/wp\/v2\/pages\/59069\/revisions\/59073"}],"up":[{"embeddable":true,"href":"https:\/\/us.edu.pl\/student\/wp-json\/wp\/v2\/pages\/59032"}],"wp:attachment":[{"href":"https:\/\/us.edu.pl\/student\/wp-json\/wp\/v2\/media?parent=59069"}],"curies":[{"name":"wp","href":"https:\/\/api.w.org\/{rel}","templated":true}]}}