{"id":59314,"date":"2025-09-25T09:47:46","date_gmt":"2025-09-25T07:47:46","guid":{"rendered":"https:\/\/us.edu.pl\/student\/?page_id=59314"},"modified":"2025-09-25T09:53:45","modified_gmt":"2025-09-25T07:53:45","slug":"infozkdo","status":"publish","type":"page","link":"https:\/\/us.edu.pl\/student\/nowy-student\/nowy-student-pierwsze-kroki\/infozkdo\/","title":{"rendered":"INFOzKDO"},"content":{"rendered":"<p>[vc_row el_class=&#8221;container&#8221;][vc_column width=&#8221;2\/3&#8243;]\r\n                <div class=\"text-modules\">\r\n                    <div class=\"container\">\r\n                        \r\n                        <div class=\"text-modules__content\"><p><strong>INFOzKDO<br \/>\n<\/strong><strong><em>Kolegium Dydaktyki Og\u00f3lnouniwersyteckiej<\/em><\/strong><\/p>\n<p>W zbiorze Wiadomo\u015bci Studenckich pod has\u0142em: INFOzKDO, b\u0119d\u0105 publikowane najwa\u017cniejsze informacje o organizacji i realizacji kszta\u0142cenia og\u00f3lnouniwersyteckiego, w tym: <strong>modu\u0142\u00f3w obszarowych<\/strong> (MO), <strong>Otwartych Modu\u0142\u00f3w Uniwersyteckich<\/strong> (OMU), <strong>Otwartej Oferty Dydaktycznej<\/strong> (OOD) \u00a0oraz <strong>modu\u0142\u00f3w nauczycielskich<\/strong> (KN). Cyklicznie b\u0119d\u0105 prezentowane opisy najwa\u017cniejszych dzia\u0142a\u0144, projekt\u00f3w oraz nowo\u015bci z zakresu kszta\u0142cenia og\u00f3lnouniwersyteckiego. Szczeg\u00f3\u0142owe informacje b\u0119dzie mo\u017cna dodatkowo znale\u017a\u0107 na<a href=\"https:\/\/us.edu.pl\/kolegium\/kdo\/\"> stronie.<\/a><\/p>\n<\/div>\r\n                    <\/div>\r\n                <\/div>[\/vc_column][vc_column width=&#8221;1\/3&#8243;][\/vc_column][\/vc_row]<\/p>","protected":false},"excerpt":{"rendered":"<p>[vc_row el_class=&#8221;container&#8221;][vc_column width=&#8221;2\/3&#8243;][\/vc_column][vc_column width=&#8221;1\/3&#8243;][\/vc_column][\/vc_row] [&#8230;]<\/p>\n<p><a class=\"btn btn-secondary understrap-read-more-link\" href=\"https:\/\/us.edu.pl\/student\/nowy-student\/nowy-student-pierwsze-kroki\/infozkdo\/\">Read More&#8230;<\/a><\/p>\n","protected":false},"author":28,"featured_media":0,"parent":4377,"menu_order":0,"comment_status":"closed","ping_status":"closed","template":"","meta":{"_expiration-date-status":"","_expiration-date":0,"_expiration-date-type":"","_expiration-date-categories":[],"_expiration-date-options":[]},"acf":[],"_links":{"self":[{"href":"https:\/\/us.edu.pl\/student\/wp-json\/wp\/v2\/pages\/59314"}],"collection":[{"href":"https:\/\/us.edu.pl\/student\/wp-json\/wp\/v2\/pages"}],"about":[{"href":"https:\/\/us.edu.pl\/student\/wp-json\/wp\/v2\/types\/page"}],"author":[{"embeddable":true,"href":"https:\/\/us.edu.pl\/student\/wp-json\/wp\/v2\/users\/28"}],"replies":[{"embeddable":true,"href":"https:\/\/us.edu.pl\/student\/wp-json\/wp\/v2\/comments?post=59314"}],"version-history":[{"count":3,"href":"https:\/\/us.edu.pl\/student\/wp-json\/wp\/v2\/pages\/59314\/revisions"}],"predecessor-version":[{"id":59321,"href":"https:\/\/us.edu.pl\/student\/wp-json\/wp\/v2\/pages\/59314\/revisions\/59321"}],"up":[{"embeddable":true,"href":"https:\/\/us.edu.pl\/student\/wp-json\/wp\/v2\/pages\/4377"}],"wp:attachment":[{"href":"https:\/\/us.edu.pl\/student\/wp-json\/wp\/v2\/media?parent=59314"}],"curies":[{"name":"wp","href":"https:\/\/api.w.org\/{rel}","templated":true}]}}