{"id":59479,"date":"2025-10-06T10:53:24","date_gmt":"2025-10-06T08:53:24","guid":{"rendered":"https:\/\/us.edu.pl\/student\/?page_id=59479"},"modified":"2025-10-08T09:07:22","modified_gmt":"2025-10-08T07:07:22","slug":"przydatne-linki","status":"publish","type":"page","link":"https:\/\/us.edu.pl\/student\/mobilnosc\/mobilnosc-miedzynarodowa\/wyjazdy-zagraniczne\/przydatne-linki\/","title":{"rendered":"Przydatne linki"},"content":{"rendered":"<p>[vc_row][vc_column][\/vc_column][\/vc_row][vc_row][vc_column]\r\n                <div class=\"text-modules\">\r\n                    <div class=\"container\">\r\n                        <h3 class=\"page-title text__title\">Przydatne linki<\/h3>\r\n                        <div class=\"text-modules__content\"><\/p>\n<div>\n<p><a href=\"https:\/\/www.iata.org\/\">Mi\u0119dzynarodowe Stowarzyszenie Transportu Powietrznego IATA<\/a><\/p>\n<p><a href=\"https:\/\/www.gov.pl\/web\/dyplomacja\/informacje-dla-podrozujacych\">Informacje dla podr\u00f3\u017cuj\u0105cych Ministerstwa Spraw Zagranicznych<\/a><\/p>\n<p><a href=\"https:\/\/www.gov.pl\/web\/dyplomacja\/polskie-przedstawicielstwa-na-swiecie\">Polskie przedstawicielstwa na \u015bwiecie<\/a>\u00a0(ambasady, konsulaty)<\/p>\n<p><a href=\"https:\/\/www.gov.pl\/web\/gov\/zglos-pobyt-za-granica-system-odyseusz\">System Odyseusz<\/a><\/p>\n<p><a href=\"https:\/\/www.nfz.gov.pl\/dla-pacjenta\/nasze-zdrowie-w-ue\/leczenie-w-krajach-unii-europejskiej-i-efta\/jak-wyrobic-karte-ekuz\/\">EKUZ \u2013 Europejsk\u0105 Kart\u0119 Ubezpieczenia Zdrowotnego<\/a><\/p>\n<p><a href=\"https:\/\/www.gov.pl\/web\/dyplomacja\/checklista-wyjazdowa-msz\">Checklista wyjazdowa Ministerstwa Spraw Zagranicznych<\/a><\/p>\n<\/div>\n<p>\n<\/div>\r\n                    <\/div>\r\n                <\/div>[\/vc_column][\/vc_row]<\/p>","protected":false},"excerpt":{"rendered":"<p>[vc_row][vc_column][\/vc_column][\/vc_row][vc_row][vc_column][\/vc_column][\/vc_row] [&#8230;]<\/p>\n<p><a class=\"btn btn-secondary understrap-read-more-link\" href=\"https:\/\/us.edu.pl\/student\/mobilnosc\/mobilnosc-miedzynarodowa\/wyjazdy-zagraniczne\/przydatne-linki\/\">Read More&#8230;<\/a><\/p>\n","protected":false},"author":28,"featured_media":0,"parent":26503,"menu_order":0,"comment_status":"closed","ping_status":"closed","template":"","meta":{"_expiration-date-status":"","_expiration-date":0,"_expiration-date-type":"","_expiration-date-categories":[],"_expiration-date-options":[]},"acf":[],"_links":{"self":[{"href":"https:\/\/us.edu.pl\/student\/wp-json\/wp\/v2\/pages\/59479"}],"collection":[{"href":"https:\/\/us.edu.pl\/student\/wp-json\/wp\/v2\/pages"}],"about":[{"href":"https:\/\/us.edu.pl\/student\/wp-json\/wp\/v2\/types\/page"}],"author":[{"embeddable":true,"href":"https:\/\/us.edu.pl\/student\/wp-json\/wp\/v2\/users\/28"}],"replies":[{"embeddable":true,"href":"https:\/\/us.edu.pl\/student\/wp-json\/wp\/v2\/comments?post=59479"}],"version-history":[{"count":4,"href":"https:\/\/us.edu.pl\/student\/wp-json\/wp\/v2\/pages\/59479\/revisions"}],"predecessor-version":[{"id":59599,"href":"https:\/\/us.edu.pl\/student\/wp-json\/wp\/v2\/pages\/59479\/revisions\/59599"}],"up":[{"embeddable":true,"href":"https:\/\/us.edu.pl\/student\/wp-json\/wp\/v2\/pages\/26503"}],"wp:attachment":[{"href":"https:\/\/us.edu.pl\/student\/wp-json\/wp\/v2\/media?parent=59479"}],"curies":[{"name":"wp","href":"https:\/\/api.w.org\/{rel}","templated":true}]}}