{"id":59488,"date":"2025-10-06T11:01:02","date_gmt":"2025-10-06T09:01:02","guid":{"rendered":"https:\/\/us.edu.pl\/student\/?page_id=59488"},"modified":"2025-10-07T13:37:04","modified_gmt":"2025-10-07T11:37:04","slug":"zakup-biletow-przez-biuro-podrozy","status":"publish","type":"page","link":"https:\/\/us.edu.pl\/student\/mobilnosc\/mobilnosc-miedzynarodowa\/wyjazdy-zagraniczne\/zakup-biletow-przez-biuro-podrozy\/","title":{"rendered":"Zakup bilet\u00f3w przez biuro podr\u00f3\u017cy"},"content":{"rendered":"<p>[vc_row][vc_column][\/vc_column][\/vc_row][vc_row][vc_column]\r\n                <div class=\"text-modules\">\r\n                    <div class=\"container\">\r\n                        <h3 class=\"page-title text__title\">Zakup bilet\u00f3w i wizy za po\u015brednictwem biura podr\u00f3\u017cy<\/h3>\r\n                        <div class=\"text-modules__content\"><p>25 sierpnia 2025 r. Uniwersytet \u015al\u0105ski w Katowicach zawar\u0142 umow\u0119 nr DZP.382.5.1.2025 z\u00a0<strong>Why Not Travel sp\u00f3\u0142k\u0105 z ograniczon\u0105 odpowiedzialno\u015bci\u0105<\/strong>, z siedzib\u0105 w Kielnarowej: Kielnarowa 108A, 36-020 Tyczyn, na \u201eKompleksow\u0105 organizacj\u0119 wyjazd\u00f3w zagranicznych\u201d. Us\u0142uga polega na rezerwacji, sprzeda\u017cy, dostawie bilet\u00f3w lotniczych, kolejowych, autobusowych i promowych oraz wizowaniu paszport\u00f3w.<\/p>\n<p>Zakupu bilet\u00f3w i wiz mo\u017ce dokonywa\u0107 pracownik U\u015a, student, doktorant, go\u015b\u0107 z zagranicy, oraz osoba nieb\u0119d\u0105ca pracownikiem, wykonuj\u0105ca zadania na rzecz uczelni. W imieniu os\u00f3b wyje\u017cd\u017caj\u0105cych i przyje\u017cd\u017caj\u0105cych zakupu mog\u0105 dokonywa\u0107 inni pracownicy lub opiekunowie go\u015bci.<\/p>\n<p>Kontakt z biurem podr\u00f3\u017cy<strong>\u00a0WHY NOT TRAVEL:<\/strong><\/p>\n<p>Adres e-mail:\u00a0<strong>us@whynottravel.pl<\/strong><\/p>\n<p>Telefony kontaktowe w dni pracuj\u0105ce od poniedzia\u0142ku do pi\u0105tku w godzinach od 8:00 do 18:00:<\/p>\n<p><strong>DZIA\u0141 LOTNICZY:\u00a0<\/strong><strong>17 23 06 830<\/strong>\u00a0lub<strong>\u00a017 23 06 844\u00a0<\/strong><\/p>\n<p><strong>DZIA\u0141 LOGISTYKI<\/strong>\u00a0(bilety kolejowe, promowe, autobusowe, po\u015brednictwo wizowe):\u00a0<strong>17 23 06 852\u00a0<\/strong><\/p>\n<p>W pozosta\u0142e dni i godziny zapewniona jest ca\u0142odobowo czynna linia telefoniczna\u00a0<strong>help-desk<\/strong>\u00a0pod numerem:\u00a0<strong>+48<\/strong>\u00a0<strong>570 055 600<\/strong>, umo\u017cliwiaj\u0105ca kontakt w przypadku pilnej potrzeby, w szczeg\u00f3lno\u015bci w sytuacjach zmiany lub rezygnacji z biletu w przypadkach losowych, czy odwo\u0142ania po\u0142\u0105cze\u0144 z powod\u00f3w warunk\u00f3w atmosferycznych.<\/p>\n<\/div>\r\n                    <\/div>\r\n                <\/div>[\/vc_column][\/vc_row]<\/p>","protected":false},"excerpt":{"rendered":"<p>[vc_row][vc_column][\/vc_column][\/vc_row][vc_row][vc_column][\/vc_column][\/vc_row] [&#8230;]<\/p>\n<p><a class=\"btn btn-secondary understrap-read-more-link\" href=\"https:\/\/us.edu.pl\/student\/mobilnosc\/mobilnosc-miedzynarodowa\/wyjazdy-zagraniczne\/zakup-biletow-przez-biuro-podrozy\/\">Read More&#8230;<\/a><\/p>\n","protected":false},"author":28,"featured_media":0,"parent":26503,"menu_order":0,"comment_status":"closed","ping_status":"closed","template":"page-templates\/inner-page-with-bookmarks.php","meta":{"_expiration-date-status":"","_expiration-date":0,"_expiration-date-type":"","_expiration-date-categories":[],"_expiration-date-options":[]},"acf":[],"_links":{"self":[{"href":"https:\/\/us.edu.pl\/student\/wp-json\/wp\/v2\/pages\/59488"}],"collection":[{"href":"https:\/\/us.edu.pl\/student\/wp-json\/wp\/v2\/pages"}],"about":[{"href":"https:\/\/us.edu.pl\/student\/wp-json\/wp\/v2\/types\/page"}],"author":[{"embeddable":true,"href":"https:\/\/us.edu.pl\/student\/wp-json\/wp\/v2\/users\/28"}],"replies":[{"embeddable":true,"href":"https:\/\/us.edu.pl\/student\/wp-json\/wp\/v2\/comments?post=59488"}],"version-history":[{"count":2,"href":"https:\/\/us.edu.pl\/student\/wp-json\/wp\/v2\/pages\/59488\/revisions"}],"predecessor-version":[{"id":59575,"href":"https:\/\/us.edu.pl\/student\/wp-json\/wp\/v2\/pages\/59488\/revisions\/59575"}],"up":[{"embeddable":true,"href":"https:\/\/us.edu.pl\/student\/wp-json\/wp\/v2\/pages\/26503"}],"wp:attachment":[{"href":"https:\/\/us.edu.pl\/student\/wp-json\/wp\/v2\/media?parent=59488"}],"curies":[{"name":"wp","href":"https:\/\/api.w.org\/{rel}","templated":true}]}}