{"id":59490,"date":"2025-10-06T11:04:04","date_gmt":"2025-10-06T09:04:04","guid":{"rendered":"https:\/\/us.edu.pl\/student\/?page_id=59490"},"modified":"2025-10-07T14:04:42","modified_gmt":"2025-10-07T12:04:42","slug":"diety-i-limity-za-noclegi","status":"publish","type":"page","link":"https:\/\/us.edu.pl\/student\/mobilnosc\/mobilnosc-miedzynarodowa\/wyjazdy-zagraniczne\/diety-i-limity-za-noclegi\/","title":{"rendered":"Diety i limity za noclegi"},"content":{"rendered":"<p>[vc_row][vc_column][\/vc_column][\/vc_row][vc_row][vc_column]\r\n                <div class=\"text-modules\">\r\n                    <div class=\"container\">\r\n                        \r\n                        <div class=\"text-modules__content\"><p>Zgodnie z rozporz\u0105dzeniem Ministra Pracy i Polityki Spo\u0142ecznej w sprawie nale\u017cno\u015bci przys\u0142uguj\u0105cych pracownikowi zatrudnionemu w pa\u0144stwowej lub samorz\u0105dowej jednostce sfery bud\u017cetowej z tytu\u0142u podr\u00f3\u017cy s\u0142u\u017cbowej (<a class=\"mtli_attachment mtli_pdf mtli_attachment mtli_pdf mtli_attachment mtli_pdf\" href=\"https:\/\/isap.sejm.gov.pl\/isap.nsf\/download.xsp\/WDU20230002190\/O\/D20232190.pdf\">tekst jednolity Dz. U. 2023, poz. 2190<\/a>) w poszczeg\u00f3lnych pa\u0144stwach obowi\u0105zuj\u0105 <a href=\"https:\/\/us.edu.pl\/student\/wp-content\/uploads\/sites\/3\/Editor\/DMM-wyjazdy-zagraniczne\/Stawki-diet-limity-i-ryczalty-za-noclegi_18.02.2025.xlsx\" class=\"mtli_attachment mtli_xlsx\" data-mtli=\"mtli_filesize17,13kB\" class=\"mtli_attachment mtli_xlsx\" data-mtli=\"mtli_filesize17,13kB\">stawki diet oraz limity lub rycza\u0142ty kwot za nocleg<\/a>.<\/p>\n<p><u>Nale\u017cno\u015bci z tytu\u0142u krajowej podr\u00f3\u017cy s\u0142u\u017cbowej wynosz\u0105:<\/u><\/p>\n<ul>\n<li>dieta &#8211; 45,00 z\u0142.<\/li>\n<li>rycza\u0142t na pokrycie koszt\u00f3w dojazdu &#8211; 9,00 z\u0142.<\/li>\n<li>rycza\u0142t za nocleg &#8211; 67,50 z\u0142.<\/li>\n<li>limit za nocleg &#8211; 900,00 z\u0142.<\/li>\n<\/ul>\n<p>\n<style type=\"text\/css\">a[data-mtli~=\"mtli_filesize17,13kB\"]:after {content:\" (17,13 kB)\"}<\/style><\/div>\r\n                    <\/div>\r\n                <\/div>[\/vc_column][\/vc_row]<\/p>\n<style type=\"text\/css\">a[data-mtli~=\"mtli_filesize17,13kB\"]:after {content:\" (17,13 kB)\"}<\/style>","protected":false},"excerpt":{"rendered":"<p>[vc_row][vc_column][\/vc_column][\/vc_row][vc_row][vc_column][\/vc_column][\/vc_row] [&#8230;]<\/p>\n<p><a class=\"btn btn-secondary understrap-read-more-link\" href=\"https:\/\/us.edu.pl\/student\/mobilnosc\/mobilnosc-miedzynarodowa\/wyjazdy-zagraniczne\/diety-i-limity-za-noclegi\/\">Read More&#8230;<\/a><\/p>\n","protected":false},"author":28,"featured_media":0,"parent":26503,"menu_order":0,"comment_status":"closed","ping_status":"closed","template":"","meta":{"_expiration-date-status":"","_expiration-date":0,"_expiration-date-type":"","_expiration-date-categories":[],"_expiration-date-options":[]},"acf":[],"_links":{"self":[{"href":"https:\/\/us.edu.pl\/student\/wp-json\/wp\/v2\/pages\/59490"}],"collection":[{"href":"https:\/\/us.edu.pl\/student\/wp-json\/wp\/v2\/pages"}],"about":[{"href":"https:\/\/us.edu.pl\/student\/wp-json\/wp\/v2\/types\/page"}],"author":[{"embeddable":true,"href":"https:\/\/us.edu.pl\/student\/wp-json\/wp\/v2\/users\/28"}],"replies":[{"embeddable":true,"href":"https:\/\/us.edu.pl\/student\/wp-json\/wp\/v2\/comments?post=59490"}],"version-history":[{"count":2,"href":"https:\/\/us.edu.pl\/student\/wp-json\/wp\/v2\/pages\/59490\/revisions"}],"predecessor-version":[{"id":59577,"href":"https:\/\/us.edu.pl\/student\/wp-json\/wp\/v2\/pages\/59490\/revisions\/59577"}],"up":[{"embeddable":true,"href":"https:\/\/us.edu.pl\/student\/wp-json\/wp\/v2\/pages\/26503"}],"wp:attachment":[{"href":"https:\/\/us.edu.pl\/student\/wp-json\/wp\/v2\/media?parent=59490"}],"curies":[{"name":"wp","href":"https:\/\/api.w.org\/{rel}","templated":true}]}}