{"id":59498,"date":"2025-10-06T11:09:11","date_gmt":"2025-10-06T09:09:11","guid":{"rendered":"https:\/\/us.edu.pl\/student\/?page_id=59498"},"modified":"2025-10-08T11:07:47","modified_gmt":"2025-10-08T09:07:47","slug":"formularze","status":"publish","type":"page","link":"https:\/\/us.edu.pl\/student\/mobilnosc\/mobilnosc-miedzynarodowa\/wyjazdy-zagraniczne\/formularze\/","title":{"rendered":"Formularze"},"content":{"rendered":"<p>[vc_row][vc_column][\/vc_column][\/vc_row][vc_row][vc_column][\/vc_column][\/vc_row][vc_row][vc_column]\r\n                <div class=\"text-modules\">\r\n                    <div class=\"container\">\r\n                        <h3 class=\"page-title text__title\">Formularze<\/h3>\r\n                        <div class=\"text-modules__content\"><p><strong>Skierowanie za granic\u0119 \u2013 WS:<\/strong><\/p>\n<p style=\"padding-left: 40px;\"><a href=\"https:\/\/us.edu.pl\/student\/wp-content\/uploads\/sites\/3\/Editor\/DMM-wyjazdy-zagraniczne\/Wniosek-o-wyjazd-za-granice_WS_27.06.2025.doc\" class=\"mtli_attachment mtli_doc\" data-mtli=\"mtli_filesize377,50kB\" class=\"mtli_attachment mtli_doc\" data-mtli=\"mtli_filesize377,50kB\">Wniosek o wyjazd za granic\u0119<\/a><\/p>\n<p style=\"padding-left: 40px;\"><a href=\"https:\/\/us.edu.pl\/student\/wp-content\/uploads\/sites\/3\/Editor\/DMM-wyjazdy-zagraniczne\/Oswiadczenie-studentadoktoranta_WS.doc\" class=\"mtli_attachment mtli_doc\" data-mtli=\"mtli_filesize288,50kB\" class=\"mtli_attachment mtli_doc\" data-mtli=\"mtli_filesize288,50kB\">O\u015bwiadczenie studenta\/doktoranta. Dane do sporz\u0105dzenia informacji o dochodach oraz pobranych zaliczkach na podatek dochodowy<\/a><\/p>\n<p style=\"padding-left: 40px;\"><a href=\"https:\/\/us.edu.pl\/student\/wp-content\/uploads\/sites\/3\/Editor\/DMM-wyjazdy-zagraniczne\/Zlecenie-platnosci_WS_15.04.2025.docx\" class=\"mtli_attachment mtli_docx\" data-mtli=\"mtli_filesize270,52kB\" class=\"mtli_attachment mtli_docx\" data-mtli=\"mtli_filesize270,52kB\">Zlecenie p\u0142atno\u015bci<\/a><\/p>\n<p style=\"padding-left: 40px;\"><a href=\"https:\/\/us.edu.pl\/student\/wp-content\/uploads\/sites\/3\/Editor\/DMM-wyjazdy-zagraniczne\/Wniosek-o-uzycie-samochodu-osobowego-w-podrozy-sluzbowej_WS_27.06.2025.doc\" class=\"mtli_attachment mtli_doc\" data-mtli=\"mtli_filesize283,00kB\" class=\"mtli_attachment mtli_doc\" data-mtli=\"mtli_filesize283,00kB\">Wniosek o wyra\u017cenie zgody na u\u017cycie samochodu osobowego w celu odbycia podr\u00f3\u017cy s\u0142u\u017cbowej \/ wyjazdu<\/a><\/p>\n<p style=\"padding-left: 40px;\"><a href=\"https:\/\/us.edu.pl\/student\/wp-content\/uploads\/sites\/3\/Editor\/DMM-wyjazdy-zagraniczne\/Rachunek-kosztow-do-wniosku-WS_15.04.2025.docx\" class=\"mtli_attachment mtli_docx\" data-mtli=\"mtli_filesize280,08kB\" class=\"mtli_attachment mtli_docx\" data-mtli=\"mtli_filesize280,08kB\">Rachunek koszt\u00f3w skierowania za granic\u0119<\/a><\/p>\n<p style=\"padding-left: 40px;\"><a href=\"https:\/\/us.edu.pl\/student\/wp-content\/uploads\/sites\/3\/Editor\/DMM-wyjazdy-zagraniczne\/Ewidencja-przebiegu-pojazdu_WS_15.04.2025.pdf\" class=\"mtli_attachment mtli_pdf\" data-mtli=\"mtli_filesize109,95kB\" class=\"mtli_attachment mtli_pdf\" data-mtli=\"mtli_filesize109,95kB\">Ewidencja przebiegu pojazdu<\/a><\/p>\n<p style=\"padding-left: 40px;\"><a href=\"https:\/\/us.edu.pl\/student\/wp-content\/uploads\/sites\/3\/Editor\/DMM-wyjazdy-zagraniczne\/Oswiadczenie-o-poniesieniu-wydatku_WS_15.04.2025.doc\" class=\"mtli_attachment mtli_doc\" data-mtli=\"mtli_filesize273,50kB\" class=\"mtli_attachment mtli_doc\" data-mtli=\"mtli_filesize273,50kB\">O\u015bwiadczenie o poniesieniu wydatku w trakcie odbywania podr\u00f3\u017cy s\u0142u\u017cbowej \/ wyjazdu i przyczynach braku jego udokumentowania<\/a><\/p>\n<p>&nbsp;<\/p>\n<p><strong>Polecenie wyjazdu s\u0142u\u017cbowego \u2013 WP:<\/strong><\/p>\n<p style=\"padding-left: 40px;\"><a href=\"https:\/\/us.edu.pl\/student\/wp-content\/uploads\/sites\/3\/Editor\/DMM-wyjazdy-zagraniczne\/Wniosek-o-wyjazd-za-granice_WP_27.06.2025.doc\" class=\"mtli_attachment mtli_doc\" data-mtli=\"mtli_filesize377,50kB\" class=\"mtli_attachment mtli_doc\" data-mtli=\"mtli_filesize377,50kB\">Wniosek o wyjazd za granic\u0119<\/a><\/p>\n<p style=\"padding-left: 40px;\"><a href=\"https:\/\/us.edu.pl\/student\/wp-content\/uploads\/sites\/3\/Editor\/DMM-wyjazdy-zagraniczne\/Umowa-o-zwrot-kosztow-podrozy_WP_15.04.2025.docx\" class=\"mtli_attachment mtli_docx\" data-mtli=\"mtli_filesize37,28kB\" class=\"mtli_attachment mtli_docx\" data-mtli=\"mtli_filesize37,28kB\">Umowa o zwrot koszt\u00f3w podr\u00f3\u017cy osobie nieb\u0119d\u0105cej pracownikiem Uniwersytetu \u015al\u0105skiego w Katowicach<\/a><\/p>\n<p style=\"padding-left: 40px;\"><a href=\"https:\/\/us.edu.pl\/student\/wp-content\/uploads\/sites\/3\/Editor\/DMM-wyjazdy-zagraniczne\/Oswiadzcenie-studenta-doktoranta_WP_15.04.2025.docx\" class=\"mtli_attachment mtli_docx\" data-mtli=\"mtli_filesize107,45kB\" class=\"mtli_attachment mtli_docx\" data-mtli=\"mtli_filesize107,45kB\">O\u015bwiadczenie studenta\/doktoranta. Dane do sporz\u0105dzenia informacji o dochodach oraz pobranych zaliczkach na podatek dochodowy<\/a><\/p>\n<p style=\"padding-left: 40px;\"><a href=\"https:\/\/us.edu.pl\/student\/wp-content\/uploads\/sites\/3\/Editor\/DMM-wyjazdy-zagraniczne\/Wniosek-o-uzycie-samochodu-osobowego-w-podrozy-sluzbowej_WP_27.06.2025.doc\" class=\"mtli_attachment mtli_doc\" data-mtli=\"mtli_filesize283,00kB\" class=\"mtli_attachment mtli_doc\" data-mtli=\"mtli_filesize283,00kB\">Wniosek o wyra\u017cenie zgody na u\u017cycie samochodu osobowego w celu odbycia podr\u00f3\u017cy s\u0142u\u017cbowej \/ wyjazdu<\/a><\/p>\n<p style=\"padding-left: 40px;\"><a href=\"https:\/\/us.edu.pl\/student\/wp-content\/uploads\/sites\/3\/Editor\/DMM-wyjazdy-zagraniczne\/Rachunek-kosztow-do-wniosku-WP_15.04.2025.docx\" class=\"mtli_attachment mtli_docx\" data-mtli=\"mtli_filesize48,06kB\" class=\"mtli_attachment mtli_docx\" data-mtli=\"mtli_filesize48,06kB\">Rachunek koszt\u00f3w polecenia wyjazdu s\u0142u\u017cbowego za granic\u0119<\/a><\/p>\n<p style=\"padding-left: 40px;\"><a href=\"https:\/\/us.edu.pl\/student\/wp-content\/uploads\/sites\/3\/Editor\/DMM-wyjazdy-zagraniczne\/Ewidencja-przebiegu-pojazdu_WP_15.04.2025.pdf\" class=\"mtli_attachment mtli_pdf\" data-mtli=\"mtli_filesize109,04kB\" class=\"mtli_attachment mtli_pdf\" data-mtli=\"mtli_filesize109,04kB\">Ewidencja przebiegu pojazdu<\/a><\/p>\n<p style=\"padding-left: 40px;\"><a href=\"https:\/\/us.edu.pl\/student\/wp-content\/uploads\/sites\/3\/Editor\/DMM-wyjazdy-zagraniczne\/Oswiadczenie-o-poniesieniu-wydatku_WP_15.04.2025.doc.docx\" class=\"mtli_attachment mtli_docx\" data-mtli=\"mtli_filesize106,97kB\" class=\"mtli_attachment mtli_docx\" data-mtli=\"mtli_filesize106,97kB\">O\u015bwiadczenie o poniesieniu wydatku w trakcie odbywania podr\u00f3\u017cy s\u0142u\u017cbowej \/ wyjazdu i przyczynach braku jego udokumentowania<\/a><\/p>\n<p>\n<style type=\"text\/css\">a[data-mtli~=\"mtli_filesize377,50kB\"]:after {content:\" (377,50 kB)\"}a[data-mtli~=\"mtli_filesize288,50kB\"]:after {content:\" (288,50 kB)\"}a[data-mtli~=\"mtli_filesize270,52kB\"]:after {content:\" (270,52 kB)\"}a[data-mtli~=\"mtli_filesize283,00kB\"]:after {content:\" (283,00 kB)\"}a[data-mtli~=\"mtli_filesize280,08kB\"]:after {content:\" (280,08 kB)\"}a[data-mtli~=\"mtli_filesize109,95kB\"]:after {content:\" (109,95 kB)\"}a[data-mtli~=\"mtli_filesize273,50kB\"]:after {content:\" (273,50 kB)\"}a[data-mtli~=\"mtli_filesize37,28kB\"]:after {content:\" (37,28 kB)\"}a[data-mtli~=\"mtli_filesize107,45kB\"]:after {content:\" (107,45 kB)\"}a[data-mtli~=\"mtli_filesize48,06kB\"]:after {content:\" (48,06 kB)\"}a[data-mtli~=\"mtli_filesize109,04kB\"]:after {content:\" (109,04 kB)\"}a[data-mtli~=\"mtli_filesize106,97kB\"]:after {content:\" (106,97 kB)\"}<\/style><\/div>\r\n                    <\/div>\r\n                <\/div>[\/vc_column][\/vc_row]<\/p>\n<style type=\"text\/css\">a[data-mtli~=\"mtli_filesize377,50kB\"]:after {content:\" (377,50 kB)\"}a[data-mtli~=\"mtli_filesize288,50kB\"]:after {content:\" (288,50 kB)\"}a[data-mtli~=\"mtli_filesize270,52kB\"]:after {content:\" (270,52 kB)\"}a[data-mtli~=\"mtli_filesize283,00kB\"]:after {content:\" (283,00 kB)\"}a[data-mtli~=\"mtli_filesize280,08kB\"]:after {content:\" (280,08 kB)\"}a[data-mtli~=\"mtli_filesize109,95kB\"]:after {content:\" (109,95 kB)\"}a[data-mtli~=\"mtli_filesize273,50kB\"]:after {content:\" (273,50 kB)\"}a[data-mtli~=\"mtli_filesize37,28kB\"]:after {content:\" (37,28 kB)\"}a[data-mtli~=\"mtli_filesize107,45kB\"]:after {content:\" (107,45 kB)\"}a[data-mtli~=\"mtli_filesize48,06kB\"]:after {content:\" (48,06 kB)\"}a[data-mtli~=\"mtli_filesize109,04kB\"]:after {content:\" (109,04 kB)\"}a[data-mtli~=\"mtli_filesize106,97kB\"]:after {content:\" (106,97 kB)\"}<\/style>","protected":false},"excerpt":{"rendered":"<p>[vc_row][vc_column][\/vc_column][\/vc_row][vc_row][vc_column][\/vc_column][\/vc_row][vc_row][vc_column][\/vc_column][\/vc_row] [&#8230;]<\/p>\n<p><a class=\"btn btn-secondary understrap-read-more-link\" href=\"https:\/\/us.edu.pl\/student\/mobilnosc\/mobilnosc-miedzynarodowa\/wyjazdy-zagraniczne\/formularze\/\">Read More&#8230;<\/a><\/p>\n","protected":false},"author":28,"featured_media":0,"parent":26503,"menu_order":0,"comment_status":"closed","ping_status":"closed","template":"","meta":{"_expiration-date-status":"","_expiration-date":0,"_expiration-date-type":"","_expiration-date-categories":[],"_expiration-date-options":[]},"acf":[],"_links":{"self":[{"href":"https:\/\/us.edu.pl\/student\/wp-json\/wp\/v2\/pages\/59498"}],"collection":[{"href":"https:\/\/us.edu.pl\/student\/wp-json\/wp\/v2\/pages"}],"about":[{"href":"https:\/\/us.edu.pl\/student\/wp-json\/wp\/v2\/types\/page"}],"author":[{"embeddable":true,"href":"https:\/\/us.edu.pl\/student\/wp-json\/wp\/v2\/users\/28"}],"replies":[{"embeddable":true,"href":"https:\/\/us.edu.pl\/student\/wp-json\/wp\/v2\/comments?post=59498"}],"version-history":[{"count":4,"href":"https:\/\/us.edu.pl\/student\/wp-json\/wp\/v2\/pages\/59498\/revisions"}],"predecessor-version":[{"id":59612,"href":"https:\/\/us.edu.pl\/student\/wp-json\/wp\/v2\/pages\/59498\/revisions\/59612"}],"up":[{"embeddable":true,"href":"https:\/\/us.edu.pl\/student\/wp-json\/wp\/v2\/pages\/26503"}],"wp:attachment":[{"href":"https:\/\/us.edu.pl\/student\/wp-json\/wp\/v2\/media?parent=59498"}],"curies":[{"name":"wp","href":"https:\/\/api.w.org\/{rel}","templated":true}]}}