{"id":59501,"date":"2025-10-06T11:13:58","date_gmt":"2025-10-06T09:13:58","guid":{"rendered":"https:\/\/us.edu.pl\/student\/?page_id=59501"},"modified":"2025-10-14T11:45:29","modified_gmt":"2025-10-14T09:45:29","slug":"zasady-ogolne-2","status":"publish","type":"page","link":"https:\/\/us.edu.pl\/student\/mobilnosc\/mobilnosc-miedzynarodowa\/wyjazdy-zagraniczne\/zasady-ogolne-2\/","title":{"rendered":"Zasady og\u00f3lne"},"content":{"rendered":"<p>[vc_row][vc_column][\/vc_column][\/vc_row][vc_row][vc_column]\r\n                <div class=\"text-modules\">\r\n                    <div class=\"container\">\r\n                        <h3 class=\"page-title text__title\">Zasady og\u00f3lne rozliczania wyjazdu za granic\u0119<\/h3>\r\n                        <div class=\"text-modules__content\"><p>Osoba wyje\u017cd\u017caj\u0105ca zobowi\u0105zana jest <span style=\"text-decoration: underline;\">w terminie do 14 dni od zako\u0144czenia wyjazdu<\/span> rozliczy\u0107 jego koszty w cz\u0119\u015bci I <a href=\"https:\/\/us.edu.pl\/student\/wp-content\/uploads\/sites\/3\/Editor\/DMM-wyjazdy-zagraniczne\/Rachunek-kosztow-do-wniosku-WP_15.04.2025.docx\" class=\"mtli_attachment mtli_docx\" data-mtli=\"mtli_filesize48,06kB\" class=\"mtli_attachment mtli_docx\" data-mtli=\"mtli_filesize48,06kB\"><em>Rachunku koszt\u00f3w polecenia wyjazdu s\u0142u\u017cbowego do wniosku WP<\/em><\/a> lub <em><a href=\"https:\/\/us.edu.pl\/student\/wp-content\/uploads\/sites\/3\/Editor\/DMM-wyjazdy-zagraniczne\/Rachunek-kosztow-do-wniosku-WS_15.04.2025.docx\" class=\"mtli_attachment mtli_docx\" data-mtli=\"mtli_filesize280,08kB\" class=\"mtli_attachment mtli_docx\" data-mtli=\"mtli_filesize280,08kB\">Rachunku koszt\u00f3w skierowania za granice do wniosku WS <\/a><\/em>.<\/p>\n<p>Rachunek koszt\u00f3w z wymaganymi za\u0142\u0105cznikami, np.: fakturami, rachunkami, kartami pok\u0142adowymi, biletami nale\u017cy przekaza\u0107 osobie obs\u0142uguj\u0105cej mobilno\u015bci mi\u0119dzynarodowe na wydziale lub w innej jednostce. W przypadku podr\u00f3\u017cy samochodem prywatnym nale\u017cy r\u00f3wnie\u017c przekaza\u0107 dane do <em>Ewidencji przebiegu pojazdu.\u00a0<\/em><\/p>\n<p><strong>Nie podlegaj\u0105 rozliczeniu w Biurze Rozlicze\u0144 Mobilno\u015bci Mi\u0119dzynarodowych wyjazdy w ramach program\u00f3w mi\u0119dzynarodowych (np. Erasmus+).<\/strong><\/p>\n<style type=\"text\/css\">a[data-mtli~=\"mtli_filesize48,06kB\"]:after {content:\" (48,06 kB)\"}a[data-mtli~=\"mtli_filesize280,08kB\"]:after {content:\" (280,08 kB)\"}<\/style><\/div>\r\n                    <\/div>\r\n                <\/div>[\/vc_column][\/vc_row][vc_row][vc_column]<div class=\"container\"><div class=\"separator\" style=\"background-color: #EBEBEB\"><\/div><\/div>[\/vc_column][\/vc_row][vc_row][vc_column]\r\n                <div class=\"text-modules \">\r\n                    <div class=\"container\">\r\n                         <h3 class=\"subtitle text-modules__subtitle\">Rozliczenie przedp\u0142at wykonanych przez U\u015a<\/h3>\r\n                        <div class=\"row m-0\">\r\n                            <div class=\"text-modules__content\">\r\n                                Osoba wyje\u017cd\u017caj\u0105ca zobowi\u0105zana jest do uzyskania faktury <span style=\"text-decoration: underline;\">do 14 dni od momentu dokonania przez Uniwersytet op\u0142aty<\/span> konferencyjnej, szkoleniowej lub za noclegi.<\/p>\n<p>Faktura powinna by\u0107 wystawiona na:<\/p>\n<p><strong>Uniwersytet \u015al\u0105ski w Katowicach,<\/strong><\/p>\n<p><strong>ul. Bankowa 12<\/strong><\/p>\n<p><strong>40-007 Katowice<\/strong><\/p>\n<p><strong>NIP: PL634-019-71-34<\/strong><\/p>\n<p>Je\u015bli faktura przes\u0142ana jest w formie elektronicznej, plik <u>z mailem \u017ar\u00f3d\u0142owym <\/u>nale\u017cy przes\u0142a\u0107\u00a0na adres:\u00a0<a href=\"mailto:brmm@us.edu.pl\">brmm@us.edu.pl.<\/a> W tre\u015bci maila prosz\u0119 poda\u0107: imi\u0119 i nazwisko osoby, kt\u00f3rej dotyczy dokument, kraj docelowy i termin wyjazdu za granic\u0119.<\/p>\n<p>W przypadku problemu z uzyskaniem poprawnie wystawionej faktury, do dokumentu nale\u017cy do\u0142\u0105czy\u0107 <em>O\u015bwiadczenie o poniesieniu wydatku w trakcie odbywania podr\u00f3\u017cy s\u0142u\u017cbowej \/ wyjazdu i przyczynach braku jego udokumentowania.<\/em> \r\n                                <div class=\"mt-3\"><\/div>\r\n                            <\/div>\r\n                            \r\n                            \r\n                        <\/div>\r\n                    <\/div>\r\n                <\/div>[\/vc_column][\/vc_row]<\/p>\n<style type=\"text\/css\">a[data-mtli~=\"mtli_filesize48,06kB\"]:after {content:\" (48,06 kB)\"}a[data-mtli~=\"mtli_filesize280,08kB\"]:after {content:\" (280,08 kB)\"}<\/style>","protected":false},"excerpt":{"rendered":"<p>[vc_row][vc_column][\/vc_column][\/vc_row][vc_row][vc_column][\/vc_column][\/vc_row][vc_row][vc_column][\/vc_column][\/vc_row][vc_row][vc_column][\/vc_column][\/vc_row] [&#8230;]<\/p>\n<p><a class=\"btn btn-secondary understrap-read-more-link\" href=\"https:\/\/us.edu.pl\/student\/mobilnosc\/mobilnosc-miedzynarodowa\/wyjazdy-zagraniczne\/zasady-ogolne-2\/\">Read More&#8230;<\/a><\/p>\n","protected":false},"author":28,"featured_media":0,"parent":26503,"menu_order":0,"comment_status":"closed","ping_status":"closed","template":"","meta":{"_expiration-date-status":"","_expiration-date":0,"_expiration-date-type":"","_expiration-date-categories":[],"_expiration-date-options":[]},"acf":[],"_links":{"self":[{"href":"https:\/\/us.edu.pl\/student\/wp-json\/wp\/v2\/pages\/59501"}],"collection":[{"href":"https:\/\/us.edu.pl\/student\/wp-json\/wp\/v2\/pages"}],"about":[{"href":"https:\/\/us.edu.pl\/student\/wp-json\/wp\/v2\/types\/page"}],"author":[{"embeddable":true,"href":"https:\/\/us.edu.pl\/student\/wp-json\/wp\/v2\/users\/28"}],"replies":[{"embeddable":true,"href":"https:\/\/us.edu.pl\/student\/wp-json\/wp\/v2\/comments?post=59501"}],"version-history":[{"count":5,"href":"https:\/\/us.edu.pl\/student\/wp-json\/wp\/v2\/pages\/59501\/revisions"}],"predecessor-version":[{"id":59716,"href":"https:\/\/us.edu.pl\/student\/wp-json\/wp\/v2\/pages\/59501\/revisions\/59716"}],"up":[{"embeddable":true,"href":"https:\/\/us.edu.pl\/student\/wp-json\/wp\/v2\/pages\/26503"}],"wp:attachment":[{"href":"https:\/\/us.edu.pl\/student\/wp-json\/wp\/v2\/media?parent=59501"}],"curies":[{"name":"wp","href":"https:\/\/api.w.org\/{rel}","templated":true}]}}