{"id":59503,"date":"2025-10-06T11:17:00","date_gmt":"2025-10-06T09:17:00","guid":{"rendered":"https:\/\/us.edu.pl\/student\/?page_id=59503"},"modified":"2025-10-08T13:11:00","modified_gmt":"2025-10-08T11:11:00","slug":"odwolania-lub-zmiana-terminu-wyjazdu","status":"publish","type":"page","link":"https:\/\/us.edu.pl\/student\/mobilnosc\/mobilnosc-miedzynarodowa\/wyjazdy-zagraniczne\/odwolania-lub-zmiana-terminu-wyjazdu\/","title":{"rendered":"Odwo\u0142anie lub zmiana terminu wyjazdu"},"content":{"rendered":"<p>[vc_row][vc_column][\/vc_column][\/vc_row][vc_row][vc_column]\r\n                <div class=\"text-modules\">\r\n                    <div class=\"container\">\r\n                        <h3 class=\"page-title text__title\">Odwo\u0142anie lub zmiana terminu wyjazdu<\/h3>\r\n                        <div class=\"text-modules__content\"><p>Osoba wyje\u017cd\u017caj\u0105ca za granic\u0119 w przypadku rezygnacji, odwo\u0142ania lub zmiany terminu wyjazdu jest zobowi\u0105zana bezzw\u0142ocznie poinformowa\u0107 o tym:<\/p>\n<ul>\n<li>osob\u0119 obs\u0142uguj\u0105c\u0105 mobilno\u015bci na wydziale lub w innej jednostce,<\/li>\n<li>Dzia\u0142 Mobilno\u015bci Mi\u0119dzynarodowych &#8211; Biuro Rozlicze\u0144 Mobilno\u015bci Mi\u0119dzynarodowych,<\/li>\n<li>kierownika projektu &#8211; w przypadku wyjazdu finansowanego z projektu.<\/li>\n<\/ul>\n<p>Osoba wyje\u017cd\u017caj\u0105ca jest zobowi\u0105zana do podj\u0119cia dzia\u0142a\u0144 w celu odzyskania poniesionych koszt\u00f3w lub w przypadku braku takiej mo\u017cliwo\u015bci \u2013 zminimalizowania poniesionych strat, w zale\u017cno\u015bci od zaawansowania realizacji wyjazdu.<\/p>\n<p>W przypadku skr\u00f3cenia planowanego czasu pobytu, z powod\u00f3w le\u017c\u0105cych po stronie osoby wyje\u017cd\u017caj\u0105cej, Uniwersytet nie zwraca dodatkowych koszt\u00f3w podr\u00f3\u017cy, w tym zakupu biletu w innym terminie.<\/p>\n<p>W przypadku rezygnacji z wyjazdu z powod\u00f3w le\u017c\u0105cych po stronie osoby wyje\u017cd\u017caj\u0105cej, jest ona zobowi\u0105zana do do\u0142o\u017cenia wszelkich stara\u0144 w celu odzyskania koszt\u00f3w poniesionych przez Uniwersytet oraz do pokrycia pozosta\u0142ych koszt\u00f3w.<\/p>\n<p>Je\u015bli rezygnacja nast\u0105pi\u0142a z powodu si\u0142y wy\u017cszej, na pisemny wniosek osoby wyje\u017cd\u017caj\u0105cej, bezpo\u015bredni prze\u0142o\u017cony lub kierownik jednostki mo\u017ce wyrazi\u0107 zgod\u0119 na odst\u0105pienie od obci\u0105\u017cania kosztami tej osoby, wskazuj\u0105c \u017ar\u00f3d\u0142o finansowania zaistnia\u0142ej straty.<\/p>\n<\/div>\r\n                    <\/div>\r\n                <\/div>[\/vc_column][\/vc_row]<\/p>","protected":false},"excerpt":{"rendered":"<p>[vc_row][vc_column][\/vc_column][\/vc_row][vc_row][vc_column][\/vc_column][\/vc_row] [&#8230;]<\/p>\n<p><a class=\"btn btn-secondary understrap-read-more-link\" href=\"https:\/\/us.edu.pl\/student\/mobilnosc\/mobilnosc-miedzynarodowa\/wyjazdy-zagraniczne\/odwolania-lub-zmiana-terminu-wyjazdu\/\">Read More&#8230;<\/a><\/p>\n","protected":false},"author":28,"featured_media":0,"parent":26503,"menu_order":0,"comment_status":"closed","ping_status":"closed","template":"","meta":{"_expiration-date-status":"","_expiration-date":0,"_expiration-date-type":"","_expiration-date-categories":[],"_expiration-date-options":[]},"acf":[],"_links":{"self":[{"href":"https:\/\/us.edu.pl\/student\/wp-json\/wp\/v2\/pages\/59503"}],"collection":[{"href":"https:\/\/us.edu.pl\/student\/wp-json\/wp\/v2\/pages"}],"about":[{"href":"https:\/\/us.edu.pl\/student\/wp-json\/wp\/v2\/types\/page"}],"author":[{"embeddable":true,"href":"https:\/\/us.edu.pl\/student\/wp-json\/wp\/v2\/users\/28"}],"replies":[{"embeddable":true,"href":"https:\/\/us.edu.pl\/student\/wp-json\/wp\/v2\/comments?post=59503"}],"version-history":[{"count":4,"href":"https:\/\/us.edu.pl\/student\/wp-json\/wp\/v2\/pages\/59503\/revisions"}],"predecessor-version":[{"id":59621,"href":"https:\/\/us.edu.pl\/student\/wp-json\/wp\/v2\/pages\/59503\/revisions\/59621"}],"up":[{"embeddable":true,"href":"https:\/\/us.edu.pl\/student\/wp-json\/wp\/v2\/pages\/26503"}],"wp:attachment":[{"href":"https:\/\/us.edu.pl\/student\/wp-json\/wp\/v2\/media?parent=59503"}],"curies":[{"name":"wp","href":"https:\/\/api.w.org\/{rel}","templated":true}]}}