{"id":5970,"date":"2019-10-09T12:20:44","date_gmt":"2019-10-09T10:20:44","guid":{"rendered":"https:\/\/us.edu.pl\/student\/?page_id=5970"},"modified":"2019-10-09T12:51:40","modified_gmt":"2019-10-09T10:51:40","slug":"studenci","status":"publish","type":"page","link":"https:\/\/us.edu.pl\/student\/dzialalnosc-studencka\/wyroznienia-jm-rektora-us\/laureaci-poprzednich-edycji\/laureaci-2018\/studenci\/","title":{"rendered":"Studenci"},"content":{"rendered":"<p>[vc_row][vc_column]\r\n                <div class=\"text-modules reverse\">\r\n                    <div class=\"container\">\r\n                        <h3 class=\"section-title section-title_border-bottom\">Karolina Donosewicz<\/h3> \r\n                        <div class=\"row m-0\">\r\n                            <div class=\"text-modules__content\">\r\n                                Studentka III roku studi\u00f3w licencjackich, kierunek Informacja w instytucjach e-spo\u0142ecze\u0144stwa na Wydziale Filologicznym U\u015a. Od lutego 2017 dzia\u0142a w mediach studenckich U\u015a jako dziennikarz i redaktor Magazynu &#8222;Suplement&#8221;, anga\u017cuj\u0105c do tego innych student\u00f3w. Wsp\u00f3\u0142tworzy\u0142a najwi\u0119ksze imprezy fantastyczne w Polsce: Festiwal Fantastyki Pyrkon w Poznaniu (2018), Wroc\u0142awskie Dni Fantastyki (2018), konwent fantastyki Aishiteru (2018). Odby\u0142a praktyki podczas Pozna\u0144 Game Arena w Poznaniu (2017). W\u015br\u00f3d swoich pasji wymienia m.in. marketing internetowy, copywriting, kultur\u0119 i histori\u0119 Dalekiego Wschodu. \r\n                                <div class=\"mt-3\"><\/div>\r\n                            <\/div>\r\n                            \r\n                            <div class=\"text-modules__img\"><img src=\"https:\/\/us.edu.pl\/student\/wp-content\/uploads\/sites\/3\/Nieprzypisane\/donosewicz_karolina_1_1.jpg\" alt=\"img\"><\/div>\r\n                        <\/div>\r\n                    <\/div>\r\n                <\/div>\r\n                <div class=\"text-modules \">\r\n                    <div class=\"container\">\r\n                        <h3 class=\"section-title section-title_border-bottom\">Martyna Gw\u00f3\u017ad\u017a<\/h3> \r\n                        <div class=\"row m-0\">\r\n                            <div class=\"text-modules__content\">\r\n                                <span style=\"color: #000000;\">Studentka IV roku prawa na Wydziale Prawa i Administracji U\u015a. Uko\u0144czy\u0142a r\u00f3wnie\u017c dziennikarstwo i komunikacj\u0119 spo\u0142eczn\u0105 na Wydziale Nauk Spo\u0142ecznych (2017). G\u0142\u00f3wna organizatorka (wraz z przewodnicz\u0105c\u0105 Mi\u0119dzywydzia\u0142owego Stowarzyszenia Dziennikarzy &#8222;Mosty&#8221;) pierwszej edycji warsztat\u00f3w medialnych dla student\u00f3w (2018). Koordynowa\u0142a dzia\u0142ania w ramach organizacji dw\u00f3ch edycji \u015al\u0105skiego Festiwalu Nauki (2016, 2017). Redaktor naczelna Magazynu Student\u00f3w Uniwersytetu \u015al\u0105skiego &#8222;Suplement&#8221; (od 2016), a wcze\u015bniej zast\u0119pca redaktora naczelnego (2015) oraz autorka artyku\u0142\u00f3w popularnonaukowych w tej gazecie. Tw\u00f3rca programu Telewizji\u00a0<\/span>&#8222;<span style=\"color: #000000;\">U\u015a TV<\/span>&#8222;<span style=\"color: #000000;\">\u00a0pt. &#8222;Czy wiesz, \u017ce&#8221; (2015-2016), promuj\u0105cego nauk\u0119 i czytelnictwo. Przeprowadzi\u0142a seri\u0119 wywiad\u00f3w telewizyjnych z osobami zwi\u0105zanymi z G\u00f3rnym \u015al\u0105skiem i Uniwersytetem \u015al\u0105skim (2014-2017). By\u0142a nominowana do tytu\u0142u &#8222;Absolwent z Pasj\u0105&#8221; (2017). W\u015br\u00f3d swoich zainteresowa\u0144 wymienia m.in. lektur\u0119 reporta\u017cy oraz poezji.<\/span> \r\n                                <div class=\"mt-3\"><\/div>\r\n                            <\/div>\r\n                            \r\n                            <div class=\"text-modules__img\"><img src=\"https:\/\/us.edu.pl\/student\/wp-content\/uploads\/sites\/3\/Nieprzypisane\/gwozdz_martyna_2_0.jpg\" alt=\"img\"><\/div>\r\n                        <\/div>\r\n                    <\/div>\r\n                <\/div>\r\n                <div class=\"text-modules reverse\">\r\n                    <div class=\"container\">\r\n                        <h3 class=\"section-title section-title_border-bottom\">Martyna Kasperska<\/h3> \r\n                        <div class=\"row m-0\">\r\n                            <div class=\"text-modules__content\">\r\n                                Studentka V roku prawa na Wydziale Prawa i Administracji U\u015a oraz III roku filologii &#8211; j\u0119zyk\u00f3w stosowanych (w\u0142oski, angielski) na Wydziale Filologicznym U\u015a. Zdoby\u0142a pierwsz\u0105 nagrod\u0119 indywidualn\u0105 dla najlepszego m\u00f3wcy podczas mi\u0119dzynarodowego konkursu All-European International Humanitarian and Refugee Law Moot Court Competition (2017), a jej dru\u017cyna przesz\u0142a w\u00f3wczas do p\u00f3\u0142fina\u0142u konkursu. Podczas III Brno Pre-moot (2017) zdoby\u0142a tytu\u0142 najlepszego m\u00f3wcy, a jej dru\u017cyna tytu\u0142 najlepszej dru\u017cyny. Opr\u00f3cz tego podczas IX Warszawskiego Turnieju Arbitra\u017cowego (2017) zaj\u0119\u0142a III miejsce indywidualnie i I miejsce dru\u017cynowo. Reprezentowa\u0142a Uniwersytet \u015al\u0105ski podczas 11th Hanover Pre-moot (2017), The 9th Annual Dentons Prague Pre-Moot (2017), The 23rd Willem C. Vis International Commercial Arbitration Moot (2016) oraz The 24th Willem C. Vis International Commercial Arbitration Moot (2017). Stypendystka Ministra Nauki i Szkolnictwa Wy\u017cszego za wybitne osi\u0105gni\u0119cia naukowe (2017). W\u015br\u00f3d swoich pasji opr\u00f3cz nauki j\u0119zyk\u00f3w obcych wymienia gr\u0119 na gitarze, biegi kr\u00f3tkodystansowe oraz p\u0142ywanie. \r\n                                <div class=\"mt-3\"><\/div>\r\n                            <\/div>\r\n                            \r\n                            <div class=\"text-modules__img\"><img src=\"https:\/\/us.edu.pl\/student\/wp-content\/uploads\/sites\/3\/Nieprzypisane\/kasperska_martyna_2_0-1.jpg\" alt=\"img\"><\/div>\r\n                        <\/div>\r\n                    <\/div>\r\n                <\/div>\r\n                <div class=\"text-modules \">\r\n                    <div class=\"container\">\r\n                        <h3 class=\"section-title section-title_border-bottom\">Aleksandra Krawiec<\/h3> \r\n                        <div class=\"row m-0\">\r\n                            <div class=\"text-modules__content\">\r\n                                <\/p>\n<p class=\"rtejustify\"><span style=\"color: #000000;\">Studentka I roku studi\u00f3w magisterskich na kierunku matematyka na Wydziale Matematyki, Fizyki i Chemii U\u015a. W swoim dorobku posiada 2 artyku\u0142y naukowe publikowane w czasopismach z listy A oraz uczestnictwo jako wykonawca w dw\u00f3ch projektach finansowanych przez Narodowe Centrum Nauki. Posiada wykszta\u0142cenie muzyczne (9 lat nauki w szkole muzycznej), a w\u015br\u00f3d umiej\u0119tno\u015bci sportowych wymienia m.in. uko\u0144czony Kurs Kwalifikacyjny na Instruktora SITN (narciarstwo), patent VDWS (windsurfing) oraz uko\u0144czony kurs wspinaczki ska\u0142kowej. W\u015br\u00f3d swoich pasji opr\u00f3cz sportu wymienia informatyk\u0119 kwantow\u0105, matematyk\u0119, podr\u00f3\u017ce zagraniczne i chodzenie po g\u00f3rach, taniec i \u015bpiew ludowy, folklor, muzyk\u0119 klasyczn\u0105.<\/span><\/p>\n<div class=\"mt-3\"><\/div>\r\n                            <\/div>\r\n                            \r\n                            <div class=\"text-modules__img\"><img src=\"https:\/\/us.edu.pl\/student\/wp-content\/uploads\/sites\/3\/Nieprzypisane\/krawiec_aleksandra_1.jpg\" alt=\"img\"><\/div>\r\n                        <\/div>\r\n                    <\/div>\r\n                <\/div>\r\n                <div class=\"text-modules reverse\">\r\n                    <div class=\"container\">\r\n                        <h3 class=\"section-title section-title_border-bottom\">Maciej Malik<\/h3> \r\n                        <div class=\"row m-0\">\r\n                            <div class=\"text-modules__content\">\r\n                                Student II roku studi\u00f3w magisterskich w ramach Indywidualnych Studi\u00f3w Mi\u0119dzyobszarowych U\u015a. Uko\u0144czy\u0142 ju\u017c prawo na Wydziale Prawa i Administracji U\u015a oraz posiada licencjat z filozofii uzyskany w ramach MISH U\u015a. By\u0142y koordynator \u015al\u0105skiego Oddzia\u0142u Klubu Jagiello\u0144skiego, nast\u0119pnie Prezes Stowarzyszenia Klub Jagiello\u0144ski \u015al\u0105sk. Pomys\u0142odawca, inicjator, wsp\u00f3\u0142organizator i koordynator projekt\u00f3w edukacyjnych i spo\u0142ecznych oraz debat organizowanych przez \u015brodowisko i stowarzyszenie (2011-2015), m.in. \u201eGliwiczan Portret Wielokrotny \u2013 Wczoraj i Dzi\u015b\u201d oraz wymian mi\u0119dzynarodowych. Inicjator, pomys\u0142odawca i koordynator i prowadz\u0105cy zaj\u0119cia w II edycji projektu \u015al\u0105skie Drogi do Wolno\u015bci (2014-2015) skierowanego do szk\u00f3\u0142. Pomys\u0142odawca, za\u0142o\u017cyciel i prezes stowarzyszenia Instytutu Ro\u017adzie\u0144skiego, w kt\u00f3rym by\u0142 inicjatorem projekt\u00f3w edukacyjnych i kulturalnych (od 2015), m.in. \u015al\u0105skiej Akademii Artystycznej oraz Katowickich Warsztat\u00f3w Historycznych (2017). Od 2012 aktywnie dzia\u0142a w strukturach Samorz\u0105du Studenckiego Uniwersytetu \u015al\u0105skiego oraz kolegialnych cia\u0142ach uczelni, m.in. senackiej Komisji Kszta\u0142cenia U\u015a. W latach 2012-2014 doradca prawny w Fundacji Lepszy \u015awiat dla Niepe\u0142nosprawnych. Gra na keyboardzie, a w\u015br\u00f3d innych swoich pasji wymienia numizmatyk\u0119. \r\n                                <div class=\"mt-3\"><\/div>\r\n                            <\/div>\r\n                            \r\n                            <div class=\"text-modules__img\"><img src=\"https:\/\/us.edu.pl\/student\/wp-content\/uploads\/sites\/3\/Nieprzypisane\/malik_maciej_2.jpg\" alt=\"img\"><\/div>\r\n                        <\/div>\r\n                    <\/div>\r\n                <\/div>\r\n                <div class=\"text-modules \">\r\n                    <div class=\"container\">\r\n                        <h3 class=\"section-title section-title_border-bottom\">Daniel Matuszczyk<\/h3> \r\n                        <div class=\"row m-0\">\r\n                            <div class=\"text-modules__content\">\r\n                                Student II roku studi\u00f3w magisterskich na kierunku chemia budowlana na Wydziale Matematyki, Fizyki i Chemii U\u015a. Wcze\u015bniej uko\u0144czy\u0142 technologi\u0119 chemiczn\u0105 na tym samym Wydziale. Podczas dw\u00f3ch edycji \u015al\u0105skiego Festiwalu Nauki zajmowa\u0142 si\u0119, jak sam m\u00f3wi, pokazywaniem pi\u0119kna chemii i \u0142amaniem stereotyp\u00f3w przedstawiaj\u0105cych t\u0119 nauk\u0119 jako trudn\u0105 i niedost\u0119pn\u0105. Pracowa\u0142 w zespole przygotowuj\u0105cym i realizuj\u0105cym trzy edycje \u015awi\u0119ta Liczby Pi (2016-2018), przeprowadzi\u0142 warsztaty wyjazdowe dla uczni\u00f3w pt. \u201eChemia &#8211; Nauka Pe\u0142na Barw\u201d (2016, 2017) oraz inne pokazy i warsztaty chemiczne w szko\u0142ach w Chorzowie (2016), \u017borach (2016) i Rybniku (2018). Pracowa\u0142 w Komitecie Organizacyjnym dwuetapowego XI Og\u00f3lnopolskiego Konkursu Chemicznego (2017). Bra\u0142 udzia\u0142 w kilku projektach naukowych, m.in. z grant\u00f3w Narodowego Centrum Bada\u0144 i Rozwoju oraz Narodowego Centrum Nauki. Reprezentowa\u0142 Uniwersytet \u015al\u0105ski na 8 konferencjach krajowych. Wsp\u00f3\u0142autor zg\u0142oszenia patentowego \u201eSpos\u00f3b otrzymywania 2,2&#8242;-bis(3,4-etylenodioksytiofenu\u201d. Otrzyma\u0142 presti\u017cowe Stypendium Ministra Nauki i Szkolnictwa Wy\u017cszego za wybitne osi\u0105gni\u0119cia. Lubi podr\u00f3\u017ce, g\u00f3rskie wycieczki, muzyk\u0119 klasyczn\u0105, majsterkowanie i eksperymenty w domowym laboratorium. \r\n                                <div class=\"mt-3\"><\/div>\r\n                            <\/div>\r\n                            \r\n                            <div class=\"text-modules__img\"><img src=\"https:\/\/us.edu.pl\/student\/wp-content\/uploads\/sites\/3\/Nieprzypisane\/matuszczyk_daniel_1_0.jpg\" alt=\"img\"><\/div>\r\n                        <\/div>\r\n                    <\/div>\r\n                <\/div>\r\n                <div class=\"text-modules reverse\">\r\n                    <div class=\"container\">\r\n                        <h3 class=\"section-title section-title_border-bottom\">Adrianna Noszczyk<\/h3> \r\n                        <div class=\"row m-0\">\r\n                            <div class=\"text-modules__content\">\r\n                                <\/p>\n<p class=\"rtejustify\"><span style=\"color: #000000;\">Studentka II roku studi\u00f3w magisterskich na kierunku kultura medi\u00f3w na Wydziale Filologicznym U\u015a. Wcze\u015bniej na tym samym Wydziale uzyska\u0142a licencjat z kulturoznawstwa. Jest inicjatork\u0105, pomys\u0142odawczyni\u0105, organizatork\u0105 oraz wykonawczyni\u0105 autorskiego projektu artystycznego Recital &#8222;Bal u Posejdona&#8221; (2016). By\u0142 on prezentowany w wielu miejscach, a najwi\u0119ksz\u0105 publiczno\u015b\u0107 recital zgromadzi\u0142 podczas koncertu w Wilnie (oko\u0142o 1400 widz\u00f3w). Po sukcesie na Mi\u0119dzynarodowym Konkursie Piosenki im. Anny German Warszawa-Moskwa 2014, zosta\u0142a zaproszona do zaprezentowania projektu artystycznego Recital \u201eBal u Posejdona\u201d podczas &#8222;Festiwalu Kwiat\u00f3w&#8221; w czerwcu 2015 roku w Zabrzu. Jest koordynatork\u0105 projektu i wykonawc\u0105 autorskiej p\u0142yty &#8222;Poczuj ten d\u017awi\u0119k&#8221; (2018). Bra\u0142a udzia\u0142 w konkursach i festiwalach takich jak I Mi\u0119dzynarodowy Festiwal Piosenki \u2013 Anna German, Og\u00f3lnopolski Festiwal Piosenki Artystycznej w Rybniku, &#8222;Festiwal Wschody&#8221; w Lublinie. Cz\u0142onek jury w VI edycji konkursu &#8222;\u015apiewobranie&#8221; (2015). Wokalistka w zespole muzycznym Akwadrat, aktorka m.in. w filmie kr\u00f3tkometra\u017cowym &#8222;\u017bycie po drugiej stronie lustra&#8221; (2017). Uko\u0144czy\u0142a jako aktorka dramatu Studium Aktorskie przy Teatrze \u015al\u0105skim im. Stanis\u0142awa Wyspia\u0144skiego w Katowicach (2013). Jej pasje to muzyka, teatr, moda, dzia\u0142anie na rzecz pomocy dla zwierz\u0105t.<\/span><\/p>\n<div class=\"mt-3\"><\/div>\r\n                            <\/div>\r\n                            \r\n                            <div class=\"text-modules__img\"><img src=\"https:\/\/us.edu.pl\/student\/wp-content\/uploads\/sites\/3\/Nieprzypisane\/noszczyk_adrianna_1-1.jpg\" alt=\"img\"><\/div>\r\n                        <\/div>\r\n                    <\/div>\r\n                <\/div>\r\n                <div class=\"text-modules \">\r\n                    <div class=\"container\">\r\n                        <h3 class=\"section-title section-title_border-bottom\">Arkadiusz Piwowarczyk<\/h3> \r\n                        <div class=\"row m-0\">\r\n                            <div class=\"text-modules__content\">\r\n                                Student II roku studi\u00f3w magisterskich na kierunku geografia na Wydziale Nauk o Ziemi U\u015a. Jako jeden z nielicznych student\u00f3w wzi\u0105\u0142 udzia\u0142 w dw\u00f3ch ekspedycjach na Spitsbergen. Wsp\u00f3\u0142autor dw\u00f3ch artyku\u0142\u00f3w naukowych. W\u015br\u00f3d swoich zainteresowa\u0144 wymienia nowe technologie, motoryzacj\u0119 oraz turystyk\u0119 g\u00f3rsk\u0105. Jego pasj\u0105 jest kolarstwo. Zdoby\u0142 I miejsce oraz wyr\u00f3\u017cnienie podczas drugiej edycji Akademickich Mistrzostw \u015al\u0105ska w Kolarstwie G\u00f3rskim (2014), III miejsce podczas IV edycji tych zawod\u00f3w oraz ostatecznie II miejsce w klasyfikacji generalnej AM\u015a w roku akademickim 2013\/2014. Poza tym uzyska\u0142 II miejsce w klasyfikacji dru\u017cynowej w typie Uniwersytet\u00f3w podczas Akademickich Mistrzostw Polski (2017). Opr\u00f3cz osi\u0105gni\u0119\u0107 sportowych anga\u017cowa\u0142 si\u0119 w popularyzacj\u0119 nauki &#8211; reprezentowa\u0142 Centrum Studi\u00f3w Polarnych U\u015a podczas I \u015al\u0105skiego Festiwalu Nauki (2016) oraz podczas 19. i 20. Pikniku Naukowego Polskiego Radia i Centrum Nauki Kopernik w Warszawie (2015, 2016), wsp\u00f3\u0142organizowa\u0142 Warsztaty Geofizyczne &#8211; Geosfera 2017 oraz Festiwal Nauki i Techniki w \u017borach (2017). By\u0142 r\u00f3wnie\u017c prelegentem podczas IV Mi\u0119dzynarodowego Dnia Geografa (2016). \r\n                                <div class=\"mt-3\"><\/div>\r\n                            <\/div>\r\n                            \r\n                            <div class=\"text-modules__img\"><img src=\"https:\/\/us.edu.pl\/student\/wp-content\/uploads\/sites\/3\/Nieprzypisane\/piwowarczyk_arkadiusz_3.jpg\" alt=\"img\"><\/div>\r\n                        <\/div>\r\n                    <\/div>\r\n                <\/div>\r\n                <div class=\"text-modules reverse\">\r\n                    <div class=\"container\">\r\n                        <h3 class=\"section-title section-title_border-bottom\">Katarzyna Stachniak<\/h3> \r\n                        <div class=\"row m-0\">\r\n                            <div class=\"text-modules__content\">\r\n                                Studentka II roku studi\u00f3w magisterskich na kierunku geografia na Wydziale Nauk o Ziemi U\u015a. Uczestniczy\u0142a w dw\u00f3ch projektach naukowych z Narodowego Centrum Nauki pt. \u201eCzynniki warunkuj\u0105ce proces cielenia lodowc\u00f3w Spitsbergenu na przyk\u0142adzie Hansbreen\u201d oraz pt. \u201eAktywno\u015b\u0107 lawin \u015bnie\u017cnych w Tatrach jako wska\u017anik zmian \u015brodowiska przyrodniczego w okresie ostatnich 200 lat\u201d. W swoim dorobku naukowym posiada wyst\u0105pienia na 4 konferencjach mi\u0119dzynarodowych. Wzi\u0119\u0142a udzia\u0142 w dw\u00f3ch kolejnych ekspedycjach naukowych na Spitsbergen w latach 2015 i 2016. Odby\u0142a praktyki w ramach programu Erasmus w Western Norway University of Applied Sciences, Sogn og Fjordane University College w Norwegii (2017). Opr\u00f3cz osi\u0105gni\u0119\u0107 naukowych anga\u017cowa\u0142a si\u0119 w popularyzacj\u0119 nauki &#8211; reprezentowa\u0142a Centrum Studi\u00f3w Polarnych U\u015a podczas I \u015al\u0105skiego Festiwalu Nauki (2016) oraz podczas 19. i 20. Pikniku Naukowego Polskiego Radia i Centrum Nauki Kopernik w Warszawie (2015, 2016). By\u0142a r\u00f3wnie\u017c prelegentk\u0105 podczas IV Mi\u0119dzynarodowego Dnia Geografa (2016). W\u015br\u00f3d swoich pasji wymienia m.in. trekking g\u00f3rski, wspinaczk\u0119, podr\u00f3\u017cowanie. \r\n                                <div class=\"mt-3\"><\/div>\r\n                            <\/div>\r\n                            \r\n                            <div class=\"text-modules__img\"><img src=\"https:\/\/us.edu.pl\/student\/wp-content\/uploads\/sites\/3\/Nieprzypisane\/stachniak_katarzyna_1.jpg\" alt=\"img\"><\/div>\r\n                        <\/div>\r\n                    <\/div>\r\n                <\/div>[\/vc_column][\/vc_row][vc_row][vc_column]\r\n                <div class=\"text-modules\">\r\n                    <div class=\"container\">\r\n                        \r\n                        <div class=\"text-modules__content\"><p><em><span style=\"color: #000000;\">Powy\u017csze informacje nie obejmuj\u0105 ca\u0142ej dzia\u0142alno\u015bci danych os\u00f3b i zosta\u0142y opublikowane w ramach konkursu JM Rektora Uniwersytetu \u015al\u0105skiego. Dane pochodz\u0105 z kwietnia 2018 r.<\/span><\/em><\/p>\n<\/div>\r\n                    <\/div>\r\n                <\/div>[\/vc_column][\/vc_row]<\/p>","protected":false},"excerpt":{"rendered":"<p>[vc_row][vc_column][\/vc_column][\/vc_row][vc_row][vc_column][\/vc_column][\/vc_row] [&#8230;]<\/p>\n<p><a class=\"btn btn-secondary understrap-read-more-link\" href=\"https:\/\/us.edu.pl\/student\/dzialalnosc-studencka\/wyroznienia-jm-rektora-us\/laureaci-poprzednich-edycji\/laureaci-2018\/studenci\/\">Read More&#8230;<\/a><\/p>\n","protected":false},"author":1,"featured_media":0,"parent":5888,"menu_order":0,"comment_status":"closed","ping_status":"closed","template":"","meta":{"_expiration-date-status":"","_expiration-date":0,"_expiration-date-type":"","_expiration-date-categories":[],"_expiration-date-options":[]},"acf":[],"_links":{"self":[{"href":"https:\/\/us.edu.pl\/student\/wp-json\/wp\/v2\/pages\/5970"}],"collection":[{"href":"https:\/\/us.edu.pl\/student\/wp-json\/wp\/v2\/pages"}],"about":[{"href":"https:\/\/us.edu.pl\/student\/wp-json\/wp\/v2\/types\/page"}],"author":[{"embeddable":true,"href":"https:\/\/us.edu.pl\/student\/wp-json\/wp\/v2\/users\/1"}],"replies":[{"embeddable":true,"href":"https:\/\/us.edu.pl\/student\/wp-json\/wp\/v2\/comments?post=5970"}],"version-history":[{"count":0,"href":"https:\/\/us.edu.pl\/student\/wp-json\/wp\/v2\/pages\/5970\/revisions"}],"up":[{"embeddable":true,"href":"https:\/\/us.edu.pl\/student\/wp-json\/wp\/v2\/pages\/5888"}],"wp:attachment":[{"href":"https:\/\/us.edu.pl\/student\/wp-json\/wp\/v2\/media?parent=5970"}],"curies":[{"name":"wp","href":"https:\/\/api.w.org\/{rel}","templated":true}]}}