{"id":60367,"date":"2026-01-12T09:23:18","date_gmt":"2026-01-12T08:23:18","guid":{"rendered":"https:\/\/us.edu.pl\/student\/?page_id=60367"},"modified":"2026-01-12T09:29:25","modified_gmt":"2026-01-12T08:29:25","slug":"sesja-3-2-1-start-jak-skutecznie-przygotowac-sie-do-sesji-egzaminacyjnej","status":"publish","type":"page","link":"https:\/\/us.edu.pl\/student\/wsparcie-i-fundusze\/pomoc-psychologiczna\/baza-wiedzy\/sesja-3-2-1-start-jak-skutecznie-przygotowac-sie-do-sesji-egzaminacyjnej\/","title":{"rendered":"Sesja\u2026 3\u2026 2\u2026 1\u2026 START! Jak skutecznie przygotowa\u0107 si\u0119 do sesji egzaminacyjnej?"},"content":{"rendered":"<p>[vc_row el_class=&#8221;container&#8221;][vc_column width=&#8221;5\/6&#8243;]\r\n                <div class=\"text-modules\">\r\n                    <div class=\"container\">\r\n                        <h3 class=\"page-title text__title\">Sesja\u2026 3\u2026 2\u2026 1\u2026 START! Jak skutecznie przygotowa\u0107 si\u0119 do sesji egzaminacyjnej?<\/h3>\r\n                        <div class=\"text-modules__content\"><p><span style=\"font-size: 8pt;\">| Autorka: Dominika W\u00f3jtowicz |<\/span><\/p>\n<p>Pocz\u0105tek sesji cz\u0119sto bywa trudny &#8211; niekoniecznie z powodu zbyt du\u017cej ilo\u015bci materia\u0142u, ale dlatego, \u017ce wszystko wydaje si\u0119 chaotyczne. Terminy egzamin\u00f3w, kolokwi\u00f3w i innych zalicze\u0144 nak\u0142adaj\u0105 si\u0119 na siebie, a stres utrudnia podj\u0119cie pierwszego kroku. Dobra organizacja nauki nie polega na opracowaniu perfekcyjnego planu, ale na podj\u0119ciu realistycznych krok\u00f3w, kt\u00f3re obni\u017c\u0105 napi\u0119cie i pomog\u0105 odzyska\u0107 poczucie kontroli.<\/p>\n<p>Aby u\u0142atwi\u0107 Ci dzia\u0142anie, przygotowali\u015bmy dla Ciebie wskaz\u00f3wki krok po kroku:<\/p>\n<h3><strong>Zbierz informacje<\/strong><\/h3>\n<p>Zapisz wszystko w jednym miejscu:<\/p>\n<ul>\n<li>jakie s\u0105 terminy egzamin\u00f3w i prac zaliczeniowych,<\/li>\n<li>jaki zakres materia\u0142u obowi\u0105zuje na ka\u017cdy egzamin,<\/li>\n<li>jak\u0105 form\u0119 ma egzamin (test czy odpowied\u017a ustna, pytania zamkni\u0119te czy otwarte).<\/li>\n<\/ul>\n<p>Pozwoli Ci to na ,,wyj\u0119cie\u201d wielu my\u015bli z g\u0142owy i przeniesienie ich na papier. Ju\u017c samo <strong>uporz\u0105dkowanie informacji obni\u017ca napi\u0119cie<\/strong>, bo m\u00f3zg nie musi sobie ich stale przypomina\u0107.<\/p>\n<h3><strong>Pod<\/strong><strong>ziel materia\u0142 na mniejsze, konkretne cz\u0119\u015bci<\/strong><\/h3>\n<p>Jednym z najcz\u0119stszych b\u0142\u0119d\u00f3w jest <strong>zbyt og\u00f3lne planowanie nauki<\/strong>, np. \u201euczy\u0107 si\u0119 psychologii spo\u0142ecznej\u201d. Co dok\u0142adnie si\u0119 pod tym kryje? Kiedy zrealizujesz ten cel? Za ma\u0142o konkret\u00f3w! Zamiast tego spr\u00f3buj:<\/p>\n<ul>\n<li>podzieli\u0107 materia\u0142 na tematy, rozdzia\u0142y lub pytania egzaminacyjne,<\/li>\n<li>planuj kr\u00f3tkie, konkretne bloki nauki danego tematu (np. 40\u201360 minut).<\/li>\n<\/ul>\n<p>Ma\u0142e cele znacznie \u0142atwiej jest nam rozpocz\u0105\u0107 i szybciej dostrze\u017cemy post\u0119p w ich realizacji, co wzmacnia motywacj\u0119 do dalszej nauki.<\/p>\n<h3><strong>U\u0142\u00f3\u017c realistyczny plan nauki zamiast idealnego harmonogramu<\/strong><\/h3>\n<p>Plan nauki powinien uwzgl\u0119dnia\u0107:<\/p>\n<ul>\n<li>czas na sen, posi\u0142ki i odpoczynek,<\/li>\n<li>przerwy w ci\u0105gu dnia,<\/li>\n<li>dni o mniejszej efektywno\u015bci,<\/li>\n<li>czas na powt\u00f3rki (patrz punkt 6).<\/li>\n<\/ul>\n<p>Zbyt ambitne plany (np. 10 godzin intensywnej nauki dziennie) cz\u0119sto ko\u0144cz\u0105 si\u0119 poczuciem ogromnego zm\u0119czenia i rezygnacj\u0105. <strong>Skuteczniejszy plan to ten \u201ewystarczaj\u0105co dobry\u201d<\/strong>, kt\u00f3ry jest dostosowany do naszych realnych mo\u017cliwo\u015bci.<\/p>\n<h3><strong>Nauka a koncentracja \u2013 pracuj z uwag\u0105, nie przeciwko niej<\/strong><\/h3>\n<p>Koncentracja to proces psychiczny, kt\u00f3ry polega na \u015bwiadomym kierowaniu uwagi na wybrane bod\u017ace, my\u015bli lub zadania oraz ignorowaniu innych, mniej istotnych informacji. Jest niezb\u0119dna w nauce czy pracy.<\/p>\n<p>Co wa\u017cne, koncentracja <strong>nie jest zasobem niewyczerpalnym<\/strong>. Dlatego te\u017c warto:<\/p>\n<ul>\n<li>uczy\u0107 si\u0119 w blokach czasowych z przerwami,<\/li>\n<li>ograniczy\u0107 rozpraszacze (np. wyciszy\u0107 powiadomienia),<\/li>\n<li>zmienia\u0107 formy nauki (czytanie, notatki, mapy my\u015bli, pytania).<\/li>\n<\/ul>\n<p>Je\u015bli zauwa\u017casz, \u017ce czytasz tekst \u201ebez zapami\u0119tywania\u201d, to nie dow\u00f3d na to, \u017ce nie dajesz rady, tylko znak, \u017ce prawdopodobnie potrzebna jest przerwa.<\/p>\n<h3><strong>,,Nie zdam!\u201d &#8211; czyli my\u015bli, kt<\/strong><strong>\u00f3re utrudniaj\u0105 nauk\u0119<\/strong><\/h3>\n<p>Przed rozpocz\u0119ciem nauki wiele os\u00f3b do\u015bwiadcza my\u015bli, kt\u00f3re obni\u017caj\u0105 motywacj\u0119 i utrudniaj\u0105 skupienie: <em>\u201eNie zd\u0105\u017c\u0119 ze wszystkim\u201d<\/em>, <em>\u201eMusz\u0119 umie\u0107 wszystko perfekcyjnie\u201d <\/em>albo<em> \u201eNie ma sensu zaczyna\u0107, bo i tak si\u0119 nie naucz\u0119\u201d<\/em> czy <em>\u201eNie zdam\u201d<\/em>. Cho\u0107 brzmi\u0105 one przekonuj\u0105co, w rzeczywisto\u015bci s\u0105 <strong>to my\u015bli, a nie fakty.<\/strong> Zwykle pojawiaj\u0105 si\u0119 pod wp\u0142ywem stresu czy presji czasu.<\/p>\n<p>Co z nimi zrobi\u0107?<\/p>\n<p>Zgodnie z podej\u015bciem poznawczo-behawioralnym (CBT) wa\u017cne jest zauwa\u017canie takich my\u015bli, zrobienie kroku w ty\u0142 i\u2026 przygl\u0105danie im si\u0119 z pewnego dystansu. Zamiast automatycznie w nie wierzy\u0107, warto traktowa\u0107 je jak hipotezy, kt\u00f3re mo\u017cna sprawdzi\u0107 lub podwa\u017cy\u0107. Nast\u0119pnym krokiem jest zast\u0119powanie ich bardziej realistycznymi i wspieraj\u0105cymi my\u015blami, np. <em>\u201eZrobi\u0119 dzi\u015b tyle, ile mog\u0119\u201d<\/em>, <em>\u201eNie musz\u0119 by\u0107 perfekcyjny\u201d<\/em> czy <em>\u201eKa\u017cda godzina nauki sprawia, \u017ce jestem lepiej przygotowany do egzaminu\u201d<\/em>.<\/p>\n<p>Taka zmiana sposobu my\u015blenia pomaga zmniejszy\u0107 napi\u0119cie, l\u0119k i presj\u0119, a tak\u017ce ogranicza prokrastynacj\u0119. Gdy my\u015bli staj\u0105 si\u0119 mniej parali\u017cuj\u0105ce, \u0142atwiej jest zacz\u0105\u0107 nauk\u0119, utrzyma\u0107 koncentracj\u0119 i systematycznie pracowa\u0107, nawet w trudnych warunkach.<\/p>\n<h3><strong>Powt<\/strong><strong>\u00f3rki, utrwalanie i\u2026 sen!<\/strong><\/h3>\n<p>Skuteczna nauka to nie jednorazowe, intensywne \u201ewkuwanie\u201d tu\u017c przed egzaminem. Za zapami\u0119tywanie na d\u0142u\u017cej odpowiada <strong>proces konsolidacji pami\u0119ci <\/strong>odbywaj\u0105cy si\u0119 <strong>w trakcie snu <\/strong>&#8211; czyli porz\u0105dkowanie informacji i przenoszenie ich z pami\u0119ci kr\u00f3tkotrwa\u0142ej do pami\u0119ci d\u0142ugotrwa\u0142ej. To w\u0142a\u015bnie wtedy wzmacniane s\u0105 po\u0142\u0105czenia nerwowe odpowiedzialne za zapami\u0119tane tre\u015bci. Zarwane nocki i brak snu mo\u017ce sprawi\u0107, \u017ce nawet intensywna nauka przyniesie s\u0142absze efekty.<\/p>\n<p>Dlatego te\u017c warto:<\/p>\n<ul>\n<li>uczy\u0107 si\u0119 ju\u017c na kilka dni przed egzaminem,<\/li>\n<li>regularnie powtarza\u0107 materia\u0142,<\/li>\n<li>wraca\u0107 do trudniejszych zagadnie\u0144, kt\u00f3re wymagaj\u0105 cz\u0119stszych powt\u00f3rek,<\/li>\n<li>zadba\u0107 o sen.<\/li>\n<\/ul>\n<p>Powt\u00f3rki powinny by\u0107 zaplanowane ju\u017c na etapie organizowania nauki i traktowane jako sta\u0142y element procesu, a nie co\u015b dodatkowego \u201ena ko\u0144cu, je\u015bli zostanie czas\u201d. Dzi\u0119ki temu materia\u0142 jest stopniowo utrwalany, a w po\u0142\u0105czeniu z wystarczaj\u0105c\u0105 ilo\u015bci\u0105 snu staje si\u0119 coraz bardziej zrozumia\u0142y oraz trwa\u0142y.<\/p>\n<h3><strong>B\u0105d\u017a dla siebie wyrozumia\u0142y<\/strong><\/h3>\n<p>Sesja to wymagaj\u0105cy okres. Spadki motywacji, zm\u0119czenie czy gorsze dni s\u0105 naturalne i nie oznaczaj\u0105 braku kompetencji. Pami\u0119taj, \u017ceby <strong>zadba\u0107 o siebie w tym czasie<\/strong> i zrobi\u0107 dla siebie co\u015b przyjemnego, zje\u015b\u0107 dobry posi\u0142ek czy odpocz\u0105\u0107.<\/p>\n<p>Dobre przygotowanie do sesji to nie tylko kwestia technik uczenia si\u0119, ale te\u017c sposobu my\u015blenia, planowania i dbania o w\u0142asne zasoby. Uporz\u0105dkowanie nauki przed sesj\u0105 mo\u017ce zmniejszy\u0107 stres i sprawi\u0107, \u017ce ten intensywny czas stanie si\u0119 \u0142atwiejszy do ud\u017awigni\u0119cia.<\/p>\n<p>Je\u015bli mimo tego napi\u0119cie lub trudno\u015bci z koncentracj\u0105 utrzymuj\u0105 si\u0119, warto skorzysta\u0107 ze wsparcia psychologicznego dost\u0119pnego na uczelni. Sprawd\u017a tutaj, <a href=\"https:\/\/us.edu.pl\/student\/wsparcie-i-fundusze\/pomoc-psychologiczna\/jak-umowic-sie-na-spotkanie-z-psychologiem\/\">jak um\u00f3wi\u0107 si\u0119 na konsultacj\u0119 z psychologiem.<\/a><\/p>\n<\/div>\r\n                    <\/div>\r\n                <\/div>[\/vc_column][vc_column width=&#8221;1\/6&#8243;][\/vc_column][\/vc_row]<\/p>","protected":false},"excerpt":{"rendered":"<p>[vc_row el_class=&#8221;container&#8221;][vc_column width=&#8221;5\/6&#8243;][\/vc_column][vc_column width=&#8221;1\/6&#8243;][\/vc_column][\/vc_row] [&#8230;]<\/p>\n<p><a class=\"btn btn-secondary understrap-read-more-link\" href=\"https:\/\/us.edu.pl\/student\/wsparcie-i-fundusze\/pomoc-psychologiczna\/baza-wiedzy\/sesja-3-2-1-start-jak-skutecznie-przygotowac-sie-do-sesji-egzaminacyjnej\/\">Read More&#8230;<\/a><\/p>\n","protected":false},"author":28,"featured_media":0,"parent":59075,"menu_order":0,"comment_status":"closed","ping_status":"closed","template":"","meta":{"_expiration-date-status":"","_expiration-date":0,"_expiration-date-type":"","_expiration-date-categories":[],"_expiration-date-options":[]},"acf":[],"_links":{"self":[{"href":"https:\/\/us.edu.pl\/student\/wp-json\/wp\/v2\/pages\/60367"}],"collection":[{"href":"https:\/\/us.edu.pl\/student\/wp-json\/wp\/v2\/pages"}],"about":[{"href":"https:\/\/us.edu.pl\/student\/wp-json\/wp\/v2\/types\/page"}],"author":[{"embeddable":true,"href":"https:\/\/us.edu.pl\/student\/wp-json\/wp\/v2\/users\/28"}],"replies":[{"embeddable":true,"href":"https:\/\/us.edu.pl\/student\/wp-json\/wp\/v2\/comments?post=60367"}],"version-history":[{"count":4,"href":"https:\/\/us.edu.pl\/student\/wp-json\/wp\/v2\/pages\/60367\/revisions"}],"predecessor-version":[{"id":60371,"href":"https:\/\/us.edu.pl\/student\/wp-json\/wp\/v2\/pages\/60367\/revisions\/60371"}],"up":[{"embeddable":true,"href":"https:\/\/us.edu.pl\/student\/wp-json\/wp\/v2\/pages\/59075"}],"wp:attachment":[{"href":"https:\/\/us.edu.pl\/student\/wp-json\/wp\/v2\/media?parent=60367"}],"curies":[{"name":"wp","href":"https:\/\/api.w.org\/{rel}","templated":true}]}}