{"id":60540,"date":"2026-01-30T11:44:20","date_gmt":"2026-01-30T10:44:20","guid":{"rendered":"https:\/\/us.edu.pl\/student\/?page_id=60540"},"modified":"2026-01-30T11:44:20","modified_gmt":"2026-01-30T10:44:20","slug":"3-techniki-ktore-pomoga-ci-w-skutecznej-nauce-do-sesji","status":"publish","type":"page","link":"https:\/\/us.edu.pl\/student\/wsparcie-i-fundusze\/pomoc-psychologiczna\/baza-wiedzy\/3-techniki-ktore-pomoga-ci-w-skutecznej-nauce-do-sesji\/","title":{"rendered":"3 techniki, kt\u00f3re pomog\u0105 Ci w skutecznej nauce do sesji"},"content":{"rendered":"<p>[vc_row el_class=&#8221;container&#8221;][vc_column width=&#8221;5\/6&#8243;]\r\n                <div class=\"text-modules\">\r\n                    <div class=\"container\">\r\n                        <h3 class=\"page-title text__title\">3 techniki, kt\u00f3re pomog\u0105 Ci w skutecznej nauce do sesji<\/h3>\r\n                        <div class=\"text-modules__content\"><p><span style=\"font-size: 8pt;\">| Autorka: Dominika W\u00f3jtowicz |<\/span><\/p>\n<p>Sesja egzaminacyjna to czas wysi\u0142ku, presji i ograniczonego czasu. W takich warunkach sama liczba godzin sp\u0119dzonych nad ksi\u0105\u017ckami nie zawsze przek\u0142ada si\u0119 na efekty.<\/p>\n<p>Przygotowali\u015bmy dla Ciebie trzy sprawdzone techniki oparte na wiedzy psychologicznej, kt\u00f3re mog\u0105 pom\u00f3c Ci przyswaja\u0107 wiedz\u0119.<\/p>\n<h3><strong>Technika Pomodoro \u2013 koncentracja w kr<\/strong><strong>\u00f3<\/strong><strong>tkich blokach<\/strong><\/h3>\n<p>Pomodoro szczeg\u00f3lnie sprawdza si\u0119 <strong>przy zadaniach wymagaj\u0105cych skupienia<\/strong>, takich jak czytanie tekst\u00f3w naukowych czy rozwi\u0105zywanie zada\u0144.<\/p>\n<p>Technika krok po kroku:<\/p>\n<ul>\n<li>wybierz jedno konkretne zadanie do nauki, przygotuj wszystkie potrzebne materia\u0142y,<\/li>\n<li>ustaw timer na 25 minut, rozpocznij nauk\u0119,<\/li>\n<li>gdy timer zadzwoni \u2013 zatrzymaj prac\u0119,<\/li>\n<li>zr\u00f3b 5 minut przerwy (wsta\u0144, rozci\u0105gnij si\u0119, napij si\u0119 wody),<\/li>\n<li>po przerwie rozpocznij kolejny 25-minutowy cykl nauki,<\/li>\n<li>powt\u00f3rz wszystko cztery razy,<\/li>\n<li>po czterech cyklach zr\u00f3b d\u0142u\u017csz\u0105 przerw\u0119 (15\u201330 minut),<\/li>\n<li>wr\u00f3\u0107 do nauki lub zaplanuj kolejne zadanie.<\/li>\n<\/ul>\n<p>Metoda Pomodoro zmniejsza zm\u0119czenie, u\u0142atwia rozpocz\u0119cie nauki (o wiele ch\u0119tniej b\u0119dziemy uczy\u0107 si\u0119 przez 25 minut ni\u017c przez kilka godzin), ale tak\u017ce poprawia koncentracj\u0119.<\/p>\n<p>Timer przygotowany z my\u015bl\u0105 o tej technice znajdziesz <a href=\"https:\/\/pomofocus.io\/\">pod linkiem<\/a>.<\/p>\n<h3><strong>Technika Feynmana <\/strong><strong>\u2013 uczysz si\u0119, gdy t\u0142umaczysz<\/strong><\/h3>\n<p>Technika Feynmana opiera si\u0119 na prostym za\u0142o\u017ceniu: <strong>je\u015bli potrafisz co\u015b wyja\u015bni\u0107 prostym j\u0119zykiem, to znaczy, \u017ce naprawd\u0119 to rozumiesz<\/strong>.<\/p>\n<p>Technika krok po kroku:<\/p>\n<ul>\n<li>wybierz zagadnienie\/definicj\u0119,<\/li>\n<li>wyt\u0142umacz tre\u015b\u0107 tak, jakby\u015b przedstawia\u0142(a) j\u0105 laikowi (np. na kartce lub na g\u0142os).<\/li>\n<\/ul>\n<p>Metoda ta wspiera przetwarzanie informacji, a przede wszystkim sprzyja lepszemu rozumieniu trudnych zagadnie\u0144.<\/p>\n<h3><strong>Brain dump \u2013 porz\u0105dkowanie my\u015bli i redukcja napi\u0119<\/strong><strong>cia<\/strong><\/h3>\n<p>Brain dump polega na <strong>przelaniu na papier wszystkich my\u015bli, kt<\/strong><strong>\u00f3<\/strong><strong>re w danym momencie zajmuj\u0105 Twoj\u0105 g\u0142ow\u0119: zada\u0144, obaw, temat<\/strong><strong>\u00f3<\/strong><strong>w do nauki czy lu\u017anych skojarze\u0144. <\/strong>Technika ta jest szczeg\u00f3lnie pomocna przed rozpocz\u0119ciem nauki. Ju\u017c samo zapisanie my\u015bli obni\u017ca napi\u0119cie, gdy\u017c m\u00f3zg nie musi stale sobie ich przypomina\u0107.<\/p>\n<p>Technika krok po kroku:<\/p>\n<ul>\n<li>przygotuj miejsce do nauki oraz czyst\u0105 kartk\u0119,<\/li>\n<li>daj sobie 5\u201310 minut i zapisz wszystko, co zaprz\u0105ta Twoje my\u015bli: tematy do nauki, zadania, obawy, my\u015bli, pytania, rzeczy niezwi\u0105zane z nauk\u0105, obowi\u0105zki domowe do wykonania,<\/li>\n<li>rozpocznij nauk\u0119 z odci\u0105\u017con\u0105 g\u0142ow\u0105 i wi\u0119ksz\u0105 koncentracj\u0105.<\/li>\n<\/ul>\n<p>Brain dump mo\u017cesz stosowa\u0107 przed nauk\u0105, w momentach przeci\u0105\u017cenia lub jako wst\u0119p do planowania dnia. Technika ta mo\u017ce by\u0107 tak\u017ce wykorzystywana jako szybka forma powt\u00f3rki \u2013 zapisujemy wszystko, co pami\u0119tamy z danego tematu, by potem uzupe\u0142ni\u0107 ewentualne braki.<\/p>\n<p>Warto pami\u0119ta\u0107, \u017ce nie istnieje jedna uniwersalna metoda dla wszystkich \u2013 kluczem jest eksperymentowanie i dopasowanie technik do w\u0142asnych potrzeb, mo\u017cliwo\u015bci i preferencji sposob\u00f3w przyswajania wiedzy.<\/p>\n<p>Powodzenia!<\/p>\n<\/div>\r\n                    <\/div>\r\n                <\/div>[\/vc_column][vc_column width=&#8221;1\/6&#8243;][\/vc_column][\/vc_row]<\/p>","protected":false},"excerpt":{"rendered":"<p>[vc_row el_class=&#8221;container&#8221;][vc_column width=&#8221;5\/6&#8243;][\/vc_column][vc_column width=&#8221;1\/6&#8243;][\/vc_column][\/vc_row] [&#8230;]<\/p>\n<p><a class=\"btn btn-secondary understrap-read-more-link\" href=\"https:\/\/us.edu.pl\/student\/wsparcie-i-fundusze\/pomoc-psychologiczna\/baza-wiedzy\/3-techniki-ktore-pomoga-ci-w-skutecznej-nauce-do-sesji\/\">Read More&#8230;<\/a><\/p>\n","protected":false},"author":28,"featured_media":0,"parent":59075,"menu_order":0,"comment_status":"closed","ping_status":"closed","template":"","meta":{"_expiration-date-status":"","_expiration-date":0,"_expiration-date-type":"","_expiration-date-categories":[],"_expiration-date-options":[]},"acf":[],"_links":{"self":[{"href":"https:\/\/us.edu.pl\/student\/wp-json\/wp\/v2\/pages\/60540"}],"collection":[{"href":"https:\/\/us.edu.pl\/student\/wp-json\/wp\/v2\/pages"}],"about":[{"href":"https:\/\/us.edu.pl\/student\/wp-json\/wp\/v2\/types\/page"}],"author":[{"embeddable":true,"href":"https:\/\/us.edu.pl\/student\/wp-json\/wp\/v2\/users\/28"}],"replies":[{"embeddable":true,"href":"https:\/\/us.edu.pl\/student\/wp-json\/wp\/v2\/comments?post=60540"}],"version-history":[{"count":2,"href":"https:\/\/us.edu.pl\/student\/wp-json\/wp\/v2\/pages\/60540\/revisions"}],"predecessor-version":[{"id":60542,"href":"https:\/\/us.edu.pl\/student\/wp-json\/wp\/v2\/pages\/60540\/revisions\/60542"}],"up":[{"embeddable":true,"href":"https:\/\/us.edu.pl\/student\/wp-json\/wp\/v2\/pages\/59075"}],"wp:attachment":[{"href":"https:\/\/us.edu.pl\/student\/wp-json\/wp\/v2\/media?parent=60540"}],"curies":[{"name":"wp","href":"https:\/\/api.w.org\/{rel}","templated":true}]}}