{"id":6090,"date":"2019-10-09T15:04:04","date_gmt":"2019-10-09T13:04:04","guid":{"rendered":"https:\/\/us.edu.pl\/student\/?page_id=6090"},"modified":"2019-10-09T15:19:51","modified_gmt":"2019-10-09T13:19:51","slug":"uniwersytet-slaski-dzieci","status":"publish","type":"page","link":"https:\/\/us.edu.pl\/student\/dzialalnosc-studencka\/wyroznienia-jm-rektora-us\/laureaci-poprzednich-edycji\/laureaci-2017\/uniwersytet-slaski-dzieci\/","title":{"rendered":"Uniwersytet \u015al\u0105ski Dzieci"},"content":{"rendered":"<p>[vc_row el_class=&#8221;container&#8221;][vc_column el_class=&#8221;container&#8221;]\r\n                <div class=\"text-modules\">\r\n                    <div class=\"container\">\r\n                        <h3 class=\"page-title text__title\">Uniwersytet \u015al\u0105ski Dzieci<\/h3>\r\n                        <div class=\"text-modules__content\"><\/div>\r\n                    <\/div>\r\n                <\/div>\r\n                <div class=\"text-modules reverse\">\r\n                    <div class=\"container\">\r\n                        <h3 class=\"section-title section-title_border-bottom\">Szymon Kilka<\/h3> \r\n                        <div class=\"row m-0\">\r\n                            <div class=\"text-modules__content\">\r\n                                Nale\u017cy do grupy Poszukiwacze (5\u20136 lat)<\/p>\n<p>Jego najwi\u0119ksz\u0105 pasj\u0105 jest p\u0142ywanie &#8211; czas sp\u0119dzony na basenie to dla niego nie tylko nauka, ale te\u017c \u015bwietna zabawa. Kolejn\u0105 jego wielk\u0105 pasj\u0105 s\u0105 podr\u00f3\u017ce, lubi z rodzin\u0105 poznawa\u0107 nowe miejsca, aktywnie przemierza Polsk\u0119 i co roku poznaje jej najdziksze zak\u0105tki od Tatr po Ba\u0142tyk. Najbardziej lubi spa\u0107 w namiocie nad jeziorem. Interesuje si\u0119 autami i poci\u0105gami (jest pasjonatem kolei), ale lubi te\u017c zaj\u0119cia z klockami Lego, na kt\u00f3re biegnie zaraz po zako\u0144czonych zaj\u0119ciach. Zaj\u0119cia na Uniwersytecie pozwalaj\u0105 mu poznawa\u0107 nowe rzeczy i zjawiska. Lubi zaj\u0119cia, na kt\u00f3rych mowa jest o kosmosie, w czasie kt\u00f3rym wykonywane s\u0105 r\u00f3\u017cne eksperymenty, poznaje si\u0119 budow\u0119 samolotu czy naszego serca, na kt\u00f3rych dowiaduje si\u0119 co to np. grawitacja. Lubi te\u017c muzyk\u0119 i dlatego systematycznie chodzi z Mam\u0105 do Filharmonii. Dodatkowo po przedszkolu ma zaj\u0119cia z Taekwondo (jak dla niego mog\u0142oby by\u0107 ich wi\u0119cej). \r\n                                <div class=\"mt-3\"><\/div>\r\n                            <\/div>\r\n                            \r\n                            <div class=\"text-modules__img\"><img src=\"https:\/\/us.edu.pl\/student\/wp-content\/uploads\/sites\/3\/Wyr\u00f3\u017cnienia-rektora\/wyr\u00f3\u017cnieni-z-lat-poprzednich\/Laureaci-2017\/zdjecie_szymon_kilka_-_kopia-e1642505686183.jpg\" alt=\"img\"><\/div>\r\n                        <\/div>\r\n                    <\/div>\r\n                <\/div>\r\n                <div class=\"text-modules \">\r\n                    <div class=\"container\">\r\n                        <h3 class=\"section-title section-title_border-bottom\">Daniel Oleszek<\/h3> \r\n                        <div class=\"row m-0\">\r\n                            <div class=\"text-modules__content\">\r\n                                Nale\u017cy do grupy Eksperci (13-15 lat)<\/p>\n<p>Ucz\u0119szcza do trzeciej klasy Gimnazjum nr 21 w Katowicach. Do Uniwersytetu \u015al\u0105skiego Dzieci do\u0142\u0105czy\u0142 praktycznie od momentu jego powstania. Zawsze interesowa\u0142 si\u0119 histori\u0105 Polski i \u015awiata. Bra\u0142 udzia\u0142 w licznych konkursach. Do\u015bwiadczenia z wakacyjnego wyjazdu filmowego zorganizowanego przez U\u015aD w Zawoi pomog\u0142y mu w napisaniu bardzo udanego egzaminu ko\u0144cowego w szkole podstawowej. To jeden z najwi\u0119kszych jego sukces\u00f3w w dotychczasowym \u017cyciu. Ponadto jego pasj\u0105 s\u0105 historyczne gry figurkowe, poniewa\u017c \u0142\u0105cz\u0105 one jego ulubion\u0105 dziedzin\u0119 nauki z rozrywk\u0105. Gra tak\u017ce w szachy oraz gry komputerowe, jednak wszystkie jego zainteresowania zawsze \u0142\u0105czy historia. W przysz\u0142o\u015bci ma zamiar uczestniczy\u0107 w zaj\u0119ciach Uniwersytetu \u015al\u0105skiego M\u0142odzie\u017cy, jako ucze\u0144 \u00f3smego Liceum Og\u00f3lnokszta\u0142c\u0105cego w Katowicach (tak zwanego &#8222;PIKA&#8221;). \r\n                                <div class=\"mt-3\"><\/div>\r\n                            <\/div>\r\n                            \r\n                            <div class=\"text-modules__img\"><img src=\"https:\/\/us.edu.pl\/student\/wp-content\/uploads\/sites\/3\/2019\/10\/hiszpania_51.jpg\" alt=\"img\"><\/div>\r\n                        <\/div>\r\n                    <\/div>\r\n                <\/div>\r\n                <div class=\"text-modules reverse\">\r\n                    <div class=\"container\">\r\n                        <h3 class=\"section-title section-title_border-bottom\">Magdalena Stasz<\/h3> \r\n                        <div class=\"row m-0\">\r\n                            <div class=\"text-modules__content\">\r\n                                <strong>Nale\u017cy do grupy Odkrywcy (7-9 lat)<\/strong><\/p>\n<p>Magda jest uczennic\u0105 II klasy szko\u0142y podstawowej nr 54 w Bytomiu. Wykazuje szerokie zainteresowania i dlatego te\u017c ju\u017c drugi rok ch\u0119tnie uczestniczy w r\u00f3\u017cnorodnych zaj\u0119ciach w ramach Uniwersytetu \u015al\u0105skiego Dzieci. Szczeg\u00f3lnie interesuj\u0105 j\u0105 zaj\u0119cia plastyczne (bierze aktywny udzia\u0142 w konkursach organizowanych przez jej szko\u0142\u0119) oraz fizyczne. W pa\u017adzierniku 2016 zosta\u0142a laureatem konkursu \u201eBalony i Spadochrony\u201d organizowanego przez Pa\u0142ac M\u0142odzie\u017cy w Katowicach. W ostatnich dniach zosta\u0142a wyr\u00f3\u017cniona w konkursie \u201ePapierowy samolot\u201d organizowanym tak\u017ce przez Pa\u0142ac M\u0142odzie\u017cy. W wolnym czasie lubi rysowa\u0107, malowa\u0107 oraz je\u017adzi\u0107 na rolkach. Ostatnio zainteresowa\u0142a si\u0119 minera\u0142ami i posiada ju\u017c swoj\u0105 ma\u0142\u0105 kolekcj\u0119. \r\n                                <div class=\"mt-3\"><\/div>\r\n                            <\/div>\r\n                            \r\n                            <div class=\"text-modules__img\"><img src=\"https:\/\/us.edu.pl\/student\/wp-content\/uploads\/sites\/3\/2019\/10\/dsc_0001_-_kopia-e1642505674253.jpg\" alt=\"img\"><\/div>\r\n                        <\/div>\r\n                    <\/div>\r\n                <\/div>\r\n                <div class=\"text-modules \">\r\n                    <div class=\"container\">\r\n                        <h3 class=\"section-title section-title_border-bottom\">Mateusz Tyl<\/h3> \r\n                        <div class=\"row m-0\">\r\n                            <div class=\"text-modules__content\">\r\n                                <strong>Nale\u017cy do grupy M\u0142odzi Naukowcy (10-12 lat)<\/strong><\/p>\n<p>Mateusz od najm\u0142odszych lat interesowa\u0142 si\u0119 wszystkim co go otacza. Zawsze chcia\u0142 wiedzie\u0107, jak dana rzecz jest zbudowana, jak dzia\u0142a i dlaczego. St\u0105d jego aktywne uczestnictwo w du\u017cej ilo\u015bci zaj\u0119\u0107 o bardzo r\u00f3\u017cnorodnej tematyce organizowanych przez Uniwersytet \u015al\u0105ski Dzieci. Bierze czynny udzia\u0142 w Wakacyjnych Spotkaniach z Nauk\u0105 organizowanych przez Uniwersyteckie Towarzystwo Naukowe-Wszechnica \u015al\u0105ska. Interesuje si\u0119 szczeg\u00f3lnie przyrod\u0105. Zdoby\u0142 wyr\u00f3\u017cnienia w Og\u00f3lnopolskich Konkursach Nauk Przyrodniczych \u201e\u015awietlik\u201d. Jest bardzo kreatywny: malowanie, rysowanie, lepienie z gliny, instalacje przestrzenne z wszystkiego co jest w zasi\u0119gu r\u0119ki \u2013 wiele technik plastycznych nie ma przed nim tajemnic. Uczestniczy\u0142 w Warsztatach Malarstwa Sakralnego wykonuj\u0105c stylizowane ikony bizantyjskie. Wiele jego prac plastycznych zosta\u0142o docenionych na r\u00f3\u017cnych konkursach. W czasie wolnym uwielbia je\u017adzi\u0107 na rowerze, bawi\u0107 si\u0119 z przyjaci\u00f3\u0142mi, piec ciasta z siostr\u0105 i podr\u00f3\u017cowa\u0107 z ca\u0142\u0105 rodzin\u0105. \r\n                                <div class=\"mt-3\"><\/div>\r\n                            <\/div>\r\n                            \r\n                            <div class=\"text-modules__img\"><img src=\"https:\/\/us.edu.pl\/student\/wp-content\/uploads\/sites\/3\/2019\/10\/mateusz_tyl-e1642505665880.jpg\" alt=\"img\"><\/div>\r\n                        <\/div>\r\n                    <\/div>\r\n                <\/div>[\/vc_column][\/vc_row]<\/p>","protected":false},"excerpt":{"rendered":"<p>[vc_row el_class=&#8221;container&#8221;][vc_column el_class=&#8221;container&#8221;][\/vc_column][\/vc_row] [&#8230;]<\/p>\n<p><a class=\"btn btn-secondary understrap-read-more-link\" href=\"https:\/\/us.edu.pl\/student\/dzialalnosc-studencka\/wyroznienia-jm-rektora-us\/laureaci-poprzednich-edycji\/laureaci-2017\/uniwersytet-slaski-dzieci\/\">Read More&#8230;<\/a><\/p>\n","protected":false},"author":1,"featured_media":0,"parent":5891,"menu_order":0,"comment_status":"closed","ping_status":"closed","template":"","meta":{"_expiration-date-status":"","_expiration-date":0,"_expiration-date-type":"","_expiration-date-categories":[],"_expiration-date-options":[]},"acf":[],"_links":{"self":[{"href":"https:\/\/us.edu.pl\/student\/wp-json\/wp\/v2\/pages\/6090"}],"collection":[{"href":"https:\/\/us.edu.pl\/student\/wp-json\/wp\/v2\/pages"}],"about":[{"href":"https:\/\/us.edu.pl\/student\/wp-json\/wp\/v2\/types\/page"}],"author":[{"embeddable":true,"href":"https:\/\/us.edu.pl\/student\/wp-json\/wp\/v2\/users\/1"}],"replies":[{"embeddable":true,"href":"https:\/\/us.edu.pl\/student\/wp-json\/wp\/v2\/comments?post=6090"}],"version-history":[{"count":0,"href":"https:\/\/us.edu.pl\/student\/wp-json\/wp\/v2\/pages\/6090\/revisions"}],"up":[{"embeddable":true,"href":"https:\/\/us.edu.pl\/student\/wp-json\/wp\/v2\/pages\/5891"}],"wp:attachment":[{"href":"https:\/\/us.edu.pl\/student\/wp-json\/wp\/v2\/media?parent=6090"}],"curies":[{"name":"wp","href":"https:\/\/api.w.org\/{rel}","templated":true}]}}