{"id":6106,"date":"2019-10-09T15:24:21","date_gmt":"2019-10-09T13:24:21","guid":{"rendered":"https:\/\/us.edu.pl\/student\/?page_id=6106"},"modified":"2019-10-09T15:24:21","modified_gmt":"2019-10-09T13:24:21","slug":"uniwersytet-slaski-mlodziezy","status":"publish","type":"page","link":"https:\/\/us.edu.pl\/student\/dzialalnosc-studencka\/wyroznienia-jm-rektora-us\/laureaci-poprzednich-edycji\/laureaci-2017\/uniwersytet-slaski-mlodziezy\/","title":{"rendered":"Uniwersytet \u015al\u0105ski M\u0142odzie\u017cy"},"content":{"rendered":"<p>[vc_row el_class=&#8221;container&#8221;][vc_column el_class=&#8221;container&#8221;]\r\n                <div class=\"text-modules\">\r\n                    <div class=\"container\">\r\n                        <h3 class=\"page-title text__title\">Uniwersytet \u015al\u0105ski M\u0142odzie\u017cy<\/h3>\r\n                        <div class=\"text-modules__content\"><\/div>\r\n                    <\/div>\r\n                <\/div>\r\n                <div class=\"text-modules \">\r\n                    <div class=\"container\">\r\n                        <h3 class=\"section-title section-title_border-bottom\">Szymon Nowak<\/h3> \r\n                        <div class=\"row m-0\">\r\n                            <div class=\"text-modules__content\">\r\n                                Wykazuje szczeg\u00f3lne zainteresowania w zakresie przedmiot\u00f3w matematyczno\u2013przyrodniczych. Swoj\u0105 przygod\u0119 z nauk\u0105 rozpocz\u0105\u0142 od astronomii &#8211; zachwytu nad podr\u00f3\u017cami w kosmosie. Atlas nieba i teleskop stanowi\u0142y laboratorium, w kt\u00f3rym dokonywa\u0142 swoich pierwszych odkry\u0107. Wizyta w\u00a0 planetarium by\u0142a spe\u0142nieniem jego marze\u0144 \u2013 prawie tak samo ekscytuj\u0105cym jak podr\u00f3\u017c po wszech\u015bwiecie.<\/p>\n<p>Marzenia o podboju kosmosu Szymon m\u00f3g\u0142 realizowa\u0107 dzi\u0119ki Kerbal Space Program, kt\u00f3ry umo\u017cliwia przeprowadzenie symulacji lot\u00f3w kosmicznych. Mimo licznych niepowodze\u0144 Szymon nie poddawa\u0142 si\u0119 i w ko\u0144cu skonstruowa\u0142 rakiet\u0119, kt\u00f3ra pozwoli\u0142a na realizacj\u0119 budowy stacji orbitalnej, a nast\u0119pnie misji podr\u00f3\u017cy na Marsa. Po \u201epowrocie na ziemi\u0119\u201d Szymon coraz cz\u0119\u015bciej zadawa\u0142 pytanie: \u201edlaczego to dzia\u0142a?\u201d. Wtedy swoj\u0105 uwag\u0119 przeni\u00f3s\u0142 na poznanie praw fizyki oraz ich oddzia\u0142ywanie na\u00a0 otoczenie. Wolny czas po\u015bwi\u0119ca\u0142 na poszukiwania rozwi\u0105za\u0144 i poznawanie otaczaj\u0105cego go \u015bwiata.<\/p>\n<p>Swoj\u0105 wiedz\u0119 poszerza\u0142 zar\u00f3wno pracuj\u0105c samodzielnie, jak i korzystaj\u0105c z pomocy specjalist\u00f3w na zaj\u0119ciach dodatkowych m.in. prowadzonych przez \u015al\u0105ski Uniwersytet M\u0142odzie\u017cy.\u00a0 Zakres i poziom jego wiedzy weryfikowa\u0142y osi\u0105gni\u0119cia w licznych konkursach i olimpiadach. By\u0142 laureatem m.in. Konkursu Matematycznego \u201eKANGUR\u201d, Wojew\u00f3dzkiego Konkursu Przedmiotowego z matematyki oraz fizyki. Zdoby\u0142 tak\u017ce I miejsce w Og\u00f3lnopolskiej Lidze Ju-Jitsu Sportowego Dzieci i M\u0142odzie\u017cy w kategorii 55 kg (2015). Z wynikiem bardzo dobrym wzi\u0105\u0142 udzia\u0142 w Alfiku Matematycznym, a w Polsko-Ukrai\u0144skim Konkursie Fizycznym LWI\u0104TKO otrzyma\u0142 wyr\u00f3\u017cnienie.<\/p>\n<p>Zainteresowania Szymona to nie tylko nauka czy fizyka, ale r\u00f3wnie\u017c sport. Jazda na rowerze, \u017ceglarstwo i ju-jitsu stanowi\u0105 odskoczni\u0119 i mo\u017cliwo\u015b\u0107 zastosowania wiedzy teoretycznej w praktyce. Na tym polu r\u00f3wnie\u017c uzyskuje bardzo dobre wyniki.<\/p>\n<p>Szymon z ch\u0119ci\u0105 anga\u017cuje si\u0119 w \u017cycie szko\u0142y i prace zespo\u0142owe. Jak ka\u017cdy nastolatek lubi spotyka\u0107 si\u0119 ze znajomymi, gra\u0107 w dru\u017cynowe, strategiczne gry komputerowe, czy s\u0142ucha\u0107 muzyki. Jego wielk\u0105 pasj\u0105 jest r\u00f3wnie\u017c czytanie. \r\n                                <div class=\"mt-3\"><\/div>\r\n                            <\/div>\r\n                            \r\n                            \r\n                        <\/div>\r\n                    <\/div>\r\n                <\/div>[\/vc_column][\/vc_row]<\/p>","protected":false},"excerpt":{"rendered":"<p>[vc_row el_class=&#8221;container&#8221;][vc_column el_class=&#8221;container&#8221;][\/vc_column][\/vc_row] [&#8230;]<\/p>\n<p><a class=\"btn btn-secondary understrap-read-more-link\" href=\"https:\/\/us.edu.pl\/student\/dzialalnosc-studencka\/wyroznienia-jm-rektora-us\/laureaci-poprzednich-edycji\/laureaci-2017\/uniwersytet-slaski-mlodziezy\/\">Read More&#8230;<\/a><\/p>\n","protected":false},"author":1,"featured_media":0,"parent":5891,"menu_order":0,"comment_status":"closed","ping_status":"closed","template":"","meta":{"_expiration-date-status":"","_expiration-date":0,"_expiration-date-type":"","_expiration-date-categories":[],"_expiration-date-options":[]},"acf":[],"_links":{"self":[{"href":"https:\/\/us.edu.pl\/student\/wp-json\/wp\/v2\/pages\/6106"}],"collection":[{"href":"https:\/\/us.edu.pl\/student\/wp-json\/wp\/v2\/pages"}],"about":[{"href":"https:\/\/us.edu.pl\/student\/wp-json\/wp\/v2\/types\/page"}],"author":[{"embeddable":true,"href":"https:\/\/us.edu.pl\/student\/wp-json\/wp\/v2\/users\/1"}],"replies":[{"embeddable":true,"href":"https:\/\/us.edu.pl\/student\/wp-json\/wp\/v2\/comments?post=6106"}],"version-history":[{"count":0,"href":"https:\/\/us.edu.pl\/student\/wp-json\/wp\/v2\/pages\/6106\/revisions"}],"up":[{"embeddable":true,"href":"https:\/\/us.edu.pl\/student\/wp-json\/wp\/v2\/pages\/5891"}],"wp:attachment":[{"href":"https:\/\/us.edu.pl\/student\/wp-json\/wp\/v2\/media?parent=6106"}],"curies":[{"name":"wp","href":"https:\/\/api.w.org\/{rel}","templated":true}]}}