{"id":6110,"date":"2019-10-09T15:30:11","date_gmt":"2019-10-09T13:30:11","guid":{"rendered":"https:\/\/us.edu.pl\/student\/?page_id=6110"},"modified":"2019-10-09T15:30:11","modified_gmt":"2019-10-09T13:30:11","slug":"uniwersytet-slaski-maturzystow","status":"publish","type":"page","link":"https:\/\/us.edu.pl\/student\/dzialalnosc-studencka\/wyroznienia-jm-rektora-us\/laureaci-poprzednich-edycji\/laureaci-2017\/uniwersytet-slaski-maturzystow\/","title":{"rendered":"Uniwersytet \u015al\u0105ski Maturzyst\u00f3w"},"content":{"rendered":"<p>[vc_row el_class=&#8221;container&#8221;][vc_column el_class=&#8221;container&#8221;]\r\n                <div class=\"text-modules\">\r\n                    <div class=\"container\">\r\n                        <h3 class=\"page-title text__title\">Uniwersytet \u015al\u0105ski Maturzyst\u00f3w<\/h3>\r\n                        <div class=\"text-modules__content\"><\/div>\r\n                    <\/div>\r\n                <\/div>[vc_row_inner el_class=&#8221;container&#8221;][vc_column_inner el_class=&#8221;container&#8221;]\r\n                <div class=\"text-modules \">\r\n                    <div class=\"container\">\r\n                        <h3 class=\"section-title section-title_border-bottom\">Hanna Germanek<\/h3> \r\n                        <div class=\"row m-0\">\r\n                            <div class=\"text-modules__content\">\r\n                                <\/p>\n<ul>\n<li>Uczennica klasy maturalnej I Liceum Og\u00f3lnokszta\u0142c\u0105cego im. Leona Kruczkowskiego w Tychach o profilu matematyczno-angielskim i studentka Uniwersytetu \u015al\u0105skiego Maturzyst\u00f3w<\/li>\n<li>Ze wzgl\u0119du na zainteresowanie histori\u0105 uzyska\u0142a zezwolenie na indywidualny tok nauki z historii i spo\u0142ecze\u0144stwa<\/li>\n<li>W okresie nauki w liceum i ucz\u0119szczania na zaj\u0119cia Uniwersytetu \u015al\u0105skiego Maturzyst\u00f3w zdoby\u0142a nast\u0119puj\u0105ce wyr\u00f3\u017cnienia: Tytu\u0142 laureatki Olimpiady Wiedzy o G\u00f3rnym \u015al\u0105sku, I miejsce w projekcie edukacyjnym \u201eOblicza przesz\u0142o\u015bci Turniej debat historycznych\u201d organizowanym przez Instytut Pami\u0119ci Narodowej w Katowicach, V miejsce w \u201eTurnieju Debat Historycznych o Puchar Prezesa Instytutu Pami\u0119ci Narodowej\u201d, Beneficjentka Tyskiej Gali Najzdolniejszych Uczni\u00f3w, I nagroda w Kategorii Zespo\u0142owej podczas VII Szopienickiego Talentu<\/li>\n<li>Zosta\u0142a wybrana najlepsz\u0105 studentk\u0105 Uniwersytetu \u015al\u0105skiego Maturzyst\u00f3w, kursu z historii 2017<\/li>\n<li>Jej g\u0142\u00f3wn\u0105 pasj\u0105 jest polityka i historia XX wieku. Poza tym rekreacyjnie uprawia sport, szczeg\u00f3lnie tenis i siatk\u00f3wk\u0119, gra r\u00f3wnie\u017c na gitarze a od niedawna interesuje si\u0119 pokerem<\/li>\n<\/ul>\n<div class=\"mt-3\"><\/div>\r\n                            <\/div>\r\n                            \r\n                            <div class=\"text-modules__img\"><img src=\"https:\/\/us.edu.pl\/student\/wp-content\/uploads\/sites\/3\/Nieprzypisane\/hania_germanek-e1642505652550.jpg\" alt=\"img\"><\/div>\r\n                        <\/div>\r\n                    <\/div>\r\n                <\/div>[\/vc_column_inner][\/vc_row_inner][\/vc_column][\/vc_row]<\/p>","protected":false},"excerpt":{"rendered":"<p>[vc_row el_class=&#8221;container&#8221;][vc_column el_class=&#8221;container&#8221;][vc_row_inner el_class=&#8221;container&#8221;][vc_column_inner el_class=&#8221;container&#8221;][\/vc_column_inner][\/vc_row_inner][\/vc_column][\/vc_row] [&#8230;]<\/p>\n<p><a class=\"btn btn-secondary understrap-read-more-link\" href=\"https:\/\/us.edu.pl\/student\/dzialalnosc-studencka\/wyroznienia-jm-rektora-us\/laureaci-poprzednich-edycji\/laureaci-2017\/uniwersytet-slaski-maturzystow\/\">Read More&#8230;<\/a><\/p>\n","protected":false},"author":1,"featured_media":0,"parent":5891,"menu_order":0,"comment_status":"closed","ping_status":"closed","template":"","meta":{"_expiration-date-status":"","_expiration-date":0,"_expiration-date-type":"","_expiration-date-categories":[],"_expiration-date-options":[]},"acf":[],"_links":{"self":[{"href":"https:\/\/us.edu.pl\/student\/wp-json\/wp\/v2\/pages\/6110"}],"collection":[{"href":"https:\/\/us.edu.pl\/student\/wp-json\/wp\/v2\/pages"}],"about":[{"href":"https:\/\/us.edu.pl\/student\/wp-json\/wp\/v2\/types\/page"}],"author":[{"embeddable":true,"href":"https:\/\/us.edu.pl\/student\/wp-json\/wp\/v2\/users\/1"}],"replies":[{"embeddable":true,"href":"https:\/\/us.edu.pl\/student\/wp-json\/wp\/v2\/comments?post=6110"}],"version-history":[{"count":0,"href":"https:\/\/us.edu.pl\/student\/wp-json\/wp\/v2\/pages\/6110\/revisions"}],"up":[{"embeddable":true,"href":"https:\/\/us.edu.pl\/student\/wp-json\/wp\/v2\/pages\/5891"}],"wp:attachment":[{"href":"https:\/\/us.edu.pl\/student\/wp-json\/wp\/v2\/media?parent=6110"}],"curies":[{"name":"wp","href":"https:\/\/api.w.org\/{rel}","templated":true}]}}