{"id":6200,"date":"2019-10-09T17:29:31","date_gmt":"2019-10-09T15:29:31","guid":{"rendered":"https:\/\/us.edu.pl\/student\/?page_id=6200"},"modified":"2019-10-09T17:31:55","modified_gmt":"2019-10-09T15:31:55","slug":"uniwersytet-slaski-dzieci","status":"publish","type":"page","link":"https:\/\/us.edu.pl\/student\/dzialalnosc-studencka\/wyroznienia-jm-rektora-us\/laureaci-poprzednich-edycji\/laureaci-2016\/uniwersytet-slaski-dzieci\/","title":{"rendered":"Uniwersytet \u015al\u0105ski Dzieci"},"content":{"rendered":"<p>[vc_row el_class=&#8221;container&#8221;][vc_column el_class=&#8221;container&#8221;]\r\n                <div class=\"text-modules\">\r\n                    <div class=\"container\">\r\n                        <h3 class=\"page-title text__title\">Uniwersytet \u015al\u0105ski Dzieci<\/h3>\r\n                        <div class=\"text-modules__content\"><\/div>\r\n                    <\/div>\r\n                <\/div>[\/vc_column][\/vc_row][vc_row el_class=&#8221;container&#8221;][vc_column el_class=&#8221;container&#8221;]\r\n                <div class=\"text-modules \">\r\n                    <div class=\"container\">\r\n                        <h3 class=\"section-title section-title_border-bottom\">Wisenna Bartoszek<\/h3> \r\n                        <div class=\"row m-0\">\r\n                            <div class=\"text-modules__content\">\r\n                                Nierozwa\u017cna i nieromantyczna. Mimo to nadal niecierpliwie wyczekuje prawdziwej przygody, cho\u0107 w dzisiejszych czasach, jak wiadomo, ju\u017c si\u0119 nie zdarzaj\u0105. T\u0119skni za \u015bwiatem ba\u015bni, gdzie \u017cyj\u0105 le\u015bne duchy, krew leje si\u0119 obficie, istniej\u0105 idealni m\u0119\u017cczy\u017ani i prawdziwe damy (i nie trzeba pisa\u0107 egzamin\u00f3w gimnazjalnych). Namiastk\u0119 tego odnajduje w ksi\u0105\u017ckach, najch\u0119tniej czytanych w ilo\u015bciach hurtowych b\u0105d\u017a w filmach kostiumowych. Opr\u00f3cz tego, \u017ceby robi\u0107 co\u015b konstruktywnego w \u017cyciu, jest wolontariuszk\u0105 w miejscowym domu opieki. Dla przyjemno\u015bci gra na flecie i \u015bpiewa; wraz z rodze\u0144stwem bra\u0142a udzia\u0142 w koncertach organizowanych przez ognisko muzyczne. Z pasj\u0105 wyst\u0119powa\u0142a w przedstawieniach szkolnych &#8211; g\u0142\u00f3wnie w rolach m\u0119skich z powodu niedoboru aktor\u00f3w p\u0142ci przeciwnej. Bra\u0142a te\u017c udzia\u0142 w konkursach recytatorskich, w tym gwarowych. Czasami zdarza jej si\u0119 ulepi\u0107 nieproporcjonalnego slenderka z modeliny czy napisa\u0107 wiersz. Organizowa\u0142a zaj\u0119cia z ta\u0144c\u00f3w w kr\u0119gu dla kole\u017canek z klasy. Chodzi te\u017c na kung-fu; aktualnie ma niebieski pas. Jako \u017ce mieszka na wsi, praktycznie w parku i rzut beretem od lasu, od najm\u0142odszych lat by\u0142a zaznajamiana z wszelkimi aspektami przyrody. W tym roku ko\u0144czy gimnazjum. Jak dot\u0105d zawsze otrzymywa\u0142a \u015bwiadectwo z wyr\u00f3\u017cnieniem. Ch\u0119tnie anga\u017cuj\u0119 si\u0119 w szkolne festyny, kiermasze i temu podobne akcje. Nieraz uczestniczy\u0142a w konkursach artystycznych, literackich, przyrodniczych czy matematycznych. Na zaj\u0119cia Uniwersytetu \u015al\u0105skiego Dzieci ucz\u0119szcza od samego pocz\u0105tku jego istnienia. Aktualnie jest w grupie Ekspert\u00f3w. \r\n                                <div class=\"mt-3\"><\/div>\r\n                            <\/div>\r\n                            \r\n                            \r\n                        <\/div>\r\n                    <\/div>\r\n                <\/div>\r\n                <div class=\"text-modules \">\r\n                    <div class=\"container\">\r\n                        <h3 class=\"section-title section-title_border-bottom\">Marta Langer<\/h3> \r\n                        <div class=\"row m-0\">\r\n                            <div class=\"text-modules__content\">\r\n                                Marta pochodzi z Pszczyny, a obecnie mieszka w Krakowie. Ma 12 lat i jest uczennic\u0105 pierwszej klasy Gimnazjum nr 52 im. ks. Stanis\u0142awa Konarskiego w Krakowie. Od najm\u0142odszych lat wykazuje szczeg\u00f3lne zainteresowanie naukami przyrodniczymi. Jako uczennica trzeciej klasy Szko\u0142y Podstawowej nr 2 w Pszczynie zosta\u0142a zwyci\u0119\u017cczyni\u0105 Mi\u0119dzyszkolnego Konkursu \u201eOmnibus\u201d, w kt\u00f3rym brali udzia\u0142 uczniowie klas 1-3 szk\u00f3\u0142 podstawowych powiatu pszczy\u0144skiego. W sz\u00f3stej klasie szko\u0142y podstawowej zosta\u0142a finalistk\u0105 Ma\u0142opolskiej Olimpiady Humanistycznej. Bra\u0142a r\u00f3wnie\u017c udzia\u0142 i zdobywa\u0142a nagrody i wyr\u00f3\u017cnienia w licznych konkursach tematycznych. Ulubion\u0105 form\u0105 sp\u0119dzania wolnego czasu przez Mart\u0119 s\u0105 \u201epodr\u00f3\u017ce ma\u0142e i du\u017ce\u201d, w trakcie kt\u00f3rych poznaje pi\u0119kno, zar\u00f3wno naszego ojczystego kraju, jak i bardziej egzotycznych miejsc. Marta jest kolekcjonerk\u0105, gromadzi zbiory przer\u00f3\u017cnych przedmiot\u00f3w i pami\u0105tek. Jest szalona i ciekawa wszystkiego wok\u00f3\u0142. Uwielbia szkicowa\u0107, malowa\u0107, rze\u017abi\u0107, szy\u0107, rysowa\u0107 i robi\u0107 wszystko, co jest zwi\u0105zane ze sztuk\u0105. Jest dusz\u0105 towarzystwa. Jest nami\u0119tn\u0105 czytelniczk\u0105, szczeg\u00f3lnie uwielbia ksi\u0105\u017cki fantasy. Bardzo lubi ogl\u0105da\u0107 filmy akcji, fantasy i science-fiction. Jej ulubionym sportem jest tenis ziemny, a w drugiej kolejno\u015bci \u2013 jazda na rowerze. W zaj\u0119ciach Uniwersytetu \u015al\u0105skiego Dzieci bierze udzia\u0142 od siedmiu lat, czyli od samego pocz\u0105tku jego dzia\u0142alno\u015bci. Zaczyna\u0142a sw\u0105 przygod\u0119 z U\u015aD w grupie Poszukiwaczy, obecnie jest M\u0142odym Naukowcem, a w kolejnych latach zamierza kontynuowa\u0107 studia w grupie Ekspert\u00f3w.<\/p>\n<div class=\"mt-3\"><\/div>\r\n                            <\/div>\r\n                            \r\n                            \r\n                        <\/div>\r\n                    <\/div>\r\n                <\/div>\r\n                <div class=\"text-modules \">\r\n                    <div class=\"container\">\r\n                        <h3 class=\"section-title section-title_border-bottom\">\u0141ukasz Szymura<\/h3> \r\n                        <div class=\"row m-0\">\r\n                            <div class=\"text-modules__content\">\r\n                                Ma prawie 10 lat. Odk\u0105d si\u0119ga pami\u0119ci\u0105 zawsze fascynowa\u0142 si\u0119 otaczaj\u0105cym nas \u015bwiatem, lubi\u0142 obserwowa\u0107 a p\u00f3\u017aniej wykonywa\u0107 samodzielnie r\u00f3\u017cne eksperymenty. Od czterech lat jest studentem Uniwersytetu \u015al\u0105skiego Dzieci i bardzo lubi te zaj\u0119cia. Interesuje si\u0119 samolotami i w przysz\u0142o\u015bci chcia\u0142bym zosta\u0107 pilotem. W zesz\u0142ym roku lecia\u0142 szybowcem i bardzo mu si\u0119 to spodoba\u0142o. Ch\u0119tnie uczy si\u0119 angielskiego i matematyki, poniewa\u017c wie, \u017ce ka\u017cdy pilot musi by\u0107 dobry z tych przedmiot\u00f3w. Bra\u0142 udzia\u0142 w konkursie matematycznym, \u017ceby sprawdzi\u0107 swoje umiej\u0119tno\u015bci. Stara si\u0119 te\u017c dba\u0107 o swoj\u0105 kondycj\u0119, dlatego chodzi na treningi pi\u0142ki no\u017cnej i na basen. W ubieg\u0142ym roku uko\u0144czy\u0142 kurs p\u0142ywania i otrzyma\u0142 kart\u0119 p\u0142ywack\u0105. Niedawno uczestniczy\u0142 w zawodach p\u0142ywackich i razem z kolegami oraz kole\u017cankami zdobyli z\u0142oty medal dla szko\u0142y. Planuje zdoby\u0107 licencj\u0119 pilota i m\u00f3c lata\u0107 samolotami pasa\u017cerskimi. \r\n                                <div class=\"mt-3\"><\/div>\r\n                            <\/div>\r\n                            \r\n                            \r\n                        <\/div>\r\n                    <\/div>\r\n                <\/div>\r\n                <div class=\"text-modules \">\r\n                    <div class=\"container\">\r\n                        <h3 class=\"section-title section-title_border-bottom\">Ma\u0142gorzata Weso\u0142owska<\/h3> \r\n                        <div class=\"row m-0\">\r\n                            <div class=\"text-modules__content\">\r\n                                Pasj\u0105 Ma\u0142gosi wydaje si\u0119 by\u0107 muzyka klasyczna szczeg\u00f3lnie w wykonaniu Brata. Ulubieni kompozytorzy to Chopin, Beethoven, Mozart, a z form muzycznych szczeg\u00f3lnie upodoba\u0142a sobie sonat\u0119. Ch\u0119tnie s\u0142ucha koncert\u00f3w np. w filharmoniach, palmiarni, kinie, teatrze muzycznym. Rozwa\u017ca nauk\u0119 gry na fortepianie oraz skrzypcach, gitarze, perkusji\u2026 (i kto wie, na czym jeszcze?). Ceni balet oraz \u015bpiew. W sporcie najch\u0119tniej gra w tenisa (tenisowe wakacje) i pi\u0142k\u0119. Zim\u0105 oswaja narty. Podziwia \u0142y\u017cwiarki figurowe. Lubi malowa\u0107; szczeg\u00f3lnie formy wielko-formatowe. Uwielbia desery lodowe, domowe smako\u0142yki, owoce i warzywa. Wykazuje empati\u0119 zar\u00f3wno wobec ludzi jak i zwierz\u0105t. Kocha kwiaty. Nieodpart\u0105 ch\u0119\u0107 pog\u0142\u0119biania wiedzy i poznawania \u015bwiata realizuje obecnie g\u0142\u00f3wnie w 1kl. Szko\u0142y Podstawowej a tak\u017ce na zaj\u0119ciach seminaryjnych i wyk\u0142adach U\u015aD. W szkole po lekcjach ch\u0119tnie uczestniczy w zabawach &#8222;lego po niemiecku&#8221;. Gosia bardzo ch\u0119tnie czyta poznaj\u0105c literatur\u0119 dzieci\u0119c\u0105 i popularnonaukow\u0105, z niecierpliwo\u015bci\u0105 oczekuje\u00a0r\u00f3wnie\u017c kolejnych spotka\u0144 w ramach cyklu U\u015aD &#8222;Czytanki sowy Usi&#8221;.\u00a0Koncertuje z ch\u00f3rem U\u015aD Gioia (od 2014). Z rado\u015bci\u0105 rozpocz\u0119\u0142a zaj\u0119cia LED. Bra\u0142a udzia\u0142 w ArtEnglish oraz seminariach Osikowej Doliny. Okresowo uczestniczy w warsztatach dla dzieci np. w Centrum Helen Doron, Muzeum Willi Caro w Gliwicach, Filharmonii \u015al\u0105skiej, Muzycznej Scenie Edukacyjnej Katowice Miasto Ogrod\u00f3w itp. W ramach pokaz\u00f3w tanecznych uczni\u00f3w Prywatnej Szko\u0142y Baletowej wyst\u0105pi\u0142a w Teatrze Muzycznym w Gliwicach (w 2014 i 2015). Ju\u017c dwukrotnie zdoby\u0142a wyr\u00f3\u017cnienia w konkursach plastycznych Politechniki \u015al\u0105skiej, pt.: Plakat z naukowcem (w 2014 i 2015). Zdobywczyni tytu\u0142u Kulturalny Maluch w ramach gliwickiej gry miejskiej CHD (2015). Liczne sukcesy stanowi\u0105 jej si\u0142\u0119 nap\u0119dow\u0105 do dalszych aktywno\u015bci; obecnie jeszcze na etapie poszukiwania, poznania i odkrywania \u015bwiata&#8230;pragnie\u0144 i potrzeb. Jej motto podpowiada: \u201ew ma\u0142ych sprawach b\u0105d\u017amy wielcy to i w wielkich nie b\u0119dziemy mali\u201d. \r\n                                <div class=\"mt-3\"><\/div>\r\n                            <\/div>\r\n                            \r\n                            \r\n                        <\/div>\r\n                    <\/div>\r\n                <\/div>[\/vc_column][\/vc_row]<\/p>","protected":false},"excerpt":{"rendered":"<p>[vc_row el_class=&#8221;container&#8221;][vc_column el_class=&#8221;container&#8221;][\/vc_column][\/vc_row][vc_row el_class=&#8221;container&#8221;][vc_column el_class=&#8221;container&#8221;][\/vc_column][\/vc_row] [&#8230;]<\/p>\n<p><a class=\"btn btn-secondary understrap-read-more-link\" href=\"https:\/\/us.edu.pl\/student\/dzialalnosc-studencka\/wyroznienia-jm-rektora-us\/laureaci-poprzednich-edycji\/laureaci-2016\/uniwersytet-slaski-dzieci\/\">Read More&#8230;<\/a><\/p>\n","protected":false},"author":1,"featured_media":0,"parent":5896,"menu_order":0,"comment_status":"closed","ping_status":"closed","template":"","meta":{"_expiration-date-status":"","_expiration-date":0,"_expiration-date-type":"","_expiration-date-categories":[],"_expiration-date-options":[]},"acf":[],"_links":{"self":[{"href":"https:\/\/us.edu.pl\/student\/wp-json\/wp\/v2\/pages\/6200"}],"collection":[{"href":"https:\/\/us.edu.pl\/student\/wp-json\/wp\/v2\/pages"}],"about":[{"href":"https:\/\/us.edu.pl\/student\/wp-json\/wp\/v2\/types\/page"}],"author":[{"embeddable":true,"href":"https:\/\/us.edu.pl\/student\/wp-json\/wp\/v2\/users\/1"}],"replies":[{"embeddable":true,"href":"https:\/\/us.edu.pl\/student\/wp-json\/wp\/v2\/comments?post=6200"}],"version-history":[{"count":0,"href":"https:\/\/us.edu.pl\/student\/wp-json\/wp\/v2\/pages\/6200\/revisions"}],"up":[{"embeddable":true,"href":"https:\/\/us.edu.pl\/student\/wp-json\/wp\/v2\/pages\/5896"}],"wp:attachment":[{"href":"https:\/\/us.edu.pl\/student\/wp-json\/wp\/v2\/media?parent=6200"}],"curies":[{"name":"wp","href":"https:\/\/api.w.org\/{rel}","templated":true}]}}